{"id":633,"date":"2022-07-22T11:14:33","date_gmt":"2022-07-22T09:14:33","guid":{"rendered":"https:\/\/nfqes.com\/?page_id=633"},"modified":"2025-08-01T07:42:06","modified_gmt":"2025-08-01T05:42:06","slug":"doveryhodny-zoznam","status":"publish","type":"page","link":"https:\/\/nfqes.com\/sk\/doveryhodny-zoznam","title":{"rendered":"D\u00f4veryhodn\u00fd zoznam"},"content":{"rendered":"\t\t<div data-elementor-type=\"wp-page\" data-elementor-id=\"633\" class=\"elementor elementor-633 elementor-1095\" data-elementor-post-type=\"page\">\n\t\t\t\t<div class=\"elementor-element elementor-element-60299ee e-con-full e-flex e-con e-parent\" data-id=\"60299ee\" data-element_type=\"container\" data-e-type=\"container\">\n\t\t\t\t<div class=\"elementor-element elementor-element-b01694b elementor-widget elementor-widget-template\" data-id=\"b01694b\" data-element_type=\"widget\" data-e-type=\"widget\" data-widget_type=\"template.default\">\n\t\t\t\t<div class=\"elementor-widget-container\">\n\t\t\t\t\t\t\t<div class=\"elementor-template\">\n\t\t\t\t\t<div data-elementor-type=\"section\" data-elementor-id=\"6951\" class=\"elementor elementor-6951 elementor-10609 elementor-10609\" data-elementor-post-type=\"elementor_library\">\n\t\t\t<div class=\"elementor-element elementor-element-1233351 e-flex e-con-boxed e-con e-parent\" data-id=\"1233351\" data-element_type=\"container\" data-e-type=\"container\" data-settings=\"{&quot;background_background&quot;:&quot;classic&quot;}\">\n\t\t\t\t\t<div class=\"e-con-inner\">\n\t\t\t\t<div class=\"elementor-element elementor-element-d9c6be3 elementor-widget__width-inherit elementor-widget elementor-widget-heading\" data-id=\"d9c6be3\" data-element_type=\"widget\" data-e-type=\"widget\" data-widget_type=\"heading.default\">\n\t\t\t\t<div class=\"elementor-widget-container\">\n\t\t\t\t\t<h1 class=\"elementor-heading-title elementor-size-default\">D\u00f4veryhodn\u00fd zoznam<\/h1>\t\t\t\t<\/div>\n\t\t\t\t<\/div>\n\t\t<div class=\"elementor-element elementor-element-2b1bd59 e-flex e-con-boxed e-con e-child\" data-id=\"2b1bd59\" data-element_type=\"container\" data-e-type=\"container\">\n\t\t\t\t\t<div class=\"e-con-inner\">\n\t\t\t\t<div class=\"elementor-element elementor-element-5a3eb61 elementor-widget__width-auto elementor-widget elementor-widget-button\" data-id=\"5a3eb61\" data-element_type=\"widget\" data-e-type=\"widget\" data-settings=\"{&quot;motion_fx_motion_fx_scrolling&quot;:&quot;yes&quot;,&quot;motion_fx_devices&quot;:[&quot;desktop&quot;,&quot;laptop&quot;,&quot;tablet&quot;,&quot;mobile&quot;]}\" data-widget_type=\"button.default\">\n\t\t\t\t<div class=\"elementor-widget-container\">\n\t\t\t\t\t\t\t\t\t<div class=\"elementor-button-wrapper\">\n\t\t\t\t\t<a class=\"elementor-button elementor-button-link elementor-size-md\" href=\"https:\/\/zone.nfqes.com\/home\" target=\"_blank\">\n\t\t\t\t\t\t<span class=\"elementor-button-content-wrapper\">\n\t\t\t\t\t\t\t\t\t<span class=\"elementor-button-text\">Podpisuj zadarmo<\/span>\n\t\t\t\t\t<\/span>\n\t\t\t\t\t<\/a>\n\t\t\t\t<\/div>\n\t\t\t\t\t\t\t\t<\/div>\n\t\t\t\t<\/div>\n\t\t\t\t<div class=\"elementor-element elementor-element-aecf01c elementor-widget__width-auto elementor-widget elementor-widget-button\" data-id=\"aecf01c\" data-element_type=\"widget\" data-e-type=\"widget\" data-widget_type=\"button.default\">\n\t\t\t\t<div class=\"elementor-widget-container\">\n\t\t\t\t\t\t\t\t\t<div class=\"elementor-button-wrapper\">\n\t\t\t\t\t<a class=\"elementor-button elementor-button-link elementor-size-md\" href=\"https:\/\/nfqes.com\/sk\/kontakt\">\n\t\t\t\t\t\t<span class=\"elementor-button-content-wrapper\">\n\t\t\t\t\t\t\t\t\t<span class=\"elementor-button-text\">Rezervujte si konzult\u00e1ciu<\/span>\n\t\t\t\t\t<\/span>\n\t\t\t\t\t<\/a>\n\t\t\t\t<\/div>\n\t\t\t\t\t\t\t\t<\/div>\n\t\t\t\t<\/div>\n\t\t\t\t\t<\/div>\n\t\t\t\t<\/div>\n\t\t\t\t\t<\/div>\n\t\t\t\t<\/div>\n\t\t\t\t<\/div>\n\t\t\t\t<\/div>\n\t\t\t\t\t\t<\/div>\n\t\t\t\t<\/div>\n\t\t\t\t<\/div>\n\t\t<div class=\"elementor-element elementor-element-9ad5f24 e-flex e-con-boxed e-con e-parent\" data-id=\"9ad5f24\" data-element_type=\"container\" data-e-type=\"container\">\n\t\t\t\t\t<div class=\"e-con-inner\">\n\t\t\t\t<div class=\"elementor-element elementor-element-97fa44a elementor-widget elementor-widget-shortcode\" data-id=\"97fa44a\" data-element_type=\"widget\" data-e-type=\"widget\" data-widget_type=\"shortcode.default\">\n\t\t\t\t<div class=\"elementor-widget-container\">\n\t\t\t\t\t\t\t<div class=\"elementor-shortcode\"><style>iframe{width: 1px; min-width: 100%}<\/style><iframe id=\"myIframe\" src=\"https:\/\/zone.nfqes.com\/TrustedList\" title=\"Trusted list\"><\/iframe><script>iFrameResize({ log: false,checkOrigin: false }, '#myIframe')<\/script><\/div>\n\t\t\t\t\t\t<\/div>\n\t\t\t\t<\/div>\n\t\t\t\t\t<\/div>\n\t\t\t\t<\/div>\n\t\t\t\t<\/div>\n\t\t","protected":false},"excerpt":{"rendered":"","protected":false},"author":1,"featured_media":0,"parent":0,"menu_order":0,"comment_status":"closed","ping_status":"closed","template":"","meta":{"_acf_changed":false,"footnotes":""},"class_list":["post-633","page","type-page","status-publish","hentry"],"acf":[],"yoast_head":"<!-- This site is optimized with the Yoast SEO plugin v27.2 - https:\/\/yoast.com\/product\/yoast-seo-wordpress\/ -->\n<title>D\u00f4veryhodn\u00fd zoznam | NFQES.com<\/title>\n<meta name=\"description\" content=\"NFQES - poskytujeme modern\u00e9 rie\u0161enia pre v\u0161etky typy a ve\u013ekosti organiz\u00e1ci\u00ed. Prezrite si d\u00f4veryhodn\u00fd zoznam.\" \/>\n<meta name=\"robots\" content=\"index, follow, max-snippet:-1, max-image-preview:large, max-video-preview:-1\" \/>\n<link rel=\"canonical\" href=\"https:\/\/nfqes.com\/sk\/doveryhodny-zoznam\" \/>\n<meta property=\"og:locale\" content=\"sk_SK\" \/>\n<meta property=\"og:type\" content=\"article\" \/>\n<meta property=\"og:title\" content=\"D\u00f4veryhodn\u00fd zoznam | NFQES.com\" \/>\n<meta property=\"og:description\" content=\"Certifikovan\u00e1 autorita eIDAS - NFQES\" \/>\n<meta property=\"og:url\" content=\"https:\/\/nfqes.com\/sk\/doveryhodny-zoznam\" \/>\n<meta property=\"og:site_name\" content=\"NFQES.com\" \/>\n<meta property=\"article:modified_time\" content=\"2025-08-01T05:42:06+00:00\" \/>\n<meta property=\"og:image\" content=\"https:\/\/nfqes.com\/wp-content\/uploads\/2023\/02\/european_commission.webp\" \/>\n\t<meta property=\"og:image:width\" content=\"364\" \/>\n\t<meta property=\"og:image:height\" content=\"364\" \/>\n\t<meta property=\"og:image:type\" content=\"image\/webp\" \/>\n<meta name=\"twitter:card\" content=\"summary_large_image\" \/>\n<meta name=\"twitter:label1\" content=\"Predpokladan\u00fd \u010das \u010d\u00edtania\" \/>\n\t<meta name=\"twitter:data1\" content=\"1 min\u00fata\" \/>\n<script type=\"application\/ld+json\" class=\"yoast-schema-graph\">{\"@context\":\"https:\/\/schema.org\",\"@graph\":[{\"@type\":\"WebPage\",\"@id\":\"https:\/\/nfqes.com\/sk\/doveryhodny-zoznam\",\"url\":\"https:\/\/nfqes.com\/sk\/doveryhodny-zoznam\",\"name\":\"D\u00f4veryhodn\u00fd zoznam | NFQES.com\",\"isPartOf\":{\"@id\":\"https:\/\/nfqes.com\/sk\/#website\"},\"datePublished\":\"2022-07-22T09:14:33+00:00\",\"dateModified\":\"2025-08-01T05:42:06+00:00\",\"description\":\"NFQES - poskytujeme modern\u00e9 rie\u0161enia pre v\u0161etky typy a ve\u013ekosti organiz\u00e1ci\u00ed. Prezrite si d\u00f4veryhodn\u00fd zoznam.\",\"breadcrumb\":{\"@id\":\"https:\/\/nfqes.com\/sk\/doveryhodny-zoznam#breadcrumb\"},\"inLanguage\":\"sk-SK\",\"potentialAction\":[{\"@type\":\"ReadAction\",\"target\":[\"https:\/\/nfqes.com\/sk\/doveryhodny-zoznam\"]}]},{\"@type\":\"BreadcrumbList\",\"@id\":\"https:\/\/nfqes.com\/sk\/doveryhodny-zoznam#breadcrumb\",\"itemListElement\":[{\"@type\":\"ListItem\",\"position\":1,\"name\":\"NFQES\",\"item\":\"https:\/\/nfqes.com\/sk\"},{\"@type\":\"ListItem\",\"position\":2,\"name\":\"D\u00f4veryhodn\u00fd zoznam\"}]},{\"@type\":\"WebSite\",\"@id\":\"https:\/\/nfqes.com\/sk\/#website\",\"url\":\"https:\/\/nfqes.com\/sk\/\",\"name\":\"NFQES.com\",\"description\":\"Modern\u00e9 slu\u017eby v oblasti informa\u010dnej bezpe\u010dnosti.\",\"publisher\":{\"@id\":\"https:\/\/nfqes.com\/sk\/#organization\"},\"potentialAction\":[{\"@type\":\"SearchAction\",\"target\":{\"@type\":\"EntryPoint\",\"urlTemplate\":\"https:\/\/nfqes.com\/sk\/?s={search_term_string}\"},\"query-input\":{\"@type\":\"PropertyValueSpecification\",\"valueRequired\":true,\"valueName\":\"search_term_string\"}}],\"inLanguage\":\"sk-SK\"},{\"@type\":\"Organization\",\"@id\":\"https:\/\/nfqes.com\/sk\/#organization\",\"name\":\"NFQES\",\"url\":\"https:\/\/nfqes.com\/sk\/\",\"logo\":{\"@type\":\"ImageObject\",\"inLanguage\":\"sk-SK\",\"@id\":\"https:\/\/nfqes.com\/sk\/#\/schema\/logo\/image\/\",\"url\":\"https:\/\/nfqes.com\/wp-content\/uploads\/2022\/07\/logo-cierne.webp\",\"contentUrl\":\"https:\/\/nfqes.com\/wp-content\/uploads\/2022\/07\/logo-cierne.webp\",\"width\":1169,\"height\":434,\"caption\":\"NFQES\"},\"image\":{\"@id\":\"https:\/\/nfqes.com\/sk\/#\/schema\/logo\/image\/\"}}]}<\/script>\n<!-- \/ Yoast SEO plugin. -->","yoast_head_json":{"title":"D\u00f4veryhodn\u00fd zoznam | NFQES.com","description":"NFQES - poskytujeme modern\u00e9 rie\u0161enia pre v\u0161etky typy a ve\u013ekosti organiz\u00e1ci\u00ed. Prezrite si d\u00f4veryhodn\u00fd zoznam.","robots":{"index":"index","follow":"follow","max-snippet":"max-snippet:-1","max-image-preview":"max-image-preview:large","max-video-preview":"max-video-preview:-1"},"canonical":"https:\/\/nfqes.com\/sk\/doveryhodny-zoznam","og_locale":"sk_SK","og_type":"article","og_title":"D\u00f4veryhodn\u00fd zoznam | NFQES.com","og_description":"Certifikovan\u00e1 autorita eIDAS - NFQES","og_url":"https:\/\/nfqes.com\/sk\/doveryhodny-zoznam","og_site_name":"NFQES.com","article_modified_time":"2025-08-01T05:42:06+00:00","og_image":[{"width":364,"height":364,"url":"https:\/\/nfqes.com\/wp-content\/uploads\/2023\/02\/european_commission.webp","type":"image\/webp"}],"twitter_card":"summary_large_image","twitter_misc":{"Predpokladan\u00fd \u010das \u010d\u00edtania":"1 min\u00fata"},"schema":{"@context":"https:\/\/schema.org","@graph":[{"@type":"WebPage","@id":"https:\/\/nfqes.com\/sk\/doveryhodny-zoznam","url":"https:\/\/nfqes.com\/sk\/doveryhodny-zoznam","name":"D\u00f4veryhodn\u00fd zoznam | NFQES.com","isPartOf":{"@id":"https:\/\/nfqes.com\/sk\/#website"},"datePublished":"2022-07-22T09:14:33+00:00","dateModified":"2025-08-01T05:42:06+00:00","description":"NFQES - poskytujeme modern\u00e9 rie\u0161enia pre v\u0161etky typy a ve\u013ekosti organiz\u00e1ci\u00ed. Prezrite si d\u00f4veryhodn\u00fd zoznam.","breadcrumb":{"@id":"https:\/\/nfqes.com\/sk\/doveryhodny-zoznam#breadcrumb"},"inLanguage":"sk-SK","potentialAction":[{"@type":"ReadAction","target":["https:\/\/nfqes.com\/sk\/doveryhodny-zoznam"]}]},{"@type":"BreadcrumbList","@id":"https:\/\/nfqes.com\/sk\/doveryhodny-zoznam#breadcrumb","itemListElement":[{"@type":"ListItem","position":1,"name":"NFQES","item":"https:\/\/nfqes.com\/sk"},{"@type":"ListItem","position":2,"name":"D\u00f4veryhodn\u00fd zoznam"}]},{"@type":"WebSite","@id":"https:\/\/nfqes.com\/sk\/#website","url":"https:\/\/nfqes.com\/sk\/","name":"NFQES.com","description":"Modern\u00e9 slu\u017eby v oblasti informa\u010dnej bezpe\u010dnosti.","publisher":{"@id":"https:\/\/nfqes.com\/sk\/#organization"},"potentialAction":[{"@type":"SearchAction","target":{"@type":"EntryPoint","urlTemplate":"https:\/\/nfqes.com\/sk\/?s={search_term_string}"},"query-input":{"@type":"PropertyValueSpecification","valueRequired":true,"valueName":"search_term_string"}}],"inLanguage":"sk-SK"},{"@type":"Organization","@id":"https:\/\/nfqes.com\/sk\/#organization","name":"NFQES","url":"https:\/\/nfqes.com\/sk\/","logo":{"@type":"ImageObject","inLanguage":"sk-SK","@id":"https:\/\/nfqes.com\/sk\/#\/schema\/logo\/image\/","url":"https:\/\/nfqes.com\/wp-content\/uploads\/2022\/07\/logo-cierne.webp","contentUrl":"https:\/\/nfqes.com\/wp-content\/uploads\/2022\/07\/logo-cierne.webp","width":1169,"height":434,"caption":"NFQES"},"image":{"@id":"https:\/\/nfqes.com\/sk\/#\/schema\/logo\/image\/"}}]}},"_links":{"self":[{"href":"https:\/\/nfqes.com\/sk\/wp-json\/wp\/v2\/pages\/633","targetHints":{"allow":["GET"]}}],"collection":[{"href":"https:\/\/nfqes.com\/sk\/wp-json\/wp\/v2\/pages"}],"about":[{"href":"https:\/\/nfqes.com\/sk\/wp-json\/wp\/v2\/types\/page"}],"author":[{"embeddable":true,"href":"https:\/\/nfqes.com\/sk\/wp-json\/wp\/v2\/users\/1"}],"replies":[{"embeddable":true,"href":"https:\/\/nfqes.com\/sk\/wp-json\/wp\/v2\/comments?post=633"}],"version-history":[{"count":0,"href":"https:\/\/nfqes.com\/sk\/wp-json\/wp\/v2\/pages\/633\/revisions"}],"wp:attachment":[{"href":"https:\/\/nfqes.com\/sk\/wp-json\/wp\/v2\/media?parent=633"}],"curies":[{"name":"wp","href":"https:\/\/api.w.org\/{rel}","templated":true}]}}