{"id":3714,"date":"2023-04-24T09:49:19","date_gmt":"2023-04-24T07:49:19","guid":{"rendered":"https:\/\/nfqes.com\/?page_id=3714"},"modified":"2023-11-10T11:26:24","modified_gmt":"2023-11-10T10:26:24","slug":"stranka-nenajdena","status":"publish","type":"page","link":"https:\/\/nfqes.com\/sk\/stranka-nenajdena","title":{"rendered":"Str\u00e1nka nen\u00e1jden\u00e1"},"content":{"rendered":"\t\t<div data-elementor-type=\"wp-page\" data-elementor-id=\"3714\" class=\"elementor elementor-3714 elementor-3719\" data-elementor-post-type=\"page\">\n\t\t\t\t<div class=\"elementor-element elementor-element-8349be9 e-flex e-con-boxed e-con e-parent\" data-id=\"8349be9\" data-element_type=\"container\" data-e-type=\"container\" data-settings=\"{&quot;background_background&quot;:&quot;classic&quot;}\">\n\t\t\t\t\t<div class=\"e-con-inner\">\n\t\t\t\t<div class=\"elementor-element elementor-element-55d838a elementor-widget elementor-widget-image\" data-id=\"55d838a\" data-element_type=\"widget\" data-e-type=\"widget\" data-widget_type=\"image.default\">\n\t\t\t\t<div class=\"elementor-widget-container\">\n\t\t\t\t\t\t\t\t\t\t\t\t\t\t\t<img fetchpriority=\"high\" decoding=\"async\" width=\"800\" height=\"297\" src=\"https:\/\/nfqes.com\/wp-content\/uploads\/2022\/07\/logo-biele-1024x380.webp\" class=\"attachment-large size-large wp-image-23568\" alt=\"\" srcset=\"https:\/\/nfqes.com\/wp-content\/uploads\/2022\/07\/logo-biele-1024x380.webp 1024w, https:\/\/nfqes.com\/wp-content\/uploads\/2022\/07\/logo-biele-300x111.webp 300w, https:\/\/nfqes.com\/wp-content\/uploads\/2022\/07\/logo-biele-768x285.webp 768w, https:\/\/nfqes.com\/wp-content\/uploads\/2022\/07\/logo-biele.webp 1169w\" sizes=\"(max-width: 800px) 100vw, 800px\" \/>\t\t\t\t\t\t\t\t\t\t\t\t\t\t\t<\/div>\n\t\t\t\t<\/div>\n\t\t\t\t<div class=\"elementor-element elementor-element-47c673c elementor-widget elementor-widget-heading\" data-id=\"47c673c\" data-element_type=\"widget\" data-e-type=\"widget\" data-widget_type=\"heading.default\">\n\t\t\t\t<div class=\"elementor-widget-container\">\n\t\t\t\t\t<h1 class=\"elementor-heading-title elementor-size-default\">Je n\u00e1m \u013e\u00fato, ale Vami po\u017eadovan\u00e1 str\u00e1nka sa nena\u0161la. Vr\u00e1\u0165te sa sp\u00e4\u0165 na domovsk\u00fa str\u00e1nku alebo n\u00e1s kontaktujte.<\/h1>\t\t\t\t<\/div>\n\t\t\t\t<\/div>\n\t\t<div class=\"elementor-element elementor-element-817210d e-con-full e-flex e-con e-child\" data-id=\"817210d\" data-element_type=\"container\" data-e-type=\"container\">\n\t\t\t\t<div class=\"elementor-element elementor-element-5466121 elementor-widget__width-auto elementor-widget elementor-widget-button\" data-id=\"5466121\" data-element_type=\"widget\" data-e-type=\"widget\" data-settings=\"{&quot;motion_fx_motion_fx_scrolling&quot;:&quot;yes&quot;,&quot;motion_fx_devices&quot;:[&quot;desktop&quot;,&quot;laptop&quot;,&quot;tablet&quot;,&quot;mobile&quot;]}\" data-widget_type=\"button.default\">\n\t\t\t\t<div class=\"elementor-widget-container\">\n\t\t\t\t\t\t\t\t\t<div class=\"elementor-button-wrapper\">\n\t\t\t\t\t<a class=\"elementor-button elementor-button-link elementor-size-md\" href=\"\/\">\n\t\t\t\t\t\t<span class=\"elementor-button-content-wrapper\">\n\t\t\t\t\t\t<span class=\"elementor-button-icon\">\n\t\t\t\t<svg aria-hidden=\"true\" class=\"e-font-icon-svg e-fas-home\" viewBox=\"0 0 576 512\" xmlns=\"http:\/\/www.w3.org\/2000\/svg\"><path d=\"M280.37 148.26L96 300.11V464a16 16 0 0 0 16 16l112.06-.29a16 16 0 0 0 15.92-16V368a16 16 0 0 1 16-16h64a16 16 0 0 1 16 16v95.64a16 16 0 0 0 16 16.05L464 480a16 16 0 0 0 16-16V300L295.67 148.26a12.19 12.19 0 0 0-15.3 0zM571.6 251.47L488 182.56V44.05a12 12 0 0 0-12-12h-56a12 12 0 0 0-12 12v72.61L318.47 43a48 48 0 0 0-61 0L4.34 251.47a12 12 0 0 0-1.6 16.9l25.5 31A12 12 0 0 0 45.15 301l235.22-193.74a12.19 12.19 0 0 1 15.3 0L530.9 301a12 12 0 0 0 16.9-1.6l25.5-31a12 12 0 0 0-1.7-16.93z\"><\/path><\/svg>\t\t\t<\/span>\n\t\t\t\t\t\t\t\t\t<span class=\"elementor-button-text\">Domovsk\u00e1 str\u00e1nka<\/span>\n\t\t\t\t\t<\/span>\n\t\t\t\t\t<\/a>\n\t\t\t\t<\/div>\n\t\t\t\t\t\t\t\t<\/div>\n\t\t\t\t<\/div>\n\t\t\t\t<div class=\"elementor-element elementor-element-3e34f3c elementor-widget__width-auto elementor-widget elementor-widget-button\" data-id=\"3e34f3c\" data-element_type=\"widget\" data-e-type=\"widget\" data-widget_type=\"button.default\">\n\t\t\t\t<div class=\"elementor-widget-container\">\n\t\t\t\t\t\t\t\t\t<div class=\"elementor-button-wrapper\">\n\t\t\t\t\t<a class=\"elementor-button elementor-button-link elementor-size-md\" href=\"\/sk\/kontakt\">\n\t\t\t\t\t\t<span class=\"elementor-button-content-wrapper\">\n\t\t\t\t\t\t<span class=\"elementor-button-icon\">\n\t\t\t\t<svg aria-hidden=\"true\" class=\"e-font-icon-svg e-fas-mouse-pointer\" viewBox=\"0 0 320 512\" xmlns=\"http:\/\/www.w3.org\/2000\/svg\"><path d=\"M302.189 329.126H196.105l55.831 135.993c3.889 9.428-.555 19.999-9.444 23.999l-49.165 21.427c-9.165 4-19.443-.571-23.332-9.714l-53.053-129.136-86.664 89.138C18.729 472.71 0 463.554 0 447.977V18.299C0 1.899 19.921-6.096 30.277 5.443l284.412 292.542c11.472 11.179 3.007 31.141-12.5 31.141z\"><\/path><\/svg>\t\t\t<\/span>\n\t\t\t\t\t\t\t\t\t<span class=\"elementor-button-text\">Kontaktujte n\u00e1s<\/span>\n\t\t\t\t\t<\/span>\n\t\t\t\t\t<\/a>\n\t\t\t\t<\/div>\n\t\t\t\t\t\t\t\t<\/div>\n\t\t\t\t<\/div>\n\t\t\t\t<\/div>\n\t\t\t\t\t<\/div>\n\t\t\t\t<\/div>\n\t\t\t\t<\/div>\n\t\t","protected":false},"excerpt":{"rendered":"<p>Je n\u00e1m \u013e\u00fato, ale Vami po\u017eadovan\u00e1 str\u00e1nka sa nena\u0161la. Vr\u00e1\u0165te sa sp\u00e4\u0165 na domovsk\u00fa str\u00e1nku alebo n\u00e1s kontaktujte. Domovsk\u00e1 str\u00e1nka Kontaktujte n\u00e1s<\/p>\n","protected":false},"author":1,"featured_media":0,"parent":0,"menu_order":0,"comment_status":"closed","ping_status":"closed","template":"","meta":{"_acf_changed":false,"footnotes":""},"class_list":["post-3714","page","type-page","status-publish","hentry"],"acf":[],"yoast_head":"<!-- This site is optimized with the Yoast SEO plugin v27.2 - https:\/\/yoast.com\/product\/yoast-seo-wordpress\/ -->\n<title>Str\u00e1nka nen\u00e1jden\u00e1 - NFQES.com<\/title>\n<meta name=\"robots\" content=\"noindex, follow\" \/>\n<meta property=\"og:locale\" content=\"sk_SK\" \/>\n<meta property=\"og:type\" content=\"article\" \/>\n<meta property=\"og:title\" content=\"Str\u00e1nka nen\u00e1jden\u00e1 - NFQES.com\" \/>\n<meta property=\"og:description\" content=\"Je n\u00e1m \u013e\u00fato, ale Vami po\u017eadovan\u00e1 str\u00e1nka sa nena\u0161la. Vr\u00e1\u0165te sa sp\u00e4\u0165 na domovsk\u00fa str\u00e1nku alebo n\u00e1s kontaktujte. Domovsk\u00e1 str\u00e1nka Kontaktujte n\u00e1s\" \/>\n<meta property=\"og:url\" content=\"https:\/\/nfqes.com\/sk\/stranka-nenajdena\" \/>\n<meta property=\"og:site_name\" content=\"NFQES.com\" \/>\n<meta property=\"article:modified_time\" content=\"2023-11-10T10:26:24+00:00\" \/>\n<meta property=\"og:image\" content=\"https:\/\/nfqes.com\/wp-content\/uploads\/2022\/07\/logo-biele-1024x380.webp\" \/>\n<meta name=\"twitter:card\" content=\"summary_large_image\" \/>\n<meta name=\"twitter:label1\" content=\"Predpokladan\u00fd \u010das \u010d\u00edtania\" \/>\n\t<meta name=\"twitter:data1\" content=\"1 min\u00fata\" \/>\n<script type=\"application\/ld+json\" class=\"yoast-schema-graph\">{\"@context\":\"https:\/\/schema.org\",\"@graph\":[{\"@type\":\"WebPage\",\"@id\":\"https:\/\/nfqes.com\/sk\/stranka-nenajdena\",\"url\":\"https:\/\/nfqes.com\/sk\/stranka-nenajdena\",\"name\":\"Str\u00e1nka nen\u00e1jden\u00e1 - NFQES.com\",\"isPartOf\":{\"@id\":\"https:\/\/nfqes.com\/sk\/#website\"},\"primaryImageOfPage\":{\"@id\":\"https:\/\/nfqes.com\/sk\/stranka-nenajdena#primaryimage\"},\"image\":{\"@id\":\"https:\/\/nfqes.com\/sk\/stranka-nenajdena#primaryimage\"},\"thumbnailUrl\":\"https:\/\/nfqes.com\/wp-content\/uploads\/2022\/07\/logo-biele-1024x380.webp\",\"datePublished\":\"2023-04-24T07:49:19+00:00\",\"dateModified\":\"2023-11-10T10:26:24+00:00\",\"breadcrumb\":{\"@id\":\"https:\/\/nfqes.com\/sk\/stranka-nenajdena#breadcrumb\"},\"inLanguage\":\"sk-SK\",\"potentialAction\":[{\"@type\":\"ReadAction\",\"target\":[\"https:\/\/nfqes.com\/sk\/stranka-nenajdena\"]}]},{\"@type\":\"ImageObject\",\"inLanguage\":\"sk-SK\",\"@id\":\"https:\/\/nfqes.com\/sk\/stranka-nenajdena#primaryimage\",\"url\":\"https:\/\/nfqes.com\/wp-content\/uploads\/2022\/07\/logo-biele-1024x380.webp\",\"contentUrl\":\"https:\/\/nfqes.com\/wp-content\/uploads\/2022\/07\/logo-biele-1024x380.webp\"},{\"@type\":\"BreadcrumbList\",\"@id\":\"https:\/\/nfqes.com\/sk\/stranka-nenajdena#breadcrumb\",\"itemListElement\":[{\"@type\":\"ListItem\",\"position\":1,\"name\":\"NFQES\",\"item\":\"https:\/\/nfqes.com\/sk\"},{\"@type\":\"ListItem\",\"position\":2,\"name\":\"Str\u00e1nka nen\u00e1jden\u00e1\"}]},{\"@type\":\"WebSite\",\"@id\":\"https:\/\/nfqes.com\/sk\/#website\",\"url\":\"https:\/\/nfqes.com\/sk\/\",\"name\":\"NFQES.com\",\"description\":\"Modern\u00e9 slu\u017eby v oblasti informa\u010dnej bezpe\u010dnosti.\",\"publisher\":{\"@id\":\"https:\/\/nfqes.com\/sk\/#organization\"},\"potentialAction\":[{\"@type\":\"SearchAction\",\"target\":{\"@type\":\"EntryPoint\",\"urlTemplate\":\"https:\/\/nfqes.com\/sk\/?s={search_term_string}\"},\"query-input\":{\"@type\":\"PropertyValueSpecification\",\"valueRequired\":true,\"valueName\":\"search_term_string\"}}],\"inLanguage\":\"sk-SK\"},{\"@type\":\"Organization\",\"@id\":\"https:\/\/nfqes.com\/sk\/#organization\",\"name\":\"NFQES\",\"url\":\"https:\/\/nfqes.com\/sk\/\",\"logo\":{\"@type\":\"ImageObject\",\"inLanguage\":\"sk-SK\",\"@id\":\"https:\/\/nfqes.com\/sk\/#\/schema\/logo\/image\/\",\"url\":\"https:\/\/nfqes.com\/wp-content\/uploads\/2022\/07\/logo-cierne.webp\",\"contentUrl\":\"https:\/\/nfqes.com\/wp-content\/uploads\/2022\/07\/logo-cierne.webp\",\"width\":1169,\"height\":434,\"caption\":\"NFQES\"},\"image\":{\"@id\":\"https:\/\/nfqes.com\/sk\/#\/schema\/logo\/image\/\"}}]}<\/script>\n<!-- \/ Yoast SEO plugin. -->","yoast_head_json":{"title":"Str\u00e1nka nen\u00e1jden\u00e1 - NFQES.com","robots":{"index":"noindex","follow":"follow"},"og_locale":"sk_SK","og_type":"article","og_title":"Str\u00e1nka nen\u00e1jden\u00e1 - NFQES.com","og_description":"Je n\u00e1m \u013e\u00fato, ale Vami po\u017eadovan\u00e1 str\u00e1nka sa nena\u0161la. Vr\u00e1\u0165te sa sp\u00e4\u0165 na domovsk\u00fa str\u00e1nku alebo n\u00e1s kontaktujte. Domovsk\u00e1 str\u00e1nka Kontaktujte n\u00e1s","og_url":"https:\/\/nfqes.com\/sk\/stranka-nenajdena","og_site_name":"NFQES.com","article_modified_time":"2023-11-10T10:26:24+00:00","og_image":[{"url":"https:\/\/nfqes.com\/wp-content\/uploads\/2022\/07\/logo-biele-1024x380.webp","type":"","width":"","height":""}],"twitter_card":"summary_large_image","twitter_misc":{"Predpokladan\u00fd \u010das \u010d\u00edtania":"1 min\u00fata"},"schema":{"@context":"https:\/\/schema.org","@graph":[{"@type":"WebPage","@id":"https:\/\/nfqes.com\/sk\/stranka-nenajdena","url":"https:\/\/nfqes.com\/sk\/stranka-nenajdena","name":"Str\u00e1nka nen\u00e1jden\u00e1 - NFQES.com","isPartOf":{"@id":"https:\/\/nfqes.com\/sk\/#website"},"primaryImageOfPage":{"@id":"https:\/\/nfqes.com\/sk\/stranka-nenajdena#primaryimage"},"image":{"@id":"https:\/\/nfqes.com\/sk\/stranka-nenajdena#primaryimage"},"thumbnailUrl":"https:\/\/nfqes.com\/wp-content\/uploads\/2022\/07\/logo-biele-1024x380.webp","datePublished":"2023-04-24T07:49:19+00:00","dateModified":"2023-11-10T10:26:24+00:00","breadcrumb":{"@id":"https:\/\/nfqes.com\/sk\/stranka-nenajdena#breadcrumb"},"inLanguage":"sk-SK","potentialAction":[{"@type":"ReadAction","target":["https:\/\/nfqes.com\/sk\/stranka-nenajdena"]}]},{"@type":"ImageObject","inLanguage":"sk-SK","@id":"https:\/\/nfqes.com\/sk\/stranka-nenajdena#primaryimage","url":"https:\/\/nfqes.com\/wp-content\/uploads\/2022\/07\/logo-biele-1024x380.webp","contentUrl":"https:\/\/nfqes.com\/wp-content\/uploads\/2022\/07\/logo-biele-1024x380.webp"},{"@type":"BreadcrumbList","@id":"https:\/\/nfqes.com\/sk\/stranka-nenajdena#breadcrumb","itemListElement":[{"@type":"ListItem","position":1,"name":"NFQES","item":"https:\/\/nfqes.com\/sk"},{"@type":"ListItem","position":2,"name":"Str\u00e1nka nen\u00e1jden\u00e1"}]},{"@type":"WebSite","@id":"https:\/\/nfqes.com\/sk\/#website","url":"https:\/\/nfqes.com\/sk\/","name":"NFQES.com","description":"Modern\u00e9 slu\u017eby v oblasti informa\u010dnej bezpe\u010dnosti.","publisher":{"@id":"https:\/\/nfqes.com\/sk\/#organization"},"potentialAction":[{"@type":"SearchAction","target":{"@type":"EntryPoint","urlTemplate":"https:\/\/nfqes.com\/sk\/?s={search_term_string}"},"query-input":{"@type":"PropertyValueSpecification","valueRequired":true,"valueName":"search_term_string"}}],"inLanguage":"sk-SK"},{"@type":"Organization","@id":"https:\/\/nfqes.com\/sk\/#organization","name":"NFQES","url":"https:\/\/nfqes.com\/sk\/","logo":{"@type":"ImageObject","inLanguage":"sk-SK","@id":"https:\/\/nfqes.com\/sk\/#\/schema\/logo\/image\/","url":"https:\/\/nfqes.com\/wp-content\/uploads\/2022\/07\/logo-cierne.webp","contentUrl":"https:\/\/nfqes.com\/wp-content\/uploads\/2022\/07\/logo-cierne.webp","width":1169,"height":434,"caption":"NFQES"},"image":{"@id":"https:\/\/nfqes.com\/sk\/#\/schema\/logo\/image\/"}}]}},"_links":{"self":[{"href":"https:\/\/nfqes.com\/sk\/wp-json\/wp\/v2\/pages\/3714","targetHints":{"allow":["GET"]}}],"collection":[{"href":"https:\/\/nfqes.com\/sk\/wp-json\/wp\/v2\/pages"}],"about":[{"href":"https:\/\/nfqes.com\/sk\/wp-json\/wp\/v2\/types\/page"}],"author":[{"embeddable":true,"href":"https:\/\/nfqes.com\/sk\/wp-json\/wp\/v2\/users\/1"}],"replies":[{"embeddable":true,"href":"https:\/\/nfqes.com\/sk\/wp-json\/wp\/v2\/comments?post=3714"}],"version-history":[{"count":0,"href":"https:\/\/nfqes.com\/sk\/wp-json\/wp\/v2\/pages\/3714\/revisions"}],"wp:attachment":[{"href":"https:\/\/nfqes.com\/sk\/wp-json\/wp\/v2\/media?parent=3714"}],"curies":[{"name":"wp","href":"https:\/\/api.w.org\/{rel}","templated":true}]}}