{"id":28190,"date":"2024-10-22T08:14:24","date_gmt":"2024-10-22T06:14:24","guid":{"rendered":"https:\/\/nfqes.com\/?page_id=28190"},"modified":"2025-03-06T09:44:56","modified_gmt":"2025-03-06T08:44:56","slug":"vydanie-kep-certifikatu-pre-slovensko-sk","status":"publish","type":"page","link":"https:\/\/nfqes.com\/sk\/vydanie-kep-certifikatu-pre-slovensko-sk","title":{"rendered":"Vydanie KEP certifik\u00e1tu pre slovensko.sk"},"content":{"rendered":"\t\t<div data-elementor-type=\"wp-page\" data-elementor-id=\"28190\" class=\"elementor elementor-28190\" data-elementor-post-type=\"page\">\n\t\t\t\t<div class=\"elementor-element elementor-element-2d2a626 e-flex e-con-boxed e-con e-parent\" data-id=\"2d2a626\" data-element_type=\"container\" data-e-type=\"container\" data-settings=\"{&quot;background_background&quot;:&quot;classic&quot;}\">\n\t\t\t\t\t<div class=\"e-con-inner\">\n\t\t\t\t<div class=\"elementor-element elementor-element-c6ddfb4 elementor-widget__width-inherit elementor-widget elementor-widget-heading\" data-id=\"c6ddfb4\" data-element_type=\"widget\" data-e-type=\"widget\" data-widget_type=\"heading.default\">\n\t\t\t\t<div class=\"elementor-widget-container\">\n\t\t\t\t\t<h1 class=\"elementor-heading-title elementor-size-default\">Vydanie KEP certifik\u00e1tu pre slovensko.sk<\/h1>\t\t\t\t<\/div>\n\t\t\t\t<\/div>\n\t\t\t\t<div class=\"elementor-element elementor-element-8a74915 elementor-widget__width-auto elementor-widget elementor-widget-button\" data-id=\"8a74915\" data-element_type=\"widget\" data-e-type=\"widget\" data-widget_type=\"button.default\">\n\t\t\t\t<div class=\"elementor-widget-container\">\n\t\t\t\t\t\t\t\t\t<div class=\"elementor-button-wrapper\">\n\t\t\t\t\t<a class=\"elementor-button elementor-button-link elementor-size-md\" href=\"\/sk\/kontakt\">\n\t\t\t\t\t\t<span class=\"elementor-button-content-wrapper\">\n\t\t\t\t\t\t\t\t\t<span class=\"elementor-button-text\">Kontaktujte n\u00e1s<\/span>\n\t\t\t\t\t<\/span>\n\t\t\t\t\t<\/a>\n\t\t\t\t<\/div>\n\t\t\t\t\t\t\t\t<\/div>\n\t\t\t\t<\/div>\n\t\t\t\t\t<\/div>\n\t\t\t\t<\/div>\n\t\t<div class=\"elementor-element elementor-element-723bde1 e-flex e-con-boxed e-con e-parent\" data-id=\"723bde1\" data-element_type=\"container\" data-e-type=\"container\">\n\t\t\t\t\t<div class=\"e-con-inner\">\n\t\t\t\t<div class=\"elementor-element elementor-element-c45d8d4 elementor-widget elementor-widget-heading\" data-id=\"c45d8d4\" data-element_type=\"widget\" data-e-type=\"widget\" data-widget_type=\"heading.default\">\n\t\t\t\t<div class=\"elementor-widget-container\">\n\t\t\t\t\t<h2 class=\"elementor-heading-title elementor-size-default\">Rozli\u0161ujeme 4 z\u00e1kladn\u00e9 \u00farovne podpisovania<\/h2>\t\t\t\t<\/div>\n\t\t\t\t<\/div>\n\t\t\t\t<div class=\"elementor-element elementor-element-575d651 elementor-widget-divider--view-line elementor-invisible elementor-widget elementor-widget-divider\" data-id=\"575d651\" data-element_type=\"widget\" data-e-type=\"widget\" data-settings=\"{&quot;_animation&quot;:&quot;fadeIn&quot;}\" data-widget_type=\"divider.default\">\n\t\t\t\t<div class=\"elementor-widget-container\">\n\t\t\t\t\t\t\t<div class=\"elementor-divider\">\n\t\t\t<span class=\"elementor-divider-separator\">\n\t\t\t\t\t\t<\/span>\n\t\t<\/div>\n\t\t\t\t\t\t<\/div>\n\t\t\t\t<\/div>\n\t\t\t\t<div class=\"elementor-element elementor-element-97a577c elementor-widget elementor-widget-image\" data-id=\"97a577c\" data-element_type=\"widget\" data-e-type=\"widget\" data-widget_type=\"image.default\">\n\t\t\t\t<div class=\"elementor-widget-container\">\n\t\t\t\t\t\t\t\t\t\t\t\t\t\t\t<img fetchpriority=\"high\" decoding=\"async\" width=\"768\" height=\"343\" src=\"https:\/\/nfqes.com\/wp-content\/uploads\/2023\/11\/NFQES-urovne-podpisov-5-768x343.webp\" class=\"attachment-medium_large size-medium_large wp-image-23784\" alt=\"\" srcset=\"https:\/\/nfqes.com\/wp-content\/uploads\/2023\/11\/NFQES-urovne-podpisov-5-768x343.webp 768w, https:\/\/nfqes.com\/wp-content\/uploads\/2023\/11\/NFQES-urovne-podpisov-5-300x134.webp 300w, https:\/\/nfqes.com\/wp-content\/uploads\/2023\/11\/NFQES-urovne-podpisov-5-1024x458.webp 1024w, https:\/\/nfqes.com\/wp-content\/uploads\/2023\/11\/NFQES-urovne-podpisov-5.webp 1114w\" sizes=\"(max-width: 768px) 100vw, 768px\" \/>\t\t\t\t\t\t\t\t\t\t\t\t\t\t\t<\/div>\n\t\t\t\t<\/div>\n\t\t\t\t<div class=\"elementor-element elementor-element-0999be0 elementor-widget__width-inherit elementor-widget elementor-widget-heading\" data-id=\"0999be0\" data-element_type=\"widget\" data-e-type=\"widget\" data-widget_type=\"heading.default\">\n\t\t\t\t<div class=\"elementor-widget-container\">\n\t\t\t\t\t<h2 class=\"elementor-heading-title elementor-size-default\">Vydanie KEP (QES) certifik\u00e1tu<\/h2>\t\t\t\t<\/div>\n\t\t\t\t<\/div>\n\t\t\t\t<div class=\"elementor-element elementor-element-cf71c0a elementor-widget-divider--view-line elementor-invisible elementor-widget elementor-widget-divider\" data-id=\"cf71c0a\" data-element_type=\"widget\" data-e-type=\"widget\" data-settings=\"{&quot;_animation&quot;:&quot;fadeIn&quot;}\" data-widget_type=\"divider.default\">\n\t\t\t\t<div class=\"elementor-widget-container\">\n\t\t\t\t\t\t\t<div class=\"elementor-divider\">\n\t\t\t<span class=\"elementor-divider-separator\">\n\t\t\t\t\t\t<\/span>\n\t\t<\/div>\n\t\t\t\t\t\t<\/div>\n\t\t\t\t<\/div>\n\t\t\t\t<div class=\"elementor-element elementor-element-3c89dcc elementor-widget__width-inherit elementor-widget elementor-widget-text-editor\" data-id=\"3c89dcc\" data-element_type=\"widget\" data-e-type=\"widget\" data-widget_type=\"text-editor.default\">\n\t\t\t\t<div class=\"elementor-widget-container\">\n\t\t\t\t\t\t\t\t\t<ol start=\"1\" type=\"1\"><li><strong>Pln\u00e1\u00a0registr\u00e1cia<\/strong>\u00a0na na\u0161om port\u00e1li:\u00a0<a href=\"https:\/\/zone.nfqes.com\/registracia\">https:\/\/zone.nfqes.com\/registracia<\/a> <span data-teams=\"true\"><span class=\"ui-provider a b c d e f g h i j k l m n o p q r s t u v w x y z ab ac ae af ag ah ai aj ak\" dir=\"ltr\">a n\u00e1sledne overenie e-mailu a tel. \u010d\u00edsla cez SMS<\/span><\/span><\/li><li>Po overen\u00ed a schv\u00e1len\u00ed si viete vygenerova\u0165 \u017eiados\u0165 o QES<\/li><\/ol>\t\t\t\t\t\t\t\t<\/div>\n\t\t\t\t<\/div>\n\t\t\t\t<div class=\"elementor-element elementor-element-c5c8d32 elementor-widget elementor-widget-image\" data-id=\"c5c8d32\" data-element_type=\"widget\" data-e-type=\"widget\" data-widget_type=\"image.default\">\n\t\t\t\t<div class=\"elementor-widget-container\">\n\t\t\t\t\t\t\t\t\t\t\t\t\t\t\t<img decoding=\"async\" width=\"538\" height=\"502\" src=\"https:\/\/nfqes.com\/wp-content\/uploads\/2024\/10\/Obrazok-22-copy.webp\" class=\"attachment-full size-full wp-image-28279\" alt=\"\" srcset=\"https:\/\/nfqes.com\/wp-content\/uploads\/2024\/10\/Obrazok-22-copy.webp 538w, https:\/\/nfqes.com\/wp-content\/uploads\/2024\/10\/Obrazok-22-copy-300x280.webp 300w\" sizes=\"(max-width: 538px) 100vw, 538px\" \/>\t\t\t\t\t\t\t\t\t\t\t\t\t\t\t<\/div>\n\t\t\t\t<\/div>\n\t\t\t\t<div class=\"elementor-element elementor-element-aa9fd04 elementor-widget__width-inherit elementor-widget elementor-widget-text-editor\" data-id=\"aa9fd04\" data-element_type=\"widget\" data-e-type=\"widget\" data-widget_type=\"text-editor.default\">\n\t\t\t\t<div class=\"elementor-widget-container\">\n\t\t\t\t\t\t\t\t\t<ol start=\"3\" type=\"1\"><li><span data-teams=\"true\"><span class=\"ui-provider a b c d e f g h i j k l m n o p q r s t u v w x y z ab ac ae af ag ah ai aj ak\" dir=\"ltr\">Kliknite na mo\u017enos\u0165 <strong>Vzdialen\u00fd certifik\u00e1t<\/strong><\/span><\/span><\/li><\/ol>\t\t\t\t\t\t\t\t<\/div>\n\t\t\t\t<\/div>\n\t\t\t\t<div class=\"elementor-element elementor-element-581794f elementor-widget__width-auto elementor-widget-tablet__width-inherit elementor-widget elementor-widget-image\" data-id=\"581794f\" data-element_type=\"widget\" data-e-type=\"widget\" data-widget_type=\"image.default\">\n\t\t\t\t<div class=\"elementor-widget-container\">\n\t\t\t\t\t\t\t\t\t\t\t\t\t\t\t<img decoding=\"async\" width=\"2420\" height=\"1180\" src=\"https:\/\/nfqes.com\/wp-content\/uploads\/2024\/10\/Obrazok-25-copy.webp\" class=\"attachment-full size-full wp-image-28289\" alt=\"\" srcset=\"https:\/\/nfqes.com\/wp-content\/uploads\/2024\/10\/Obrazok-25-copy.webp 2420w, https:\/\/nfqes.com\/wp-content\/uploads\/2024\/10\/Obrazok-25-copy-300x146.webp 300w, https:\/\/nfqes.com\/wp-content\/uploads\/2024\/10\/Obrazok-25-copy-1024x499.webp 1024w, https:\/\/nfqes.com\/wp-content\/uploads\/2024\/10\/Obrazok-25-copy-768x374.webp 768w, https:\/\/nfqes.com\/wp-content\/uploads\/2024\/10\/Obrazok-25-copy-1536x749.webp 1536w, https:\/\/nfqes.com\/wp-content\/uploads\/2024\/10\/Obrazok-25-copy-2048x999.webp 2048w\" sizes=\"(max-width: 2420px) 100vw, 2420px\" \/>\t\t\t\t\t\t\t\t\t\t\t\t\t\t\t<\/div>\n\t\t\t\t<\/div>\n\t\t\t\t<div class=\"elementor-element elementor-element-d3e40ee elementor-widget__width-inherit elementor-widget elementor-widget-text-editor\" data-id=\"d3e40ee\" data-element_type=\"widget\" data-e-type=\"widget\" data-widget_type=\"text-editor.default\">\n\t\t\t\t<div class=\"elementor-widget-container\">\n\t\t\t\t\t\t\t\t\t<ol start=\"4\" type=\"1\"><li>Zvo\u013ete typ certifik\u00e1tu <strong>QES &#8211; Kvalifikovan\u00fd elektronick\u00fd podpis<\/strong><\/li><\/ol>\t\t\t\t\t\t\t\t<\/div>\n\t\t\t\t<\/div>\n\t\t\t\t<div class=\"elementor-element elementor-element-22f9731 elementor-widget__width-auto elementor-widget-tablet__width-inherit elementor-widget elementor-widget-image\" data-id=\"22f9731\" data-element_type=\"widget\" data-e-type=\"widget\" data-widget_type=\"image.default\">\n\t\t\t\t<div class=\"elementor-widget-container\">\n\t\t\t\t\t\t\t\t\t\t\t\t\t\t\t<img loading=\"lazy\" decoding=\"async\" width=\"2412\" height=\"1094\" src=\"https:\/\/nfqes.com\/wp-content\/uploads\/2024\/10\/QES.webp\" class=\"attachment-full size-full wp-image-28335\" alt=\"\" srcset=\"https:\/\/nfqes.com\/wp-content\/uploads\/2024\/10\/QES.webp 2412w, https:\/\/nfqes.com\/wp-content\/uploads\/2024\/10\/QES-300x136.webp 300w, https:\/\/nfqes.com\/wp-content\/uploads\/2024\/10\/QES-1024x464.webp 1024w, https:\/\/nfqes.com\/wp-content\/uploads\/2024\/10\/QES-768x348.webp 768w, https:\/\/nfqes.com\/wp-content\/uploads\/2024\/10\/QES-1536x697.webp 1536w, https:\/\/nfqes.com\/wp-content\/uploads\/2024\/10\/QES-2048x929.webp 2048w\" sizes=\"(max-width: 2412px) 100vw, 2412px\" \/>\t\t\t\t\t\t\t\t\t\t\t\t\t\t\t<\/div>\n\t\t\t\t<\/div>\n\t\t\t\t<div class=\"elementor-element elementor-element-bc0ba37 elementor-widget__width-inherit elementor-widget elementor-widget-text-editor\" data-id=\"bc0ba37\" data-element_type=\"widget\" data-e-type=\"widget\" data-widget_type=\"text-editor.default\">\n\t\t\t\t<div class=\"elementor-widget-container\">\n\t\t\t\t\t\t\t\t\t<ol start=\"5\" type=\"1\"><li>Podp\u00edsanie \u017eiadosti a overenie identity &#8211; podp\u00edsa\u0165 \u017eiados\u0165 m\u00f4\u017eete cez <strong>videohovor<\/strong> kvalifikovan\u00fdm podpisom na ob\u010dianskom preukaze alebo <strong>osobne<\/strong> na na\u0161ej pobo\u010dke v \u017diline alebo Bratislave<\/li><\/ol>\t\t\t\t\t\t\t\t<\/div>\n\t\t\t\t<\/div>\n\t\t\t\t<div class=\"elementor-element elementor-element-59e746a elementor-widget__width-inherit elementor-widget elementor-widget-text-editor\" data-id=\"59e746a\" data-element_type=\"widget\" data-e-type=\"widget\" data-widget_type=\"text-editor.default\">\n\t\t\t\t<div class=\"elementor-widget-container\">\n\t\t\t\t\t\t\t\t\t<p><strong>N\u00e1sledne v\u00e1m vyd\u00e1me vzdialen\u00fd (virtu\u00e1lny) KEP certifik\u00e1t<\/strong>, ktor\u00fd m\u00f4\u017eete pou\u017e\u00edva\u0165 bez potreby \u010d\u00edta\u010dky a in\u0161tal\u00e1cie komponentov. Certifik\u00e1t bude ulo\u017een\u00fd v HSM module na\u0161ej certifika\u010dnej autority.<\/p><p>Pre spr\u00e1vne vyu\u017e\u00edvanie je potrebn\u00e9 stiahnu\u0165 si mobiln\u00fa aplik\u00e1ciu na <a href=\"https:\/\/nfqes.com\/sk\/platforma\/dvojfaktorova-verifikacia\">dvojfaktorov\u00fa verifik\u00e1ciu<\/a> <strong>NFQES Qualified Authenticator<\/strong> (link pre <a href=\"https:\/\/play.google.com\/store\/apps\/details?id=sk.brainit.nfqes.authenticator.qualified\">Android<\/a>, link pre <a href=\"https:\/\/apps.apple.com\/us\/app\/nfqes-qualified-authenticator\/id6445886646\">iOS<\/a>). Aktiv\u00e1cia prebieha formou videohovoru, ktor\u00fd v\u00e1m nezaberie viac ako 2 min\u00faty.<\/p><p>V pr\u00edpade, ak sa v\u00e1m t\u00e1to aplik\u00e1cia nezobrazuje v obchode s aplik\u00e1ciami &#8211; va\u0161e zariadenie neobsahuje potrebn\u00fd \u010dip, je potrebn\u00e9 zak\u00fapi\u0165 si <strong>NFQES HW Token<\/strong>.<\/p>\t\t\t\t\t\t\t\t<\/div>\n\t\t\t\t<\/div>\n\t\t\t\t<div class=\"elementor-element elementor-element-a9da24a elementor-widget__width-inherit elementor-widget elementor-widget-heading\" data-id=\"a9da24a\" data-element_type=\"widget\" data-e-type=\"widget\" data-widget_type=\"heading.default\">\n\t\t\t\t<div class=\"elementor-widget-container\">\n\t\t\t\t\t<h2 class=\"elementor-heading-title elementor-size-default\">Cenn\u00edk<\/h2>\t\t\t\t<\/div>\n\t\t\t\t<\/div>\n\t\t\t\t<div class=\"elementor-element elementor-element-7ceb264 elementor-widget-divider--view-line elementor-invisible elementor-widget elementor-widget-divider\" data-id=\"7ceb264\" data-element_type=\"widget\" data-e-type=\"widget\" data-settings=\"{&quot;_animation&quot;:&quot;fadeIn&quot;}\" data-widget_type=\"divider.default\">\n\t\t\t\t<div class=\"elementor-widget-container\">\n\t\t\t\t\t\t\t<div class=\"elementor-divider\">\n\t\t\t<span class=\"elementor-divider-separator\">\n\t\t\t\t\t\t<\/span>\n\t\t<\/div>\n\t\t\t\t\t\t<\/div>\n\t\t\t\t<\/div>\n\t\t\t\t<div class=\"elementor-element elementor-element-18bd788 elementor-widget__width-initial elementor-widget-tablet__width-inherit elementor-widget elementor-widget-text-editor\" data-id=\"18bd788\" data-element_type=\"widget\" data-e-type=\"widget\" data-widget_type=\"text-editor.default\">\n\t\t\t\t<div class=\"elementor-widget-container\">\n\t\t\t\t\t\t\t\t\t<table><thead><tr><td style=\"text-align: center;\"><strong>N\u00e1zov slu\u017eby<\/strong><\/td><td style=\"text-align: center;\"><strong>1 rok<\/strong><\/td><td style=\"text-align: center;\"><strong>2 roky<\/strong><\/td><td style=\"text-align: center;\"><strong>3 roky<\/strong><\/td><\/tr><\/thead><tbody><tr><th><span style=\"font-size: 14.4px;\">QES &#8211; kvalifikovan\u00fd elektronick\u00fd podpis<\/span><\/th><td style=\"text-align: center;\"><span style=\"font-weight: normal;\">18,00 \u20ac<\/span><\/td><td style=\"text-align: center;\"><span style=\"font-weight: normal;\">34,00 \u20ac<\/span><\/td><td style=\"text-align: center;\"><span style=\"font-weight: normal;\">46,00 \u20ac<\/span><\/td><\/tr><tr><td style=\"text-align: center;\"><strong><span style=\"font-size: 14.4px;\">Token NFQES HW<\/span><\/strong><\/td><td style=\"text-align: center;\" colspan=\"3\"><span style=\"font-size: 14.4px;\">20,00 \u20ac<\/span><\/td><\/tr><tr><td style=\"text-align: center;\"><strong><span style=\"font-size: 14.4px;\">Poplatok za osobn\u00e9 overenie<\/span><\/strong><\/td><td style=\"text-align: center;\" colspan=\"3\"><span style=\"font-size: 14.4px;\">16,67 \u20ac<\/span><\/td><\/tr><\/tbody><\/table>\t\t\t\t\t\t\t\t<\/div>\n\t\t\t\t<\/div>\n\t\t\t\t<div class=\"elementor-element elementor-element-052ea06 elementor-widget__width-initial elementor-widget elementor-widget-text-editor\" data-id=\"052ea06\" data-element_type=\"widget\" data-e-type=\"widget\" data-widget_type=\"text-editor.default\">\n\t\t\t\t<div class=\"elementor-widget-container\">\n\t\t\t\t\t\t\t\t\t<p>*Uveden\u00e9 ceny s\u00fa bez DPH<\/p>\t\t\t\t\t\t\t\t<\/div>\n\t\t\t\t<\/div>\n\t\t\t\t\t<\/div>\n\t\t\t\t<\/div>\n\t\t\t\t<\/div>\n\t\t","protected":false},"excerpt":{"rendered":"<p>Kontaktujte n\u00e1s Rozli\u0161ujeme 4 z\u00e1kladn\u00e9 \u00farovne podpisovania Vydanie KEP (QES) certifik\u00e1tu Pln\u00e1\u00a0registr\u00e1cia\u00a0na na\u0161om port\u00e1li:\u00a0https:\/\/zone.nfqes.com\/registracia a n\u00e1sledne overenie e-mailu a tel. \u010d\u00edsla cez SMS Po overen\u00ed a schv\u00e1len\u00ed si viete vygenerova\u0165 \u017eiados\u0165 o QES Kliknite na mo\u017enos\u0165 Vzdialen\u00fd certifik\u00e1t Zvo\u013ete typ certifik\u00e1tu QES &#8211; Kvalifikovan\u00fd elektronick\u00fd podpis Podp\u00edsanie \u017eiadosti a overenie identity &#8211; podp\u00edsa\u0165 \u017eiados\u0165 m\u00f4\u017eete [&hellip;]<\/p>\n","protected":false},"author":5,"featured_media":0,"parent":0,"menu_order":0,"comment_status":"closed","ping_status":"closed","template":"","meta":{"_acf_changed":false,"footnotes":""},"class_list":["post-28190","page","type-page","status-publish","hentry"],"acf":[],"yoast_head":"<!-- This site is optimized with the Yoast SEO plugin v27.2 - https:\/\/yoast.com\/product\/yoast-seo-wordpress\/ -->\n<title>Vydanie KEP certifik\u00e1tu pre slovensko.sk - NFQES.com<\/title>\n<meta name=\"description\" content=\"Z\u00edskajte certifik\u00e1t pre kvalifikovan\u00fd elektronick\u00fd podpis (KEP) a podpisujte na slovensko.sk. Jednoducho a bezpe\u010dne s platformou NFQES.\" \/>\n<meta name=\"robots\" content=\"index, follow, max-snippet:-1, max-image-preview:large, max-video-preview:-1\" \/>\n<link rel=\"canonical\" href=\"https:\/\/nfqes.com\/sk\/vydanie-kep-certifikatu-pre-slovensko-sk\" \/>\n<meta property=\"og:locale\" content=\"sk_SK\" \/>\n<meta property=\"og:type\" content=\"article\" \/>\n<meta property=\"og:title\" content=\"Vydanie KEP certifik\u00e1tu pre slovensko.sk - NFQES.com\" \/>\n<meta property=\"og:description\" content=\"Z\u00edskajte certifik\u00e1t pre kvalifikovan\u00fd elektronick\u00fd podpis (KEP) a podpisujte na slovensko.sk. Jednoducho a bezpe\u010dne s platformou NFQES.\" \/>\n<meta property=\"og:url\" content=\"https:\/\/nfqes.com\/sk\/vydanie-kep-certifikatu-pre-slovensko-sk\" \/>\n<meta property=\"og:site_name\" content=\"NFQES.com\" \/>\n<meta property=\"article:modified_time\" content=\"2025-03-06T08:44:56+00:00\" \/>\n<meta property=\"og:image\" content=\"https:\/\/nfqes.com\/wp-content\/uploads\/2023\/11\/NFQES-urovne-podpisov-5.webp\" \/>\n\t<meta property=\"og:image:width\" content=\"1114\" \/>\n\t<meta property=\"og:image:height\" content=\"498\" \/>\n\t<meta property=\"og:image:type\" content=\"image\/webp\" \/>\n<meta name=\"twitter:card\" content=\"summary_large_image\" \/>\n<meta name=\"twitter:label1\" content=\"Predpokladan\u00fd \u010das \u010d\u00edtania\" \/>\n\t<meta name=\"twitter:data1\" content=\"2 min\u00faty\" \/>\n<script type=\"application\/ld+json\" class=\"yoast-schema-graph\">{\"@context\":\"https:\/\/schema.org\",\"@graph\":[{\"@type\":\"WebPage\",\"@id\":\"https:\/\/nfqes.com\/sk\/vydanie-kep-certifikatu-pre-slovensko-sk\",\"url\":\"https:\/\/nfqes.com\/sk\/vydanie-kep-certifikatu-pre-slovensko-sk\",\"name\":\"Vydanie KEP certifik\u00e1tu pre slovensko.sk - NFQES.com\",\"isPartOf\":{\"@id\":\"https:\/\/nfqes.com\/sk\/#website\"},\"primaryImageOfPage\":{\"@id\":\"https:\/\/nfqes.com\/sk\/vydanie-kep-certifikatu-pre-slovensko-sk#primaryimage\"},\"image\":{\"@id\":\"https:\/\/nfqes.com\/sk\/vydanie-kep-certifikatu-pre-slovensko-sk#primaryimage\"},\"thumbnailUrl\":\"https:\/\/nfqes.com\/wp-content\/uploads\/2023\/11\/NFQES-urovne-podpisov-5-768x343.webp\",\"datePublished\":\"2024-10-22T06:14:24+00:00\",\"dateModified\":\"2025-03-06T08:44:56+00:00\",\"description\":\"Z\u00edskajte certifik\u00e1t pre kvalifikovan\u00fd elektronick\u00fd podpis (KEP) a podpisujte na slovensko.sk. Jednoducho a bezpe\u010dne s platformou NFQES.\",\"breadcrumb\":{\"@id\":\"https:\/\/nfqes.com\/sk\/vydanie-kep-certifikatu-pre-slovensko-sk#breadcrumb\"},\"inLanguage\":\"sk-SK\",\"potentialAction\":[{\"@type\":\"ReadAction\",\"target\":[\"https:\/\/nfqes.com\/sk\/vydanie-kep-certifikatu-pre-slovensko-sk\"]}]},{\"@type\":\"ImageObject\",\"inLanguage\":\"sk-SK\",\"@id\":\"https:\/\/nfqes.com\/sk\/vydanie-kep-certifikatu-pre-slovensko-sk#primaryimage\",\"url\":\"https:\/\/nfqes.com\/wp-content\/uploads\/2023\/11\/NFQES-urovne-podpisov-5-768x343.webp\",\"contentUrl\":\"https:\/\/nfqes.com\/wp-content\/uploads\/2023\/11\/NFQES-urovne-podpisov-5-768x343.webp\"},{\"@type\":\"BreadcrumbList\",\"@id\":\"https:\/\/nfqes.com\/sk\/vydanie-kep-certifikatu-pre-slovensko-sk#breadcrumb\",\"itemListElement\":[{\"@type\":\"ListItem\",\"position\":1,\"name\":\"NFQES\",\"item\":\"https:\/\/nfqes.com\/sk\"},{\"@type\":\"ListItem\",\"position\":2,\"name\":\"Vydanie KEP certifik\u00e1tu pre slovensko.sk\"}]},{\"@type\":\"WebSite\",\"@id\":\"https:\/\/nfqes.com\/sk\/#website\",\"url\":\"https:\/\/nfqes.com\/sk\/\",\"name\":\"NFQES.com\",\"description\":\"Modern\u00e9 slu\u017eby v oblasti informa\u010dnej bezpe\u010dnosti.\",\"publisher\":{\"@id\":\"https:\/\/nfqes.com\/sk\/#organization\"},\"potentialAction\":[{\"@type\":\"SearchAction\",\"target\":{\"@type\":\"EntryPoint\",\"urlTemplate\":\"https:\/\/nfqes.com\/sk\/?s={search_term_string}\"},\"query-input\":{\"@type\":\"PropertyValueSpecification\",\"valueRequired\":true,\"valueName\":\"search_term_string\"}}],\"inLanguage\":\"sk-SK\"},{\"@type\":\"Organization\",\"@id\":\"https:\/\/nfqes.com\/sk\/#organization\",\"name\":\"NFQES\",\"url\":\"https:\/\/nfqes.com\/sk\/\",\"logo\":{\"@type\":\"ImageObject\",\"inLanguage\":\"sk-SK\",\"@id\":\"https:\/\/nfqes.com\/sk\/#\/schema\/logo\/image\/\",\"url\":\"https:\/\/nfqes.com\/wp-content\/uploads\/2022\/07\/logo-cierne.webp\",\"contentUrl\":\"https:\/\/nfqes.com\/wp-content\/uploads\/2022\/07\/logo-cierne.webp\",\"width\":1169,\"height\":434,\"caption\":\"NFQES\"},\"image\":{\"@id\":\"https:\/\/nfqes.com\/sk\/#\/schema\/logo\/image\/\"}}]}<\/script>\n<!-- \/ Yoast SEO plugin. -->","yoast_head_json":{"title":"Vydanie KEP certifik\u00e1tu pre slovensko.sk - NFQES.com","description":"Z\u00edskajte certifik\u00e1t pre kvalifikovan\u00fd elektronick\u00fd podpis (KEP) a podpisujte na slovensko.sk. Jednoducho a bezpe\u010dne s platformou NFQES.","robots":{"index":"index","follow":"follow","max-snippet":"max-snippet:-1","max-image-preview":"max-image-preview:large","max-video-preview":"max-video-preview:-1"},"canonical":"https:\/\/nfqes.com\/sk\/vydanie-kep-certifikatu-pre-slovensko-sk","og_locale":"sk_SK","og_type":"article","og_title":"Vydanie KEP certifik\u00e1tu pre slovensko.sk - NFQES.com","og_description":"Z\u00edskajte certifik\u00e1t pre kvalifikovan\u00fd elektronick\u00fd podpis (KEP) a podpisujte na slovensko.sk. Jednoducho a bezpe\u010dne s platformou NFQES.","og_url":"https:\/\/nfqes.com\/sk\/vydanie-kep-certifikatu-pre-slovensko-sk","og_site_name":"NFQES.com","article_modified_time":"2025-03-06T08:44:56+00:00","og_image":[{"width":1114,"height":498,"url":"https:\/\/nfqes.com\/wp-content\/uploads\/2023\/11\/NFQES-urovne-podpisov-5.webp","type":"image\/webp"}],"twitter_card":"summary_large_image","twitter_misc":{"Predpokladan\u00fd \u010das \u010d\u00edtania":"2 min\u00faty"},"schema":{"@context":"https:\/\/schema.org","@graph":[{"@type":"WebPage","@id":"https:\/\/nfqes.com\/sk\/vydanie-kep-certifikatu-pre-slovensko-sk","url":"https:\/\/nfqes.com\/sk\/vydanie-kep-certifikatu-pre-slovensko-sk","name":"Vydanie KEP certifik\u00e1tu pre slovensko.sk - NFQES.com","isPartOf":{"@id":"https:\/\/nfqes.com\/sk\/#website"},"primaryImageOfPage":{"@id":"https:\/\/nfqes.com\/sk\/vydanie-kep-certifikatu-pre-slovensko-sk#primaryimage"},"image":{"@id":"https:\/\/nfqes.com\/sk\/vydanie-kep-certifikatu-pre-slovensko-sk#primaryimage"},"thumbnailUrl":"https:\/\/nfqes.com\/wp-content\/uploads\/2023\/11\/NFQES-urovne-podpisov-5-768x343.webp","datePublished":"2024-10-22T06:14:24+00:00","dateModified":"2025-03-06T08:44:56+00:00","description":"Z\u00edskajte certifik\u00e1t pre kvalifikovan\u00fd elektronick\u00fd podpis (KEP) a podpisujte na slovensko.sk. Jednoducho a bezpe\u010dne s platformou NFQES.","breadcrumb":{"@id":"https:\/\/nfqes.com\/sk\/vydanie-kep-certifikatu-pre-slovensko-sk#breadcrumb"},"inLanguage":"sk-SK","potentialAction":[{"@type":"ReadAction","target":["https:\/\/nfqes.com\/sk\/vydanie-kep-certifikatu-pre-slovensko-sk"]}]},{"@type":"ImageObject","inLanguage":"sk-SK","@id":"https:\/\/nfqes.com\/sk\/vydanie-kep-certifikatu-pre-slovensko-sk#primaryimage","url":"https:\/\/nfqes.com\/wp-content\/uploads\/2023\/11\/NFQES-urovne-podpisov-5-768x343.webp","contentUrl":"https:\/\/nfqes.com\/wp-content\/uploads\/2023\/11\/NFQES-urovne-podpisov-5-768x343.webp"},{"@type":"BreadcrumbList","@id":"https:\/\/nfqes.com\/sk\/vydanie-kep-certifikatu-pre-slovensko-sk#breadcrumb","itemListElement":[{"@type":"ListItem","position":1,"name":"NFQES","item":"https:\/\/nfqes.com\/sk"},{"@type":"ListItem","position":2,"name":"Vydanie KEP certifik\u00e1tu pre slovensko.sk"}]},{"@type":"WebSite","@id":"https:\/\/nfqes.com\/sk\/#website","url":"https:\/\/nfqes.com\/sk\/","name":"NFQES.com","description":"Modern\u00e9 slu\u017eby v oblasti informa\u010dnej bezpe\u010dnosti.","publisher":{"@id":"https:\/\/nfqes.com\/sk\/#organization"},"potentialAction":[{"@type":"SearchAction","target":{"@type":"EntryPoint","urlTemplate":"https:\/\/nfqes.com\/sk\/?s={search_term_string}"},"query-input":{"@type":"PropertyValueSpecification","valueRequired":true,"valueName":"search_term_string"}}],"inLanguage":"sk-SK"},{"@type":"Organization","@id":"https:\/\/nfqes.com\/sk\/#organization","name":"NFQES","url":"https:\/\/nfqes.com\/sk\/","logo":{"@type":"ImageObject","inLanguage":"sk-SK","@id":"https:\/\/nfqes.com\/sk\/#\/schema\/logo\/image\/","url":"https:\/\/nfqes.com\/wp-content\/uploads\/2022\/07\/logo-cierne.webp","contentUrl":"https:\/\/nfqes.com\/wp-content\/uploads\/2022\/07\/logo-cierne.webp","width":1169,"height":434,"caption":"NFQES"},"image":{"@id":"https:\/\/nfqes.com\/sk\/#\/schema\/logo\/image\/"}}]}},"_links":{"self":[{"href":"https:\/\/nfqes.com\/sk\/wp-json\/wp\/v2\/pages\/28190","targetHints":{"allow":["GET"]}}],"collection":[{"href":"https:\/\/nfqes.com\/sk\/wp-json\/wp\/v2\/pages"}],"about":[{"href":"https:\/\/nfqes.com\/sk\/wp-json\/wp\/v2\/types\/page"}],"author":[{"embeddable":true,"href":"https:\/\/nfqes.com\/sk\/wp-json\/wp\/v2\/users\/5"}],"replies":[{"embeddable":true,"href":"https:\/\/nfqes.com\/sk\/wp-json\/wp\/v2\/comments?post=28190"}],"version-history":[{"count":0,"href":"https:\/\/nfqes.com\/sk\/wp-json\/wp\/v2\/pages\/28190\/revisions"}],"wp:attachment":[{"href":"https:\/\/nfqes.com\/sk\/wp-json\/wp\/v2\/media?parent=28190"}],"curies":[{"name":"wp","href":"https:\/\/api.w.org\/{rel}","templated":true}]}}