{"id":2512,"date":"2022-12-19T15:17:27","date_gmt":"2022-12-19T14:17:27","guid":{"rendered":"https:\/\/nfqes.com\/?page_id=2512"},"modified":"2026-02-09T11:07:26","modified_gmt":"2026-02-09T10:07:26","slug":"informacia-o-spracuvani-osobnych-udajov","status":"publish","type":"page","link":"https:\/\/nfqes.com\/sk\/informacia-o-spracuvani-osobnych-udajov","title":{"rendered":"Inform\u00e1cia o sprac\u00favan\u00ed osobn\u00fdch \u00fadajov"},"content":{"rendered":"\t\t<div data-elementor-type=\"wp-page\" data-elementor-id=\"2512\" class=\"elementor elementor-2512 elementor-2520\" data-elementor-post-type=\"page\">\n\t\t\t\t<div class=\"elementor-element elementor-element-01ef64e e-con-full e-flex e-con e-parent\" data-id=\"01ef64e\" data-element_type=\"container\" data-e-type=\"container\">\n\t\t\t\t<div class=\"elementor-element elementor-element-9892190 elementor-widget elementor-widget-template\" data-id=\"9892190\" data-element_type=\"widget\" data-e-type=\"widget\" data-widget_type=\"template.default\">\n\t\t\t\t<div class=\"elementor-widget-container\">\n\t\t\t\t\t\t\t<div class=\"elementor-template\">\n\t\t\t\t\t<div data-elementor-type=\"section\" data-elementor-id=\"6951\" class=\"elementor elementor-6951 elementor-10609 elementor-10609\" data-elementor-post-type=\"elementor_library\">\n\t\t\t<div class=\"elementor-element elementor-element-1233351 e-flex e-con-boxed e-con e-parent\" data-id=\"1233351\" data-element_type=\"container\" data-e-type=\"container\" data-settings=\"{&quot;background_background&quot;:&quot;classic&quot;}\">\n\t\t\t\t\t<div class=\"e-con-inner\">\n\t\t\t\t<div class=\"elementor-element elementor-element-d9c6be3 elementor-widget__width-inherit elementor-widget elementor-widget-heading\" data-id=\"d9c6be3\" data-element_type=\"widget\" data-e-type=\"widget\" data-widget_type=\"heading.default\">\n\t\t\t\t<div class=\"elementor-widget-container\">\n\t\t\t\t\t<h1 class=\"elementor-heading-title elementor-size-default\">Inform\u00e1cia o sprac\u00favan\u00ed osobn\u00fdch \u00fadajov<\/h1>\t\t\t\t<\/div>\n\t\t\t\t<\/div>\n\t\t<div class=\"elementor-element elementor-element-2b1bd59 e-flex e-con-boxed e-con e-child\" data-id=\"2b1bd59\" data-element_type=\"container\" data-e-type=\"container\">\n\t\t\t\t\t<div class=\"e-con-inner\">\n\t\t\t\t<div class=\"elementor-element elementor-element-5a3eb61 elementor-widget__width-auto elementor-widget elementor-widget-button\" data-id=\"5a3eb61\" data-element_type=\"widget\" data-e-type=\"widget\" data-settings=\"{&quot;motion_fx_motion_fx_scrolling&quot;:&quot;yes&quot;,&quot;motion_fx_devices&quot;:[&quot;desktop&quot;,&quot;laptop&quot;,&quot;tablet&quot;,&quot;mobile&quot;]}\" data-widget_type=\"button.default\">\n\t\t\t\t<div class=\"elementor-widget-container\">\n\t\t\t\t\t\t\t\t\t<div class=\"elementor-button-wrapper\">\n\t\t\t\t\t<a class=\"elementor-button elementor-button-link elementor-size-md\" href=\"https:\/\/zone.nfqes.com\/home\" target=\"_blank\">\n\t\t\t\t\t\t<span class=\"elementor-button-content-wrapper\">\n\t\t\t\t\t\t\t\t\t<span class=\"elementor-button-text\">Podpisuj zadarmo<\/span>\n\t\t\t\t\t<\/span>\n\t\t\t\t\t<\/a>\n\t\t\t\t<\/div>\n\t\t\t\t\t\t\t\t<\/div>\n\t\t\t\t<\/div>\n\t\t\t\t<div class=\"elementor-element elementor-element-aecf01c elementor-widget__width-auto elementor-widget elementor-widget-button\" data-id=\"aecf01c\" data-element_type=\"widget\" data-e-type=\"widget\" data-widget_type=\"button.default\">\n\t\t\t\t<div class=\"elementor-widget-container\">\n\t\t\t\t\t\t\t\t\t<div class=\"elementor-button-wrapper\">\n\t\t\t\t\t<a class=\"elementor-button elementor-button-link elementor-size-md\" href=\"https:\/\/nfqes.com\/sk\/kontakt\">\n\t\t\t\t\t\t<span class=\"elementor-button-content-wrapper\">\n\t\t\t\t\t\t\t\t\t<span class=\"elementor-button-text\">Rezervujte si konzult\u00e1ciu<\/span>\n\t\t\t\t\t<\/span>\n\t\t\t\t\t<\/a>\n\t\t\t\t<\/div>\n\t\t\t\t\t\t\t\t<\/div>\n\t\t\t\t<\/div>\n\t\t\t\t\t<\/div>\n\t\t\t\t<\/div>\n\t\t\t\t\t<\/div>\n\t\t\t\t<\/div>\n\t\t\t\t<\/div>\n\t\t\t\t<\/div>\n\t\t\t\t\t\t<\/div>\n\t\t\t\t<\/div>\n\t\t\t\t<\/div>\n\t\t<div class=\"elementor-element elementor-element-65baccd e-flex e-con-boxed e-con e-parent\" data-id=\"65baccd\" data-element_type=\"container\" data-e-type=\"container\">\n\t\t\t\t\t<div class=\"e-con-inner\">\n\t\t\t\t<div class=\"elementor-element elementor-element-80dd49c elementor-widget elementor-widget-text-editor\" data-id=\"80dd49c\" data-element_type=\"widget\" data-e-type=\"widget\" data-widget_type=\"text-editor.default\">\n\t\t\t\t<div class=\"elementor-widget-container\">\n\t\t\t\t\t\t\t\t\t<p><strong>Inform\u00e1cia o sprac\u00favan\u00ed osobn\u00fdch \u00fadajov<\/strong><\/p><p>V zmysle \u010dl. 13 a 14 Nariadenia Eur\u00f3pskeho parlamentu a Rady (E\u00da) \u010d. 2016\/679 z 27. apr\u00edla 2016 o ochrane fyzick\u00fdch os\u00f4b pri sprac\u00favan\u00ed osobn\u00fdch \u00fadajov a o vo\u013enom pohybe tak\u00fdchto \u00fadajov, ktor\u00fdm sa zru\u0161uje smernica 95\/46\/ES (\u010falej aj \u201eGDPR\u201c)<\/p><p><strong><em>Spolo\u010dnos\u0165:<\/em><\/strong><\/p><p>N\u00e1zov: brainit.sk, s.r.o.<\/p><p>S\u00eddlo: Ve\u013ek\u00fd diel 3323, 010 08 \u017dilina<\/p><p>I\u010cO: 52577465<\/p><p>DI\u010c: 2121068763<\/p><p>I\u010c DPH: SK 2121068763<\/p><p><strong><em>Kontaktn\u00e9 \u00fadaje:<\/em><\/strong><\/p><p><a href=\"mailto:support@nfqes.sk\">support@nfqes.sk<\/a><\/p><p><strong><em>Kontakt na zodpovedn\u00fa osobu:<\/em><\/strong><\/p><p><a href=\"mailto:gdpr@brainit.sk\">gdpr@brainit.sk<\/a><\/p><p>ktor\u00e1 je dod\u00e1vate\u013eom Vami vy\u017eadovan\u00fdch d\u00f4veryhodn\u00fdch slu\u017eieb vyhotovovania a overovania certifik\u00e1tov, sprac\u00fava Va\u0161e osobn\u00e9 \u00fadaje (\u010falej len \u201eO\u00da\u201c), ktor\u00e9 ste jej povinn\u00fd poskytn\u00fa\u0165 v zmysle pr\u00edslu\u0161n\u00fdch pr\u00e1vnych predpisou nasledovne:<\/p><p><strong>\u00da\u010del sprac\u00favania:<\/strong><\/p><p>poskytovanie d\u00f4veryhodn\u00fdch slu\u017eieb vyhotovovania a overovania certifik\u00e1tov a s t\u00fdm s\u00favisiace preukazovanie, uplat\u0148ovanie a obhajovanie pr\u00e1vnych n\u00e1rokov<\/p><p><strong>Pr\u00e1vny z\u00e1klad:<\/strong><\/p><p>na\u0161a z\u00e1konn\u00e1 povinnos\u0165 v s\u00falade s nasledovn\u00fdmi predpismi a normami:<\/p><ul><li>Nariadenie E\u00da \u010d. 910\/2014 o elektronickej identifik\u00e1cii a d\u00f4veryhodn\u00fdch slu\u017eb\u00e1ch pre elektronick\u00e9 transakcie na vn\u00fatornom trhu<\/li><li>z\u00e1kon \u010d. 272\/2016 Z. z. o d\u00f4veryhodn\u00fdch slu\u017eb\u00e1ch pre elektronick\u00e9 transakcie na vn\u00fatornom trhu (\u010falej len \u201eZ\u00e1kon\u201c) a<\/li><li>pr\u00edslu\u0161n\u00e9 ETSI \u0161tandardy t\u00fdkaj\u00face sa poskytovania d\u00f4veryhodn\u00fdch slu\u017eieb<\/li><\/ul><p><strong>Zdroj O\u00da:<\/strong><\/p><p>Vy alebo osoba, ktorej je\u00a0 poskytnut\u00e1 d\u00f4veryhodn\u00e1 slu\u017eba v r\u00e1mci ktorej je vyhotoven\u00fd certifik\u00e1t pre V\u00e1s<\/p><p><strong>Pr\u00edjemca O\u00da:<\/strong><\/p><ul><li>kvalifikovan\u00fd certifik\u00e1t pre elektronick\u00fd podpis a teda osobn\u00e9 \u00fadaje v \u0148om zahrnut\u00e9 s\u00fa distribuovan\u00e9 N\u00e1rodn\u00e9mu bezpe\u010dnostn\u00e9mu \u00faradu v s\u00falade s \u00a7 6 ods. 2 Z\u00e1kona,<\/li><li>ak ukon\u010d\u00edme poskytovanie d\u00f4veryhodn\u00fdch slu\u017eieb in\u00fd poskytovate\u013e d\u00f4veryhodn\u00fdch slu\u017eieb alebo N\u00e1rodn\u00fd bezpe\u010dnostn\u00fd \u00farad v s\u00falade s \u00a7 4 ods. 2 Z\u00e1kona.<\/li><li>Registra\u010dn\u00e1 autorita<\/li><\/ul><p><strong>D\u013a\u017eka uchov\u00e1vania O\u00da:<\/strong><\/p><ul><li>ak je vydan\u00fd kvalifikovan\u00fd certifik\u00e1t 10 rokov odo d\u0148a zru\u0161enia alebo uplynutia platnosti predmetn\u00e9ho certifik\u00e1tu<\/li><li>ak je vydan\u00fd \u201enekvalifikovan\u00fd\u201c certifik\u00e1t 7 rokov odo d\u0148a zru\u0161enia alebo uplynutia platnosti predmetn\u00e9ho certifik\u00e1tu<\/li><\/ul><p><strong>Va\u0161e pr\u00e1va<\/strong><\/p><p>V zmysle GDPR V\u00e1m patr\u00ed pr\u00e1vo na:<\/p><ul><li>pr\u00edstup k Va\u0161im osobn\u00fdm \u00fadajom, ktor\u00e9 obsahuje pr\u00e1vo na z\u00edskanie potvrdenia o tom, \u010di o V\u00e1s sprac\u00favame OU a ak \u00e1no, pr\u00e1vo nadobudn\u00fa\u0165 inform\u00e1cie o sprac\u00favan\u00ed t\u00fdchto \u00fadajov (\u00fa\u010del sprac\u00favania, kateg\u00f3rie O\u00da, ich pr\u00edjemcovia, d\u013a\u017eka uchov\u00e1vania, zdroj O\u00da at\u010f.),<\/li><li>opravu Va\u0161ich nespr\u00e1vnych alebo zastaral\u00fdch osobn\u00fdch \u00fadajov a na ich mo\u017en\u00e9 aktualizovanie a doplnenie (z\u00e1le\u017e\u00ed od typu sprac\u00favania),<\/li><li>obmedzenie sprac\u00favania Va\u0161ich osobn\u00fdch \u00fadajov ak:<\/li><li>napadnete presnos\u0165 Va\u0161ich osobn\u00fdch \u00fadajov, a to po\u010das \u010dasu k\u00fdm verifikujeme ich spr\u00e1vnos\u0165,<\/li><li>sprac\u00favanie je protiz\u00e1konn\u00e9, Vy sa ohradzujete proti vymazaniu Va\u0161ich osobn\u00fdch \u00fadajov a namiesto toho po\u017eadujete obmedzenie ich pou\u017eitia,<\/li><li>pre Va\u0161e \u00fadaje nem\u00e1me vyu\u017eitie ale potrebujte ich Vy na preuk\u00e1zanie, uplat\u0148ovanie alebo obhajovanie pr\u00e1vnych n\u00e1rokov,<\/li><li>vymazanie Va\u0161ich osobn\u00fdch \u00fadajov (ak nie je splnen\u00fd niektor\u00fd z d\u00f4vodov \u010dl. 17 ods. 3 GDPR), v mo\u017enostiach, \u017ee osobn\u00e9 \u00fadaje:<\/li><li>s\u00fa nepotrebn\u00e9 na \u00fa\u010dely, na ktor\u00e9 sme ich z\u00edskali alebo sprac\u00favali,<\/li><li>sa sprac\u00favali nez\u00e1konne,<\/li><li>je nutn\u00e9 aby boli vymazan\u00e9, aby sme splnili na\u0161a z\u00e1konn\u00fa povinnos\u0165,<\/li><li>pr\u00e1vo oslovi\u0165 so s\u0165a\u017enos\u0165ou \u00darad na ochranu osobn\u00fdch \u00fadajov.<\/li><\/ul><p>Niektor\u00e9 z t\u00fdchto pr\u00e1v s\u00fa platn\u00e9 iba s ur\u010dit\u00fdmi v\u00fdnimkami bli\u017e\u0161ie zadefinovan\u00fdmi v GDPR a iba za podmienky, \u017ee V\u00e1s budem mo\u017en\u00e9 identifikova\u0165 \u2013 Va\u0161e po\u017eiadavky budeme akceptova\u0165 v zhode s t\u00fdmito z\u00e1konn\u00fdmi podmienkami. Svoje pr\u00e1va si u n\u00e1s m\u00f4\u017eete realizova\u0165 v listinnej alebo elektronickej podobe na kontaktn\u00fdch \u00fadajoch, ktor\u00e9 s\u00fa uveden\u00e9 v z\u00e1hlav\u00ed tejto inform\u00e1cie.<\/p>\t\t\t\t\t\t\t\t<\/div>\n\t\t\t\t<\/div>\n\t\t\t\t\t<\/div>\n\t\t\t\t<\/div>\n\t\t\t\t<\/div>\n\t\t","protected":false},"excerpt":{"rendered":"<p>Inform\u00e1cia o sprac\u00favan\u00ed osobn\u00fdch \u00fadajov V zmysle \u010dl. 13 a 14 Nariadenia Eur\u00f3pskeho parlamentu a Rady (E\u00da) \u010d. 2016\/679 z 27. apr\u00edla 2016 o ochrane fyzick\u00fdch os\u00f4b pri sprac\u00favan\u00ed osobn\u00fdch \u00fadajov a o vo\u013enom pohybe tak\u00fdchto \u00fadajov, ktor\u00fdm sa zru\u0161uje smernica 95\/46\/ES (\u010falej aj \u201eGDPR\u201c) Spolo\u010dnos\u0165: N\u00e1zov: brainit.sk, s.r.o. S\u00eddlo: Ve\u013ek\u00fd diel 3323, 010 08 [&hellip;]<\/p>\n","protected":false},"author":1,"featured_media":0,"parent":0,"menu_order":0,"comment_status":"closed","ping_status":"closed","template":"","meta":{"_acf_changed":false,"footnotes":""},"class_list":["post-2512","page","type-page","status-publish","hentry"],"acf":[],"yoast_head":"<!-- This site is optimized with the Yoast SEO plugin v27.2 - https:\/\/yoast.com\/product\/yoast-seo-wordpress\/ -->\n<title>Inform\u00e1cia o sprac\u00favan\u00ed osobn\u00fdch \u00fadajov - NFQES.com<\/title>\n<meta name=\"description\" content=\"NFQES spracov\u00e1va va\u0161e osobn\u00e9 \u00fadaje, pre poskytovanie d\u00f4veryhodn\u00fdch slu\u017eieb vyhotovovania a overovania certifik\u00e1tov.\" \/>\n<meta name=\"robots\" content=\"index, follow, max-snippet:-1, max-image-preview:large, max-video-preview:-1\" \/>\n<link rel=\"canonical\" href=\"https:\/\/nfqes.com\/sk\/informacia-o-spracuvani-osobnych-udajov\" \/>\n<meta property=\"og:locale\" content=\"sk_SK\" \/>\n<meta property=\"og:type\" content=\"article\" \/>\n<meta property=\"og:title\" content=\"Inform\u00e1cia o sprac\u00favan\u00ed osobn\u00fdch \u00fadajov - NFQES.com\" \/>\n<meta property=\"og:description\" content=\"NFQES spracov\u00e1va va\u0161e osobn\u00e9 \u00fadaje, pre poskytovanie d\u00f4veryhodn\u00fdch slu\u017eieb vyhotovovania a overovania certifik\u00e1tov.\" \/>\n<meta property=\"og:url\" content=\"https:\/\/nfqes.com\/sk\/informacia-o-spracuvani-osobnych-udajov\" \/>\n<meta property=\"og:site_name\" content=\"NFQES.com\" \/>\n<meta property=\"article:modified_time\" content=\"2026-02-09T10:07:26+00:00\" \/>\n<meta name=\"twitter:card\" content=\"summary_large_image\" \/>\n<meta name=\"twitter:label1\" content=\"Predpokladan\u00fd \u010das \u010d\u00edtania\" \/>\n\t<meta name=\"twitter:data1\" content=\"3 min\u00faty\" \/>\n<script type=\"application\/ld+json\" class=\"yoast-schema-graph\">{\"@context\":\"https:\/\/schema.org\",\"@graph\":[{\"@type\":\"WebPage\",\"@id\":\"https:\/\/nfqes.com\/sk\/informacia-o-spracuvani-osobnych-udajov\",\"url\":\"https:\/\/nfqes.com\/sk\/informacia-o-spracuvani-osobnych-udajov\",\"name\":\"Inform\u00e1cia o sprac\u00favan\u00ed osobn\u00fdch \u00fadajov - NFQES.com\",\"isPartOf\":{\"@id\":\"https:\/\/nfqes.com\/sk\/#website\"},\"datePublished\":\"2022-12-19T14:17:27+00:00\",\"dateModified\":\"2026-02-09T10:07:26+00:00\",\"description\":\"NFQES spracov\u00e1va va\u0161e osobn\u00e9 \u00fadaje, pre poskytovanie d\u00f4veryhodn\u00fdch slu\u017eieb vyhotovovania a overovania certifik\u00e1tov.\",\"breadcrumb\":{\"@id\":\"https:\/\/nfqes.com\/sk\/informacia-o-spracuvani-osobnych-udajov#breadcrumb\"},\"inLanguage\":\"sk-SK\",\"potentialAction\":[{\"@type\":\"ReadAction\",\"target\":[\"https:\/\/nfqes.com\/sk\/informacia-o-spracuvani-osobnych-udajov\"]}]},{\"@type\":\"BreadcrumbList\",\"@id\":\"https:\/\/nfqes.com\/sk\/informacia-o-spracuvani-osobnych-udajov#breadcrumb\",\"itemListElement\":[{\"@type\":\"ListItem\",\"position\":1,\"name\":\"NFQES\",\"item\":\"https:\/\/nfqes.com\/sk\"},{\"@type\":\"ListItem\",\"position\":2,\"name\":\"Inform\u00e1cia o sprac\u00favan\u00ed osobn\u00fdch \u00fadajov\"}]},{\"@type\":\"WebSite\",\"@id\":\"https:\/\/nfqes.com\/sk\/#website\",\"url\":\"https:\/\/nfqes.com\/sk\/\",\"name\":\"NFQES.com\",\"description\":\"Modern\u00e9 slu\u017eby v oblasti informa\u010dnej bezpe\u010dnosti.\",\"publisher\":{\"@id\":\"https:\/\/nfqes.com\/sk\/#organization\"},\"potentialAction\":[{\"@type\":\"SearchAction\",\"target\":{\"@type\":\"EntryPoint\",\"urlTemplate\":\"https:\/\/nfqes.com\/sk\/?s={search_term_string}\"},\"query-input\":{\"@type\":\"PropertyValueSpecification\",\"valueRequired\":true,\"valueName\":\"search_term_string\"}}],\"inLanguage\":\"sk-SK\"},{\"@type\":\"Organization\",\"@id\":\"https:\/\/nfqes.com\/sk\/#organization\",\"name\":\"NFQES\",\"url\":\"https:\/\/nfqes.com\/sk\/\",\"logo\":{\"@type\":\"ImageObject\",\"inLanguage\":\"sk-SK\",\"@id\":\"https:\/\/nfqes.com\/sk\/#\/schema\/logo\/image\/\",\"url\":\"https:\/\/nfqes.com\/wp-content\/uploads\/2022\/07\/logo-cierne.webp\",\"contentUrl\":\"https:\/\/nfqes.com\/wp-content\/uploads\/2022\/07\/logo-cierne.webp\",\"width\":1169,\"height\":434,\"caption\":\"NFQES\"},\"image\":{\"@id\":\"https:\/\/nfqes.com\/sk\/#\/schema\/logo\/image\/\"}}]}<\/script>\n<!-- \/ Yoast SEO plugin. -->","yoast_head_json":{"title":"Inform\u00e1cia o sprac\u00favan\u00ed osobn\u00fdch \u00fadajov - NFQES.com","description":"NFQES spracov\u00e1va va\u0161e osobn\u00e9 \u00fadaje, pre poskytovanie d\u00f4veryhodn\u00fdch slu\u017eieb vyhotovovania a overovania certifik\u00e1tov.","robots":{"index":"index","follow":"follow","max-snippet":"max-snippet:-1","max-image-preview":"max-image-preview:large","max-video-preview":"max-video-preview:-1"},"canonical":"https:\/\/nfqes.com\/sk\/informacia-o-spracuvani-osobnych-udajov","og_locale":"sk_SK","og_type":"article","og_title":"Inform\u00e1cia o sprac\u00favan\u00ed osobn\u00fdch \u00fadajov - NFQES.com","og_description":"NFQES spracov\u00e1va va\u0161e osobn\u00e9 \u00fadaje, pre poskytovanie d\u00f4veryhodn\u00fdch slu\u017eieb vyhotovovania a overovania certifik\u00e1tov.","og_url":"https:\/\/nfqes.com\/sk\/informacia-o-spracuvani-osobnych-udajov","og_site_name":"NFQES.com","article_modified_time":"2026-02-09T10:07:26+00:00","twitter_card":"summary_large_image","twitter_misc":{"Predpokladan\u00fd \u010das \u010d\u00edtania":"3 min\u00faty"},"schema":{"@context":"https:\/\/schema.org","@graph":[{"@type":"WebPage","@id":"https:\/\/nfqes.com\/sk\/informacia-o-spracuvani-osobnych-udajov","url":"https:\/\/nfqes.com\/sk\/informacia-o-spracuvani-osobnych-udajov","name":"Inform\u00e1cia o sprac\u00favan\u00ed osobn\u00fdch \u00fadajov - NFQES.com","isPartOf":{"@id":"https:\/\/nfqes.com\/sk\/#website"},"datePublished":"2022-12-19T14:17:27+00:00","dateModified":"2026-02-09T10:07:26+00:00","description":"NFQES spracov\u00e1va va\u0161e osobn\u00e9 \u00fadaje, pre poskytovanie d\u00f4veryhodn\u00fdch slu\u017eieb vyhotovovania a overovania certifik\u00e1tov.","breadcrumb":{"@id":"https:\/\/nfqes.com\/sk\/informacia-o-spracuvani-osobnych-udajov#breadcrumb"},"inLanguage":"sk-SK","potentialAction":[{"@type":"ReadAction","target":["https:\/\/nfqes.com\/sk\/informacia-o-spracuvani-osobnych-udajov"]}]},{"@type":"BreadcrumbList","@id":"https:\/\/nfqes.com\/sk\/informacia-o-spracuvani-osobnych-udajov#breadcrumb","itemListElement":[{"@type":"ListItem","position":1,"name":"NFQES","item":"https:\/\/nfqes.com\/sk"},{"@type":"ListItem","position":2,"name":"Inform\u00e1cia o sprac\u00favan\u00ed osobn\u00fdch \u00fadajov"}]},{"@type":"WebSite","@id":"https:\/\/nfqes.com\/sk\/#website","url":"https:\/\/nfqes.com\/sk\/","name":"NFQES.com","description":"Modern\u00e9 slu\u017eby v oblasti informa\u010dnej bezpe\u010dnosti.","publisher":{"@id":"https:\/\/nfqes.com\/sk\/#organization"},"potentialAction":[{"@type":"SearchAction","target":{"@type":"EntryPoint","urlTemplate":"https:\/\/nfqes.com\/sk\/?s={search_term_string}"},"query-input":{"@type":"PropertyValueSpecification","valueRequired":true,"valueName":"search_term_string"}}],"inLanguage":"sk-SK"},{"@type":"Organization","@id":"https:\/\/nfqes.com\/sk\/#organization","name":"NFQES","url":"https:\/\/nfqes.com\/sk\/","logo":{"@type":"ImageObject","inLanguage":"sk-SK","@id":"https:\/\/nfqes.com\/sk\/#\/schema\/logo\/image\/","url":"https:\/\/nfqes.com\/wp-content\/uploads\/2022\/07\/logo-cierne.webp","contentUrl":"https:\/\/nfqes.com\/wp-content\/uploads\/2022\/07\/logo-cierne.webp","width":1169,"height":434,"caption":"NFQES"},"image":{"@id":"https:\/\/nfqes.com\/sk\/#\/schema\/logo\/image\/"}}]}},"_links":{"self":[{"href":"https:\/\/nfqes.com\/sk\/wp-json\/wp\/v2\/pages\/2512","targetHints":{"allow":["GET"]}}],"collection":[{"href":"https:\/\/nfqes.com\/sk\/wp-json\/wp\/v2\/pages"}],"about":[{"href":"https:\/\/nfqes.com\/sk\/wp-json\/wp\/v2\/types\/page"}],"author":[{"embeddable":true,"href":"https:\/\/nfqes.com\/sk\/wp-json\/wp\/v2\/users\/1"}],"replies":[{"embeddable":true,"href":"https:\/\/nfqes.com\/sk\/wp-json\/wp\/v2\/comments?post=2512"}],"version-history":[{"count":0,"href":"https:\/\/nfqes.com\/sk\/wp-json\/wp\/v2\/pages\/2512\/revisions"}],"wp:attachment":[{"href":"https:\/\/nfqes.com\/sk\/wp-json\/wp\/v2\/media?parent=2512"}],"curies":[{"name":"wp","href":"https:\/\/api.w.org\/{rel}","templated":true}]}}