{"id":144298,"date":"2026-03-18T11:12:38","date_gmt":"2026-03-18T10:12:38","guid":{"rendered":"https:\/\/nfqes.com\/?page_id=144298"},"modified":"2026-03-20T13:59:39","modified_gmt":"2026-03-20T12:59:39","slug":"referencie","status":"publish","type":"page","link":"https:\/\/nfqes.com\/sk\/referencie","title":{"rendered":"Referencie"},"content":{"rendered":"\t\t<div data-elementor-type=\"wp-page\" data-elementor-id=\"144298\" class=\"elementor elementor-144298\" data-elementor-post-type=\"page\">\n\t\t\t\t<div class=\"elementor-element elementor-element-49f9b45 e-flex e-con-boxed e-con e-parent\" data-id=\"49f9b45\" data-element_type=\"container\" data-e-type=\"container\" data-settings=\"{&quot;background_background&quot;:&quot;classic&quot;}\">\n\t\t\t\t\t<div class=\"e-con-inner\">\n\t\t\t\t<div class=\"elementor-element elementor-element-4b66677 elementor-widget__width-inherit elementor-widget elementor-widget-heading\" data-id=\"4b66677\" data-element_type=\"widget\" data-e-type=\"widget\" data-widget_type=\"heading.default\">\n\t\t\t\t<div class=\"elementor-widget-container\">\n\t\t\t\t\t<h1 class=\"elementor-heading-title elementor-size-default\">Referencie<\/h1>\t\t\t\t<\/div>\n\t\t\t\t<\/div>\n\t\t\t\t<div class=\"elementor-element elementor-element-cd0d5fb elementor-widget__width-inherit elementor-widget elementor-widget-text-editor\" data-id=\"cd0d5fb\" data-element_type=\"widget\" data-e-type=\"widget\" data-widget_type=\"text-editor.default\">\n\t\t\t\t<div class=\"elementor-widget-container\">\n\t\t\t\t\t\t\t\t\t<p><span data-syno-text=\"true\">Pre\u010d\u00edtajte si o \u00faspe\u0161n\u00fdch projektoch a implement\u00e1ci\u00e1ch rie\u0161enia NFQES a zistite,<\/span>\u00a0<span data-syno-text=\"true\">ako<\/span><span data-syno-text=\"true\"> pom\u00e1haj\u00fa na\u0161im klientom dosahova\u0165 ich ciele.<\/span><\/p>\t\t\t\t\t\t\t\t<\/div>\n\t\t\t\t<\/div>\n\t\t\t\t\t<\/div>\n\t\t\t\t<\/div>\n\t\t<div class=\"elementor-element elementor-element-2eb67b2 e-flex e-con-boxed e-con e-parent\" data-id=\"2eb67b2\" data-element_type=\"container\" data-e-type=\"container\">\n\t\t\t\t\t<div class=\"e-con-inner\">\n\t\t\t\t<div class=\"elementor-element elementor-element-7534f5c elementor-widget__width-inherit elementor-grid-3 elementor-grid-tablet-2 elementor-grid-mobile-1 elementor-widget elementor-widget-loop-grid\" data-id=\"7534f5c\" data-element_type=\"widget\" data-e-type=\"widget\" data-settings=\"{&quot;template_id&quot;:145746,&quot;_skin&quot;:&quot;post&quot;,&quot;columns&quot;:&quot;3&quot;,&quot;columns_tablet&quot;:&quot;2&quot;,&quot;columns_mobile&quot;:&quot;1&quot;,&quot;edit_handle_selector&quot;:&quot;[data-elementor-type=\\&quot;loop-item\\&quot;]&quot;,&quot;row_gap&quot;:{&quot;unit&quot;:&quot;px&quot;,&quot;size&quot;:&quot;&quot;,&quot;sizes&quot;:[]},&quot;row_gap_laptop&quot;:{&quot;unit&quot;:&quot;px&quot;,&quot;size&quot;:&quot;&quot;,&quot;sizes&quot;:[]},&quot;row_gap_tablet&quot;:{&quot;unit&quot;:&quot;px&quot;,&quot;size&quot;:&quot;&quot;,&quot;sizes&quot;:[]},&quot;row_gap_mobile&quot;:{&quot;unit&quot;:&quot;px&quot;,&quot;size&quot;:&quot;&quot;,&quot;sizes&quot;:[]}}\" data-widget_type=\"loop-grid.post\">\n\t\t\t\t<div class=\"elementor-widget-container\">\n\t\t\t\t\t\t\t<div class=\"elementor-loop-container elementor-grid\" role=\"list\">\n\t\t<style id=\"loop-145746\">.elementor-145746 .elementor-element.elementor-element-714287d{--display:flex;--gap:30px 0px;--row-gap:30px;--column-gap:0px;--border-radius:8px 8px 8px 8px;box-shadow:0px 0px 10px 5px rgba(0, 0, 0, 0.05);--padding-top:30px;--padding-bottom:30px;--padding-left:30px;--padding-right:30px;}.elementor-145746 .elementor-element.elementor-element-2b234fb > .elementor-widget-container{padding:0px 0px 0px 0px;}.elementor-145746 .elementor-element.elementor-element-38edec0 .elementor-heading-title{font-size:22px;color:var( --e-global-color-6e811e1 );}.elementor-145746 .elementor-element.elementor-element-55f29b0{color:var( --e-global-color-6e811e1 );}.elementor-145746 .elementor-element.elementor-element-bcaff19 .elementor-button{fill:var( --e-global-color-6e811e1 );color:var( --e-global-color-6e811e1 );background-color:var( --e-global-color-8dad8e1 );border-style:solid;border-width:2px 2px 2px 2px;border-color:var( --e-global-color-6e811e1 );border-radius:10px 10px 10px 10px;padding:6px 50px 6px 50px;}.elementor-145746 .elementor-element.elementor-element-bcaff19 .elementor-button:hover, .elementor-145746 .elementor-element.elementor-element-bcaff19 .elementor-button:focus{color:var( --e-global-color-8dad8e1 );background-color:var( --e-global-color-6e811e1 );border-color:var( --e-global-color-6e811e1 );}.elementor-145746 .elementor-element.elementor-element-bcaff19 .elementor-button:hover svg, .elementor-145746 .elementor-element.elementor-element-bcaff19 .elementor-button:focus svg{fill:var( --e-global-color-8dad8e1 );}<\/style>\t\t<div data-elementor-type=\"loop-item\" data-elementor-id=\"145746\" class=\"elementor elementor-145746 e-loop-item e-loop-item-144339 post-144339 referencie type-referencie status-publish has-post-thumbnail hentry\" data-elementor-post-type=\"elementor_library\" data-custom-edit-handle=\"1\">\n\t\t\t<div class=\"elementor-element elementor-element-714287d e-flex e-con-boxed e-con e-parent\" data-id=\"714287d\" data-element_type=\"container\" data-e-type=\"container\">\n\t\t\t\t\t<div class=\"e-con-inner\">\n\t\t\t\t<div class=\"elementor-element elementor-element-2b234fb elementor-widget elementor-widget-image\" data-id=\"2b234fb\" data-element_type=\"widget\" data-e-type=\"widget\" data-widget_type=\"image.default\">\n\t\t\t\t<div class=\"elementor-widget-container\">\n\t\t\t\t\t\t\t\t\t\t\t\t\t\t\t\t<a href=\"https:\/\/nfqes.com\/sk\/referencie\/komplexne-podpisovanie-pre-bvs\">\n\t\t\t\t\t\t\t<img fetchpriority=\"high\" decoding=\"async\" width=\"800\" height=\"400\" src=\"https:\/\/nfqes.com\/wp-content\/uploads\/2026\/03\/STVOREC-2x-laptop-\u2013-kopia-9.png\" class=\"attachment-large size-large wp-image-144496\" alt=\"\" srcset=\"https:\/\/nfqes.com\/wp-content\/uploads\/2026\/03\/STVOREC-2x-laptop-\u2013-kopia-9.png 900w, https:\/\/nfqes.com\/wp-content\/uploads\/2026\/03\/STVOREC-2x-laptop-\u2013-kopia-9-300x150.png 300w, https:\/\/nfqes.com\/wp-content\/uploads\/2026\/03\/STVOREC-2x-laptop-\u2013-kopia-9-768x384.png 768w\" sizes=\"(max-width: 800px) 100vw, 800px\" \/>\t\t\t\t\t\t\t\t<\/a>\n\t\t\t\t\t\t\t\t\t\t\t\t\t\t\t<\/div>\n\t\t\t\t<\/div>\n\t\t\t\t<div class=\"elementor-element elementor-element-38edec0 elementor-widget elementor-widget-heading\" data-id=\"38edec0\" data-element_type=\"widget\" data-e-type=\"widget\" data-widget_type=\"heading.default\">\n\t\t\t\t<div class=\"elementor-widget-container\">\n\t\t\t\t\t<h3 class=\"elementor-heading-title elementor-size-default\"><a href=\"https:\/\/nfqes.com\/sk\/referencie\/komplexne-podpisovanie-pre-bvs\">Komplexn\u00e9 podpisov\u00e9 rie\u0161enie pre BVS<\/a><\/h3>\t\t\t\t<\/div>\n\t\t\t\t<\/div>\n\t\t\t\t<div data-ra-url=\"https:\/\/nfqes.com\/sk\/referencie\/bezpapierove-zdravotnictvo-medante\" data-ra-target=\"_self\" class=\"ra-clickable-wrapper elementor-element elementor-element-55f29b0 elementor-widget elementor-widget-text-editor\" style=\"cursor:pointer;\" data-id=\"55f29b0\" data-element_type=\"widget\" data-e-type=\"widget\" data-widget_type=\"text-editor.default\">\n\t\t\t\t<div class=\"elementor-widget-container\">\n\t\t\t\t\t\t\t\t\tCie\u013eom projektu bolo zredukova\u0165 papierov\u00fa administrat\u00edvu, zr\u00fdchli\u0165 spracovanie \u017eiadost\u00ed v kontaktnom centre a umo\u017eni\u0165 klientom vybavi\u0165 slu\u017eby 100 % online.\t\t\t\t\t\t\t\t<\/div>\n\t\t\t\t<\/div>\n\t\t\t\t<div class=\"elementor-element elementor-element-bcaff19 elementor-align-justify elementor-widget elementor-widget-button\" data-id=\"bcaff19\" data-element_type=\"widget\" data-e-type=\"widget\" data-widget_type=\"button.default\">\n\t\t\t\t<div class=\"elementor-widget-container\">\n\t\t\t\t\t\t\t\t\t<div class=\"elementor-button-wrapper\">\n\t\t\t\t\t<a class=\"elementor-button elementor-button-link elementor-size-sm\" href=\"https:\/\/nfqes.com\/sk\/referencie\/komplexne-podpisovanie-pre-bvs\">\n\t\t\t\t\t\t<span class=\"elementor-button-content-wrapper\">\n\t\t\t\t\t\t\t\t\t<span class=\"elementor-button-text\">PRE\u010c\u00cdTA\u0164 REFERENCIU<\/span>\n\t\t\t\t\t<\/span>\n\t\t\t\t\t<\/a>\n\t\t\t\t<\/div>\n\t\t\t\t\t\t\t\t<\/div>\n\t\t\t\t<\/div>\n\t\t\t\t\t<\/div>\n\t\t\t\t<\/div>\n\t\t\t\t<\/div>\n\t\t\t\t<div data-elementor-type=\"loop-item\" data-elementor-id=\"145746\" class=\"elementor elementor-145746 e-loop-item e-loop-item-145623 post-145623 referencie type-referencie status-publish has-post-thumbnail hentry\" data-elementor-post-type=\"elementor_library\" data-custom-edit-handle=\"1\">\n\t\t\t<div class=\"elementor-element elementor-element-714287d e-flex e-con-boxed e-con e-parent\" data-id=\"714287d\" data-element_type=\"container\" data-e-type=\"container\">\n\t\t\t\t\t<div class=\"e-con-inner\">\n\t\t\t\t<div class=\"elementor-element elementor-element-2b234fb elementor-widget elementor-widget-image\" data-id=\"2b234fb\" data-element_type=\"widget\" data-e-type=\"widget\" data-widget_type=\"image.default\">\n\t\t\t\t<div class=\"elementor-widget-container\">\n\t\t\t\t\t\t\t\t\t\t\t\t\t\t\t\t<a href=\"https:\/\/nfqes.com\/sk\/referencie\/klientska-zona-tatra-leasing\">\n\t\t\t\t\t\t\t<img decoding=\"async\" width=\"800\" height=\"400\" src=\"https:\/\/nfqes.com\/wp-content\/uploads\/2026\/03\/mriezka_mobil-\u2013-kopia-2-1024x512.png\" class=\"attachment-large size-large wp-image-145647\" alt=\"\" srcset=\"https:\/\/nfqes.com\/wp-content\/uploads\/2026\/03\/mriezka_mobil-\u2013-kopia-2-1024x512.png 1024w, https:\/\/nfqes.com\/wp-content\/uploads\/2026\/03\/mriezka_mobil-\u2013-kopia-2-300x150.png 300w, https:\/\/nfqes.com\/wp-content\/uploads\/2026\/03\/mriezka_mobil-\u2013-kopia-2-768x384.png 768w, https:\/\/nfqes.com\/wp-content\/uploads\/2026\/03\/mriezka_mobil-\u2013-kopia-2.png 1200w\" sizes=\"(max-width: 800px) 100vw, 800px\" \/>\t\t\t\t\t\t\t\t<\/a>\n\t\t\t\t\t\t\t\t\t\t\t\t\t\t\t<\/div>\n\t\t\t\t<\/div>\n\t\t\t\t<div class=\"elementor-element elementor-element-38edec0 elementor-widget elementor-widget-heading\" data-id=\"38edec0\" data-element_type=\"widget\" data-e-type=\"widget\" data-widget_type=\"heading.default\">\n\t\t\t\t<div class=\"elementor-widget-container\">\n\t\t\t\t\t<h3 class=\"elementor-heading-title elementor-size-default\"><a href=\"https:\/\/nfqes.com\/sk\/referencie\/klientska-zona-tatra-leasing\">Klientska z\u00f3na s elektronick\u00fdm podpisovan\u00edm pre Tatra Leasing<\/a><\/h3>\t\t\t\t<\/div>\n\t\t\t\t<\/div>\n\t\t\t\t<div data-ra-url=\"https:\/\/nfqes.com\/sk\/referencie\/bezpapierove-zdravotnictvo-medante\" data-ra-target=\"_self\" class=\"ra-clickable-wrapper elementor-element elementor-element-55f29b0 elementor-widget elementor-widget-text-editor\" style=\"cursor:pointer;\" data-id=\"55f29b0\" data-element_type=\"widget\" data-e-type=\"widget\" data-widget_type=\"text-editor.default\">\n\t\t\t\t<div class=\"elementor-widget-container\">\n\t\t\t\t\t\t\t\t\tV reakcii na rast\u00face o\u010dak\u00e1vania klientov a potrebu digitaliz\u00e1cie sme pre Tatra Leasing navrhli a \u00faspe\u0161ne implementovali modern\u00fa online klientsku z\u00f3nu.\t\t\t\t\t\t\t\t<\/div>\n\t\t\t\t<\/div>\n\t\t\t\t<div class=\"elementor-element elementor-element-bcaff19 elementor-align-justify elementor-widget elementor-widget-button\" data-id=\"bcaff19\" data-element_type=\"widget\" data-e-type=\"widget\" data-widget_type=\"button.default\">\n\t\t\t\t<div class=\"elementor-widget-container\">\n\t\t\t\t\t\t\t\t\t<div class=\"elementor-button-wrapper\">\n\t\t\t\t\t<a class=\"elementor-button elementor-button-link elementor-size-sm\" href=\"https:\/\/nfqes.com\/sk\/referencie\/klientska-zona-tatra-leasing\">\n\t\t\t\t\t\t<span class=\"elementor-button-content-wrapper\">\n\t\t\t\t\t\t\t\t\t<span class=\"elementor-button-text\">PRE\u010c\u00cdTA\u0164 REFERENCIU<\/span>\n\t\t\t\t\t<\/span>\n\t\t\t\t\t<\/a>\n\t\t\t\t<\/div>\n\t\t\t\t\t\t\t\t<\/div>\n\t\t\t\t<\/div>\n\t\t\t\t\t<\/div>\n\t\t\t\t<\/div>\n\t\t\t\t<\/div>\n\t\t\t\t<div data-elementor-type=\"loop-item\" data-elementor-id=\"145746\" class=\"elementor elementor-145746 e-loop-item e-loop-item-145689 post-145689 referencie type-referencie status-publish has-post-thumbnail hentry\" data-elementor-post-type=\"elementor_library\" data-custom-edit-handle=\"1\">\n\t\t\t<div class=\"elementor-element elementor-element-714287d e-flex e-con-boxed e-con e-parent\" data-id=\"714287d\" data-element_type=\"container\" data-e-type=\"container\">\n\t\t\t\t\t<div class=\"e-con-inner\">\n\t\t\t\t<div class=\"elementor-element elementor-element-2b234fb elementor-widget elementor-widget-image\" data-id=\"2b234fb\" data-element_type=\"widget\" data-e-type=\"widget\" data-widget_type=\"image.default\">\n\t\t\t\t<div class=\"elementor-widget-container\">\n\t\t\t\t\t\t\t\t\t\t\t\t\t\t\t\t<a href=\"https:\/\/nfqes.com\/sk\/referencie\/bezpapierove-zdravotnictvo-medante\">\n\t\t\t\t\t\t\t<img decoding=\"async\" width=\"800\" height=\"400\" src=\"https:\/\/nfqes.com\/wp-content\/uploads\/2026\/03\/BVS_tablet_pero_-17-1024x512.png\" class=\"attachment-large size-large wp-image-145723\" alt=\"\" srcset=\"https:\/\/nfqes.com\/wp-content\/uploads\/2026\/03\/BVS_tablet_pero_-17-1024x512.png 1024w, https:\/\/nfqes.com\/wp-content\/uploads\/2026\/03\/BVS_tablet_pero_-17-300x150.png 300w, https:\/\/nfqes.com\/wp-content\/uploads\/2026\/03\/BVS_tablet_pero_-17-768x384.png 768w, https:\/\/nfqes.com\/wp-content\/uploads\/2026\/03\/BVS_tablet_pero_-17-1536x768.png 1536w, https:\/\/nfqes.com\/wp-content\/uploads\/2026\/03\/BVS_tablet_pero_-17.png 1800w\" sizes=\"(max-width: 800px) 100vw, 800px\" \/>\t\t\t\t\t\t\t\t<\/a>\n\t\t\t\t\t\t\t\t\t\t\t\t\t\t\t<\/div>\n\t\t\t\t<\/div>\n\t\t\t\t<div class=\"elementor-element elementor-element-38edec0 elementor-widget elementor-widget-heading\" data-id=\"38edec0\" data-element_type=\"widget\" data-e-type=\"widget\" data-widget_type=\"heading.default\">\n\t\t\t\t<div class=\"elementor-widget-container\">\n\t\t\t\t\t<h3 class=\"elementor-heading-title elementor-size-default\"><a href=\"https:\/\/nfqes.com\/sk\/referencie\/bezpapierove-zdravotnictvo-medante\">Bezpapierov\u00e9 zdravotn\u00edctvo v MEDANTE<\/a><\/h3>\t\t\t\t<\/div>\n\t\t\t\t<\/div>\n\t\t\t\t<div data-ra-url=\"https:\/\/nfqes.com\/sk\/referencie\/bezpapierove-zdravotnictvo-medante\" data-ra-target=\"_self\" class=\"ra-clickable-wrapper elementor-element elementor-element-55f29b0 elementor-widget elementor-widget-text-editor\" style=\"cursor:pointer;\" data-id=\"55f29b0\" data-element_type=\"widget\" data-e-type=\"widget\" data-widget_type=\"text-editor.default\">\n\t\t\t\t<div class=\"elementor-widget-container\">\n\t\t\t\t\t\t\t\t\tAby mohla poliklinika neust\u00e1le zvy\u0161ova\u0165 \u00farove\u0148 poskytovan\u00fdch slu\u017eieb, rozhodla sa do ponuky pre pacientov zavies\u0165 elektronick\u00e9 podpisovanie.\t\t\t\t\t\t\t\t<\/div>\n\t\t\t\t<\/div>\n\t\t\t\t<div class=\"elementor-element elementor-element-bcaff19 elementor-align-justify elementor-widget elementor-widget-button\" data-id=\"bcaff19\" data-element_type=\"widget\" data-e-type=\"widget\" data-widget_type=\"button.default\">\n\t\t\t\t<div class=\"elementor-widget-container\">\n\t\t\t\t\t\t\t\t\t<div class=\"elementor-button-wrapper\">\n\t\t\t\t\t<a class=\"elementor-button elementor-button-link elementor-size-sm\" href=\"https:\/\/nfqes.com\/sk\/referencie\/bezpapierove-zdravotnictvo-medante\">\n\t\t\t\t\t\t<span class=\"elementor-button-content-wrapper\">\n\t\t\t\t\t\t\t\t\t<span class=\"elementor-button-text\">PRE\u010c\u00cdTA\u0164 REFERENCIU<\/span>\n\t\t\t\t\t<\/span>\n\t\t\t\t\t<\/a>\n\t\t\t\t<\/div>\n\t\t\t\t\t\t\t\t<\/div>\n\t\t\t\t<\/div>\n\t\t\t\t\t<\/div>\n\t\t\t\t<\/div>\n\t\t\t\t<\/div>\n\t\t\t\t<\/div>\n\t\t\n\t\t\t\t\t\t<\/div>\n\t\t\t\t<\/div>\n\t\t\t\t\t<\/div>\n\t\t\t\t<\/div>\n\t\t<div class=\"elementor-element elementor-element-87127ea e-flex e-con-boxed e-con e-parent\" data-id=\"87127ea\" data-element_type=\"container\" data-e-type=\"container\" data-settings=\"{&quot;background_background&quot;:&quot;classic&quot;}\">\n\t\t\t\t\t<div class=\"e-con-inner\">\n\t\t\t\t<div class=\"elementor-element elementor-element-b3634f7 elementor-widget elementor-widget-heading\" data-id=\"b3634f7\" data-element_type=\"widget\" data-e-type=\"widget\" data-widget_type=\"heading.default\">\n\t\t\t\t<div class=\"elementor-widget-container\">\n\t\t\t\t\t<h2 class=\"elementor-heading-title elementor-size-default\">M\u00e1te z\u00e1ujem s nami spolupracova\u0165?<\/h2>\t\t\t\t<\/div>\n\t\t\t\t<\/div>\n\t\t\t\t<div class=\"elementor-element elementor-element-cc6bfe8 elementor-widget elementor-widget-text-editor\" data-id=\"cc6bfe8\" data-element_type=\"widget\" data-e-type=\"widget\" data-widget_type=\"text-editor.default\">\n\t\t\t\t<div class=\"elementor-widget-container\">\n\t\t\t\t\t\t\t\t\t<p>Chcete s\u202fnami spolupracova\u0165 alebo vedie\u0165 viac o\u202fna\u0161ich slu\u017eb\u00e1ch?\u00a0 Nev\u00e1hajte n\u00e1s kontaktova\u0165.<\/p>\t\t\t\t\t\t\t\t<\/div>\n\t\t\t\t<\/div>\n\t\t\t\t<div class=\"elementor-element elementor-element-e480c79 elementor-align-center elementor-widget elementor-widget-button\" data-id=\"e480c79\" data-element_type=\"widget\" data-e-type=\"widget\" data-widget_type=\"button.default\">\n\t\t\t\t<div class=\"elementor-widget-container\">\n\t\t\t\t\t\t\t\t\t<div class=\"elementor-button-wrapper\">\n\t\t\t\t\t<a class=\"elementor-button elementor-button-link elementor-size-sm\" href=\"\/sk\/kontakt\/\">\n\t\t\t\t\t\t<span class=\"elementor-button-content-wrapper\">\n\t\t\t\t\t\t\t\t\t<span class=\"elementor-button-text\">M\u00c1M Z\u00c1UJEM O KONZULT\u00c1CIU<\/span>\n\t\t\t\t\t<\/span>\n\t\t\t\t\t<\/a>\n\t\t\t\t<\/div>\n\t\t\t\t\t\t\t\t<\/div>\n\t\t\t\t<\/div>\n\t\t\t\t\t<\/div>\n\t\t\t\t<\/div>\n\t\t\t\t<\/div>\n\t\t","protected":false},"excerpt":{"rendered":"<p>Pre\u010d\u00edtajte si o \u00faspe\u0161n\u00fdch projektoch a implement\u00e1ci\u00e1ch rie\u0161enia NFQES a zistite,\u00a0ako pom\u00e1haj\u00fa na\u0161im klientom dosahova\u0165 ich ciele. M\u00e1te z\u00e1ujem s nami spolupracova\u0165? Chcete s\u202fnami spolupracova\u0165 alebo vedie\u0165 viac o\u202fna\u0161ich slu\u017eb\u00e1ch?\u00a0 Nev\u00e1hajte n\u00e1s kontaktova\u0165. M\u00c1M Z\u00c1UJEM O KONZULT\u00c1CIU<\/p>\n","protected":false},"author":11,"featured_media":0,"parent":0,"menu_order":0,"comment_status":"closed","ping_status":"closed","template":"","meta":{"_acf_changed":false,"footnotes":""},"class_list":["post-144298","page","type-page","status-publish","hentry"],"acf":[],"yoast_head":"<!-- This site is optimized with the Yoast SEO plugin v27.2 - https:\/\/yoast.com\/product\/yoast-seo-wordpress\/ -->\n<title>Referencie | NFQES.com<\/title>\n<meta name=\"robots\" content=\"index, follow, max-snippet:-1, max-image-preview:large, max-video-preview:-1\" \/>\n<link rel=\"canonical\" href=\"https:\/\/nfqes.com\/sk\/referencie\" \/>\n<meta property=\"og:locale\" content=\"sk_SK\" \/>\n<meta property=\"og:type\" content=\"article\" \/>\n<meta property=\"og:title\" content=\"Referencie | NFQES.com\" \/>\n<meta property=\"og:description\" content=\"Pre\u010d\u00edtajte si o \u00faspe\u0161n\u00fdch projektoch a implement\u00e1ci\u00e1ch rie\u0161enia NFQES a zistite,\u00a0ako pom\u00e1haj\u00fa na\u0161im klientom dosahova\u0165 ich ciele. M\u00e1te z\u00e1ujem s nami spolupracova\u0165? Chcete s\u202fnami spolupracova\u0165 alebo vedie\u0165 viac o\u202fna\u0161ich slu\u017eb\u00e1ch?\u00a0 Nev\u00e1hajte n\u00e1s kontaktova\u0165. M\u00c1M Z\u00c1UJEM O KONZULT\u00c1CIU\" \/>\n<meta property=\"og:url\" content=\"https:\/\/nfqes.com\/sk\/referencie\" \/>\n<meta property=\"og:site_name\" content=\"NFQES.com\" \/>\n<meta property=\"article:modified_time\" content=\"2026-03-20T12:59:39+00:00\" \/>\n<meta name=\"twitter:card\" content=\"summary_large_image\" \/>\n<meta name=\"twitter:label1\" content=\"Predpokladan\u00fd \u010das \u010d\u00edtania\" \/>\n\t<meta name=\"twitter:data1\" content=\"3 min\u00faty\" \/>\n<script type=\"application\/ld+json\" class=\"yoast-schema-graph\">{\"@context\":\"https:\/\/schema.org\",\"@graph\":[{\"@type\":\"WebPage\",\"@id\":\"https:\/\/nfqes.com\/sk\/referencie\",\"url\":\"https:\/\/nfqes.com\/sk\/referencie\",\"name\":\"Referencie | NFQES.com\",\"isPartOf\":{\"@id\":\"https:\/\/nfqes.com\/sk\/#website\"},\"datePublished\":\"2026-03-18T10:12:38+00:00\",\"dateModified\":\"2026-03-20T12:59:39+00:00\",\"breadcrumb\":{\"@id\":\"https:\/\/nfqes.com\/sk\/referencie#breadcrumb\"},\"inLanguage\":\"sk-SK\",\"potentialAction\":[{\"@type\":\"ReadAction\",\"target\":[\"https:\/\/nfqes.com\/sk\/referencie\"]}]},{\"@type\":\"BreadcrumbList\",\"@id\":\"https:\/\/nfqes.com\/sk\/referencie#breadcrumb\",\"itemListElement\":[{\"@type\":\"ListItem\",\"position\":1,\"name\":\"NFQES\",\"item\":\"https:\/\/nfqes.com\/sk\"},{\"@type\":\"ListItem\",\"position\":2,\"name\":\"Referencie\"}]},{\"@type\":\"WebSite\",\"@id\":\"https:\/\/nfqes.com\/sk\/#website\",\"url\":\"https:\/\/nfqes.com\/sk\/\",\"name\":\"NFQES.com\",\"description\":\"Modern\u00e9 slu\u017eby v oblasti informa\u010dnej bezpe\u010dnosti.\",\"publisher\":{\"@id\":\"https:\/\/nfqes.com\/sk\/#organization\"},\"potentialAction\":[{\"@type\":\"SearchAction\",\"target\":{\"@type\":\"EntryPoint\",\"urlTemplate\":\"https:\/\/nfqes.com\/sk\/?s={search_term_string}\"},\"query-input\":{\"@type\":\"PropertyValueSpecification\",\"valueRequired\":true,\"valueName\":\"search_term_string\"}}],\"inLanguage\":\"sk-SK\"},{\"@type\":\"Organization\",\"@id\":\"https:\/\/nfqes.com\/sk\/#organization\",\"name\":\"NFQES\",\"url\":\"https:\/\/nfqes.com\/sk\/\",\"logo\":{\"@type\":\"ImageObject\",\"inLanguage\":\"sk-SK\",\"@id\":\"https:\/\/nfqes.com\/sk\/#\/schema\/logo\/image\/\",\"url\":\"https:\/\/nfqes.com\/wp-content\/uploads\/2022\/07\/logo-cierne.webp\",\"contentUrl\":\"https:\/\/nfqes.com\/wp-content\/uploads\/2022\/07\/logo-cierne.webp\",\"width\":1169,\"height\":434,\"caption\":\"NFQES\"},\"image\":{\"@id\":\"https:\/\/nfqes.com\/sk\/#\/schema\/logo\/image\/\"}}]}<\/script>\n<!-- \/ Yoast SEO plugin. -->","yoast_head_json":{"title":"Referencie | NFQES.com","robots":{"index":"index","follow":"follow","max-snippet":"max-snippet:-1","max-image-preview":"max-image-preview:large","max-video-preview":"max-video-preview:-1"},"canonical":"https:\/\/nfqes.com\/sk\/referencie","og_locale":"sk_SK","og_type":"article","og_title":"Referencie | NFQES.com","og_description":"Pre\u010d\u00edtajte si o \u00faspe\u0161n\u00fdch projektoch a implement\u00e1ci\u00e1ch rie\u0161enia NFQES a zistite,\u00a0ako pom\u00e1haj\u00fa na\u0161im klientom dosahova\u0165 ich ciele. M\u00e1te z\u00e1ujem s nami spolupracova\u0165? Chcete s\u202fnami spolupracova\u0165 alebo vedie\u0165 viac o\u202fna\u0161ich slu\u017eb\u00e1ch?\u00a0 Nev\u00e1hajte n\u00e1s kontaktova\u0165. M\u00c1M Z\u00c1UJEM O KONZULT\u00c1CIU","og_url":"https:\/\/nfqes.com\/sk\/referencie","og_site_name":"NFQES.com","article_modified_time":"2026-03-20T12:59:39+00:00","twitter_card":"summary_large_image","twitter_misc":{"Predpokladan\u00fd \u010das \u010d\u00edtania":"3 min\u00faty"},"schema":{"@context":"https:\/\/schema.org","@graph":[{"@type":"WebPage","@id":"https:\/\/nfqes.com\/sk\/referencie","url":"https:\/\/nfqes.com\/sk\/referencie","name":"Referencie | NFQES.com","isPartOf":{"@id":"https:\/\/nfqes.com\/sk\/#website"},"datePublished":"2026-03-18T10:12:38+00:00","dateModified":"2026-03-20T12:59:39+00:00","breadcrumb":{"@id":"https:\/\/nfqes.com\/sk\/referencie#breadcrumb"},"inLanguage":"sk-SK","potentialAction":[{"@type":"ReadAction","target":["https:\/\/nfqes.com\/sk\/referencie"]}]},{"@type":"BreadcrumbList","@id":"https:\/\/nfqes.com\/sk\/referencie#breadcrumb","itemListElement":[{"@type":"ListItem","position":1,"name":"NFQES","item":"https:\/\/nfqes.com\/sk"},{"@type":"ListItem","position":2,"name":"Referencie"}]},{"@type":"WebSite","@id":"https:\/\/nfqes.com\/sk\/#website","url":"https:\/\/nfqes.com\/sk\/","name":"NFQES.com","description":"Modern\u00e9 slu\u017eby v oblasti informa\u010dnej bezpe\u010dnosti.","publisher":{"@id":"https:\/\/nfqes.com\/sk\/#organization"},"potentialAction":[{"@type":"SearchAction","target":{"@type":"EntryPoint","urlTemplate":"https:\/\/nfqes.com\/sk\/?s={search_term_string}"},"query-input":{"@type":"PropertyValueSpecification","valueRequired":true,"valueName":"search_term_string"}}],"inLanguage":"sk-SK"},{"@type":"Organization","@id":"https:\/\/nfqes.com\/sk\/#organization","name":"NFQES","url":"https:\/\/nfqes.com\/sk\/","logo":{"@type":"ImageObject","inLanguage":"sk-SK","@id":"https:\/\/nfqes.com\/sk\/#\/schema\/logo\/image\/","url":"https:\/\/nfqes.com\/wp-content\/uploads\/2022\/07\/logo-cierne.webp","contentUrl":"https:\/\/nfqes.com\/wp-content\/uploads\/2022\/07\/logo-cierne.webp","width":1169,"height":434,"caption":"NFQES"},"image":{"@id":"https:\/\/nfqes.com\/sk\/#\/schema\/logo\/image\/"}}]}},"_links":{"self":[{"href":"https:\/\/nfqes.com\/sk\/wp-json\/wp\/v2\/pages\/144298","targetHints":{"allow":["GET"]}}],"collection":[{"href":"https:\/\/nfqes.com\/sk\/wp-json\/wp\/v2\/pages"}],"about":[{"href":"https:\/\/nfqes.com\/sk\/wp-json\/wp\/v2\/types\/page"}],"author":[{"embeddable":true,"href":"https:\/\/nfqes.com\/sk\/wp-json\/wp\/v2\/users\/11"}],"replies":[{"embeddable":true,"href":"https:\/\/nfqes.com\/sk\/wp-json\/wp\/v2\/comments?post=144298"}],"version-history":[{"count":5,"href":"https:\/\/nfqes.com\/sk\/wp-json\/wp\/v2\/pages\/144298\/revisions"}],"predecessor-version":[{"id":145805,"href":"https:\/\/nfqes.com\/sk\/wp-json\/wp\/v2\/pages\/144298\/revisions\/145805"}],"wp:attachment":[{"href":"https:\/\/nfqes.com\/sk\/wp-json\/wp\/v2\/media?parent=144298"}],"curies":[{"name":"wp","href":"https:\/\/api.w.org\/{rel}","templated":true}]}}