{"id":12781,"date":"2023-10-27T09:42:21","date_gmt":"2023-10-27T07:42:21","guid":{"rendered":"https:\/\/nfqes.com\/?page_id=12781"},"modified":"2025-08-01T07:44:16","modified_gmt":"2025-08-01T05:44:16","slug":"eid-klient","status":"publish","type":"page","link":"https:\/\/nfqes.com\/sk\/eid-klient","title":{"rendered":"eID klient"},"content":{"rendered":"\t\t<div data-elementor-type=\"wp-page\" data-elementor-id=\"12781\" class=\"elementor elementor-12781 elementor-15484\" data-elementor-post-type=\"page\">\n\t\t\t\t<div class=\"elementor-element elementor-element-b6423d6 e-con-full e-flex e-con e-parent\" data-id=\"b6423d6\" data-element_type=\"container\" data-e-type=\"container\">\n\t\t\t\t<div class=\"elementor-element elementor-element-4b7d4e2 elementor-widget elementor-widget-template\" data-id=\"4b7d4e2\" data-element_type=\"widget\" data-e-type=\"widget\" data-widget_type=\"template.default\">\n\t\t\t\t<div class=\"elementor-widget-container\">\n\t\t\t\t\t\t\t<div class=\"elementor-template\">\n\t\t\t\t\t<div data-elementor-type=\"section\" data-elementor-id=\"6951\" class=\"elementor elementor-6951 elementor-10609 elementor-10609\" data-elementor-post-type=\"elementor_library\">\n\t\t\t<div class=\"elementor-element elementor-element-1233351 e-flex e-con-boxed e-con e-parent\" data-id=\"1233351\" data-element_type=\"container\" data-e-type=\"container\" data-settings=\"{&quot;background_background&quot;:&quot;classic&quot;}\">\n\t\t\t\t\t<div class=\"e-con-inner\">\n\t\t\t\t<div class=\"elementor-element elementor-element-d9c6be3 elementor-widget__width-inherit elementor-widget elementor-widget-heading\" data-id=\"d9c6be3\" data-element_type=\"widget\" data-e-type=\"widget\" data-widget_type=\"heading.default\">\n\t\t\t\t<div class=\"elementor-widget-container\">\n\t\t\t\t\t<h1 class=\"elementor-heading-title elementor-size-default\">eID klient<\/h1>\t\t\t\t<\/div>\n\t\t\t\t<\/div>\n\t\t<div class=\"elementor-element elementor-element-2b1bd59 e-flex e-con-boxed e-con e-child\" data-id=\"2b1bd59\" data-element_type=\"container\" data-e-type=\"container\">\n\t\t\t\t\t<div class=\"e-con-inner\">\n\t\t\t\t<div class=\"elementor-element elementor-element-5a3eb61 elementor-widget__width-auto elementor-widget elementor-widget-button\" data-id=\"5a3eb61\" data-element_type=\"widget\" data-e-type=\"widget\" data-settings=\"{&quot;motion_fx_motion_fx_scrolling&quot;:&quot;yes&quot;,&quot;motion_fx_devices&quot;:[&quot;desktop&quot;,&quot;laptop&quot;,&quot;tablet&quot;,&quot;mobile&quot;]}\" data-widget_type=\"button.default\">\n\t\t\t\t<div class=\"elementor-widget-container\">\n\t\t\t\t\t\t\t\t\t<div class=\"elementor-button-wrapper\">\n\t\t\t\t\t<a class=\"elementor-button elementor-button-link elementor-size-md\" href=\"https:\/\/zone.nfqes.com\/home\" target=\"_blank\">\n\t\t\t\t\t\t<span class=\"elementor-button-content-wrapper\">\n\t\t\t\t\t\t\t\t\t<span class=\"elementor-button-text\">Podpisuj zadarmo<\/span>\n\t\t\t\t\t<\/span>\n\t\t\t\t\t<\/a>\n\t\t\t\t<\/div>\n\t\t\t\t\t\t\t\t<\/div>\n\t\t\t\t<\/div>\n\t\t\t\t<div class=\"elementor-element elementor-element-aecf01c elementor-widget__width-auto elementor-widget elementor-widget-button\" data-id=\"aecf01c\" data-element_type=\"widget\" data-e-type=\"widget\" data-widget_type=\"button.default\">\n\t\t\t\t<div class=\"elementor-widget-container\">\n\t\t\t\t\t\t\t\t\t<div class=\"elementor-button-wrapper\">\n\t\t\t\t\t<a class=\"elementor-button elementor-button-link elementor-size-md\" href=\"https:\/\/nfqes.com\/sk\/kontakt\">\n\t\t\t\t\t\t<span class=\"elementor-button-content-wrapper\">\n\t\t\t\t\t\t\t\t\t<span class=\"elementor-button-text\">Rezervujte si konzult\u00e1ciu<\/span>\n\t\t\t\t\t<\/span>\n\t\t\t\t\t<\/a>\n\t\t\t\t<\/div>\n\t\t\t\t\t\t\t\t<\/div>\n\t\t\t\t<\/div>\n\t\t\t\t\t<\/div>\n\t\t\t\t<\/div>\n\t\t\t\t\t<\/div>\n\t\t\t\t<\/div>\n\t\t\t\t<\/div>\n\t\t\t\t<\/div>\n\t\t\t\t\t\t<\/div>\n\t\t\t\t<\/div>\n\t\t\t\t<\/div>\n\t\t<div class=\"elementor-element elementor-element-8a53f07 e-flex e-con-boxed e-con e-parent\" data-id=\"8a53f07\" data-element_type=\"container\" data-e-type=\"container\">\n\t\t\t\t\t<div class=\"e-con-inner\">\n\t\t\t\t<div class=\"elementor-element elementor-element-120c8e0 elementor-widget__width-inherit elementor-widget elementor-widget-heading\" data-id=\"120c8e0\" data-element_type=\"widget\" data-e-type=\"widget\" data-widget_type=\"heading.default\">\n\t\t\t\t<div class=\"elementor-widget-container\">\n\t\t\t\t\t<h2 class=\"elementor-heading-title elementor-size-default\">Na stiahnutie<\/h2>\t\t\t\t<\/div>\n\t\t\t\t<\/div>\n\t\t\t\t<div class=\"elementor-element elementor-element-96f8ad2 elementor-widget__width-inherit elementor-widget-divider--view-line elementor-invisible elementor-widget elementor-widget-divider\" data-id=\"96f8ad2\" data-element_type=\"widget\" data-e-type=\"widget\" data-settings=\"{&quot;_animation&quot;:&quot;fadeIn&quot;}\" data-widget_type=\"divider.default\">\n\t\t\t\t<div class=\"elementor-widget-container\">\n\t\t\t\t\t\t\t<div class=\"elementor-divider\">\n\t\t\t<span class=\"elementor-divider-separator\">\n\t\t\t\t\t\t<\/span>\n\t\t<\/div>\n\t\t\t\t\t\t<\/div>\n\t\t\t\t<\/div>\n\t\t\t\t<div class=\"elementor-element elementor-element-722a2c2 elementor-widget elementor-widget-text-editor\" data-id=\"722a2c2\" data-element_type=\"widget\" data-e-type=\"widget\" data-widget_type=\"text-editor.default\">\n\t\t\t\t<div class=\"elementor-widget-container\">\n\t\t\t\t\t\t\t\t\t<p>Ovl\u00e1da\u010de si m\u00f4\u017eete stiahnu\u0165 na webovej str\u00e1nke <a style=\"color: #2977c9;\" href=\"https:\/\/slovensko.sk\/sk\/na-stiahnutie\" target=\"_blank\" rel=\"noopener\"><strong>https:\/\/slovensko.sk\/sk\/na-stiahnutie<\/strong>.<\/a><\/p>\t\t\t\t\t\t\t\t<\/div>\n\t\t\t\t<\/div>\n\t\t\t\t<div class=\"elementor-element elementor-element-e1b39e6 elementor-widget__width-inherit elementor-widget elementor-widget-heading\" data-id=\"e1b39e6\" data-element_type=\"widget\" data-e-type=\"widget\" data-widget_type=\"heading.default\">\n\t\t\t\t<div class=\"elementor-widget-container\">\n\t\t\t\t\t<h2 class=\"elementor-heading-title elementor-size-default\">eid klient<\/h2>\t\t\t\t<\/div>\n\t\t\t\t<\/div>\n\t\t\t\t<div class=\"elementor-element elementor-element-e541878 elementor-widget__width-inherit elementor-widget-divider--view-line elementor-invisible elementor-widget elementor-widget-divider\" data-id=\"e541878\" data-element_type=\"widget\" data-e-type=\"widget\" data-settings=\"{&quot;_animation&quot;:&quot;fadeIn&quot;}\" data-widget_type=\"divider.default\">\n\t\t\t\t<div class=\"elementor-widget-container\">\n\t\t\t\t\t\t\t<div class=\"elementor-divider\">\n\t\t\t<span class=\"elementor-divider-separator\">\n\t\t\t\t\t\t<\/span>\n\t\t<\/div>\n\t\t\t\t\t\t<\/div>\n\t\t\t\t<\/div>\n\t\t\t\t<div class=\"elementor-element elementor-element-87f9d17 elementor-widget__width-initial elementor-widget-mobile__width-inherit elementor-widget elementor-widget-text-editor\" data-id=\"87f9d17\" data-element_type=\"widget\" data-e-type=\"widget\" data-widget_type=\"text-editor.default\">\n\t\t\t\t<div class=\"elementor-widget-container\">\n\t\t\t\t\t\t\t\t\t<p><strong>Popis<\/strong><\/p>\n<p>Klientska aplik\u00e1cia pre spr\u00e1vne pou\u017e\u00edvanie podpisu ob\u010dianskym preukazom s vyu\u017e\u00edvan\u00edm kvalifikovan\u00e9ho elektronick\u00e9ho podpisu.<\/p>\n<p><strong>Podporovan\u00e9 OS:<\/strong><\/p>\n<ul>\n<li>Windows 8.1 (32-bit, 64-bit)<\/li>\n<li>Windows 10 (32-bit, 64-bit) a\u017e do 21H1<\/li>\n<li>Windows 11 (21H2)<\/li>\n<li>Windows Server 2012 a 2012 R2 (64-bit)<\/li>\n<li>Windows Server 2016 (64-bit)<\/li>\n<li>Windows Server 2019 (64-bit)<\/li>\n<li>macOS Intel<\/li>\n<li>macOS M1\/M2<\/li>\n<\/ul>\t\t\t\t\t\t\t\t<\/div>\n\t\t\t\t<\/div>\n\t\t\t\t<div class=\"elementor-element elementor-element-6b146fe elementor-widget__width-initial elementor-widget-mobile__width-inherit elementor-widget elementor-widget-text-editor\" data-id=\"6b146fe\" data-element_type=\"widget\" data-e-type=\"widget\" data-widget_type=\"text-editor.default\">\n\t\t\t\t<div class=\"elementor-widget-container\">\n\t\t\t\t\t\t\t\t\t<p><b>In\u0161trukcie k in\u0161tal\u00e1cii ovl\u00e1da\u010dov pre Windows<br \/><\/b><\/p><ol><li>Na str\u00e1nke<span style=\"color: #333333;\"><a style=\"color: #333333;\" href=\"https:\/\/www.slovensko.sk\/sk\/titulna-stranka\" target=\"_blank\" rel=\"noopener\"><strong> slovensko.sk<\/strong><\/a><\/span> si vyberiete pre opera\u010dn\u00fd syst\u00e9m <strong>MS Windows<\/strong> a stiahnete aplik\u00e1ciu <strong>eID klient<\/strong>.<\/li><li>Dan\u00fd s\u00fabor stiahnite na v\u00e1\u0161 zvolen\u00fd disk a nain\u0161talujte do v\u00e1\u0161ho zariadenia.<\/li><li>Po nain\u0161talovan\u00ed je aplik\u00e1ciu mo\u017en\u00e9 priamo spusti\u0165 cez ponuku Windows \u0160tart kliknut\u00edm na vo\u013ebu <strong>eID klient<\/strong>. Aplik\u00e1cia sa takisto automaticky sp\u00fa\u0161\u0165a pri \u0161tarte po\u010d\u00edta\u010da a v tom pr\u00edpade m\u00f4\u017eete aplik\u00e1ciu spusti\u0165 aj cez panel \u00faloh.<\/li><\/ol><p><b>In\u0161trukcie k in\u0161tal\u00e1cii ovl\u00e1da\u010dov pre macOS<br \/><\/b><\/p><ol><li>Na str\u00e1nke <span style=\"color: #333333;\"><a style=\"color: #333333;\" href=\"https:\/\/www.slovensko.sk\/sk\/titulna-stranka\" target=\"_blank\" rel=\"noopener\"><strong>slovensko.sk<\/strong><\/a><\/span> si vyberiete pre opera\u010dn\u00fd syst\u00e9m <strong>Mac Os<\/strong> a stiahnete aplik\u00e1ciu <strong>eID klient<\/strong>.<\/li><li>Dan\u00fd s\u00fabor stiahnite na v\u00e1\u0161 zvolen\u00fd disk a nain\u0161talujte do v\u00e1\u0161ho zariadenia.<\/li><li>Po nain\u0161talovan\u00ed je aplik\u00e1ciu mo\u017en\u00e9 priamo spusti\u0165 cez ponuku <strong>Finder \u2013 Aplik\u00e1cie<\/strong> kliknut\u00edm na vo\u013ebu <strong>eID klient<\/strong>. Aplik\u00e1cia sa takisto automaticky sp\u00fa\u0161\u0165a pri \u0161tarte po\u010d\u00edta\u010da a v tom pr\u00edpade m\u00f4\u017eete aplik\u00e1ciu spusti\u0165 aj cez Launchpad.<\/li><\/ol>\t\t\t\t\t\t\t\t<\/div>\n\t\t\t\t<\/div>\n\t\t\t\t\t<\/div>\n\t\t\t\t<\/div>\n\t\t\t\t<\/div>\n\t\t","protected":false},"excerpt":{"rendered":"<p>Na stiahnutie Ovl\u00e1da\u010de si m\u00f4\u017eete stiahnu\u0165 na webovej str\u00e1nke https:\/\/slovensko.sk\/sk\/na-stiahnutie. eid klient Popis Klientska aplik\u00e1cia pre spr\u00e1vne pou\u017e\u00edvanie podpisu ob\u010dianskym preukazom s vyu\u017e\u00edvan\u00edm kvalifikovan\u00e9ho elektronick\u00e9ho podpisu. Podporovan\u00e9 OS: Windows 8.1 (32-bit, 64-bit) Windows 10 (32-bit, 64-bit) a\u017e do 21H1 Windows 11 (21H2) Windows Server 2012 a 2012 R2 (64-bit) Windows Server 2016 (64-bit) Windows Server [&hellip;]<\/p>\n","protected":false},"author":1,"featured_media":0,"parent":0,"menu_order":0,"comment_status":"closed","ping_status":"closed","template":"","meta":{"_acf_changed":false,"footnotes":""},"class_list":["post-12781","page","type-page","status-publish","hentry"],"acf":[],"yoast_head":"<!-- This site is optimized with the Yoast SEO plugin v27.2 - https:\/\/yoast.com\/product\/yoast-seo-wordpress\/ -->\n<title>eID klient pre podpis ob\u010dianskym preukazom | NFQES.com<\/title>\n<meta name=\"description\" content=\"eID klient je klientska aplik\u00e1cia pre spr\u00e1vne pou\u017e\u00edvanie ob\u010dianskeho podpisu s vyu\u017e\u00edvan\u00edm kvalifikovan\u00e9ho elektronick\u00e9ho podpisu...\" \/>\n<meta name=\"robots\" content=\"index, follow, max-snippet:-1, max-image-preview:large, max-video-preview:-1\" \/>\n<link rel=\"canonical\" href=\"https:\/\/nfqes.com\/sk\/eid-klient\" \/>\n<meta property=\"og:locale\" content=\"sk_SK\" \/>\n<meta property=\"og:type\" content=\"article\" \/>\n<meta property=\"og:title\" content=\"eID klient pre podpis ob\u010dianskym preukazom | NFQES.com\" \/>\n<meta property=\"og:description\" content=\"V\u010faka eID klientovi, m\u00f4\u017eete svoje dokumenty podpisova\u0165 kvalifikovane, ob\u010dianskym preukazom.\" \/>\n<meta property=\"og:url\" content=\"https:\/\/nfqes.com\/sk\/eid-klient\" \/>\n<meta property=\"og:site_name\" content=\"NFQES.com\" \/>\n<meta property=\"article:modified_time\" content=\"2025-08-01T05:44:16+00:00\" \/>\n<meta property=\"og:image\" content=\"https:\/\/nfqes.com\/wp-content\/uploads\/2023\/11\/podpis.png\" \/>\n\t<meta property=\"og:image:width\" content=\"1080\" \/>\n\t<meta property=\"og:image:height\" content=\"961\" \/>\n\t<meta property=\"og:image:type\" content=\"image\/png\" \/>\n<meta name=\"twitter:card\" content=\"summary_large_image\" \/>\n<meta name=\"twitter:label1\" content=\"Predpokladan\u00fd \u010das \u010d\u00edtania\" \/>\n\t<meta name=\"twitter:data1\" content=\"1 min\u00fata\" \/>\n<script type=\"application\/ld+json\" class=\"yoast-schema-graph\">{\"@context\":\"https:\/\/schema.org\",\"@graph\":[{\"@type\":\"WebPage\",\"@id\":\"https:\/\/nfqes.com\/sk\/eid-klient\",\"url\":\"https:\/\/nfqes.com\/sk\/eid-klient\",\"name\":\"eID klient pre podpis ob\u010dianskym preukazom | NFQES.com\",\"isPartOf\":{\"@id\":\"https:\/\/nfqes.com\/sk\/#website\"},\"datePublished\":\"2023-10-27T07:42:21+00:00\",\"dateModified\":\"2025-08-01T05:44:16+00:00\",\"description\":\"eID klient je klientska aplik\u00e1cia pre spr\u00e1vne pou\u017e\u00edvanie ob\u010dianskeho podpisu s vyu\u017e\u00edvan\u00edm kvalifikovan\u00e9ho elektronick\u00e9ho podpisu...\",\"breadcrumb\":{\"@id\":\"https:\/\/nfqes.com\/sk\/eid-klient#breadcrumb\"},\"inLanguage\":\"sk-SK\",\"potentialAction\":[{\"@type\":\"ReadAction\",\"target\":[\"https:\/\/nfqes.com\/sk\/eid-klient\"]}]},{\"@type\":\"BreadcrumbList\",\"@id\":\"https:\/\/nfqes.com\/sk\/eid-klient#breadcrumb\",\"itemListElement\":[{\"@type\":\"ListItem\",\"position\":1,\"name\":\"NFQES\",\"item\":\"https:\/\/nfqes.com\/sk\"},{\"@type\":\"ListItem\",\"position\":2,\"name\":\"eID klient\"}]},{\"@type\":\"WebSite\",\"@id\":\"https:\/\/nfqes.com\/sk\/#website\",\"url\":\"https:\/\/nfqes.com\/sk\/\",\"name\":\"NFQES.com\",\"description\":\"Modern\u00e9 slu\u017eby v oblasti informa\u010dnej bezpe\u010dnosti.\",\"publisher\":{\"@id\":\"https:\/\/nfqes.com\/sk\/#organization\"},\"potentialAction\":[{\"@type\":\"SearchAction\",\"target\":{\"@type\":\"EntryPoint\",\"urlTemplate\":\"https:\/\/nfqes.com\/sk\/?s={search_term_string}\"},\"query-input\":{\"@type\":\"PropertyValueSpecification\",\"valueRequired\":true,\"valueName\":\"search_term_string\"}}],\"inLanguage\":\"sk-SK\"},{\"@type\":\"Organization\",\"@id\":\"https:\/\/nfqes.com\/sk\/#organization\",\"name\":\"NFQES\",\"url\":\"https:\/\/nfqes.com\/sk\/\",\"logo\":{\"@type\":\"ImageObject\",\"inLanguage\":\"sk-SK\",\"@id\":\"https:\/\/nfqes.com\/sk\/#\/schema\/logo\/image\/\",\"url\":\"https:\/\/nfqes.com\/wp-content\/uploads\/2022\/07\/logo-cierne.webp\",\"contentUrl\":\"https:\/\/nfqes.com\/wp-content\/uploads\/2022\/07\/logo-cierne.webp\",\"width\":1169,\"height\":434,\"caption\":\"NFQES\"},\"image\":{\"@id\":\"https:\/\/nfqes.com\/sk\/#\/schema\/logo\/image\/\"}}]}<\/script>\n<!-- \/ Yoast SEO plugin. -->","yoast_head_json":{"title":"eID klient pre podpis ob\u010dianskym preukazom | NFQES.com","description":"eID klient je klientska aplik\u00e1cia pre spr\u00e1vne pou\u017e\u00edvanie ob\u010dianskeho podpisu s vyu\u017e\u00edvan\u00edm kvalifikovan\u00e9ho elektronick\u00e9ho podpisu...","robots":{"index":"index","follow":"follow","max-snippet":"max-snippet:-1","max-image-preview":"max-image-preview:large","max-video-preview":"max-video-preview:-1"},"canonical":"https:\/\/nfqes.com\/sk\/eid-klient","og_locale":"sk_SK","og_type":"article","og_title":"eID klient pre podpis ob\u010dianskym preukazom | NFQES.com","og_description":"V\u010faka eID klientovi, m\u00f4\u017eete svoje dokumenty podpisova\u0165 kvalifikovane, ob\u010dianskym preukazom.","og_url":"https:\/\/nfqes.com\/sk\/eid-klient","og_site_name":"NFQES.com","article_modified_time":"2025-08-01T05:44:16+00:00","og_image":[{"width":1080,"height":961,"url":"https:\/\/nfqes.com\/wp-content\/uploads\/2023\/11\/podpis.png","type":"image\/png"}],"twitter_card":"summary_large_image","twitter_misc":{"Predpokladan\u00fd \u010das \u010d\u00edtania":"1 min\u00fata"},"schema":{"@context":"https:\/\/schema.org","@graph":[{"@type":"WebPage","@id":"https:\/\/nfqes.com\/sk\/eid-klient","url":"https:\/\/nfqes.com\/sk\/eid-klient","name":"eID klient pre podpis ob\u010dianskym preukazom | NFQES.com","isPartOf":{"@id":"https:\/\/nfqes.com\/sk\/#website"},"datePublished":"2023-10-27T07:42:21+00:00","dateModified":"2025-08-01T05:44:16+00:00","description":"eID klient je klientska aplik\u00e1cia pre spr\u00e1vne pou\u017e\u00edvanie ob\u010dianskeho podpisu s vyu\u017e\u00edvan\u00edm kvalifikovan\u00e9ho elektronick\u00e9ho podpisu...","breadcrumb":{"@id":"https:\/\/nfqes.com\/sk\/eid-klient#breadcrumb"},"inLanguage":"sk-SK","potentialAction":[{"@type":"ReadAction","target":["https:\/\/nfqes.com\/sk\/eid-klient"]}]},{"@type":"BreadcrumbList","@id":"https:\/\/nfqes.com\/sk\/eid-klient#breadcrumb","itemListElement":[{"@type":"ListItem","position":1,"name":"NFQES","item":"https:\/\/nfqes.com\/sk"},{"@type":"ListItem","position":2,"name":"eID klient"}]},{"@type":"WebSite","@id":"https:\/\/nfqes.com\/sk\/#website","url":"https:\/\/nfqes.com\/sk\/","name":"NFQES.com","description":"Modern\u00e9 slu\u017eby v oblasti informa\u010dnej bezpe\u010dnosti.","publisher":{"@id":"https:\/\/nfqes.com\/sk\/#organization"},"potentialAction":[{"@type":"SearchAction","target":{"@type":"EntryPoint","urlTemplate":"https:\/\/nfqes.com\/sk\/?s={search_term_string}"},"query-input":{"@type":"PropertyValueSpecification","valueRequired":true,"valueName":"search_term_string"}}],"inLanguage":"sk-SK"},{"@type":"Organization","@id":"https:\/\/nfqes.com\/sk\/#organization","name":"NFQES","url":"https:\/\/nfqes.com\/sk\/","logo":{"@type":"ImageObject","inLanguage":"sk-SK","@id":"https:\/\/nfqes.com\/sk\/#\/schema\/logo\/image\/","url":"https:\/\/nfqes.com\/wp-content\/uploads\/2022\/07\/logo-cierne.webp","contentUrl":"https:\/\/nfqes.com\/wp-content\/uploads\/2022\/07\/logo-cierne.webp","width":1169,"height":434,"caption":"NFQES"},"image":{"@id":"https:\/\/nfqes.com\/sk\/#\/schema\/logo\/image\/"}}]}},"_links":{"self":[{"href":"https:\/\/nfqes.com\/sk\/wp-json\/wp\/v2\/pages\/12781","targetHints":{"allow":["GET"]}}],"collection":[{"href":"https:\/\/nfqes.com\/sk\/wp-json\/wp\/v2\/pages"}],"about":[{"href":"https:\/\/nfqes.com\/sk\/wp-json\/wp\/v2\/types\/page"}],"author":[{"embeddable":true,"href":"https:\/\/nfqes.com\/sk\/wp-json\/wp\/v2\/users\/1"}],"replies":[{"embeddable":true,"href":"https:\/\/nfqes.com\/sk\/wp-json\/wp\/v2\/comments?post=12781"}],"version-history":[{"count":0,"href":"https:\/\/nfqes.com\/sk\/wp-json\/wp\/v2\/pages\/12781\/revisions"}],"wp:attachment":[{"href":"https:\/\/nfqes.com\/sk\/wp-json\/wp\/v2\/media?parent=12781"}],"curies":[{"name":"wp","href":"https:\/\/api.w.org\/{rel}","templated":true}]}}