{"id":26440,"date":"2022-07-22T11:15:37","date_gmt":"2022-07-22T09:15:37","guid":{"rendered":"https:\/\/nfqes.com\/blog"},"modified":"2024-07-10T07:51:19","modified_gmt":"2024-07-10T05:51:19","slug":"blog","status":"publish","type":"page","link":"https:\/\/nfqes.com\/pl\/blog","title":{"rendered":"Blog"},"content":{"rendered":"\t\t<div data-elementor-type=\"wp-page\" data-elementor-id=\"26440\" class=\"elementor elementor-26440 elementor-1100\" data-elementor-post-type=\"page\">\n\t\t\t\t<div class=\"elementor-element elementor-element-b0b3086 e-flex e-con-boxed e-con e-parent\" data-id=\"b0b3086\" data-element_type=\"container\" data-e-type=\"container\" data-settings=\"{&quot;background_background&quot;:&quot;classic&quot;}\">\n\t\t\t\t\t<div class=\"e-con-inner\">\n\t\t\t\t<div class=\"elementor-element elementor-element-f88d7e7 elementor-widget__width-inherit elementor-widget elementor-widget-heading\" data-id=\"f88d7e7\" data-element_type=\"widget\" data-e-type=\"widget\" data-widget_type=\"heading.default\">\n\t\t\t\t<div class=\"elementor-widget-container\">\n\t\t\t\t\t<h1 class=\"elementor-heading-title elementor-size-default\">Blog<\/h1>\t\t\t\t<\/div>\n\t\t\t\t<\/div>\n\t\t\t\t<div class=\"elementor-element elementor-element-5a0905a elementor-widget__width-inherit elementor-widget elementor-widget-text-editor\" data-id=\"5a0905a\" data-element_type=\"widget\" data-e-type=\"widget\" data-widget_type=\"text-editor.default\">\n\t\t\t\t<div class=\"elementor-widget-container\">\n\t\t\t\t\t\t\t\t\tZapewniamy teksty eksperckie po\u015bwi\u0119cone tematowi podpisu elektronicznego i wszystkiego, co z nim zwi\u0105zane.\t\t\t\t\t\t\t\t<\/div>\n\t\t\t\t<\/div>\n\t\t\t\t\t<\/div>\n\t\t\t\t<\/div>\n\t\t<div class=\"elementor-element elementor-element-af97da8 e-flex e-con-boxed e-con e-parent\" data-id=\"af97da8\" data-element_type=\"container\" data-e-type=\"container\">\n\t\t\t\t\t<div class=\"e-con-inner\">\n\t\t\t\t<div class=\"elementor-element elementor-element-a7df75d elementor-grid-3 elementor-grid-tablet-2 elementor-grid-mobile-1 elementor-widget elementor-widget-loop-grid\" data-id=\"a7df75d\" data-element_type=\"widget\" data-e-type=\"widget\" data-settings=\"{&quot;template_id&quot;:10241,&quot;columns&quot;:3,&quot;pagination_type&quot;:&quot;numbers_and_prev_next&quot;,&quot;row_gap&quot;:{&quot;unit&quot;:&quot;px&quot;,&quot;size&quot;:20,&quot;sizes&quot;:[]},&quot;_skin&quot;:&quot;post&quot;,&quot;columns_tablet&quot;:&quot;2&quot;,&quot;columns_mobile&quot;:&quot;1&quot;,&quot;edit_handle_selector&quot;:&quot;[data-elementor-type=\\&quot;loop-item\\&quot;]&quot;,&quot;pagination_load_type&quot;:&quot;page_reload&quot;,&quot;row_gap_laptop&quot;:{&quot;unit&quot;:&quot;px&quot;,&quot;size&quot;:&quot;&quot;,&quot;sizes&quot;:[]},&quot;row_gap_tablet&quot;:{&quot;unit&quot;:&quot;px&quot;,&quot;size&quot;:&quot;&quot;,&quot;sizes&quot;:[]},&quot;row_gap_mobile&quot;:{&quot;unit&quot;:&quot;px&quot;,&quot;size&quot;:&quot;&quot;,&quot;sizes&quot;:[]}}\" data-widget_type=\"loop-grid.post\">\n\t\t\t\t<div class=\"elementor-widget-container\">\n\t\t\t\t\t\t\t<div class=\"e-loop-nothing-found-message\">\n\t\t<\/div>\n\t\t\t\t\t\t<\/div>\n\t\t\t\t<\/div>\n\t\t\t\t\t<\/div>\n\t\t\t\t<\/div>\n\t\t\t\t<\/div>\n\t\t","protected":false},"excerpt":{"rendered":"","protected":false},"author":1,"featured_media":0,"parent":0,"menu_order":0,"comment_status":"closed","ping_status":"closed","template":"","meta":{"_acf_changed":false,"footnotes":""},"class_list":["post-26440","page","type-page","status-publish","hentry"],"acf":[],"yoast_head":"<!-- This site is optimized with the Yoast SEO plugin v27.2 - https:\/\/yoast.com\/product\/yoast-seo-wordpress\/ -->\n<title>Interesuj\u0105ce fakty ze \u015bwiata bezpiecze\u0144stwa online | NFQES<\/title>\n<meta name=\"description\" content=\"Przeczytaj ciekawe rzeczy ze \u015bwiata bezpiecze\u0144stwa online - Cyberbezpiecze\u0144stwo, Czy wiesz, czy dane Twojej firmy s\u0105 bezpieczne?\" \/>\n<meta name=\"robots\" content=\"index, follow, max-snippet:-1, max-image-preview:large, max-video-preview:-1\" \/>\n<link rel=\"canonical\" href=\"https:\/\/nfqes.com\/pl\/blog\" \/>\n<meta property=\"og:locale\" content=\"pl_PL\" \/>\n<meta property=\"og:type\" content=\"article\" \/>\n<meta property=\"og:title\" content=\"Interesuj\u0105ce fakty ze \u015bwiata bezpiecze\u0144stwa online | NFQES\" \/>\n<meta property=\"og:description\" content=\"Przeczytaj ciekawe rzeczy ze \u015bwiata bezpiecze\u0144stwa online - Cyberbezpiecze\u0144stwo, Czy wiesz, czy dane Twojej firmy s\u0105 bezpieczne?\" \/>\n<meta property=\"og:url\" content=\"https:\/\/nfqes.com\/pl\/blog\" \/>\n<meta property=\"og:site_name\" content=\"NFQES.com\" \/>\n<meta property=\"article:modified_time\" content=\"2024-07-10T05:51:19+00:00\" \/>\n<meta name=\"twitter:card\" content=\"summary_large_image\" \/>\n<script type=\"application\/ld+json\" class=\"yoast-schema-graph\">{\"@context\":\"https:\/\/schema.org\",\"@graph\":[{\"@type\":\"WebPage\",\"@id\":\"https:\/\/nfqes.com\/pl\/blog\",\"url\":\"https:\/\/nfqes.com\/pl\/blog\",\"name\":\"Interesuj\u0105ce fakty ze \u015bwiata bezpiecze\u0144stwa online | NFQES\",\"isPartOf\":{\"@id\":\"https:\/\/nfqes.com\/pl\/#website\"},\"datePublished\":\"2022-07-22T09:15:37+00:00\",\"dateModified\":\"2024-07-10T05:51:19+00:00\",\"description\":\"Przeczytaj ciekawe rzeczy ze \u015bwiata bezpiecze\u0144stwa online - Cyberbezpiecze\u0144stwo, Czy wiesz, czy dane Twojej firmy s\u0105 bezpieczne?\",\"breadcrumb\":{\"@id\":\"https:\/\/nfqes.com\/pl\/blog#breadcrumb\"},\"inLanguage\":\"pl-PL\",\"potentialAction\":[{\"@type\":\"ReadAction\",\"target\":[\"https:\/\/nfqes.com\/pl\/blog\"]}]},{\"@type\":\"BreadcrumbList\",\"@id\":\"https:\/\/nfqes.com\/pl\/blog#breadcrumb\",\"itemListElement\":[{\"@type\":\"ListItem\",\"position\":1,\"name\":\"NFQES\",\"item\":\"https:\/\/nfqes.com\/pl\"},{\"@type\":\"ListItem\",\"position\":2,\"name\":\"Blog\"}]},{\"@type\":\"WebSite\",\"@id\":\"https:\/\/nfqes.com\/pl\/#website\",\"url\":\"https:\/\/nfqes.com\/pl\/\",\"name\":\"NFQES.com\",\"description\":\"Modern\u00e9 slu\u017eby v oblasti informa\u010dnej bezpe\u010dnosti.\",\"publisher\":{\"@id\":\"https:\/\/nfqes.com\/pl\/#organization\"},\"potentialAction\":[{\"@type\":\"SearchAction\",\"target\":{\"@type\":\"EntryPoint\",\"urlTemplate\":\"https:\/\/nfqes.com\/pl\/?s={search_term_string}\"},\"query-input\":{\"@type\":\"PropertyValueSpecification\",\"valueRequired\":true,\"valueName\":\"search_term_string\"}}],\"inLanguage\":\"pl-PL\"},{\"@type\":\"Organization\",\"@id\":\"https:\/\/nfqes.com\/pl\/#organization\",\"name\":\"NFQES\",\"url\":\"https:\/\/nfqes.com\/pl\/\",\"logo\":{\"@type\":\"ImageObject\",\"inLanguage\":\"pl-PL\",\"@id\":\"https:\/\/nfqes.com\/pl\/#\/schema\/logo\/image\/\",\"url\":\"https:\/\/nfqes.com\/wp-content\/uploads\/2022\/07\/logo-cierne.webp\",\"contentUrl\":\"https:\/\/nfqes.com\/wp-content\/uploads\/2022\/07\/logo-cierne.webp\",\"width\":1169,\"height\":434,\"caption\":\"NFQES\"},\"image\":{\"@id\":\"https:\/\/nfqes.com\/pl\/#\/schema\/logo\/image\/\"}}]}<\/script>\n<!-- \/ Yoast SEO plugin. -->","yoast_head_json":{"title":"Interesuj\u0105ce fakty ze \u015bwiata bezpiecze\u0144stwa online | NFQES","description":"Przeczytaj ciekawe rzeczy ze \u015bwiata bezpiecze\u0144stwa online - Cyberbezpiecze\u0144stwo, Czy wiesz, czy dane Twojej firmy s\u0105 bezpieczne?","robots":{"index":"index","follow":"follow","max-snippet":"max-snippet:-1","max-image-preview":"max-image-preview:large","max-video-preview":"max-video-preview:-1"},"canonical":"https:\/\/nfqes.com\/pl\/blog","og_locale":"pl_PL","og_type":"article","og_title":"Interesuj\u0105ce fakty ze \u015bwiata bezpiecze\u0144stwa online | NFQES","og_description":"Przeczytaj ciekawe rzeczy ze \u015bwiata bezpiecze\u0144stwa online - Cyberbezpiecze\u0144stwo, Czy wiesz, czy dane Twojej firmy s\u0105 bezpieczne?","og_url":"https:\/\/nfqes.com\/pl\/blog","og_site_name":"NFQES.com","article_modified_time":"2024-07-10T05:51:19+00:00","twitter_card":"summary_large_image","schema":{"@context":"https:\/\/schema.org","@graph":[{"@type":"WebPage","@id":"https:\/\/nfqes.com\/pl\/blog","url":"https:\/\/nfqes.com\/pl\/blog","name":"Interesuj\u0105ce fakty ze \u015bwiata bezpiecze\u0144stwa online | NFQES","isPartOf":{"@id":"https:\/\/nfqes.com\/pl\/#website"},"datePublished":"2022-07-22T09:15:37+00:00","dateModified":"2024-07-10T05:51:19+00:00","description":"Przeczytaj ciekawe rzeczy ze \u015bwiata bezpiecze\u0144stwa online - Cyberbezpiecze\u0144stwo, Czy wiesz, czy dane Twojej firmy s\u0105 bezpieczne?","breadcrumb":{"@id":"https:\/\/nfqes.com\/pl\/blog#breadcrumb"},"inLanguage":"pl-PL","potentialAction":[{"@type":"ReadAction","target":["https:\/\/nfqes.com\/pl\/blog"]}]},{"@type":"BreadcrumbList","@id":"https:\/\/nfqes.com\/pl\/blog#breadcrumb","itemListElement":[{"@type":"ListItem","position":1,"name":"NFQES","item":"https:\/\/nfqes.com\/pl"},{"@type":"ListItem","position":2,"name":"Blog"}]},{"@type":"WebSite","@id":"https:\/\/nfqes.com\/pl\/#website","url":"https:\/\/nfqes.com\/pl\/","name":"NFQES.com","description":"Modern\u00e9 slu\u017eby v oblasti informa\u010dnej bezpe\u010dnosti.","publisher":{"@id":"https:\/\/nfqes.com\/pl\/#organization"},"potentialAction":[{"@type":"SearchAction","target":{"@type":"EntryPoint","urlTemplate":"https:\/\/nfqes.com\/pl\/?s={search_term_string}"},"query-input":{"@type":"PropertyValueSpecification","valueRequired":true,"valueName":"search_term_string"}}],"inLanguage":"pl-PL"},{"@type":"Organization","@id":"https:\/\/nfqes.com\/pl\/#organization","name":"NFQES","url":"https:\/\/nfqes.com\/pl\/","logo":{"@type":"ImageObject","inLanguage":"pl-PL","@id":"https:\/\/nfqes.com\/pl\/#\/schema\/logo\/image\/","url":"https:\/\/nfqes.com\/wp-content\/uploads\/2022\/07\/logo-cierne.webp","contentUrl":"https:\/\/nfqes.com\/wp-content\/uploads\/2022\/07\/logo-cierne.webp","width":1169,"height":434,"caption":"NFQES"},"image":{"@id":"https:\/\/nfqes.com\/pl\/#\/schema\/logo\/image\/"}}]}},"_links":{"self":[{"href":"https:\/\/nfqes.com\/pl\/wp-json\/wp\/v2\/pages\/26440","targetHints":{"allow":["GET"]}}],"collection":[{"href":"https:\/\/nfqes.com\/pl\/wp-json\/wp\/v2\/pages"}],"about":[{"href":"https:\/\/nfqes.com\/pl\/wp-json\/wp\/v2\/types\/page"}],"author":[{"embeddable":true,"href":"https:\/\/nfqes.com\/pl\/wp-json\/wp\/v2\/users\/1"}],"replies":[{"embeddable":true,"href":"https:\/\/nfqes.com\/pl\/wp-json\/wp\/v2\/comments?post=26440"}],"version-history":[{"count":0,"href":"https:\/\/nfqes.com\/pl\/wp-json\/wp\/v2\/pages\/26440\/revisions"}],"wp:attachment":[{"href":"https:\/\/nfqes.com\/pl\/wp-json\/wp\/v2\/media?parent=26440"}],"curies":[{"name":"wp","href":"https:\/\/api.w.org\/{rel}","templated":true}]}}