{"id":24812,"date":"2022-12-19T15:17:27","date_gmt":"2022-12-19T14:17:27","guid":{"rendered":"https:\/\/nfqes.com\/informacje-dotyczace-przetwarzania-danych-osobowych"},"modified":"2026-02-09T11:11:18","modified_gmt":"2026-02-09T10:11:18","slug":"informacje-dotyczace-przetwarzania-danych-osobowych","status":"publish","type":"page","link":"https:\/\/nfqes.com\/pl\/informacje-dotyczace-przetwarzania-danych-osobowych","title":{"rendered":"Informacje dotycz\u0105ce przetwarzania danych osobowych"},"content":{"rendered":"\t\t<div data-elementor-type=\"wp-page\" data-elementor-id=\"24812\" class=\"elementor elementor-24812 elementor-2520\" data-elementor-post-type=\"page\">\n\t\t\t\t<div class=\"elementor-element elementor-element-cef8e35 e-con-full e-flex e-con e-parent\" data-id=\"cef8e35\" data-element_type=\"container\" data-e-type=\"container\">\n\t\t\t\t<div class=\"elementor-element elementor-element-6e1ba09 elementor-widget elementor-widget-template\" data-id=\"6e1ba09\" data-element_type=\"widget\" data-e-type=\"widget\" data-widget_type=\"template.default\">\n\t\t\t\t<div class=\"elementor-widget-container\">\n\t\t\t\t\t\t\t<div class=\"elementor-template\">\n\t\t\t\t\t<div data-elementor-type=\"section\" data-elementor-id=\"24229\" class=\"elementor elementor-24229 elementor-10609 elementor-10609\" data-elementor-post-type=\"elementor_library\">\n\t\t\t<div class=\"elementor-element elementor-element-1233351 e-flex e-con-boxed e-con e-parent\" data-id=\"1233351\" data-element_type=\"container\" data-e-type=\"container\" data-settings=\"{&quot;background_background&quot;:&quot;classic&quot;}\">\n\t\t\t\t\t<div class=\"e-con-inner\">\n\t\t\t\t<div class=\"elementor-element elementor-element-d9c6be3 elementor-widget__width-inherit elementor-widget elementor-widget-heading\" data-id=\"d9c6be3\" data-element_type=\"widget\" data-e-type=\"widget\" data-widget_type=\"heading.default\">\n\t\t\t\t<div class=\"elementor-widget-container\">\n\t\t\t\t\t<h1 class=\"elementor-heading-title elementor-size-default\">Informacje dotycz\u0105ce przetwarzania danych osobowych<\/h1>\t\t\t\t<\/div>\n\t\t\t\t<\/div>\n\t\t<div class=\"elementor-element elementor-element-2b1bd59 e-flex e-con-boxed e-con e-child\" data-id=\"2b1bd59\" data-element_type=\"container\" data-e-type=\"container\">\n\t\t\t\t\t<div class=\"e-con-inner\">\n\t\t\t\t<div class=\"elementor-element elementor-element-5a3eb61 elementor-widget__width-auto elementor-widget elementor-widget-button\" data-id=\"5a3eb61\" data-element_type=\"widget\" data-e-type=\"widget\" data-settings=\"{&quot;motion_fx_motion_fx_scrolling&quot;:&quot;yes&quot;,&quot;motion_fx_devices&quot;:[&quot;desktop&quot;,&quot;laptop&quot;,&quot;tablet&quot;,&quot;mobile&quot;]}\" data-widget_type=\"button.default\">\n\t\t\t\t<div class=\"elementor-widget-container\">\n\t\t\t\t\t\t\t\t\t<div class=\"elementor-button-wrapper\">\n\t\t\t\t\t<a class=\"elementor-button elementor-button-link elementor-size-md\" href=\"https:\/\/zone.nfqes.com\/home\" target=\"_blank\">\n\t\t\t\t\t\t<span class=\"elementor-button-content-wrapper\">\n\t\t\t\t\t\t\t\t\t<span class=\"elementor-button-text\">Wypr\u00f3buj za darmo<\/span>\n\t\t\t\t\t<\/span>\n\t\t\t\t\t<\/a>\n\t\t\t\t<\/div>\n\t\t\t\t\t\t\t\t<\/div>\n\t\t\t\t<\/div>\n\t\t\t\t<div class=\"elementor-element elementor-element-aecf01c elementor-widget__width-auto elementor-widget elementor-widget-button\" data-id=\"aecf01c\" data-element_type=\"widget\" data-e-type=\"widget\" data-widget_type=\"button.default\">\n\t\t\t\t<div class=\"elementor-widget-container\">\n\t\t\t\t\t\t\t\t\t<div class=\"elementor-button-wrapper\">\n\t\t\t\t\t<a class=\"elementor-button elementor-button-link elementor-size-md\" href=\"https:\/\/nfqes.com\/pl\/kontakt\">\n\t\t\t\t\t\t<span class=\"elementor-button-content-wrapper\">\n\t\t\t\t\t\t\t\t\t<span class=\"elementor-button-text\">Zarezerwuj konsultacj\u0119<\/span>\n\t\t\t\t\t<\/span>\n\t\t\t\t\t<\/a>\n\t\t\t\t<\/div>\n\t\t\t\t\t\t\t\t<\/div>\n\t\t\t\t<\/div>\n\t\t\t\t\t<\/div>\n\t\t\t\t<\/div>\n\t\t\t\t\t<\/div>\n\t\t\t\t<\/div>\n\t\t\t\t<\/div>\n\t\t\t\t<\/div>\n\t\t\t\t\t\t<\/div>\n\t\t\t\t<\/div>\n\t\t\t\t<\/div>\n\t\t<div class=\"elementor-element elementor-element-f2e659a e-flex e-con-boxed e-con e-parent\" data-id=\"f2e659a\" data-element_type=\"container\" data-e-type=\"container\">\n\t\t\t\t\t<div class=\"e-con-inner\">\n\t\t\t\t<div class=\"elementor-element elementor-element-54d0554 elementor-widget elementor-widget-text-editor\" data-id=\"54d0554\" data-element_type=\"widget\" data-e-type=\"widget\" data-widget_type=\"text-editor.default\">\n\t\t\t\t<div class=\"elementor-widget-container\">\n\t\t\t\t\t\t\t\t\t<p><strong>Informacje dotycz\u0105ce przetwarzania danych osobowych<\/strong><\/p><p>Zgodnie z art. 13 i 14 Rozporz\u0105dzenia Parlamentu Europejskiego i Rady (UE) 2016\/679 z dnia 27 kwietnia 2016 r. w sprawie ochrony os\u00f3b fizycznych w zwi\u0105zku z przetwarzaniem danych osobowych i w sprawie swobodnego przep\u0142ywu takich danych oraz uchylenia dyrektywy 95\/46\/WE (dalej r\u00f3wnie\u017c jako \u201eRODO\u201d)<\/p><p><strong><em>Firma:<\/em><\/strong><\/p><p>Nazwa: brainit.sk, s.r.o.<\/p><p>Siedziba: Ve\u013ek\u00fd diel 3323, 010 08 \u017dilina<\/p><p>I\u010cO: 52577465<\/p><p>DI\u010c: 2121068763<\/p><p>I\u010c DPH: SK 2121068763<\/p><p><em><strong>Dane kontaktowe:<\/strong><\/em><\/p><p><a href=\"mailto:support@nfqes.sk\">support@nfqes.sk<\/a><\/p><p><em><strong>Osoba odpowiedzialna za kontakt:<\/strong><\/em><\/p><p><a href=\"mailto:gdpr@brainit.sk\">gdpr@brainit.sk<\/a><\/p><p>kt\u00f3ry jest dostawc\u0105 wymaganych przez u\u017cytkownika us\u0142ug zaufanych certyfikat\u00f3w, przetwarza dane osobowe u\u017cytkownika (zwane dalej \u201ePII\u201d), kt\u00f3re u\u017cytkownik jest zobowi\u0105zany mu przekaza\u0107 zgodnie z odpowiednimi przepisami, w nast\u0119puj\u0105cy spos\u00f3b<\/p><p><strong>Cel przetwarzania<\/strong><\/p><p>\u015awiadczenie us\u0142ug zaufanych certyfikat\u00f3w i zwi\u0105zane z tym udowadnianie, dochodzenie i obrona roszcze\u0144 prawnych.<\/p><p><strong>Podstawa prawna<\/strong><\/p><p>Nasze zobowi\u0105zanie prawne zgodnie z nast\u0119puj\u0105cymi przepisami i normami<\/p><ul><li>Rozporz\u0105dzenie UE 910\/2014 w sprawie identyfikacji elektronicznej i us\u0142ug zaufania w odniesieniu do transakcji elektronicznych na rynku wewn\u0119trznym<\/li><li>Ustawa nr 272\/2016 Coll. o us\u0142ugach zaufania dla transakcji elektronicznych na rynku wewn\u0119trznym (\u201eUstawa\u201d)<\/li><li>odpowiednie normy ETSI zwi\u0105zane ze \u015bwiadczeniem us\u0142ug zaufania<\/li><\/ul><p><strong>\u0179r\u00f3d\u0142o OU<\/strong><\/p><p>U\u017cytkownik lub osoba, na rzecz kt\u00f3rej \u015bwiadczona jest us\u0142uga zaufania, w ramach kt\u00f3rej certyfikat jest wystawiany dla u\u017cytkownika.<\/p><p><strong>Odbiorca RoO<\/strong><\/p><ul><li>Kwalifikowany certyfikat podpisu elektronicznego, a tym samym zawarte w nim dane osobowe, s\u0105 przekazywane Krajowej W\u0142adzy Bezpiecze\u0144stwa zgodnie z art. 6 ust. 2 ustawy.<\/li><li>je\u015bli zako\u0144czymy \u015bwiadczenie us\u0142ug zaufania przez innego dostawc\u0119 us\u0142ug zaufania lub Krajow\u0105 W\u0142adz\u0119 Bezpiecze\u0144stwa zgodnie z sekcj\u0105 4(2) ustawy<\/li><li>Organ rejestracyjny<\/li><\/ul><p><strong>Czas utrzymywania si\u0119 OA<\/strong><\/p><ul><li>Je\u015bli kwalifikowany certyfikat zosta\u0142 wydany 10 lat od daty uniewa\u017cnienia lub wyga\u015bni\u0119cia danego certyfikatu<\/li><li>w przypadku wydania certyfikatu \u201eniekwalifikowanego\u201d 7 lat od daty cofni\u0119cia lub wyga\u015bni\u0119cia danego certyfikatu<\/li><\/ul><p><strong>Twoje prawa<\/strong><\/p><p>Zgodnie z RODO u\u017cytkownik ma prawo do:<\/p><ul><li>dost\u0119pu do swoich danych osobowych, co obejmuje prawo do uzyskania potwierdzenia, czy przetwarzamy dane osobowe u\u017cytkownika, a je\u015bli tak, prawo do uzyskania informacji o przetwarzaniu takich danych (cel przetwarzania, kategorie danych osobowych, odbiorcy danych osobowych, okres przechowywania, \u017ar\u00f3d\u0142o danych osobowych itp,)<\/li><li>sprostowania nieprawid\u0142owych lub nieaktualnych danych osobowych oraz ich aktualizacji i uzupe\u0142nienia (w zale\u017cno\u015bci od rodzaju przetwarzania),<\/li><li>ograniczenie przetwarzania danych osobowych u\u017cytkownika, je\u015bli:<\/li><li>zakwestionowania przez u\u017cytkownika dok\u0142adno\u015bci jego danych osobowych w czasie potrzebnym nam do zweryfikowania ich dok\u0142adno\u015bci,<\/li><li>przetwarzanie jest niezgodne z prawem, u\u017cytkownik sprzeciwia si\u0119 usuni\u0119ciu swoich danych osobowych i zamiast tego \u017c\u0105da ograniczenia ich wykorzystania,<\/li><li>nie wykorzystujemy danych u\u017cytkownika, ale potrzebujemy ich do udowodnienia, wykonania lub obrony roszcze\u0144 prawnych,<\/li><li>usuni\u0119cia danych osobowych (chyba \u017ce spe\u0142niona jest jedna z przes\u0142anek okre\u015blonych w art. 17 ust. 3 RODO), w przypadku gdy dane osobowe:<\/li><li>S\u0105 zb\u0119dne do cel\u00f3w, dla kt\u00f3rych je uzyskali\u015bmy lub przetwarzali\u015bmy,<\/li><li>zosta\u0142y bezprawnie przetworzone,<\/li><li>musz\u0105 zosta\u0107 usuni\u0119te, aby\u015bmy mogli wywi\u0105za\u0107 si\u0119 z naszych zobowi\u0105za\u0144 prawnych,<\/li><li>prawo do z\u0142o\u017cenia skargi do organu ochrony danych.<\/li><\/ul><p>Niekt\u00f3re z tych praw s\u0105 wa\u017cne tylko z pewnymi wyj\u0105tkami okre\u015blonymi w RODO i tylko pod warunkiem, \u017ce mog\u0119 Ci\u0119 zidentyfikowa\u0107 &#8211; zaakceptujemy Twoje \u017c\u0105dania zgodnie z tymi warunkami prawnymi. U\u017cytkownik mo\u017ce skorzysta\u0107 z przys\u0142uguj\u0105cych mu praw w formie papierowej lub elektronicznej, kontaktuj\u0105c si\u0119 z nami za po\u015brednictwem danych kontaktowych podanych w nag\u0142\u00f3wku niniejszej informacji.<\/p>\t\t\t\t\t\t\t\t<\/div>\n\t\t\t\t<\/div>\n\t\t\t\t\t<\/div>\n\t\t\t\t<\/div>\n\t\t\t\t<\/div>\n\t\t","protected":false},"excerpt":{"rendered":"<p>Informacje dotycz\u0105ce przetwarzania danych osobowych Zgodnie z art. 13 i 14 Rozporz\u0105dzenia Parlamentu Europejskiego i Rady (UE) 2016\/679 z dnia 27 kwietnia 2016 r. w sprawie ochrony os\u00f3b fizycznych w zwi\u0105zku z przetwarzaniem danych osobowych i w sprawie swobodnego przep\u0142ywu takich danych oraz uchylenia dyrektywy 95\/46\/WE (dalej r\u00f3wnie\u017c jako \u201eRODO\u201d) Firma: Nazwa: brainit.sk, s.r.o. Siedziba: [&hellip;]<\/p>\n","protected":false},"author":1,"featured_media":0,"parent":0,"menu_order":0,"comment_status":"closed","ping_status":"closed","template":"","meta":{"_acf_changed":false,"footnotes":""},"class_list":["post-24812","page","type-page","status-publish","hentry"],"acf":[],"yoast_head":"<!-- This site is optimized with the Yoast SEO plugin v27.2 - https:\/\/yoast.com\/product\/yoast-seo-wordpress\/ -->\n<title>Informacje dotycz\u0105ce przetwarzania danych osobowych - NFQES.com<\/title>\n<meta name=\"description\" content=\"NFQES przetwarza dane osobowe u\u017cytkownika w celu \u015bwiadczenia us\u0142ug wydawania i weryfikacji zaufanych certyfikat\u00f3w.\" \/>\n<meta name=\"robots\" content=\"index, follow, max-snippet:-1, max-image-preview:large, max-video-preview:-1\" \/>\n<link rel=\"canonical\" href=\"https:\/\/nfqes.com\/pl\/informacje-dotyczace-przetwarzania-danych-osobowych\" \/>\n<meta property=\"og:locale\" content=\"pl_PL\" \/>\n<meta property=\"og:type\" content=\"article\" \/>\n<meta property=\"og:title\" content=\"Informacje dotycz\u0105ce przetwarzania danych osobowych - NFQES.com\" \/>\n<meta property=\"og:description\" content=\"NFQES przetwarza dane osobowe u\u017cytkownika w celu \u015bwiadczenia us\u0142ug wydawania i weryfikacji zaufanych certyfikat\u00f3w.\" \/>\n<meta property=\"og:url\" content=\"https:\/\/nfqes.com\/pl\/informacje-dotyczace-przetwarzania-danych-osobowych\" \/>\n<meta property=\"og:site_name\" content=\"NFQES.com\" \/>\n<meta property=\"article:modified_time\" content=\"2026-02-09T10:11:18+00:00\" \/>\n<meta name=\"twitter:card\" content=\"summary_large_image\" \/>\n<meta name=\"twitter:label1\" content=\"Szacowany czas czytania\" \/>\n\t<meta name=\"twitter:data1\" content=\"4 minuty\" \/>\n<script type=\"application\/ld+json\" class=\"yoast-schema-graph\">{\"@context\":\"https:\/\/schema.org\",\"@graph\":[{\"@type\":\"WebPage\",\"@id\":\"https:\/\/nfqes.com\/pl\/informacje-dotyczace-przetwarzania-danych-osobowych\",\"url\":\"https:\/\/nfqes.com\/pl\/informacje-dotyczace-przetwarzania-danych-osobowych\",\"name\":\"Informacje dotycz\u0105ce przetwarzania danych osobowych - NFQES.com\",\"isPartOf\":{\"@id\":\"https:\/\/nfqes.com\/pl\/#website\"},\"datePublished\":\"2022-12-19T14:17:27+00:00\",\"dateModified\":\"2026-02-09T10:11:18+00:00\",\"description\":\"NFQES przetwarza dane osobowe u\u017cytkownika w celu \u015bwiadczenia us\u0142ug wydawania i weryfikacji zaufanych certyfikat\u00f3w.\",\"breadcrumb\":{\"@id\":\"https:\/\/nfqes.com\/pl\/informacje-dotyczace-przetwarzania-danych-osobowych#breadcrumb\"},\"inLanguage\":\"pl-PL\",\"potentialAction\":[{\"@type\":\"ReadAction\",\"target\":[\"https:\/\/nfqes.com\/pl\/informacje-dotyczace-przetwarzania-danych-osobowych\"]}]},{\"@type\":\"BreadcrumbList\",\"@id\":\"https:\/\/nfqes.com\/pl\/informacje-dotyczace-przetwarzania-danych-osobowych#breadcrumb\",\"itemListElement\":[{\"@type\":\"ListItem\",\"position\":1,\"name\":\"NFQES\",\"item\":\"https:\/\/nfqes.com\/pl\"},{\"@type\":\"ListItem\",\"position\":2,\"name\":\"Informacje dotycz\u0105ce przetwarzania danych osobowych\"}]},{\"@type\":\"WebSite\",\"@id\":\"https:\/\/nfqes.com\/pl\/#website\",\"url\":\"https:\/\/nfqes.com\/pl\/\",\"name\":\"NFQES.com\",\"description\":\"Modern\u00e9 slu\u017eby v oblasti informa\u010dnej bezpe\u010dnosti.\",\"publisher\":{\"@id\":\"https:\/\/nfqes.com\/pl\/#organization\"},\"potentialAction\":[{\"@type\":\"SearchAction\",\"target\":{\"@type\":\"EntryPoint\",\"urlTemplate\":\"https:\/\/nfqes.com\/pl\/?s={search_term_string}\"},\"query-input\":{\"@type\":\"PropertyValueSpecification\",\"valueRequired\":true,\"valueName\":\"search_term_string\"}}],\"inLanguage\":\"pl-PL\"},{\"@type\":\"Organization\",\"@id\":\"https:\/\/nfqes.com\/pl\/#organization\",\"name\":\"NFQES\",\"url\":\"https:\/\/nfqes.com\/pl\/\",\"logo\":{\"@type\":\"ImageObject\",\"inLanguage\":\"pl-PL\",\"@id\":\"https:\/\/nfqes.com\/pl\/#\/schema\/logo\/image\/\",\"url\":\"https:\/\/nfqes.com\/wp-content\/uploads\/2022\/07\/logo-cierne.webp\",\"contentUrl\":\"https:\/\/nfqes.com\/wp-content\/uploads\/2022\/07\/logo-cierne.webp\",\"width\":1169,\"height\":434,\"caption\":\"NFQES\"},\"image\":{\"@id\":\"https:\/\/nfqes.com\/pl\/#\/schema\/logo\/image\/\"}}]}<\/script>\n<!-- \/ Yoast SEO plugin. -->","yoast_head_json":{"title":"Informacje dotycz\u0105ce przetwarzania danych osobowych - NFQES.com","description":"NFQES przetwarza dane osobowe u\u017cytkownika w celu \u015bwiadczenia us\u0142ug wydawania i weryfikacji zaufanych certyfikat\u00f3w.","robots":{"index":"index","follow":"follow","max-snippet":"max-snippet:-1","max-image-preview":"max-image-preview:large","max-video-preview":"max-video-preview:-1"},"canonical":"https:\/\/nfqes.com\/pl\/informacje-dotyczace-przetwarzania-danych-osobowych","og_locale":"pl_PL","og_type":"article","og_title":"Informacje dotycz\u0105ce przetwarzania danych osobowych - NFQES.com","og_description":"NFQES przetwarza dane osobowe u\u017cytkownika w celu \u015bwiadczenia us\u0142ug wydawania i weryfikacji zaufanych certyfikat\u00f3w.","og_url":"https:\/\/nfqes.com\/pl\/informacje-dotyczace-przetwarzania-danych-osobowych","og_site_name":"NFQES.com","article_modified_time":"2026-02-09T10:11:18+00:00","twitter_card":"summary_large_image","twitter_misc":{"Szacowany czas czytania":"4 minuty"},"schema":{"@context":"https:\/\/schema.org","@graph":[{"@type":"WebPage","@id":"https:\/\/nfqes.com\/pl\/informacje-dotyczace-przetwarzania-danych-osobowych","url":"https:\/\/nfqes.com\/pl\/informacje-dotyczace-przetwarzania-danych-osobowych","name":"Informacje dotycz\u0105ce przetwarzania danych osobowych - NFQES.com","isPartOf":{"@id":"https:\/\/nfqes.com\/pl\/#website"},"datePublished":"2022-12-19T14:17:27+00:00","dateModified":"2026-02-09T10:11:18+00:00","description":"NFQES przetwarza dane osobowe u\u017cytkownika w celu \u015bwiadczenia us\u0142ug wydawania i weryfikacji zaufanych certyfikat\u00f3w.","breadcrumb":{"@id":"https:\/\/nfqes.com\/pl\/informacje-dotyczace-przetwarzania-danych-osobowych#breadcrumb"},"inLanguage":"pl-PL","potentialAction":[{"@type":"ReadAction","target":["https:\/\/nfqes.com\/pl\/informacje-dotyczace-przetwarzania-danych-osobowych"]}]},{"@type":"BreadcrumbList","@id":"https:\/\/nfqes.com\/pl\/informacje-dotyczace-przetwarzania-danych-osobowych#breadcrumb","itemListElement":[{"@type":"ListItem","position":1,"name":"NFQES","item":"https:\/\/nfqes.com\/pl"},{"@type":"ListItem","position":2,"name":"Informacje dotycz\u0105ce przetwarzania danych osobowych"}]},{"@type":"WebSite","@id":"https:\/\/nfqes.com\/pl\/#website","url":"https:\/\/nfqes.com\/pl\/","name":"NFQES.com","description":"Modern\u00e9 slu\u017eby v oblasti informa\u010dnej bezpe\u010dnosti.","publisher":{"@id":"https:\/\/nfqes.com\/pl\/#organization"},"potentialAction":[{"@type":"SearchAction","target":{"@type":"EntryPoint","urlTemplate":"https:\/\/nfqes.com\/pl\/?s={search_term_string}"},"query-input":{"@type":"PropertyValueSpecification","valueRequired":true,"valueName":"search_term_string"}}],"inLanguage":"pl-PL"},{"@type":"Organization","@id":"https:\/\/nfqes.com\/pl\/#organization","name":"NFQES","url":"https:\/\/nfqes.com\/pl\/","logo":{"@type":"ImageObject","inLanguage":"pl-PL","@id":"https:\/\/nfqes.com\/pl\/#\/schema\/logo\/image\/","url":"https:\/\/nfqes.com\/wp-content\/uploads\/2022\/07\/logo-cierne.webp","contentUrl":"https:\/\/nfqes.com\/wp-content\/uploads\/2022\/07\/logo-cierne.webp","width":1169,"height":434,"caption":"NFQES"},"image":{"@id":"https:\/\/nfqes.com\/pl\/#\/schema\/logo\/image\/"}}]}},"_links":{"self":[{"href":"https:\/\/nfqes.com\/pl\/wp-json\/wp\/v2\/pages\/24812","targetHints":{"allow":["GET"]}}],"collection":[{"href":"https:\/\/nfqes.com\/pl\/wp-json\/wp\/v2\/pages"}],"about":[{"href":"https:\/\/nfqes.com\/pl\/wp-json\/wp\/v2\/types\/page"}],"author":[{"embeddable":true,"href":"https:\/\/nfqes.com\/pl\/wp-json\/wp\/v2\/users\/1"}],"replies":[{"embeddable":true,"href":"https:\/\/nfqes.com\/pl\/wp-json\/wp\/v2\/comments?post=24812"}],"version-history":[{"count":0,"href":"https:\/\/nfqes.com\/pl\/wp-json\/wp\/v2\/pages\/24812\/revisions"}],"wp:attachment":[{"href":"https:\/\/nfqes.com\/pl\/wp-json\/wp\/v2\/media?parent=24812"}],"curies":[{"name":"wp","href":"https:\/\/api.w.org\/{rel}","templated":true}]}}