{"id":24587,"date":"2023-10-27T09:42:21","date_gmt":"2023-10-27T07:42:21","guid":{"rendered":"https:\/\/nfqes.com\/klient-eid"},"modified":"2024-04-29T12:21:38","modified_gmt":"2024-04-29T10:21:38","slug":"klient-eid","status":"publish","type":"page","link":"https:\/\/nfqes.com\/pl\/klient-eid","title":{"rendered":"Klient eID"},"content":{"rendered":"\t\t<div data-elementor-type=\"wp-page\" data-elementor-id=\"24587\" class=\"elementor elementor-24587 elementor-15484\" data-elementor-post-type=\"page\">\n\t\t\t\t<div class=\"elementor-element elementor-element-b6423d6 e-con-full e-flex e-con e-parent\" data-id=\"b6423d6\" data-element_type=\"container\" data-e-type=\"container\">\n\t\t\t\t<div class=\"elementor-element elementor-element-4b7d4e2 elementor-widget elementor-widget-template\" data-id=\"4b7d4e2\" data-element_type=\"widget\" data-e-type=\"widget\" data-widget_type=\"template.default\">\n\t\t\t\t<div class=\"elementor-widget-container\">\n\t\t\t\t\t\t\t<div class=\"elementor-template\">\n\t\t\t\t\t<div data-elementor-type=\"section\" data-elementor-id=\"24229\" class=\"elementor elementor-24229 elementor-10609 elementor-10609\" data-elementor-post-type=\"elementor_library\">\n\t\t\t<div class=\"elementor-element elementor-element-1233351 e-flex e-con-boxed e-con e-parent\" data-id=\"1233351\" data-element_type=\"container\" data-e-type=\"container\" data-settings=\"{&quot;background_background&quot;:&quot;classic&quot;}\">\n\t\t\t\t\t<div class=\"e-con-inner\">\n\t\t\t\t<div class=\"elementor-element elementor-element-d9c6be3 elementor-widget__width-inherit elementor-widget elementor-widget-heading\" data-id=\"d9c6be3\" data-element_type=\"widget\" data-e-type=\"widget\" data-widget_type=\"heading.default\">\n\t\t\t\t<div class=\"elementor-widget-container\">\n\t\t\t\t\t<h1 class=\"elementor-heading-title elementor-size-default\">Klient eID<\/h1>\t\t\t\t<\/div>\n\t\t\t\t<\/div>\n\t\t<div class=\"elementor-element elementor-element-2b1bd59 e-flex e-con-boxed e-con e-child\" data-id=\"2b1bd59\" data-element_type=\"container\" data-e-type=\"container\">\n\t\t\t\t\t<div class=\"e-con-inner\">\n\t\t\t\t<div class=\"elementor-element elementor-element-5a3eb61 elementor-widget__width-auto elementor-widget elementor-widget-button\" data-id=\"5a3eb61\" data-element_type=\"widget\" data-e-type=\"widget\" data-settings=\"{&quot;motion_fx_motion_fx_scrolling&quot;:&quot;yes&quot;,&quot;motion_fx_devices&quot;:[&quot;desktop&quot;,&quot;laptop&quot;,&quot;tablet&quot;,&quot;mobile&quot;]}\" data-widget_type=\"button.default\">\n\t\t\t\t<div class=\"elementor-widget-container\">\n\t\t\t\t\t\t\t\t\t<div class=\"elementor-button-wrapper\">\n\t\t\t\t\t<a class=\"elementor-button elementor-button-link elementor-size-md\" href=\"https:\/\/zone.nfqes.com\/home\" target=\"_blank\">\n\t\t\t\t\t\t<span class=\"elementor-button-content-wrapper\">\n\t\t\t\t\t\t\t\t\t<span class=\"elementor-button-text\">Wypr\u00f3buj za darmo<\/span>\n\t\t\t\t\t<\/span>\n\t\t\t\t\t<\/a>\n\t\t\t\t<\/div>\n\t\t\t\t\t\t\t\t<\/div>\n\t\t\t\t<\/div>\n\t\t\t\t<div class=\"elementor-element elementor-element-aecf01c elementor-widget__width-auto elementor-widget elementor-widget-button\" data-id=\"aecf01c\" data-element_type=\"widget\" data-e-type=\"widget\" data-widget_type=\"button.default\">\n\t\t\t\t<div class=\"elementor-widget-container\">\n\t\t\t\t\t\t\t\t\t<div class=\"elementor-button-wrapper\">\n\t\t\t\t\t<a class=\"elementor-button elementor-button-link elementor-size-md\" href=\"https:\/\/nfqes.com\/pl\/kontakt\">\n\t\t\t\t\t\t<span class=\"elementor-button-content-wrapper\">\n\t\t\t\t\t\t\t\t\t<span class=\"elementor-button-text\">Zarezerwuj konsultacj\u0119<\/span>\n\t\t\t\t\t<\/span>\n\t\t\t\t\t<\/a>\n\t\t\t\t<\/div>\n\t\t\t\t\t\t\t\t<\/div>\n\t\t\t\t<\/div>\n\t\t\t\t\t<\/div>\n\t\t\t\t<\/div>\n\t\t\t\t\t<\/div>\n\t\t\t\t<\/div>\n\t\t\t\t<\/div>\n\t\t\t\t<\/div>\n\t\t\t\t\t\t<\/div>\n\t\t\t\t<\/div>\n\t\t\t\t<\/div>\n\t\t<div class=\"elementor-element elementor-element-8a53f07 e-flex e-con-boxed e-con e-parent\" data-id=\"8a53f07\" data-element_type=\"container\" data-e-type=\"container\">\n\t\t\t\t\t<div class=\"e-con-inner\">\n\t\t\t\t<div class=\"elementor-element elementor-element-120c8e0 elementor-widget__width-inherit elementor-widget elementor-widget-heading\" data-id=\"120c8e0\" data-element_type=\"widget\" data-e-type=\"widget\" data-widget_type=\"heading.default\">\n\t\t\t\t<div class=\"elementor-widget-container\">\n\t\t\t\t\t<h2 class=\"elementor-heading-title elementor-size-default\">Pliki do pobrania:<\/h2>\t\t\t\t<\/div>\n\t\t\t\t<\/div>\n\t\t\t\t<div class=\"elementor-element elementor-element-96f8ad2 elementor-widget__width-inherit elementor-widget-divider--view-line elementor-invisible elementor-widget elementor-widget-divider\" data-id=\"96f8ad2\" data-element_type=\"widget\" data-e-type=\"widget\" data-settings=\"{&quot;_animation&quot;:&quot;fadeIn&quot;}\" data-widget_type=\"divider.default\">\n\t\t\t\t<div class=\"elementor-widget-container\">\n\t\t\t\t\t\t\t<div class=\"elementor-divider\">\n\t\t\t<span class=\"elementor-divider-separator\">\n\t\t\t\t\t\t<\/span>\n\t\t<\/div>\n\t\t\t\t\t\t<\/div>\n\t\t\t\t<\/div>\n\t\t\t\t<div class=\"elementor-element elementor-element-722a2c2 elementor-widget elementor-widget-text-editor\" data-id=\"722a2c2\" data-element_type=\"widget\" data-e-type=\"widget\" data-widget_type=\"text-editor.default\">\n\t\t\t\t<div class=\"elementor-widget-container\">\n\t\t\t\t\t\t\t\t\t<p>Sterowniki mo\u017cna pobra\u0107 ze strony internetowej <a style=\"color: #2977c9;\" href=\"https:\/\/slovensko.sk\/sk\/na-stiahnutie\" target=\"_blank\" rel=\"noopener\"><strong>https:\/\/slovensko.sk\/sk\/na-stiahnutie<\/strong><\/a>.<\/p>\n\t\t\t\t\t\t\t\t<\/div>\n\t\t\t\t<\/div>\n\t\t\t\t<div class=\"elementor-element elementor-element-e1b39e6 elementor-widget__width-inherit elementor-widget elementor-widget-heading\" data-id=\"e1b39e6\" data-element_type=\"widget\" data-e-type=\"widget\" data-widget_type=\"heading.default\">\n\t\t\t\t<div class=\"elementor-widget-container\">\n\t\t\t\t\t<h2 class=\"elementor-heading-title elementor-size-default\">klient eid<\/h2>\t\t\t\t<\/div>\n\t\t\t\t<\/div>\n\t\t\t\t<div class=\"elementor-element elementor-element-e541878 elementor-widget__width-inherit elementor-widget-divider--view-line elementor-invisible elementor-widget elementor-widget-divider\" data-id=\"e541878\" data-element_type=\"widget\" data-e-type=\"widget\" data-settings=\"{&quot;_animation&quot;:&quot;fadeIn&quot;}\" data-widget_type=\"divider.default\">\n\t\t\t\t<div class=\"elementor-widget-container\">\n\t\t\t\t\t\t\t<div class=\"elementor-divider\">\n\t\t\t<span class=\"elementor-divider-separator\">\n\t\t\t\t\t\t<\/span>\n\t\t<\/div>\n\t\t\t\t\t\t<\/div>\n\t\t\t\t<\/div>\n\t\t\t\t<div class=\"elementor-element elementor-element-87f9d17 elementor-widget__width-initial elementor-widget-mobile__width-inherit elementor-widget elementor-widget-text-editor\" data-id=\"87f9d17\" data-element_type=\"widget\" data-e-type=\"widget\" data-widget_type=\"text-editor.default\">\n\t\t\t\t<div class=\"elementor-widget-container\">\n\t\t\t\t\t\t\t\t\t<p><strong>Opis<\/strong><\/p>\n<p>Wniosek klienta o prawid\u0142owe pos\u0142ugiwanie si\u0119 podpisem na dowodzie osobistym z wykorzystaniem kwalifikowanego podpisu elektronicznego.<\/p>\n<p><strong>Obs\u0142ugiwany system operacyjny:<\/strong><\/p>\n<ul>\n<li>Windows 8.1 (32-bitowy, 64-bitowy)<\/li>\n<li>Windows 10 (32-bitowy, 64-bitowy) a\u017e do 21H1<\/li>\n<li>Windows 11 (21H2)<\/li>\n<li>Windows Server 2012 i 2012 R2 (64-bitowy)<\/li>\n<li>Windows Server 2016 (64-bitowy)<\/li>\n<li>Windows Server 2019 (64-bitowy)<\/li>\n<li>macOS Intel<\/li>\n<li>macOS M1\/M2<\/li>\n<\/ul>\n\t\t\t\t\t\t\t\t<\/div>\n\t\t\t\t<\/div>\n\t\t\t\t<div class=\"elementor-element elementor-element-6b146fe elementor-widget__width-initial elementor-widget-mobile__width-inherit elementor-widget elementor-widget-text-editor\" data-id=\"6b146fe\" data-element_type=\"widget\" data-e-type=\"widget\" data-widget_type=\"text-editor.default\">\n\t\t\t\t<div class=\"elementor-widget-container\">\n\t\t\t\t\t\t\t\t\t<p><b>Instrukcje instalacji sterownik\u00f3w dla systemu Windows:<\/b><\/p>\n<ol>\n<li>Na stronie<span style=\"color: #333333;\"><br \/>\n  <a style=\"color: #333333;\" href=\"https:\/\/www.slovensko.sk\/sk\/titulna-stranka\" target=\"_blank\" rel=\"noopener\"><br \/>\n    <strong> slovensko.sk<\/strong><br \/>\n  <\/a><br \/>\n<\/span> wybierz <strong>system operacyjny<\/strong> MS <strong>Windows<\/strong> i pobierz <strong>aplikacj\u0119 klienck\u0105 eID<\/strong>.<\/li>\n<li>Pobierz podany plik na wybrany dysk i zainstaluj go na swoim urz\u0105dzeniu.<\/li>\n<li>Po instalacji aplikacj\u0119 mo\u017cna uruchomi\u0107 bezpo\u015brednio z menu Start systemu Windows, klikaj\u0105c opcj\u0119 <strong>klienta eID<\/strong>. Aplikacja jest r\u00f3wnie\u017c uruchamiana automatycznie po uruchomieniu komputera, a w takim przypadku mo\u017cna r\u00f3wnie\u017c uruchomi\u0107 aplikacj\u0119 z paska zada\u0144.<\/li>\n<\/ol>\n<p><b>Instrukcje instalacji sterownik\u00f3w dla systemu macOS:<\/b><\/p>\n<ol>\n<li>Na stronie <span style=\"color: #333333;\"><br \/>\n  <a style=\"color: #333333;\" href=\"https:\/\/www.slovensko.sk\/sk\/titulna-stranka\" target=\"_blank\" rel=\"noopener\"><br \/>\n    <strong>slovensko.sk<\/strong><br \/>\n  <\/a><br \/>\n<\/span> nale\u017cy wybra\u0107 system operacyjny <strong>Mac OS<\/strong> i pobra\u0107 aplikacj\u0119 <strong>klienck\u0105 eID<\/strong>.<\/li>\n<li>Pobierz podany plik na wybrany dysk i zainstaluj go na swoim urz\u0105dzeniu.<\/li>\n<li>Po instalacji aplikacj\u0119 mo\u017cna uruchomi\u0107 bezpo\u015brednio z menu <strong>Findera &#8211; Aplikacje<\/strong>, klikaj\u0105c opcj\u0119 <strong>klienta eID<\/strong>. Aplikacja jest r\u00f3wnie\u017c uruchamiana automatycznie po uruchomieniu komputera, a w takim przypadku mo\u017cna r\u00f3wnie\u017c uruchomi\u0107 aplikacj\u0119 za pomoc\u0105 Launchpada.<\/li>\n<\/ol>\n\t\t\t\t\t\t\t\t<\/div>\n\t\t\t\t<\/div>\n\t\t\t\t\t<\/div>\n\t\t\t\t<\/div>\n\t\t\t\t<\/div>\n\t\t","protected":false},"excerpt":{"rendered":"<p>Pliki do pobrania: Sterowniki mo\u017cna pobra\u0107 ze strony internetowej https:\/\/slovensko.sk\/sk\/na-stiahnutie. klient eid Opis Wniosek klienta o prawid\u0142owe pos\u0142ugiwanie si\u0119 podpisem na dowodzie osobistym z wykorzystaniem kwalifikowanego podpisu elektronicznego. Obs\u0142ugiwany system operacyjny: Windows 8.1 (32-bitowy, 64-bitowy) Windows 10 (32-bitowy, 64-bitowy) a\u017e do 21H1 Windows 11 (21H2) Windows Server 2012 i 2012 R2 (64-bitowy) Windows Server 2016 [&hellip;]<\/p>\n","protected":false},"author":1,"featured_media":0,"parent":0,"menu_order":0,"comment_status":"closed","ping_status":"closed","template":"","meta":{"_acf_changed":false,"footnotes":""},"class_list":["post-24587","page","type-page","status-publish","hentry"],"acf":[],"yoast_head":"<!-- This site is optimized with the Yoast SEO plugin v27.2 - https:\/\/yoast.com\/product\/yoast-seo-wordpress\/ -->\n<title>Klient eID do podpisywania za pomoc\u0105 karty identyfikacyjnej | NFQES.com<\/title>\n<meta name=\"description\" content=\"Pobierz wniosek klienta o prawid\u0142owe u\u017cycie podpisu na dowodzie osobistym z wykorzystaniem kwalifikowanego podpisu elektronicznego.\" \/>\n<meta name=\"robots\" content=\"index, follow, max-snippet:-1, max-image-preview:large, max-video-preview:-1\" \/>\n<link rel=\"canonical\" href=\"https:\/\/nfqes.com\/pl\/klient-eid\" \/>\n<meta property=\"og:locale\" content=\"pl_PL\" \/>\n<meta property=\"og:type\" content=\"article\" \/>\n<meta property=\"og:title\" content=\"Klient eID do podpisywania za pomoc\u0105 karty identyfikacyjnej | NFQES.com\" \/>\n<meta property=\"og:description\" content=\"Pobierz wniosek klienta o prawid\u0142owe u\u017cycie podpisu na dowodzie osobistym z wykorzystaniem kwalifikowanego podpisu elektronicznego.\" \/>\n<meta property=\"og:url\" content=\"https:\/\/nfqes.com\/pl\/klient-eid\" \/>\n<meta property=\"og:site_name\" content=\"NFQES.com\" \/>\n<meta property=\"article:modified_time\" content=\"2024-04-29T10:21:38+00:00\" \/>\n<meta name=\"twitter:card\" content=\"summary_large_image\" \/>\n<meta name=\"twitter:label1\" content=\"Szacowany czas czytania\" \/>\n\t<meta name=\"twitter:data1\" content=\"1 minuta\" \/>\n<script type=\"application\/ld+json\" class=\"yoast-schema-graph\">{\"@context\":\"https:\/\/schema.org\",\"@graph\":[{\"@type\":\"WebPage\",\"@id\":\"https:\/\/nfqes.com\/pl\/klient-eid\",\"url\":\"https:\/\/nfqes.com\/pl\/klient-eid\",\"name\":\"Klient eID do podpisywania za pomoc\u0105 karty identyfikacyjnej | NFQES.com\",\"isPartOf\":{\"@id\":\"https:\/\/nfqes.com\/pl\/#website\"},\"datePublished\":\"2023-10-27T07:42:21+00:00\",\"dateModified\":\"2024-04-29T10:21:38+00:00\",\"description\":\"Pobierz wniosek klienta o prawid\u0142owe u\u017cycie podpisu na dowodzie osobistym z wykorzystaniem kwalifikowanego podpisu elektronicznego.\",\"breadcrumb\":{\"@id\":\"https:\/\/nfqes.com\/pl\/klient-eid#breadcrumb\"},\"inLanguage\":\"pl-PL\",\"potentialAction\":[{\"@type\":\"ReadAction\",\"target\":[\"https:\/\/nfqes.com\/pl\/klient-eid\"]}]},{\"@type\":\"BreadcrumbList\",\"@id\":\"https:\/\/nfqes.com\/pl\/klient-eid#breadcrumb\",\"itemListElement\":[{\"@type\":\"ListItem\",\"position\":1,\"name\":\"NFQES\",\"item\":\"https:\/\/nfqes.com\/pl\"},{\"@type\":\"ListItem\",\"position\":2,\"name\":\"Klient eID\"}]},{\"@type\":\"WebSite\",\"@id\":\"https:\/\/nfqes.com\/pl\/#website\",\"url\":\"https:\/\/nfqes.com\/pl\/\",\"name\":\"NFQES.com\",\"description\":\"Modern\u00e9 slu\u017eby v oblasti informa\u010dnej bezpe\u010dnosti.\",\"publisher\":{\"@id\":\"https:\/\/nfqes.com\/pl\/#organization\"},\"potentialAction\":[{\"@type\":\"SearchAction\",\"target\":{\"@type\":\"EntryPoint\",\"urlTemplate\":\"https:\/\/nfqes.com\/pl\/?s={search_term_string}\"},\"query-input\":{\"@type\":\"PropertyValueSpecification\",\"valueRequired\":true,\"valueName\":\"search_term_string\"}}],\"inLanguage\":\"pl-PL\"},{\"@type\":\"Organization\",\"@id\":\"https:\/\/nfqes.com\/pl\/#organization\",\"name\":\"NFQES\",\"url\":\"https:\/\/nfqes.com\/pl\/\",\"logo\":{\"@type\":\"ImageObject\",\"inLanguage\":\"pl-PL\",\"@id\":\"https:\/\/nfqes.com\/pl\/#\/schema\/logo\/image\/\",\"url\":\"https:\/\/nfqes.com\/wp-content\/uploads\/2022\/07\/logo-cierne.webp\",\"contentUrl\":\"https:\/\/nfqes.com\/wp-content\/uploads\/2022\/07\/logo-cierne.webp\",\"width\":1169,\"height\":434,\"caption\":\"NFQES\"},\"image\":{\"@id\":\"https:\/\/nfqes.com\/pl\/#\/schema\/logo\/image\/\"}}]}<\/script>\n<!-- \/ Yoast SEO plugin. -->","yoast_head_json":{"title":"Klient eID do podpisywania za pomoc\u0105 karty identyfikacyjnej | NFQES.com","description":"Pobierz wniosek klienta o prawid\u0142owe u\u017cycie podpisu na dowodzie osobistym z wykorzystaniem kwalifikowanego podpisu elektronicznego.","robots":{"index":"index","follow":"follow","max-snippet":"max-snippet:-1","max-image-preview":"max-image-preview:large","max-video-preview":"max-video-preview:-1"},"canonical":"https:\/\/nfqes.com\/pl\/klient-eid","og_locale":"pl_PL","og_type":"article","og_title":"Klient eID do podpisywania za pomoc\u0105 karty identyfikacyjnej | NFQES.com","og_description":"Pobierz wniosek klienta o prawid\u0142owe u\u017cycie podpisu na dowodzie osobistym z wykorzystaniem kwalifikowanego podpisu elektronicznego.","og_url":"https:\/\/nfqes.com\/pl\/klient-eid","og_site_name":"NFQES.com","article_modified_time":"2024-04-29T10:21:38+00:00","twitter_card":"summary_large_image","twitter_misc":{"Szacowany czas czytania":"1 minuta"},"schema":{"@context":"https:\/\/schema.org","@graph":[{"@type":"WebPage","@id":"https:\/\/nfqes.com\/pl\/klient-eid","url":"https:\/\/nfqes.com\/pl\/klient-eid","name":"Klient eID do podpisywania za pomoc\u0105 karty identyfikacyjnej | NFQES.com","isPartOf":{"@id":"https:\/\/nfqes.com\/pl\/#website"},"datePublished":"2023-10-27T07:42:21+00:00","dateModified":"2024-04-29T10:21:38+00:00","description":"Pobierz wniosek klienta o prawid\u0142owe u\u017cycie podpisu na dowodzie osobistym z wykorzystaniem kwalifikowanego podpisu elektronicznego.","breadcrumb":{"@id":"https:\/\/nfqes.com\/pl\/klient-eid#breadcrumb"},"inLanguage":"pl-PL","potentialAction":[{"@type":"ReadAction","target":["https:\/\/nfqes.com\/pl\/klient-eid"]}]},{"@type":"BreadcrumbList","@id":"https:\/\/nfqes.com\/pl\/klient-eid#breadcrumb","itemListElement":[{"@type":"ListItem","position":1,"name":"NFQES","item":"https:\/\/nfqes.com\/pl"},{"@type":"ListItem","position":2,"name":"Klient eID"}]},{"@type":"WebSite","@id":"https:\/\/nfqes.com\/pl\/#website","url":"https:\/\/nfqes.com\/pl\/","name":"NFQES.com","description":"Modern\u00e9 slu\u017eby v oblasti informa\u010dnej bezpe\u010dnosti.","publisher":{"@id":"https:\/\/nfqes.com\/pl\/#organization"},"potentialAction":[{"@type":"SearchAction","target":{"@type":"EntryPoint","urlTemplate":"https:\/\/nfqes.com\/pl\/?s={search_term_string}"},"query-input":{"@type":"PropertyValueSpecification","valueRequired":true,"valueName":"search_term_string"}}],"inLanguage":"pl-PL"},{"@type":"Organization","@id":"https:\/\/nfqes.com\/pl\/#organization","name":"NFQES","url":"https:\/\/nfqes.com\/pl\/","logo":{"@type":"ImageObject","inLanguage":"pl-PL","@id":"https:\/\/nfqes.com\/pl\/#\/schema\/logo\/image\/","url":"https:\/\/nfqes.com\/wp-content\/uploads\/2022\/07\/logo-cierne.webp","contentUrl":"https:\/\/nfqes.com\/wp-content\/uploads\/2022\/07\/logo-cierne.webp","width":1169,"height":434,"caption":"NFQES"},"image":{"@id":"https:\/\/nfqes.com\/pl\/#\/schema\/logo\/image\/"}}]}},"_links":{"self":[{"href":"https:\/\/nfqes.com\/pl\/wp-json\/wp\/v2\/pages\/24587","targetHints":{"allow":["GET"]}}],"collection":[{"href":"https:\/\/nfqes.com\/pl\/wp-json\/wp\/v2\/pages"}],"about":[{"href":"https:\/\/nfqes.com\/pl\/wp-json\/wp\/v2\/types\/page"}],"author":[{"embeddable":true,"href":"https:\/\/nfqes.com\/pl\/wp-json\/wp\/v2\/users\/1"}],"replies":[{"embeddable":true,"href":"https:\/\/nfqes.com\/pl\/wp-json\/wp\/v2\/comments?post=24587"}],"version-history":[{"count":0,"href":"https:\/\/nfqes.com\/pl\/wp-json\/wp\/v2\/pages\/24587\/revisions"}],"wp:attachment":[{"href":"https:\/\/nfqes.com\/pl\/wp-json\/wp\/v2\/media?parent=24587"}],"curies":[{"name":"wp","href":"https:\/\/api.w.org\/{rel}","templated":true}]}}