{"id":25464,"date":"2023-06-30T10:33:56","date_gmt":"2023-06-30T08:33:56","guid":{"rendered":"https:\/\/nfqes.com\/a-dokumentum-alairasa"},"modified":"2024-05-17T10:36:50","modified_gmt":"2024-05-17T08:36:50","slug":"a-dokumentum-alairasa","status":"publish","type":"page","link":"https:\/\/nfqes.com\/hu\/a-dokumentum-alairasa","title":{"rendered":"A dokumentum al\u00e1\u00edr\u00e1sa"},"content":{"rendered":"\t\t<div data-elementor-type=\"wp-page\" data-elementor-id=\"25464\" class=\"elementor elementor-25464 elementor-25455\" data-elementor-post-type=\"page\">\n\t\t\t\t<div class=\"elementor-element elementor-element-7100c4e e-con-full e-flex e-con e-parent\" data-id=\"7100c4e\" data-element_type=\"container\" data-e-type=\"container\">\n\t\t\t\t<div class=\"elementor-element elementor-element-546ab15 elementor-widget elementor-widget-template\" data-id=\"546ab15\" data-element_type=\"widget\" data-e-type=\"widget\" data-widget_type=\"template.default\">\n\t\t\t\t<div class=\"elementor-widget-container\">\n\t\t\t\t\t\t\t<div class=\"elementor-template\">\n\t\t\t\t\t<div data-elementor-type=\"section\" data-elementor-id=\"24233\" class=\"elementor elementor-24233 elementor-10609 elementor-10609\" data-elementor-post-type=\"elementor_library\">\n\t\t\t<div class=\"elementor-element elementor-element-1233351 e-flex e-con-boxed e-con e-parent\" data-id=\"1233351\" data-element_type=\"container\" data-e-type=\"container\" data-settings=\"{&quot;background_background&quot;:&quot;classic&quot;}\">\n\t\t\t\t\t<div class=\"e-con-inner\">\n\t\t\t\t<div class=\"elementor-element elementor-element-d9c6be3 elementor-widget__width-inherit elementor-widget elementor-widget-heading\" data-id=\"d9c6be3\" data-element_type=\"widget\" data-e-type=\"widget\" data-widget_type=\"heading.default\">\n\t\t\t\t<div class=\"elementor-widget-container\">\n\t\t\t\t\t<h1 class=\"elementor-heading-title elementor-size-default\">A dokumentum al\u00e1\u00edr\u00e1sa<\/h1>\t\t\t\t<\/div>\n\t\t\t\t<\/div>\n\t\t<div class=\"elementor-element elementor-element-2b1bd59 e-flex e-con-boxed e-con e-child\" data-id=\"2b1bd59\" data-element_type=\"container\" data-e-type=\"container\">\n\t\t\t\t\t<div class=\"e-con-inner\">\n\t\t\t\t<div class=\"elementor-element elementor-element-5a3eb61 elementor-widget__width-auto elementor-widget elementor-widget-button\" data-id=\"5a3eb61\" data-element_type=\"widget\" data-e-type=\"widget\" data-settings=\"{&quot;motion_fx_motion_fx_scrolling&quot;:&quot;yes&quot;,&quot;motion_fx_devices&quot;:[&quot;desktop&quot;,&quot;laptop&quot;,&quot;tablet&quot;,&quot;mobile&quot;]}\" data-widget_type=\"button.default\">\n\t\t\t\t<div class=\"elementor-widget-container\">\n\t\t\t\t\t\t\t\t\t<div class=\"elementor-button-wrapper\">\n\t\t\t\t\t<a class=\"elementor-button elementor-button-link elementor-size-md\" href=\"https:\/\/zone.nfqes.com\/home\" target=\"_blank\">\n\t\t\t\t\t\t<span class=\"elementor-button-content-wrapper\">\n\t\t\t\t\t\t\t\t\t<span class=\"elementor-button-text\">Pr\u00f3b\u00e1lja ki ingyen<\/span>\n\t\t\t\t\t<\/span>\n\t\t\t\t\t<\/a>\n\t\t\t\t<\/div>\n\t\t\t\t\t\t\t\t<\/div>\n\t\t\t\t<\/div>\n\t\t\t\t<div class=\"elementor-element elementor-element-aecf01c elementor-widget__width-auto elementor-widget elementor-widget-button\" data-id=\"aecf01c\" data-element_type=\"widget\" data-e-type=\"widget\" data-widget_type=\"button.default\">\n\t\t\t\t<div class=\"elementor-widget-container\">\n\t\t\t\t\t\t\t\t\t<div class=\"elementor-button-wrapper\">\n\t\t\t\t\t<a class=\"elementor-button elementor-button-link elementor-size-md\" href=\"https:\/\/nfqes.com\/hu\/kapcsolat\">\n\t\t\t\t\t\t<span class=\"elementor-button-content-wrapper\">\n\t\t\t\t\t\t\t\t\t<span class=\"elementor-button-text\">Foglaljon konzult\u00e1ci\u00f3t<\/span>\n\t\t\t\t\t<\/span>\n\t\t\t\t\t<\/a>\n\t\t\t\t<\/div>\n\t\t\t\t\t\t\t\t<\/div>\n\t\t\t\t<\/div>\n\t\t\t\t\t<\/div>\n\t\t\t\t<\/div>\n\t\t\t\t\t<\/div>\n\t\t\t\t<\/div>\n\t\t\t\t<\/div>\n\t\t\t\t<\/div>\n\t\t\t\t\t\t<\/div>\n\t\t\t\t<\/div>\n\t\t\t\t<div class=\"elementor-element elementor-element-7c96471 elementor-align-right elementor-widget__width-auto elementor-widget-mobile__width-initial elementor-fixed elementor-hidden-tablet elementor-hidden-mobile elementor-widget elementor-widget-button\" data-id=\"7c96471\" data-element_type=\"widget\" data-e-type=\"widget\" data-settings=\"{&quot;_position&quot;:&quot;fixed&quot;}\" data-widget_type=\"button.default\">\n\t\t\t\t<div class=\"elementor-widget-container\">\n\t\t\t\t\t\t\t\t\t<div class=\"elementor-button-wrapper\">\n\t\t\t\t\t<a class=\"elementor-button elementor-button-link elementor-size-xs elementor-animation-shrink\" href=\"https:\/\/zone.nfqes.com\/home\" target=\"_blank\">\n\t\t\t\t\t\t<span class=\"elementor-button-content-wrapper\">\n\t\t\t\t\t\t\t\t\t<span class=\"elementor-button-text\">Szeretn\u00e9m kipr\u00f3b\u00e1lni a <\/br> ingyenesen!<\/span>\n\t\t\t\t\t<\/span>\n\t\t\t\t\t<\/a>\n\t\t\t\t<\/div>\n\t\t\t\t\t\t\t\t<\/div>\n\t\t\t\t<\/div>\n\t\t\t\t<\/div>\n\t\t<div class=\"elementor-element elementor-element-54635b8 e-flex e-con-boxed e-con e-parent\" data-id=\"54635b8\" data-element_type=\"container\" data-e-type=\"container\">\n\t\t\t\t\t<div class=\"e-con-inner\">\n\t\t\t\t<div class=\"elementor-element elementor-element-698d4da elementor-widget elementor-widget-shortcode\" data-id=\"698d4da\" data-element_type=\"widget\" data-e-type=\"widget\" data-widget_type=\"shortcode.default\">\n\t\t\t\t<div class=\"elementor-widget-container\">\n\t\t\t\t\t\t\t<div class=\"elementor-shortcode\"><style>iframe{width: 1px; min-width: 100%}<\/style><iframe id=\"myIframe\" src=\"https:\/\/zone.nfqes.com\/SignModule\/qscd?lang=en\" title=\"Sign document\"><\/iframe><script>iFrameResize({ log: false,checkOrigin: false }, '#myIframe')<\/script><\/div>\n\t\t\t\t\t\t<\/div>\n\t\t\t\t<\/div>\n\t\t\t\t\t<\/div>\n\t\t\t\t<\/div>\n\t\t\t\t<\/div>\n\t\t","protected":false},"excerpt":{"rendered":"<p>Szeretn\u00e9m kipr\u00f3b\u00e1lni a ingyenesen!<\/p>\n","protected":false},"author":1,"featured_media":0,"parent":0,"menu_order":0,"comment_status":"closed","ping_status":"closed","template":"","meta":{"_acf_changed":false,"footnotes":""},"class_list":["post-25464","page","type-page","status-publish","hentry"],"acf":[],"yoast_head":"<!-- This site is optimized with the Yoast SEO plugin v27.2 - https:\/\/yoast.com\/product\/yoast-seo-wordpress\/ -->\n<title>A dokumentum al\u00e1\u00edr\u00e1sa - NFQES.com<\/title>\n<meta name=\"robots\" content=\"noindex, follow\" \/>\n<meta property=\"og:locale\" content=\"hu_HU\" \/>\n<meta property=\"og:type\" content=\"article\" \/>\n<meta property=\"og:title\" content=\"A dokumentum al\u00e1\u00edr\u00e1sa | NFQES.com\" \/>\n<meta property=\"og:description\" content=\"Szeretn\u00e9m kipr\u00f3b\u00e1lni a ingyenesen!\" \/>\n<meta property=\"og:url\" content=\"https:\/\/nfqes.com\/hu\/a-dokumentum-alairasa\" \/>\n<meta property=\"og:site_name\" content=\"NFQES.com\" \/>\n<meta property=\"article:modified_time\" content=\"2024-05-17T08:36:50+00:00\" \/>\n<meta property=\"og:image\" content=\"https:\/\/nfqes.com\/wp-content\/uploads\/2022\/07\/el-podpis-1024x983.webp\" \/>\n<meta name=\"twitter:card\" content=\"summary_large_image\" \/>\n<script type=\"application\/ld+json\" class=\"yoast-schema-graph\">{\"@context\":\"https:\/\/schema.org\",\"@graph\":[{\"@type\":\"WebPage\",\"@id\":\"https:\/\/nfqes.com\/hu\/a-dokumentum-alairasa\",\"url\":\"https:\/\/nfqes.com\/hu\/a-dokumentum-alairasa\",\"name\":\"A dokumentum al\u00e1\u00edr\u00e1sa - NFQES.com\",\"isPartOf\":{\"@id\":\"https:\/\/nfqes.com\/hu\/#website\"},\"datePublished\":\"2023-06-30T08:33:56+00:00\",\"dateModified\":\"2024-05-17T08:36:50+00:00\",\"breadcrumb\":{\"@id\":\"https:\/\/nfqes.com\/hu\/a-dokumentum-alairasa#breadcrumb\"},\"inLanguage\":\"hu\",\"potentialAction\":[{\"@type\":\"ReadAction\",\"target\":[\"https:\/\/nfqes.com\/hu\/a-dokumentum-alairasa\"]}]},{\"@type\":\"BreadcrumbList\",\"@id\":\"https:\/\/nfqes.com\/hu\/a-dokumentum-alairasa#breadcrumb\",\"itemListElement\":[{\"@type\":\"ListItem\",\"position\":1,\"name\":\"NFQES\",\"item\":\"https:\/\/nfqes.com\/hu\"},{\"@type\":\"ListItem\",\"position\":2,\"name\":\"A dokumentum al\u00e1\u00edr\u00e1sa\"}]},{\"@type\":\"WebSite\",\"@id\":\"https:\/\/nfqes.com\/hu\/#website\",\"url\":\"https:\/\/nfqes.com\/hu\/\",\"name\":\"NFQES.com\",\"description\":\"Modern\u00e9 slu\u017eby v oblasti informa\u010dnej bezpe\u010dnosti.\",\"publisher\":{\"@id\":\"https:\/\/nfqes.com\/hu\/#organization\"},\"potentialAction\":[{\"@type\":\"SearchAction\",\"target\":{\"@type\":\"EntryPoint\",\"urlTemplate\":\"https:\/\/nfqes.com\/hu\/?s={search_term_string}\"},\"query-input\":{\"@type\":\"PropertyValueSpecification\",\"valueRequired\":true,\"valueName\":\"search_term_string\"}}],\"inLanguage\":\"hu\"},{\"@type\":\"Organization\",\"@id\":\"https:\/\/nfqes.com\/hu\/#organization\",\"name\":\"NFQES\",\"url\":\"https:\/\/nfqes.com\/hu\/\",\"logo\":{\"@type\":\"ImageObject\",\"inLanguage\":\"hu\",\"@id\":\"https:\/\/nfqes.com\/hu\/#\/schema\/logo\/image\/\",\"url\":\"https:\/\/nfqes.com\/wp-content\/uploads\/2022\/07\/logo-cierne.webp\",\"contentUrl\":\"https:\/\/nfqes.com\/wp-content\/uploads\/2022\/07\/logo-cierne.webp\",\"width\":1169,\"height\":434,\"caption\":\"NFQES\"},\"image\":{\"@id\":\"https:\/\/nfqes.com\/hu\/#\/schema\/logo\/image\/\"}}]}<\/script>\n<!-- \/ Yoast SEO plugin. -->","yoast_head_json":{"title":"A dokumentum al\u00e1\u00edr\u00e1sa - NFQES.com","robots":{"index":"noindex","follow":"follow"},"og_locale":"hu_HU","og_type":"article","og_title":"A dokumentum al\u00e1\u00edr\u00e1sa | NFQES.com","og_description":"Szeretn\u00e9m kipr\u00f3b\u00e1lni a ingyenesen!","og_url":"https:\/\/nfqes.com\/hu\/a-dokumentum-alairasa","og_site_name":"NFQES.com","article_modified_time":"2024-05-17T08:36:50+00:00","og_image":[{"url":"https:\/\/nfqes.com\/wp-content\/uploads\/2022\/07\/el-podpis-1024x983.webp","type":"","width":"","height":""}],"twitter_card":"summary_large_image","schema":{"@context":"https:\/\/schema.org","@graph":[{"@type":"WebPage","@id":"https:\/\/nfqes.com\/hu\/a-dokumentum-alairasa","url":"https:\/\/nfqes.com\/hu\/a-dokumentum-alairasa","name":"A dokumentum al\u00e1\u00edr\u00e1sa - NFQES.com","isPartOf":{"@id":"https:\/\/nfqes.com\/hu\/#website"},"datePublished":"2023-06-30T08:33:56+00:00","dateModified":"2024-05-17T08:36:50+00:00","breadcrumb":{"@id":"https:\/\/nfqes.com\/hu\/a-dokumentum-alairasa#breadcrumb"},"inLanguage":"hu","potentialAction":[{"@type":"ReadAction","target":["https:\/\/nfqes.com\/hu\/a-dokumentum-alairasa"]}]},{"@type":"BreadcrumbList","@id":"https:\/\/nfqes.com\/hu\/a-dokumentum-alairasa#breadcrumb","itemListElement":[{"@type":"ListItem","position":1,"name":"NFQES","item":"https:\/\/nfqes.com\/hu"},{"@type":"ListItem","position":2,"name":"A dokumentum al\u00e1\u00edr\u00e1sa"}]},{"@type":"WebSite","@id":"https:\/\/nfqes.com\/hu\/#website","url":"https:\/\/nfqes.com\/hu\/","name":"NFQES.com","description":"Modern\u00e9 slu\u017eby v oblasti informa\u010dnej bezpe\u010dnosti.","publisher":{"@id":"https:\/\/nfqes.com\/hu\/#organization"},"potentialAction":[{"@type":"SearchAction","target":{"@type":"EntryPoint","urlTemplate":"https:\/\/nfqes.com\/hu\/?s={search_term_string}"},"query-input":{"@type":"PropertyValueSpecification","valueRequired":true,"valueName":"search_term_string"}}],"inLanguage":"hu"},{"@type":"Organization","@id":"https:\/\/nfqes.com\/hu\/#organization","name":"NFQES","url":"https:\/\/nfqes.com\/hu\/","logo":{"@type":"ImageObject","inLanguage":"hu","@id":"https:\/\/nfqes.com\/hu\/#\/schema\/logo\/image\/","url":"https:\/\/nfqes.com\/wp-content\/uploads\/2022\/07\/logo-cierne.webp","contentUrl":"https:\/\/nfqes.com\/wp-content\/uploads\/2022\/07\/logo-cierne.webp","width":1169,"height":434,"caption":"NFQES"},"image":{"@id":"https:\/\/nfqes.com\/hu\/#\/schema\/logo\/image\/"}}]}},"_links":{"self":[{"href":"https:\/\/nfqes.com\/hu\/wp-json\/wp\/v2\/pages\/25464","targetHints":{"allow":["GET"]}}],"collection":[{"href":"https:\/\/nfqes.com\/hu\/wp-json\/wp\/v2\/pages"}],"about":[{"href":"https:\/\/nfqes.com\/hu\/wp-json\/wp\/v2\/types\/page"}],"author":[{"embeddable":true,"href":"https:\/\/nfqes.com\/hu\/wp-json\/wp\/v2\/users\/1"}],"replies":[{"embeddable":true,"href":"https:\/\/nfqes.com\/hu\/wp-json\/wp\/v2\/comments?post=25464"}],"version-history":[{"count":0,"href":"https:\/\/nfqes.com\/hu\/wp-json\/wp\/v2\/pages\/25464\/revisions"}],"wp:attachment":[{"href":"https:\/\/nfqes.com\/hu\/wp-json\/wp\/v2\/media?parent=25464"}],"curies":[{"name":"wp","href":"https:\/\/api.w.org\/{rel}","templated":true}]}}