{"id":24808,"date":"2022-12-19T15:17:27","date_gmt":"2022-12-19T14:17:27","guid":{"rendered":"https:\/\/nfqes.com\/tajekoztatas-a-szemelyes-adatok-feldolgozasarol"},"modified":"2026-02-09T11:10:07","modified_gmt":"2026-02-09T10:10:07","slug":"tajekoztatas-a-szemelyes-adatok-feldolgozasarol","status":"publish","type":"page","link":"https:\/\/nfqes.com\/hu\/tajekoztatas-a-szemelyes-adatok-feldolgozasarol","title":{"rendered":"T\u00e1j\u00e9koztat\u00e1s a szem\u00e9lyes adatok feldolgoz\u00e1s\u00e1r\u00f3l"},"content":{"rendered":"\t\t<div data-elementor-type=\"wp-page\" data-elementor-id=\"24808\" class=\"elementor elementor-24808 elementor-2520\" data-elementor-post-type=\"page\">\n\t\t\t\t<div class=\"elementor-element elementor-element-cef8e35 e-con-full e-flex e-con e-parent\" data-id=\"cef8e35\" data-element_type=\"container\" data-e-type=\"container\">\n\t\t\t\t<div class=\"elementor-element elementor-element-6e1ba09 elementor-widget elementor-widget-template\" data-id=\"6e1ba09\" data-element_type=\"widget\" data-e-type=\"widget\" data-widget_type=\"template.default\">\n\t\t\t\t<div class=\"elementor-widget-container\">\n\t\t\t\t\t\t\t<div class=\"elementor-template\">\n\t\t\t\t\t<div data-elementor-type=\"section\" data-elementor-id=\"24233\" class=\"elementor elementor-24233 elementor-10609 elementor-10609\" data-elementor-post-type=\"elementor_library\">\n\t\t\t<div class=\"elementor-element elementor-element-1233351 e-flex e-con-boxed e-con e-parent\" data-id=\"1233351\" data-element_type=\"container\" data-e-type=\"container\" data-settings=\"{&quot;background_background&quot;:&quot;classic&quot;}\">\n\t\t\t\t\t<div class=\"e-con-inner\">\n\t\t\t\t<div class=\"elementor-element elementor-element-d9c6be3 elementor-widget__width-inherit elementor-widget elementor-widget-heading\" data-id=\"d9c6be3\" data-element_type=\"widget\" data-e-type=\"widget\" data-widget_type=\"heading.default\">\n\t\t\t\t<div class=\"elementor-widget-container\">\n\t\t\t\t\t<h1 class=\"elementor-heading-title elementor-size-default\">T\u00e1j\u00e9koztat\u00e1s a szem\u00e9lyes adatok feldolgoz\u00e1s\u00e1r\u00f3l<\/h1>\t\t\t\t<\/div>\n\t\t\t\t<\/div>\n\t\t<div class=\"elementor-element elementor-element-2b1bd59 e-flex e-con-boxed e-con e-child\" data-id=\"2b1bd59\" data-element_type=\"container\" data-e-type=\"container\">\n\t\t\t\t\t<div class=\"e-con-inner\">\n\t\t\t\t<div class=\"elementor-element elementor-element-5a3eb61 elementor-widget__width-auto elementor-widget elementor-widget-button\" data-id=\"5a3eb61\" data-element_type=\"widget\" data-e-type=\"widget\" data-settings=\"{&quot;motion_fx_motion_fx_scrolling&quot;:&quot;yes&quot;,&quot;motion_fx_devices&quot;:[&quot;desktop&quot;,&quot;laptop&quot;,&quot;tablet&quot;,&quot;mobile&quot;]}\" data-widget_type=\"button.default\">\n\t\t\t\t<div class=\"elementor-widget-container\">\n\t\t\t\t\t\t\t\t\t<div class=\"elementor-button-wrapper\">\n\t\t\t\t\t<a class=\"elementor-button elementor-button-link elementor-size-md\" href=\"https:\/\/zone.nfqes.com\/home\" target=\"_blank\">\n\t\t\t\t\t\t<span class=\"elementor-button-content-wrapper\">\n\t\t\t\t\t\t\t\t\t<span class=\"elementor-button-text\">Pr\u00f3b\u00e1lja ki ingyen<\/span>\n\t\t\t\t\t<\/span>\n\t\t\t\t\t<\/a>\n\t\t\t\t<\/div>\n\t\t\t\t\t\t\t\t<\/div>\n\t\t\t\t<\/div>\n\t\t\t\t<div class=\"elementor-element elementor-element-aecf01c elementor-widget__width-auto elementor-widget elementor-widget-button\" data-id=\"aecf01c\" data-element_type=\"widget\" data-e-type=\"widget\" data-widget_type=\"button.default\">\n\t\t\t\t<div class=\"elementor-widget-container\">\n\t\t\t\t\t\t\t\t\t<div class=\"elementor-button-wrapper\">\n\t\t\t\t\t<a class=\"elementor-button elementor-button-link elementor-size-md\" href=\"https:\/\/nfqes.com\/hu\/kapcsolat\">\n\t\t\t\t\t\t<span class=\"elementor-button-content-wrapper\">\n\t\t\t\t\t\t\t\t\t<span class=\"elementor-button-text\">Foglaljon konzult\u00e1ci\u00f3t<\/span>\n\t\t\t\t\t<\/span>\n\t\t\t\t\t<\/a>\n\t\t\t\t<\/div>\n\t\t\t\t\t\t\t\t<\/div>\n\t\t\t\t<\/div>\n\t\t\t\t\t<\/div>\n\t\t\t\t<\/div>\n\t\t\t\t\t<\/div>\n\t\t\t\t<\/div>\n\t\t\t\t<\/div>\n\t\t\t\t<\/div>\n\t\t\t\t\t\t<\/div>\n\t\t\t\t<\/div>\n\t\t\t\t<\/div>\n\t\t<div class=\"elementor-element elementor-element-f2e659a e-flex e-con-boxed e-con e-parent\" data-id=\"f2e659a\" data-element_type=\"container\" data-e-type=\"container\">\n\t\t\t\t\t<div class=\"e-con-inner\">\n\t\t\t\t<div class=\"elementor-element elementor-element-54d0554 elementor-widget elementor-widget-text-editor\" data-id=\"54d0554\" data-element_type=\"widget\" data-e-type=\"widget\" data-widget_type=\"text-editor.default\">\n\t\t\t\t<div class=\"elementor-widget-container\">\n\t\t\t\t\t\t\t\t\t<p><strong>T\u00e1j\u00e9koztat\u00e1s a szem\u00e9lyes adatok feldolgoz\u00e1s\u00e1r\u00f3l<\/strong><\/p><p>A term\u00e9szetes szem\u00e9lyeknek a szem\u00e9lyes adatok kezel\u00e9se tekintet\u00e9ben t\u00f6rt\u00e9n\u0151 v\u00e9delm\u00e9r\u0151l \u00e9s az ilyen adatok szabad \u00e1raml\u00e1s\u00e1r\u00f3l, valamint a 95\/46\/EK ir\u00e1nyelv hat\u00e1lyon k\u00edv\u00fcl helyez\u00e9s\u00e9r\u0151l sz\u00f3l\u00f3, 2016. \u00e1prilis 27-i (EU) 2016\/679 eur\u00f3pai parlamenti \u00e9s tan\u00e1csi rendelet (a tov\u00e1bbiakban: GDPR) 13. \u00e9s 14. cikkei alapj\u00e1n.<\/p><p><strong><em>C\u00e9g:<\/em><\/strong><\/p><p>N\u00e9v: brainit.sk, s.r.o.<\/p><p>Sz\u00e9khely: Ve\u013ek\u00fd diel 3323, 010 08 \u017dilina<\/p><p>I\u010cO: 52577465<\/p><p>DI\u010c: 2121068763<\/p><p>I\u010c DPH: SK 2121068763<\/p><p><em><strong>El\u00e9rhet\u0151s\u00e9gek:<\/strong><\/em><\/p><p><a href=\"mailto:support@nfqes.sk\">support@nfqes.sk<\/a><\/p><p><em><strong>Felel\u0151s kapcsolattart\u00f3 szem\u00e9ly:<\/strong><\/em><\/p><p><a href=\"mailto:gdpr@brainit.sk\">gdpr@brainit.sk<\/a><\/p><p>amely az \u00d6n \u00e1ltal ig\u00e9nyelt megb\u00edzhat\u00f3 tan\u00fas\u00edtv\u00e1nyszolg\u00e1ltat\u00e1sok szolg\u00e1ltat\u00f3ja, az al\u00e1bbiak szerint kezeli az \u00d6n szem\u00e9lyes adatait (a tov\u00e1bbiakban: \u201ePII\u201d), amelyeket a vonatkoz\u00f3 jogszab\u00e1lyoknak megfelel\u0151en k\u00f6teles megadni neki.<\/p><p><strong>A feldolgoz\u00e1s c\u00e9lja<\/strong><\/p><p>Megb\u00edzhat\u00f3 tan\u00fas\u00edtv\u00e1nyszolg\u00e1ltat\u00e1sok ny\u00fajt\u00e1sa \u00e9s a kapcsol\u00f3d\u00f3 jogi ig\u00e9nyek bizony\u00edt\u00e1sa, \u00e9rv\u00e9nyes\u00edt\u00e9se \u00e9s v\u00e9delme.<\/p><p><strong>Jogalap<\/strong><\/p><p>Jogi k\u00f6telezetts\u00e9g\u00fcnk az al\u00e1bbi rendeletek \u00e9s szabv\u00e1nyok szerint<\/p><ul><li>910\/2014\/EU rendelet a bels\u0151 piacon az elektronikus tranzakci\u00f3khoz kapcsol\u00f3d\u00f3 elektronikus azonos\u00edt\u00e1sr\u00f3l \u00e9s bizalmi szolg\u00e1ltat\u00e1sokr\u00f3l<\/li><li>272\/2016. sz. t\u00f6rv\u00e9ny a bels\u0151 piaci elektronikus \u00fcgyletekhez kapcsol\u00f3d\u00f3 bizalmi szolg\u00e1ltat\u00e1sokr\u00f3l (\u201ea t\u00f6rv\u00e9ny\u201d).<\/li><li>a bizalmi szolg\u00e1ltat\u00e1sok ny\u00fajt\u00e1s\u00e1ra vonatkoz\u00f3 ETSI-szabv\u00e1nyok<\/li><\/ul><p><strong>Forr\u00e1s OU<\/strong><\/p><p>\u00d6n vagy az a szem\u00e9ly, akinek a bizalmi szolg\u00e1ltat\u00e1st ny\u00fajtj\u00e1k, amelynek keret\u00e9ben az igazol\u00e1st az \u00d6n sz\u00e1m\u00e1ra ki\u00e1ll\u00edtj\u00e1k.<\/p><p><strong>A RoO kedvezm\u00e9nyezettje<\/strong><\/p><ul><li>Az elektronikus al\u00e1\u00edr\u00e1sra vonatkoz\u00f3 min\u0151s\u00edtett tan\u00fas\u00edtv\u00e1nyt \u00e9s \u00edgy az abban szerepl\u0151 szem\u00e9lyes adatokat a t\u00f6rv\u00e9ny 6. \u00a7 (2) bekezd\u00e9s\u00e9nek megfelel\u0151en a Nemzetbiztons\u00e1gi Hat\u00f3s\u00e1g r\u00e9sz\u00e9re tov\u00e1bb\u00edtj\u00e1k.<\/li><li>ha a t\u00f6rv\u00e9ny 4. szakasz\u00e1nak (2) bekezd\u00e9s\u00e9vel \u00f6sszhangban megsz\u00fcntetj\u00fck egy m\u00e1sik bizalmi szolg\u00e1ltat\u00f3 vagy a Nemzetbiztons\u00e1gi Hat\u00f3s\u00e1g \u00e1ltal ny\u00fajtott bizalmi szolg\u00e1ltat\u00e1sok ny\u00fajt\u00e1s\u00e1t<\/li><li>Regisztr\u00e1ci\u00f3s hat\u00f3s\u00e1g<\/li><\/ul><p><strong>Az OA megtart\u00e1s\u00e1nak id\u0151tartama<\/strong><\/p><ul><li>Ha a min\u0151s\u00edtett tan\u00fas\u00edtv\u00e1nyt a sz\u00f3ban forg\u00f3 tan\u00fas\u00edtv\u00e1ny visszavon\u00e1s\u00e1t\u00f3l vagy lej\u00e1rat\u00e1t\u00f3l sz\u00e1m\u00edtott 10 \u00e9v m\u00falva adj\u00e1k ki.<\/li><li>ha \u201enem min\u0151s\u00edtett\u201d bizony\u00edtv\u00e1nyt adnak ki, a sz\u00f3ban forg\u00f3 bizony\u00edtv\u00e1ny visszavon\u00e1s\u00e1t\u00f3l vagy lej\u00e1rat\u00e1t\u00f3l sz\u00e1m\u00edtott 7 \u00e9v eltelt\u00e9vel<\/li><\/ul><p><strong>Az \u00d6n jogai<\/strong><\/p><p>A GDPR \u00e9rtelm\u00e9ben \u00d6nnek joga van ahhoz, hogy:<\/p><ul><li>az \u00d6n szem\u00e9lyes adataihoz val\u00f3 hozz\u00e1f\u00e9r\u00e9s, amely mag\u00e1ban foglalja azt a jogot, hogy meger\u0151s\u00edt\u00e9st kapjon arr\u00f3l, hogy kezel\u00fcnk-e \u00d6nr\u0151l szem\u00e9lyes adatokat, \u00e9s ha igen, akkor azt a jogot, hogy t\u00e1j\u00e9koztat\u00e1st kapjon az ilyen adatok feldolgoz\u00e1s\u00e1r\u00f3l (a feldolgoz\u00e1s c\u00e9lja, a szem\u00e9lyes adatok kateg\u00f3ri\u00e1i, a szem\u00e9lyes adatok c\u00edmzettjei, a meg\u0151rz\u00e9s id\u0151tartama, a szem\u00e9lyes adatok forr\u00e1sa stb.),<\/li><li>az \u00d6n helytelen vagy elavult szem\u00e9lyes adatainak helyesb\u00edt\u00e9se, valamint azok friss\u00edt\u00e9se \u00e9s kieg\u00e9sz\u00edt\u00e9se (a feldolgoz\u00e1s t\u00edpus\u00e1t\u00f3l f\u00fcgg\u0151en),<\/li><li>az \u00d6n szem\u00e9lyes adatainak feldolgoz\u00e1s\u00e1nak korl\u00e1toz\u00e1sa, ha:<\/li><li>megk\u00e9rd\u0151jelezi szem\u00e9lyes adatainak pontoss\u00e1g\u00e1t azon id\u0151 alatt, am\u00edg mi ellen\u0151rizz\u00fck azok pontoss\u00e1g\u00e1t,<\/li><li>a feldolgoz\u00e1s jogellenes, \u00d6n tiltakozik szem\u00e9lyes adatainak t\u00f6rl\u00e9se ellen, \u00e9s ehelyett k\u00e9ri azok felhaszn\u00e1l\u00e1s\u00e1nak korl\u00e1toz\u00e1s\u00e1t,<\/li><li>nincs sz\u00fcks\u00e9g\u00fcnk az \u00d6n adataira, de sz\u00fcks\u00e9g\u00fcnk van r\u00e1juk jogi ig\u00e9nyek bizony\u00edt\u00e1s\u00e1hoz, \u00e9rv\u00e9nyes\u00edt\u00e9s\u00e9hez vagy v\u00e9delm\u00e9hez,<\/li><li>az \u00d6n szem\u00e9lyes adatainak t\u00f6rl\u00e9s\u00e9re (kiv\u00e9ve, ha a GDPR 17. cikk\u00e9nek (3) bekezd\u00e9s\u00e9ben foglalt indokok valamelyike teljes\u00fcl), amennyiben a szem\u00e9lyes adatok:<\/li><li>Sz\u00fcks\u00e9gtelenek ahhoz a c\u00e9lhoz, amelyhez megszerezt\u00fck vagy feldolgoztuk \u0151ket,<\/li><li>jogellenesen dolgozt\u00e1k fel,<\/li><li>azt t\u00f6r\u00f6lni kell annak \u00e9rdek\u00e9ben, hogy eleget tudjunk tenni jogi k\u00f6telezetts\u00e9g\u00fcnknek,<\/li><li>az Adatv\u00e9delmi Hat\u00f3s\u00e1gn\u00e1l t\u00f6rt\u00e9n\u0151 panaszt\u00e9tel joga.<\/li><\/ul><p>E jogok n\u00e9melyike csak bizonyos, a GDPR-ban r\u00e9szletesebben meghat\u00e1rozott kiv\u00e9telekkel \u00e9rv\u00e9nyes, \u00e9s csak azzal a felt\u00e9tellel, hogy \u00d6nt azonos\u00edtani tudom &#8211; k\u00e9r\u00e9seit e jogi felt\u00e9teleknek megfelel\u0151en fogadjuk el. Jogait vel\u00fcnk szemben pap\u00edron vagy elektronikus form\u00e1ban gyakorolhatja, ha kapcsolatba l\u00e9p vel\u00fcnk a jelen t\u00e1j\u00e9koztat\u00f3 fejl\u00e9c\u00e9ben megadott el\u00e9rhet\u0151s\u00e9geken.<\/p>\t\t\t\t\t\t\t\t<\/div>\n\t\t\t\t<\/div>\n\t\t\t\t\t<\/div>\n\t\t\t\t<\/div>\n\t\t\t\t<\/div>\n\t\t","protected":false},"excerpt":{"rendered":"<p>T\u00e1j\u00e9koztat\u00e1s a szem\u00e9lyes adatok feldolgoz\u00e1s\u00e1r\u00f3l A term\u00e9szetes szem\u00e9lyeknek a szem\u00e9lyes adatok kezel\u00e9se tekintet\u00e9ben t\u00f6rt\u00e9n\u0151 v\u00e9delm\u00e9r\u0151l \u00e9s az ilyen adatok szabad \u00e1raml\u00e1s\u00e1r\u00f3l, valamint a 95\/46\/EK ir\u00e1nyelv hat\u00e1lyon k\u00edv\u00fcl helyez\u00e9s\u00e9r\u0151l sz\u00f3l\u00f3, 2016. \u00e1prilis 27-i (EU) 2016\/679 eur\u00f3pai parlamenti \u00e9s tan\u00e1csi rendelet (a tov\u00e1bbiakban: GDPR) 13. \u00e9s 14. cikkei alapj\u00e1n. C\u00e9g: N\u00e9v: brainit.sk, s.r.o. Sz\u00e9khely: Ve\u013ek\u00fd diel 3323, [&hellip;]<\/p>\n","protected":false},"author":1,"featured_media":0,"parent":0,"menu_order":0,"comment_status":"closed","ping_status":"closed","template":"","meta":{"_acf_changed":false,"footnotes":""},"class_list":["post-24808","page","type-page","status-publish","hentry"],"acf":[],"yoast_head":"<!-- This site is optimized with the Yoast SEO plugin v27.2 - https:\/\/yoast.com\/product\/yoast-seo-wordpress\/ -->\n<title>T\u00e1j\u00e9koztat\u00e1s a szem\u00e9lyes adatok feldolgoz\u00e1s\u00e1r\u00f3l - NFQES.com<\/title>\n<meta name=\"description\" content=\"Az NFQES az \u00d6n szem\u00e9lyes adatait megb\u00edzhat\u00f3 tan\u00fas\u00edtv\u00e1nyki\u00e1ll\u00edt\u00e1si \u00e9s -ellen\u0151rz\u00e9si szolg\u00e1ltat\u00e1sok ny\u00fajt\u00e1sa c\u00e9lj\u00e1b\u00f3l kezeli.\" \/>\n<meta name=\"robots\" content=\"index, follow, max-snippet:-1, max-image-preview:large, max-video-preview:-1\" \/>\n<link rel=\"canonical\" href=\"https:\/\/nfqes.com\/hu\/tajekoztatas-a-szemelyes-adatok-feldolgozasarol\" \/>\n<meta property=\"og:locale\" content=\"hu_HU\" \/>\n<meta property=\"og:type\" content=\"article\" \/>\n<meta property=\"og:title\" content=\"T\u00e1j\u00e9koztat\u00e1s a szem\u00e9lyes adatok feldolgoz\u00e1s\u00e1r\u00f3l - NFQES.com\" \/>\n<meta property=\"og:description\" content=\"Az NFQES az \u00d6n szem\u00e9lyes adatait megb\u00edzhat\u00f3 tan\u00fas\u00edtv\u00e1nyki\u00e1ll\u00edt\u00e1si \u00e9s -ellen\u0151rz\u00e9si szolg\u00e1ltat\u00e1sok ny\u00fajt\u00e1sa c\u00e9lj\u00e1b\u00f3l kezeli.\" \/>\n<meta property=\"og:url\" content=\"https:\/\/nfqes.com\/hu\/tajekoztatas-a-szemelyes-adatok-feldolgozasarol\" \/>\n<meta property=\"og:site_name\" content=\"NFQES.com\" \/>\n<meta property=\"article:modified_time\" content=\"2026-02-09T10:10:07+00:00\" \/>\n<meta name=\"twitter:card\" content=\"summary_large_image\" \/>\n<meta name=\"twitter:label1\" content=\"Becs\u00fclt olvas\u00e1si id\u0151\" \/>\n\t<meta name=\"twitter:data1\" content=\"3 perc\" \/>\n<script type=\"application\/ld+json\" class=\"yoast-schema-graph\">{\"@context\":\"https:\/\/schema.org\",\"@graph\":[{\"@type\":\"WebPage\",\"@id\":\"https:\/\/nfqes.com\/hu\/tajekoztatas-a-szemelyes-adatok-feldolgozasarol\",\"url\":\"https:\/\/nfqes.com\/hu\/tajekoztatas-a-szemelyes-adatok-feldolgozasarol\",\"name\":\"T\u00e1j\u00e9koztat\u00e1s a szem\u00e9lyes adatok feldolgoz\u00e1s\u00e1r\u00f3l - NFQES.com\",\"isPartOf\":{\"@id\":\"https:\/\/nfqes.com\/hu\/#website\"},\"datePublished\":\"2022-12-19T14:17:27+00:00\",\"dateModified\":\"2026-02-09T10:10:07+00:00\",\"description\":\"Az NFQES az \u00d6n szem\u00e9lyes adatait megb\u00edzhat\u00f3 tan\u00fas\u00edtv\u00e1nyki\u00e1ll\u00edt\u00e1si \u00e9s -ellen\u0151rz\u00e9si szolg\u00e1ltat\u00e1sok ny\u00fajt\u00e1sa c\u00e9lj\u00e1b\u00f3l kezeli.\",\"breadcrumb\":{\"@id\":\"https:\/\/nfqes.com\/hu\/tajekoztatas-a-szemelyes-adatok-feldolgozasarol#breadcrumb\"},\"inLanguage\":\"hu\",\"potentialAction\":[{\"@type\":\"ReadAction\",\"target\":[\"https:\/\/nfqes.com\/hu\/tajekoztatas-a-szemelyes-adatok-feldolgozasarol\"]}]},{\"@type\":\"BreadcrumbList\",\"@id\":\"https:\/\/nfqes.com\/hu\/tajekoztatas-a-szemelyes-adatok-feldolgozasarol#breadcrumb\",\"itemListElement\":[{\"@type\":\"ListItem\",\"position\":1,\"name\":\"NFQES\",\"item\":\"https:\/\/nfqes.com\/hu\"},{\"@type\":\"ListItem\",\"position\":2,\"name\":\"T\u00e1j\u00e9koztat\u00e1s a szem\u00e9lyes adatok feldolgoz\u00e1s\u00e1r\u00f3l\"}]},{\"@type\":\"WebSite\",\"@id\":\"https:\/\/nfqes.com\/hu\/#website\",\"url\":\"https:\/\/nfqes.com\/hu\/\",\"name\":\"NFQES.com\",\"description\":\"Modern\u00e9 slu\u017eby v oblasti informa\u010dnej bezpe\u010dnosti.\",\"publisher\":{\"@id\":\"https:\/\/nfqes.com\/hu\/#organization\"},\"potentialAction\":[{\"@type\":\"SearchAction\",\"target\":{\"@type\":\"EntryPoint\",\"urlTemplate\":\"https:\/\/nfqes.com\/hu\/?s={search_term_string}\"},\"query-input\":{\"@type\":\"PropertyValueSpecification\",\"valueRequired\":true,\"valueName\":\"search_term_string\"}}],\"inLanguage\":\"hu\"},{\"@type\":\"Organization\",\"@id\":\"https:\/\/nfqes.com\/hu\/#organization\",\"name\":\"NFQES\",\"url\":\"https:\/\/nfqes.com\/hu\/\",\"logo\":{\"@type\":\"ImageObject\",\"inLanguage\":\"hu\",\"@id\":\"https:\/\/nfqes.com\/hu\/#\/schema\/logo\/image\/\",\"url\":\"https:\/\/nfqes.com\/wp-content\/uploads\/2022\/07\/logo-cierne.webp\",\"contentUrl\":\"https:\/\/nfqes.com\/wp-content\/uploads\/2022\/07\/logo-cierne.webp\",\"width\":1169,\"height\":434,\"caption\":\"NFQES\"},\"image\":{\"@id\":\"https:\/\/nfqes.com\/hu\/#\/schema\/logo\/image\/\"}}]}<\/script>\n<!-- \/ Yoast SEO plugin. -->","yoast_head_json":{"title":"T\u00e1j\u00e9koztat\u00e1s a szem\u00e9lyes adatok feldolgoz\u00e1s\u00e1r\u00f3l - NFQES.com","description":"Az NFQES az \u00d6n szem\u00e9lyes adatait megb\u00edzhat\u00f3 tan\u00fas\u00edtv\u00e1nyki\u00e1ll\u00edt\u00e1si \u00e9s -ellen\u0151rz\u00e9si szolg\u00e1ltat\u00e1sok ny\u00fajt\u00e1sa c\u00e9lj\u00e1b\u00f3l kezeli.","robots":{"index":"index","follow":"follow","max-snippet":"max-snippet:-1","max-image-preview":"max-image-preview:large","max-video-preview":"max-video-preview:-1"},"canonical":"https:\/\/nfqes.com\/hu\/tajekoztatas-a-szemelyes-adatok-feldolgozasarol","og_locale":"hu_HU","og_type":"article","og_title":"T\u00e1j\u00e9koztat\u00e1s a szem\u00e9lyes adatok feldolgoz\u00e1s\u00e1r\u00f3l - NFQES.com","og_description":"Az NFQES az \u00d6n szem\u00e9lyes adatait megb\u00edzhat\u00f3 tan\u00fas\u00edtv\u00e1nyki\u00e1ll\u00edt\u00e1si \u00e9s -ellen\u0151rz\u00e9si szolg\u00e1ltat\u00e1sok ny\u00fajt\u00e1sa c\u00e9lj\u00e1b\u00f3l kezeli.","og_url":"https:\/\/nfqes.com\/hu\/tajekoztatas-a-szemelyes-adatok-feldolgozasarol","og_site_name":"NFQES.com","article_modified_time":"2026-02-09T10:10:07+00:00","twitter_card":"summary_large_image","twitter_misc":{"Becs\u00fclt olvas\u00e1si id\u0151":"3 perc"},"schema":{"@context":"https:\/\/schema.org","@graph":[{"@type":"WebPage","@id":"https:\/\/nfqes.com\/hu\/tajekoztatas-a-szemelyes-adatok-feldolgozasarol","url":"https:\/\/nfqes.com\/hu\/tajekoztatas-a-szemelyes-adatok-feldolgozasarol","name":"T\u00e1j\u00e9koztat\u00e1s a szem\u00e9lyes adatok feldolgoz\u00e1s\u00e1r\u00f3l - NFQES.com","isPartOf":{"@id":"https:\/\/nfqes.com\/hu\/#website"},"datePublished":"2022-12-19T14:17:27+00:00","dateModified":"2026-02-09T10:10:07+00:00","description":"Az NFQES az \u00d6n szem\u00e9lyes adatait megb\u00edzhat\u00f3 tan\u00fas\u00edtv\u00e1nyki\u00e1ll\u00edt\u00e1si \u00e9s -ellen\u0151rz\u00e9si szolg\u00e1ltat\u00e1sok ny\u00fajt\u00e1sa c\u00e9lj\u00e1b\u00f3l kezeli.","breadcrumb":{"@id":"https:\/\/nfqes.com\/hu\/tajekoztatas-a-szemelyes-adatok-feldolgozasarol#breadcrumb"},"inLanguage":"hu","potentialAction":[{"@type":"ReadAction","target":["https:\/\/nfqes.com\/hu\/tajekoztatas-a-szemelyes-adatok-feldolgozasarol"]}]},{"@type":"BreadcrumbList","@id":"https:\/\/nfqes.com\/hu\/tajekoztatas-a-szemelyes-adatok-feldolgozasarol#breadcrumb","itemListElement":[{"@type":"ListItem","position":1,"name":"NFQES","item":"https:\/\/nfqes.com\/hu"},{"@type":"ListItem","position":2,"name":"T\u00e1j\u00e9koztat\u00e1s a szem\u00e9lyes adatok feldolgoz\u00e1s\u00e1r\u00f3l"}]},{"@type":"WebSite","@id":"https:\/\/nfqes.com\/hu\/#website","url":"https:\/\/nfqes.com\/hu\/","name":"NFQES.com","description":"Modern\u00e9 slu\u017eby v oblasti informa\u010dnej bezpe\u010dnosti.","publisher":{"@id":"https:\/\/nfqes.com\/hu\/#organization"},"potentialAction":[{"@type":"SearchAction","target":{"@type":"EntryPoint","urlTemplate":"https:\/\/nfqes.com\/hu\/?s={search_term_string}"},"query-input":{"@type":"PropertyValueSpecification","valueRequired":true,"valueName":"search_term_string"}}],"inLanguage":"hu"},{"@type":"Organization","@id":"https:\/\/nfqes.com\/hu\/#organization","name":"NFQES","url":"https:\/\/nfqes.com\/hu\/","logo":{"@type":"ImageObject","inLanguage":"hu","@id":"https:\/\/nfqes.com\/hu\/#\/schema\/logo\/image\/","url":"https:\/\/nfqes.com\/wp-content\/uploads\/2022\/07\/logo-cierne.webp","contentUrl":"https:\/\/nfqes.com\/wp-content\/uploads\/2022\/07\/logo-cierne.webp","width":1169,"height":434,"caption":"NFQES"},"image":{"@id":"https:\/\/nfqes.com\/hu\/#\/schema\/logo\/image\/"}}]}},"_links":{"self":[{"href":"https:\/\/nfqes.com\/hu\/wp-json\/wp\/v2\/pages\/24808","targetHints":{"allow":["GET"]}}],"collection":[{"href":"https:\/\/nfqes.com\/hu\/wp-json\/wp\/v2\/pages"}],"about":[{"href":"https:\/\/nfqes.com\/hu\/wp-json\/wp\/v2\/types\/page"}],"author":[{"embeddable":true,"href":"https:\/\/nfqes.com\/hu\/wp-json\/wp\/v2\/users\/1"}],"replies":[{"embeddable":true,"href":"https:\/\/nfqes.com\/hu\/wp-json\/wp\/v2\/comments?post=24808"}],"version-history":[{"count":0,"href":"https:\/\/nfqes.com\/hu\/wp-json\/wp\/v2\/pages\/24808\/revisions"}],"wp:attachment":[{"href":"https:\/\/nfqes.com\/hu\/wp-json\/wp\/v2\/media?parent=24808"}],"curies":[{"name":"wp","href":"https:\/\/api.w.org\/{rel}","templated":true}]}}