{"id":24601,"date":"2023-10-27T09:42:21","date_gmt":"2023-10-27T07:42:21","guid":{"rendered":"https:\/\/nfqes.com\/eid-ugyfel"},"modified":"2024-04-29T12:23:52","modified_gmt":"2024-04-29T10:23:52","slug":"eid-ugyfel","status":"publish","type":"page","link":"https:\/\/nfqes.com\/hu\/eid-ugyfel","title":{"rendered":"eID \u00fcgyf\u00e9l"},"content":{"rendered":"\t\t<div data-elementor-type=\"wp-page\" data-elementor-id=\"24601\" class=\"elementor elementor-24601 elementor-15484\" data-elementor-post-type=\"page\">\n\t\t\t\t<div class=\"elementor-element elementor-element-b6423d6 e-con-full e-flex e-con e-parent\" data-id=\"b6423d6\" data-element_type=\"container\" data-e-type=\"container\">\n\t\t\t\t<div class=\"elementor-element elementor-element-4b7d4e2 elementor-widget elementor-widget-template\" data-id=\"4b7d4e2\" data-element_type=\"widget\" data-e-type=\"widget\" data-widget_type=\"template.default\">\n\t\t\t\t<div class=\"elementor-widget-container\">\n\t\t\t\t\t\t\t<div class=\"elementor-template\">\n\t\t\t\t\t<div data-elementor-type=\"section\" data-elementor-id=\"24233\" class=\"elementor elementor-24233 elementor-10609 elementor-10609\" data-elementor-post-type=\"elementor_library\">\n\t\t\t<div class=\"elementor-element elementor-element-1233351 e-flex e-con-boxed e-con e-parent\" data-id=\"1233351\" data-element_type=\"container\" data-e-type=\"container\" data-settings=\"{&quot;background_background&quot;:&quot;classic&quot;}\">\n\t\t\t\t\t<div class=\"e-con-inner\">\n\t\t\t\t<div class=\"elementor-element elementor-element-d9c6be3 elementor-widget__width-inherit elementor-widget elementor-widget-heading\" data-id=\"d9c6be3\" data-element_type=\"widget\" data-e-type=\"widget\" data-widget_type=\"heading.default\">\n\t\t\t\t<div class=\"elementor-widget-container\">\n\t\t\t\t\t<h1 class=\"elementor-heading-title elementor-size-default\">eID \u00fcgyf\u00e9l<\/h1>\t\t\t\t<\/div>\n\t\t\t\t<\/div>\n\t\t<div class=\"elementor-element elementor-element-2b1bd59 e-flex e-con-boxed e-con e-child\" data-id=\"2b1bd59\" data-element_type=\"container\" data-e-type=\"container\">\n\t\t\t\t\t<div class=\"e-con-inner\">\n\t\t\t\t<div class=\"elementor-element elementor-element-5a3eb61 elementor-widget__width-auto elementor-widget elementor-widget-button\" data-id=\"5a3eb61\" data-element_type=\"widget\" data-e-type=\"widget\" data-settings=\"{&quot;motion_fx_motion_fx_scrolling&quot;:&quot;yes&quot;,&quot;motion_fx_devices&quot;:[&quot;desktop&quot;,&quot;laptop&quot;,&quot;tablet&quot;,&quot;mobile&quot;]}\" data-widget_type=\"button.default\">\n\t\t\t\t<div class=\"elementor-widget-container\">\n\t\t\t\t\t\t\t\t\t<div class=\"elementor-button-wrapper\">\n\t\t\t\t\t<a class=\"elementor-button elementor-button-link elementor-size-md\" href=\"https:\/\/zone.nfqes.com\/home\" target=\"_blank\">\n\t\t\t\t\t\t<span class=\"elementor-button-content-wrapper\">\n\t\t\t\t\t\t\t\t\t<span class=\"elementor-button-text\">Pr\u00f3b\u00e1lja ki ingyen<\/span>\n\t\t\t\t\t<\/span>\n\t\t\t\t\t<\/a>\n\t\t\t\t<\/div>\n\t\t\t\t\t\t\t\t<\/div>\n\t\t\t\t<\/div>\n\t\t\t\t<div class=\"elementor-element elementor-element-aecf01c elementor-widget__width-auto elementor-widget elementor-widget-button\" data-id=\"aecf01c\" data-element_type=\"widget\" data-e-type=\"widget\" data-widget_type=\"button.default\">\n\t\t\t\t<div class=\"elementor-widget-container\">\n\t\t\t\t\t\t\t\t\t<div class=\"elementor-button-wrapper\">\n\t\t\t\t\t<a class=\"elementor-button elementor-button-link elementor-size-md\" href=\"https:\/\/nfqes.com\/hu\/kapcsolat\">\n\t\t\t\t\t\t<span class=\"elementor-button-content-wrapper\">\n\t\t\t\t\t\t\t\t\t<span class=\"elementor-button-text\">Foglaljon konzult\u00e1ci\u00f3t<\/span>\n\t\t\t\t\t<\/span>\n\t\t\t\t\t<\/a>\n\t\t\t\t<\/div>\n\t\t\t\t\t\t\t\t<\/div>\n\t\t\t\t<\/div>\n\t\t\t\t\t<\/div>\n\t\t\t\t<\/div>\n\t\t\t\t\t<\/div>\n\t\t\t\t<\/div>\n\t\t\t\t<\/div>\n\t\t\t\t<\/div>\n\t\t\t\t\t\t<\/div>\n\t\t\t\t<\/div>\n\t\t\t\t<\/div>\n\t\t<div class=\"elementor-element elementor-element-8a53f07 e-flex e-con-boxed e-con e-parent\" data-id=\"8a53f07\" data-element_type=\"container\" data-e-type=\"container\">\n\t\t\t\t\t<div class=\"e-con-inner\">\n\t\t\t\t<div class=\"elementor-element elementor-element-120c8e0 elementor-widget__width-inherit elementor-widget elementor-widget-heading\" data-id=\"120c8e0\" data-element_type=\"widget\" data-e-type=\"widget\" data-widget_type=\"heading.default\">\n\t\t\t\t<div class=\"elementor-widget-container\">\n\t\t\t\t\t<h2 class=\"elementor-heading-title elementor-size-default\">Let\u00f6lt\u00e9sek:<\/h2>\t\t\t\t<\/div>\n\t\t\t\t<\/div>\n\t\t\t\t<div class=\"elementor-element elementor-element-96f8ad2 elementor-widget__width-inherit elementor-widget-divider--view-line elementor-invisible elementor-widget elementor-widget-divider\" data-id=\"96f8ad2\" data-element_type=\"widget\" data-e-type=\"widget\" data-settings=\"{&quot;_animation&quot;:&quot;fadeIn&quot;}\" data-widget_type=\"divider.default\">\n\t\t\t\t<div class=\"elementor-widget-container\">\n\t\t\t\t\t\t\t<div class=\"elementor-divider\">\n\t\t\t<span class=\"elementor-divider-separator\">\n\t\t\t\t\t\t<\/span>\n\t\t<\/div>\n\t\t\t\t\t\t<\/div>\n\t\t\t\t<\/div>\n\t\t\t\t<div class=\"elementor-element elementor-element-722a2c2 elementor-widget elementor-widget-text-editor\" data-id=\"722a2c2\" data-element_type=\"widget\" data-e-type=\"widget\" data-widget_type=\"text-editor.default\">\n\t\t\t\t<div class=\"elementor-widget-container\">\n\t\t\t\t\t\t\t\t\t<p>Az illeszt\u0151programok let\u00f6lthet\u0151k a <a style=\"color: #2977c9;\" href=\"https:\/\/slovensko.sk\/sk\/na-stiahnutie\" target=\"_blank\" rel=\"noopener\"><strong>https:\/\/slovensko.sk\/sk\/na-stiahnutie<\/strong><\/a> weboldalr\u00f3l.<\/p>\n\t\t\t\t\t\t\t\t<\/div>\n\t\t\t\t<\/div>\n\t\t\t\t<div class=\"elementor-element elementor-element-e1b39e6 elementor-widget__width-inherit elementor-widget elementor-widget-heading\" data-id=\"e1b39e6\" data-element_type=\"widget\" data-e-type=\"widget\" data-widget_type=\"heading.default\">\n\t\t\t\t<div class=\"elementor-widget-container\">\n\t\t\t\t\t<h2 class=\"elementor-heading-title elementor-size-default\">eid klient<\/h2>\t\t\t\t<\/div>\n\t\t\t\t<\/div>\n\t\t\t\t<div class=\"elementor-element elementor-element-e541878 elementor-widget__width-inherit elementor-widget-divider--view-line elementor-invisible elementor-widget elementor-widget-divider\" data-id=\"e541878\" data-element_type=\"widget\" data-e-type=\"widget\" data-settings=\"{&quot;_animation&quot;:&quot;fadeIn&quot;}\" data-widget_type=\"divider.default\">\n\t\t\t\t<div class=\"elementor-widget-container\">\n\t\t\t\t\t\t\t<div class=\"elementor-divider\">\n\t\t\t<span class=\"elementor-divider-separator\">\n\t\t\t\t\t\t<\/span>\n\t\t<\/div>\n\t\t\t\t\t\t<\/div>\n\t\t\t\t<\/div>\n\t\t\t\t<div class=\"elementor-element elementor-element-87f9d17 elementor-widget__width-initial elementor-widget-mobile__width-inherit elementor-widget elementor-widget-text-editor\" data-id=\"87f9d17\" data-element_type=\"widget\" data-e-type=\"widget\" data-widget_type=\"text-editor.default\">\n\t\t\t\t<div class=\"elementor-widget-container\">\n\t\t\t\t\t\t\t\t\t<p><strong>Le\u00edr\u00e1s<\/strong><\/p>\n<p>\u00dcgyf\u00e9lk\u00e9relem a szem\u00e9lyazonos\u00edt\u00f3 igazolv\u00e1nyon t\u00f6rt\u00e9n\u0151 al\u00e1\u00edr\u00e1s megfelel\u0151 haszn\u00e1lat\u00e1ra min\u0151s\u00edtett elektronikus al\u00e1\u00edr\u00e1s haszn\u00e1lat\u00e1val.<\/p>\n<p><strong>T\u00e1mogatott oper\u00e1ci\u00f3s rendszer:<\/strong><\/p>\n<ul>\n<li>Windows 8.1 (32 bites, 64 bites)<\/li>\n<li>Windows 10 (32 bites, 64 bites) a\u017e do 21H1<\/li>\n<li>Windows 11 (21H2)<\/li>\n<li>Windows Server 2012 a 2012 R2 (64 bites)<\/li>\n<li>Windows Server 2016 (64 bites)<\/li>\n<li>Windows Server 2019 (64 bites)<\/li>\n<li>macOS Intel<\/li>\n<li>macOS M1\/M2<\/li>\n<\/ul>\n\t\t\t\t\t\t\t\t<\/div>\n\t\t\t\t<\/div>\n\t\t\t\t<div class=\"elementor-element elementor-element-6b146fe elementor-widget__width-initial elementor-widget-mobile__width-inherit elementor-widget elementor-widget-text-editor\" data-id=\"6b146fe\" data-element_type=\"widget\" data-e-type=\"widget\" data-widget_type=\"text-editor.default\">\n\t\t\t\t<div class=\"elementor-widget-container\">\n\t\t\t\t\t\t\t\t\t<p><b>\u00datmutat\u00f3 a Windows illeszt\u0151programok telep\u00edt\u00e9s\u00e9hez:<\/b><\/p>\n<ol>\n<li>A<span style=\"color: #333333;\"><br \/>\n  <a style=\"color: #333333;\" href=\"https:\/\/www.slovensko.sk\/sk\/titulna-stranka\" target=\"_blank\" rel=\"noopener\"><br \/>\n    <strong> slovensko.sk<\/strong><br \/>\n  <\/a><br \/>\n<\/span> oldalon v\u00e1lassza ki az MS <strong>Windows oper\u00e1ci\u00f3s<\/strong> rendszert, \u00e9s t\u00f6ltse le az <strong>eID kliensalkalmaz\u00e1st<\/strong>.<\/li>\n<li>T\u00f6ltse le a megadott f\u00e1jlt a kiv\u00e1lasztott meghajt\u00f3ra, \u00e9s telep\u00edtse a k\u00e9sz\u00fcl\u00e9k\u00e9re.<\/li>\n<li>A telep\u00edt\u00e9s ut\u00e1n az alkalmaz\u00e1s k\u00f6zvetlen\u00fcl a Windows Start men\u00fcj\u00e9b\u0151l ind\u00edthat\u00f3 az <strong>eID kliens<\/strong> opci\u00f3ra kattintva. Az alkalmaz\u00e1s automatikusan elindul a sz\u00e1m\u00edt\u00f3g\u00e9p ind\u00edt\u00e1sakor is, \u00e9s ebben az esetben a t\u00e1lc\u00e1r\u00f3l is elind\u00edthatja az alkalmaz\u00e1st.<\/li>\n<\/ol>\n<p><b>\u00datmutat\u00f3 az illeszt\u0151programok telep\u00edt\u00e9s\u00e9hez a macOS-hez:<\/b><\/p>\n<ol>\n<li>A <span style=\"color: #333333;\"><br \/>\n  <a style=\"color: #333333;\" href=\"https:\/\/www.slovensko.sk\/sk\/titulna-stranka\" target=\"_blank\" rel=\"noopener\"><br \/>\n    <strong>slovensko.sk<\/strong><br \/>\n  <\/a><br \/>\n<\/span> weboldalon v\u00e1lassza ki a <strong>Mac OS<\/strong> oper\u00e1ci\u00f3s rendszert, \u00e9s t\u00f6ltse le az <strong>eID kliensalkalmaz\u00e1st<\/strong>.<\/li>\n<li>T\u00f6ltse le a megadott f\u00e1jlt a kiv\u00e1lasztott meghajt\u00f3ra, \u00e9s telep\u00edtse a k\u00e9sz\u00fcl\u00e9k\u00e9re.<\/li>\n<li>Telep\u00edt\u00e9s ut\u00e1n az alkalmaz\u00e1s k\u00f6zvetlen\u00fcl a <strong>Finder &#8211; Alkalmaz\u00e1sok<\/strong> men\u00fcb\u0151l ind\u00edthat\u00f3 az <strong>eID kliens<\/strong> opci\u00f3ra kattintva. Az alkalmaz\u00e1s automatikusan elindul a sz\u00e1m\u00edt\u00f3g\u00e9p ind\u00edt\u00e1sakor is, \u00e9s ebben az esetben a Launchpad seg\u00edts\u00e9g\u00e9vel is elind\u00edthatja az alkalmaz\u00e1st.<\/li>\n<\/ol>\n\t\t\t\t\t\t\t\t<\/div>\n\t\t\t\t<\/div>\n\t\t\t\t\t<\/div>\n\t\t\t\t<\/div>\n\t\t\t\t<\/div>\n\t\t","protected":false},"excerpt":{"rendered":"<p>Let\u00f6lt\u00e9sek: Az illeszt\u0151programok let\u00f6lthet\u0151k a https:\/\/slovensko.sk\/sk\/na-stiahnutie weboldalr\u00f3l. eid klient Le\u00edr\u00e1s \u00dcgyf\u00e9lk\u00e9relem a szem\u00e9lyazonos\u00edt\u00f3 igazolv\u00e1nyon t\u00f6rt\u00e9n\u0151 al\u00e1\u00edr\u00e1s megfelel\u0151 haszn\u00e1lat\u00e1ra min\u0151s\u00edtett elektronikus al\u00e1\u00edr\u00e1s haszn\u00e1lat\u00e1val. T\u00e1mogatott oper\u00e1ci\u00f3s rendszer: Windows 8.1 (32 bites, 64 bites) Windows 10 (32 bites, 64 bites) a\u017e do 21H1 Windows 11 (21H2) Windows Server 2012 a 2012 R2 (64 bites) Windows Server 2016 (64 [&hellip;]<\/p>\n","protected":false},"author":1,"featured_media":0,"parent":0,"menu_order":0,"comment_status":"closed","ping_status":"closed","template":"","meta":{"_acf_changed":false,"footnotes":""},"class_list":["post-24601","page","type-page","status-publish","hentry"],"acf":[],"yoast_head":"<!-- This site is optimized with the Yoast SEO plugin v27.2 - https:\/\/yoast.com\/product\/yoast-seo-wordpress\/ -->\n<title>eID kliens szem\u00e9lyi igazolv\u00e1nnyal t\u00f6rt\u00e9n\u0151 al\u00e1\u00edr\u00e1sra | NFQES.com<\/title>\n<meta name=\"description\" content=\"T\u00f6lts\u00f6n le egy \u00fcgyf\u00e9lk\u00e9relmet a szem\u00e9lyazonos\u00edt\u00f3 igazolv\u00e1nyon t\u00f6rt\u00e9n\u0151 al\u00e1\u00edr\u00e1s helyes haszn\u00e1lat\u00e1hoz a min\u0151s\u00edtett elektronikus al\u00e1\u00edr\u00e1s haszn\u00e1lat\u00e1val.\" \/>\n<meta name=\"robots\" content=\"index, follow, max-snippet:-1, max-image-preview:large, max-video-preview:-1\" \/>\n<link rel=\"canonical\" href=\"https:\/\/nfqes.com\/hu\/eid-ugyfel\" \/>\n<meta property=\"og:locale\" content=\"hu_HU\" \/>\n<meta property=\"og:type\" content=\"article\" \/>\n<meta property=\"og:title\" content=\"eID kliens szem\u00e9lyi igazolv\u00e1nnyal t\u00f6rt\u00e9n\u0151 al\u00e1\u00edr\u00e1sra | NFQES.com\" \/>\n<meta property=\"og:description\" content=\"T\u00f6lts\u00f6n le egy \u00fcgyf\u00e9lk\u00e9relmet a szem\u00e9lyazonos\u00edt\u00f3 igazolv\u00e1nyon t\u00f6rt\u00e9n\u0151 al\u00e1\u00edr\u00e1s helyes haszn\u00e1lat\u00e1hoz a min\u0151s\u00edtett elektronikus al\u00e1\u00edr\u00e1s haszn\u00e1lat\u00e1val.\" \/>\n<meta property=\"og:url\" content=\"https:\/\/nfqes.com\/hu\/eid-ugyfel\" \/>\n<meta property=\"og:site_name\" content=\"NFQES.com\" \/>\n<meta property=\"article:modified_time\" content=\"2024-04-29T10:23:52+00:00\" \/>\n<meta name=\"twitter:card\" content=\"summary_large_image\" \/>\n<meta name=\"twitter:label1\" content=\"Becs\u00fclt olvas\u00e1si id\u0151\" \/>\n\t<meta name=\"twitter:data1\" content=\"2 perc\" \/>\n<script type=\"application\/ld+json\" class=\"yoast-schema-graph\">{\"@context\":\"https:\/\/schema.org\",\"@graph\":[{\"@type\":\"WebPage\",\"@id\":\"https:\/\/nfqes.com\/hu\/eid-ugyfel\",\"url\":\"https:\/\/nfqes.com\/hu\/eid-ugyfel\",\"name\":\"eID kliens szem\u00e9lyi igazolv\u00e1nnyal t\u00f6rt\u00e9n\u0151 al\u00e1\u00edr\u00e1sra | NFQES.com\",\"isPartOf\":{\"@id\":\"https:\/\/nfqes.com\/hu\/#website\"},\"datePublished\":\"2023-10-27T07:42:21+00:00\",\"dateModified\":\"2024-04-29T10:23:52+00:00\",\"description\":\"T\u00f6lts\u00f6n le egy \u00fcgyf\u00e9lk\u00e9relmet a szem\u00e9lyazonos\u00edt\u00f3 igazolv\u00e1nyon t\u00f6rt\u00e9n\u0151 al\u00e1\u00edr\u00e1s helyes haszn\u00e1lat\u00e1hoz a min\u0151s\u00edtett elektronikus al\u00e1\u00edr\u00e1s haszn\u00e1lat\u00e1val.\",\"breadcrumb\":{\"@id\":\"https:\/\/nfqes.com\/hu\/eid-ugyfel#breadcrumb\"},\"inLanguage\":\"hu\",\"potentialAction\":[{\"@type\":\"ReadAction\",\"target\":[\"https:\/\/nfqes.com\/hu\/eid-ugyfel\"]}]},{\"@type\":\"BreadcrumbList\",\"@id\":\"https:\/\/nfqes.com\/hu\/eid-ugyfel#breadcrumb\",\"itemListElement\":[{\"@type\":\"ListItem\",\"position\":1,\"name\":\"NFQES\",\"item\":\"https:\/\/nfqes.com\/hu\"},{\"@type\":\"ListItem\",\"position\":2,\"name\":\"eID \u00fcgyf\u00e9l\"}]},{\"@type\":\"WebSite\",\"@id\":\"https:\/\/nfqes.com\/hu\/#website\",\"url\":\"https:\/\/nfqes.com\/hu\/\",\"name\":\"NFQES.com\",\"description\":\"Modern\u00e9 slu\u017eby v oblasti informa\u010dnej bezpe\u010dnosti.\",\"publisher\":{\"@id\":\"https:\/\/nfqes.com\/hu\/#organization\"},\"potentialAction\":[{\"@type\":\"SearchAction\",\"target\":{\"@type\":\"EntryPoint\",\"urlTemplate\":\"https:\/\/nfqes.com\/hu\/?s={search_term_string}\"},\"query-input\":{\"@type\":\"PropertyValueSpecification\",\"valueRequired\":true,\"valueName\":\"search_term_string\"}}],\"inLanguage\":\"hu\"},{\"@type\":\"Organization\",\"@id\":\"https:\/\/nfqes.com\/hu\/#organization\",\"name\":\"NFQES\",\"url\":\"https:\/\/nfqes.com\/hu\/\",\"logo\":{\"@type\":\"ImageObject\",\"inLanguage\":\"hu\",\"@id\":\"https:\/\/nfqes.com\/hu\/#\/schema\/logo\/image\/\",\"url\":\"https:\/\/nfqes.com\/wp-content\/uploads\/2022\/07\/logo-cierne.webp\",\"contentUrl\":\"https:\/\/nfqes.com\/wp-content\/uploads\/2022\/07\/logo-cierne.webp\",\"width\":1169,\"height\":434,\"caption\":\"NFQES\"},\"image\":{\"@id\":\"https:\/\/nfqes.com\/hu\/#\/schema\/logo\/image\/\"}}]}<\/script>\n<!-- \/ Yoast SEO plugin. -->","yoast_head_json":{"title":"eID kliens szem\u00e9lyi igazolv\u00e1nnyal t\u00f6rt\u00e9n\u0151 al\u00e1\u00edr\u00e1sra | NFQES.com","description":"T\u00f6lts\u00f6n le egy \u00fcgyf\u00e9lk\u00e9relmet a szem\u00e9lyazonos\u00edt\u00f3 igazolv\u00e1nyon t\u00f6rt\u00e9n\u0151 al\u00e1\u00edr\u00e1s helyes haszn\u00e1lat\u00e1hoz a min\u0151s\u00edtett elektronikus al\u00e1\u00edr\u00e1s haszn\u00e1lat\u00e1val.","robots":{"index":"index","follow":"follow","max-snippet":"max-snippet:-1","max-image-preview":"max-image-preview:large","max-video-preview":"max-video-preview:-1"},"canonical":"https:\/\/nfqes.com\/hu\/eid-ugyfel","og_locale":"hu_HU","og_type":"article","og_title":"eID kliens szem\u00e9lyi igazolv\u00e1nnyal t\u00f6rt\u00e9n\u0151 al\u00e1\u00edr\u00e1sra | NFQES.com","og_description":"T\u00f6lts\u00f6n le egy \u00fcgyf\u00e9lk\u00e9relmet a szem\u00e9lyazonos\u00edt\u00f3 igazolv\u00e1nyon t\u00f6rt\u00e9n\u0151 al\u00e1\u00edr\u00e1s helyes haszn\u00e1lat\u00e1hoz a min\u0151s\u00edtett elektronikus al\u00e1\u00edr\u00e1s haszn\u00e1lat\u00e1val.","og_url":"https:\/\/nfqes.com\/hu\/eid-ugyfel","og_site_name":"NFQES.com","article_modified_time":"2024-04-29T10:23:52+00:00","twitter_card":"summary_large_image","twitter_misc":{"Becs\u00fclt olvas\u00e1si id\u0151":"2 perc"},"schema":{"@context":"https:\/\/schema.org","@graph":[{"@type":"WebPage","@id":"https:\/\/nfqes.com\/hu\/eid-ugyfel","url":"https:\/\/nfqes.com\/hu\/eid-ugyfel","name":"eID kliens szem\u00e9lyi igazolv\u00e1nnyal t\u00f6rt\u00e9n\u0151 al\u00e1\u00edr\u00e1sra | NFQES.com","isPartOf":{"@id":"https:\/\/nfqes.com\/hu\/#website"},"datePublished":"2023-10-27T07:42:21+00:00","dateModified":"2024-04-29T10:23:52+00:00","description":"T\u00f6lts\u00f6n le egy \u00fcgyf\u00e9lk\u00e9relmet a szem\u00e9lyazonos\u00edt\u00f3 igazolv\u00e1nyon t\u00f6rt\u00e9n\u0151 al\u00e1\u00edr\u00e1s helyes haszn\u00e1lat\u00e1hoz a min\u0151s\u00edtett elektronikus al\u00e1\u00edr\u00e1s haszn\u00e1lat\u00e1val.","breadcrumb":{"@id":"https:\/\/nfqes.com\/hu\/eid-ugyfel#breadcrumb"},"inLanguage":"hu","potentialAction":[{"@type":"ReadAction","target":["https:\/\/nfqes.com\/hu\/eid-ugyfel"]}]},{"@type":"BreadcrumbList","@id":"https:\/\/nfqes.com\/hu\/eid-ugyfel#breadcrumb","itemListElement":[{"@type":"ListItem","position":1,"name":"NFQES","item":"https:\/\/nfqes.com\/hu"},{"@type":"ListItem","position":2,"name":"eID \u00fcgyf\u00e9l"}]},{"@type":"WebSite","@id":"https:\/\/nfqes.com\/hu\/#website","url":"https:\/\/nfqes.com\/hu\/","name":"NFQES.com","description":"Modern\u00e9 slu\u017eby v oblasti informa\u010dnej bezpe\u010dnosti.","publisher":{"@id":"https:\/\/nfqes.com\/hu\/#organization"},"potentialAction":[{"@type":"SearchAction","target":{"@type":"EntryPoint","urlTemplate":"https:\/\/nfqes.com\/hu\/?s={search_term_string}"},"query-input":{"@type":"PropertyValueSpecification","valueRequired":true,"valueName":"search_term_string"}}],"inLanguage":"hu"},{"@type":"Organization","@id":"https:\/\/nfqes.com\/hu\/#organization","name":"NFQES","url":"https:\/\/nfqes.com\/hu\/","logo":{"@type":"ImageObject","inLanguage":"hu","@id":"https:\/\/nfqes.com\/hu\/#\/schema\/logo\/image\/","url":"https:\/\/nfqes.com\/wp-content\/uploads\/2022\/07\/logo-cierne.webp","contentUrl":"https:\/\/nfqes.com\/wp-content\/uploads\/2022\/07\/logo-cierne.webp","width":1169,"height":434,"caption":"NFQES"},"image":{"@id":"https:\/\/nfqes.com\/hu\/#\/schema\/logo\/image\/"}}]}},"_links":{"self":[{"href":"https:\/\/nfqes.com\/hu\/wp-json\/wp\/v2\/pages\/24601","targetHints":{"allow":["GET"]}}],"collection":[{"href":"https:\/\/nfqes.com\/hu\/wp-json\/wp\/v2\/pages"}],"about":[{"href":"https:\/\/nfqes.com\/hu\/wp-json\/wp\/v2\/types\/page"}],"author":[{"embeddable":true,"href":"https:\/\/nfqes.com\/hu\/wp-json\/wp\/v2\/users\/1"}],"replies":[{"embeddable":true,"href":"https:\/\/nfqes.com\/hu\/wp-json\/wp\/v2\/comments?post=24601"}],"version-history":[{"count":0,"href":"https:\/\/nfqes.com\/hu\/wp-json\/wp\/v2\/pages\/24601\/revisions"}],"wp:attachment":[{"href":"https:\/\/nfqes.com\/hu\/wp-json\/wp\/v2\/media?parent=24601"}],"curies":[{"name":"wp","href":"https:\/\/api.w.org\/{rel}","templated":true}]}}