{"id":24589,"date":"2023-09-28T14:37:25","date_gmt":"2023-09-28T12:37:25","guid":{"rendered":"https:\/\/nfqes.com\/letoltesek"},"modified":"2024-09-26T08:53:21","modified_gmt":"2024-09-26T06:53:21","slug":"letoltesek","status":"publish","type":"page","link":"https:\/\/nfqes.com\/hu\/letoltesek","title":{"rendered":"Let\u00f6lt\u00e9sek"},"content":{"rendered":"\t\t<div data-elementor-type=\"wp-page\" data-elementor-id=\"24589\" class=\"elementor elementor-24589 elementor-12593\" data-elementor-post-type=\"page\">\n\t\t\t\t<div class=\"elementor-element elementor-element-eb98fb3 e-con-full e-flex e-con e-parent\" data-id=\"eb98fb3\" data-element_type=\"container\" data-e-type=\"container\">\n\t\t\t\t<div class=\"elementor-element elementor-element-d35a6d8 elementor-widget elementor-widget-template\" data-id=\"d35a6d8\" data-element_type=\"widget\" data-e-type=\"widget\" data-widget_type=\"template.default\">\n\t\t\t\t<div class=\"elementor-widget-container\">\n\t\t\t\t\t\t\t<div class=\"elementor-template\">\n\t\t\t\t\t<div data-elementor-type=\"section\" data-elementor-id=\"24233\" class=\"elementor elementor-24233 elementor-10609 elementor-10609\" data-elementor-post-type=\"elementor_library\">\n\t\t\t<div class=\"elementor-element elementor-element-1233351 e-flex e-con-boxed e-con e-parent\" data-id=\"1233351\" data-element_type=\"container\" data-e-type=\"container\" data-settings=\"{&quot;background_background&quot;:&quot;classic&quot;}\">\n\t\t\t\t\t<div class=\"e-con-inner\">\n\t\t\t\t<div class=\"elementor-element elementor-element-d9c6be3 elementor-widget__width-inherit elementor-widget elementor-widget-heading\" data-id=\"d9c6be3\" data-element_type=\"widget\" data-e-type=\"widget\" data-widget_type=\"heading.default\">\n\t\t\t\t<div class=\"elementor-widget-container\">\n\t\t\t\t\t<h1 class=\"elementor-heading-title elementor-size-default\">Let\u00f6lt\u00e9sek<\/h1>\t\t\t\t<\/div>\n\t\t\t\t<\/div>\n\t\t<div class=\"elementor-element elementor-element-2b1bd59 e-flex e-con-boxed e-con e-child\" data-id=\"2b1bd59\" data-element_type=\"container\" data-e-type=\"container\">\n\t\t\t\t\t<div class=\"e-con-inner\">\n\t\t\t\t<div class=\"elementor-element elementor-element-5a3eb61 elementor-widget__width-auto elementor-widget elementor-widget-button\" data-id=\"5a3eb61\" data-element_type=\"widget\" data-e-type=\"widget\" data-settings=\"{&quot;motion_fx_motion_fx_scrolling&quot;:&quot;yes&quot;,&quot;motion_fx_devices&quot;:[&quot;desktop&quot;,&quot;laptop&quot;,&quot;tablet&quot;,&quot;mobile&quot;]}\" data-widget_type=\"button.default\">\n\t\t\t\t<div class=\"elementor-widget-container\">\n\t\t\t\t\t\t\t\t\t<div class=\"elementor-button-wrapper\">\n\t\t\t\t\t<a class=\"elementor-button elementor-button-link elementor-size-md\" href=\"https:\/\/zone.nfqes.com\/home\" target=\"_blank\">\n\t\t\t\t\t\t<span class=\"elementor-button-content-wrapper\">\n\t\t\t\t\t\t\t\t\t<span class=\"elementor-button-text\">Pr\u00f3b\u00e1lja ki ingyen<\/span>\n\t\t\t\t\t<\/span>\n\t\t\t\t\t<\/a>\n\t\t\t\t<\/div>\n\t\t\t\t\t\t\t\t<\/div>\n\t\t\t\t<\/div>\n\t\t\t\t<div class=\"elementor-element elementor-element-aecf01c elementor-widget__width-auto elementor-widget elementor-widget-button\" data-id=\"aecf01c\" data-element_type=\"widget\" data-e-type=\"widget\" data-widget_type=\"button.default\">\n\t\t\t\t<div class=\"elementor-widget-container\">\n\t\t\t\t\t\t\t\t\t<div class=\"elementor-button-wrapper\">\n\t\t\t\t\t<a class=\"elementor-button elementor-button-link elementor-size-md\" href=\"https:\/\/nfqes.com\/hu\/kapcsolat\">\n\t\t\t\t\t\t<span class=\"elementor-button-content-wrapper\">\n\t\t\t\t\t\t\t\t\t<span class=\"elementor-button-text\">Foglaljon konzult\u00e1ci\u00f3t<\/span>\n\t\t\t\t\t<\/span>\n\t\t\t\t\t<\/a>\n\t\t\t\t<\/div>\n\t\t\t\t\t\t\t\t<\/div>\n\t\t\t\t<\/div>\n\t\t\t\t\t<\/div>\n\t\t\t\t<\/div>\n\t\t\t\t\t<\/div>\n\t\t\t\t<\/div>\n\t\t\t\t<\/div>\n\t\t\t\t<\/div>\n\t\t\t\t\t\t<\/div>\n\t\t\t\t<\/div>\n\t\t\t\t<\/div>\n\t\t<div class=\"elementor-element elementor-element-3e14614 e-flex e-con-boxed e-con e-parent\" data-id=\"3e14614\" data-element_type=\"container\" data-e-type=\"container\">\n\t\t\t\t\t<div class=\"e-con-inner\">\n\t\t<div class=\"elementor-element elementor-element-1fee2da e-flex e-con-boxed e-con e-child\" data-id=\"1fee2da\" data-element_type=\"container\" data-e-type=\"container\" data-settings=\"{&quot;background_background&quot;:&quot;classic&quot;}\">\n\t\t\t\t\t<div class=\"e-con-inner\">\n\t\t\t\t<div class=\"elementor-element elementor-element-dff9180 divider elementor-widget__width-inherit elementor-widget elementor-widget-heading\" data-id=\"dff9180\" data-element_type=\"widget\" data-e-type=\"widget\" data-widget_type=\"heading.default\">\n\t\t\t\t<div class=\"elementor-widget-container\">\n\t\t\t\t\t<h2 class=\"elementor-heading-title elementor-size-default\">Let\u00f6lt\u00e9s<\/h2>\t\t\t\t<\/div>\n\t\t\t\t<\/div>\n\t\t<a class=\"elementor-element elementor-element-9e99a4b e-con-full e-transform e-flex e-con e-child\" data-id=\"9e99a4b\" data-element_type=\"container\" data-e-type=\"container\" data-settings=\"{&quot;background_background&quot;:&quot;classic&quot;,&quot;_transform_scale_effect_hover&quot;:{&quot;unit&quot;:&quot;px&quot;,&quot;size&quot;:1.01,&quot;sizes&quot;:[]},&quot;_transform_scale_effect_hover_laptop&quot;:{&quot;unit&quot;:&quot;px&quot;,&quot;size&quot;:&quot;&quot;,&quot;sizes&quot;:[]},&quot;_transform_scale_effect_hover_tablet&quot;:{&quot;unit&quot;:&quot;px&quot;,&quot;size&quot;:&quot;&quot;,&quot;sizes&quot;:[]},&quot;_transform_scale_effect_hover_mobile&quot;:{&quot;unit&quot;:&quot;px&quot;,&quot;size&quot;:&quot;&quot;,&quot;sizes&quot;:[]}}\" href=\"https:\/\/nfqes.com\/hu\/brainit-nfqes-desktop-toolkit\">\n\t\t\t\t<div class=\"elementor-element elementor-element-7867247 elementor-widget elementor-widget-text-editor\" data-id=\"7867247\" data-element_type=\"widget\" data-e-type=\"widget\" data-widget_type=\"text-editor.default\">\n\t\t\t\t<div class=\"elementor-widget-container\">\n\t\t\t\t\t\t\t\t\t<h3>NFQES Desktop Toolkit<\/h3>\n\t\t\t\t\t\t\t\t<\/div>\n\t\t\t\t<\/div>\n\t\t\t\t<div class=\"elementor-element elementor-element-00a7f5c elementor-widget elementor-widget-text-editor\" data-id=\"00a7f5c\" data-element_type=\"widget\" data-e-type=\"widget\" data-widget_type=\"text-editor.default\">\n\t\t\t\t<div class=\"elementor-widget-container\">\n\t\t\t\t\t\t\t\t\t<p>TUDJON MEG T\u00d6BBET<\/p>\n\t\t\t\t\t\t\t\t<\/div>\n\t\t\t\t<\/div>\n\t\t\t\t<\/a>\n\t\t<a class=\"elementor-element elementor-element-0d19dae e-con-full e-transform e-flex e-con e-child\" data-id=\"0d19dae\" data-element_type=\"container\" data-e-type=\"container\" data-settings=\"{&quot;background_background&quot;:&quot;classic&quot;,&quot;_transform_scale_effect_hover&quot;:{&quot;unit&quot;:&quot;px&quot;,&quot;size&quot;:1.01,&quot;sizes&quot;:[]},&quot;_transform_scale_effect_hover_laptop&quot;:{&quot;unit&quot;:&quot;px&quot;,&quot;size&quot;:&quot;&quot;,&quot;sizes&quot;:[]},&quot;_transform_scale_effect_hover_tablet&quot;:{&quot;unit&quot;:&quot;px&quot;,&quot;size&quot;:&quot;&quot;,&quot;sizes&quot;:[]},&quot;_transform_scale_effect_hover_mobile&quot;:{&quot;unit&quot;:&quot;px&quot;,&quot;size&quot;:&quot;&quot;,&quot;sizes&quot;:[]}}\" href=\"https:\/\/nfqes.com\/hu\/illesztoprogram-a-gemalto-idprime-940-szamara\">\n\t\t\t\t<div class=\"elementor-element elementor-element-9f391d2 elementor-widget elementor-widget-text-editor\" data-id=\"9f391d2\" data-element_type=\"widget\" data-e-type=\"widget\" data-widget_type=\"text-editor.default\">\n\t\t\t\t<div class=\"elementor-widget-container\">\n\t\t\t\t\t\t\t\t\t<h3>Gemalto IDPrime 940 chipk\u00e1rtya<\/h3>\n\t\t\t\t\t\t\t\t<\/div>\n\t\t\t\t<\/div>\n\t\t\t\t<div class=\"elementor-element elementor-element-efcb10f elementor-widget elementor-widget-text-editor\" data-id=\"efcb10f\" data-element_type=\"widget\" data-e-type=\"widget\" data-widget_type=\"text-editor.default\">\n\t\t\t\t<div class=\"elementor-widget-container\">\n\t\t\t\t\t\t\t\t\t<p>TUDJON MEG T\u00d6BBET<\/p>\n\t\t\t\t\t\t\t\t<\/div>\n\t\t\t\t<\/div>\n\t\t\t\t<\/a>\n\t\t<a class=\"elementor-element elementor-element-59235a5 e-con-full e-transform e-flex e-con e-child\" data-id=\"59235a5\" data-element_type=\"container\" data-e-type=\"container\" data-settings=\"{&quot;background_background&quot;:&quot;classic&quot;,&quot;_transform_scale_effect_hover&quot;:{&quot;unit&quot;:&quot;px&quot;,&quot;size&quot;:1.01,&quot;sizes&quot;:[]},&quot;_transform_scale_effect_hover_laptop&quot;:{&quot;unit&quot;:&quot;px&quot;,&quot;size&quot;:&quot;&quot;,&quot;sizes&quot;:[]},&quot;_transform_scale_effect_hover_tablet&quot;:{&quot;unit&quot;:&quot;px&quot;,&quot;size&quot;:&quot;&quot;,&quot;sizes&quot;:[]},&quot;_transform_scale_effect_hover_mobile&quot;:{&quot;unit&quot;:&quot;px&quot;,&quot;size&quot;:&quot;&quot;,&quot;sizes&quot;:[]}}\" href=\"https:\/\/nfqes.com\/hu\/eid-ugyfel\">\n\t\t\t\t<div class=\"elementor-element elementor-element-56ca39c elementor-widget elementor-widget-text-editor\" data-id=\"56ca39c\" data-element_type=\"widget\" data-e-type=\"widget\" data-widget_type=\"text-editor.default\">\n\t\t\t\t<div class=\"elementor-widget-container\">\n\t\t\t\t\t\t\t\t\t<h3>eID \u00fcgyf\u00e9l<\/h3>\n\t\t\t\t\t\t\t\t<\/div>\n\t\t\t\t<\/div>\n\t\t\t\t<div class=\"elementor-element elementor-element-14a8383 elementor-widget elementor-widget-text-editor\" data-id=\"14a8383\" data-element_type=\"widget\" data-e-type=\"widget\" data-widget_type=\"text-editor.default\">\n\t\t\t\t<div class=\"elementor-widget-container\">\n\t\t\t\t\t\t\t\t\t<p>TUDJON MEG T\u00d6BBET<\/p>\n\t\t\t\t\t\t\t\t<\/div>\n\t\t\t\t<\/div>\n\t\t\t\t<\/a>\n\t\t\t\t\t<\/div>\n\t\t\t\t<\/div>\n\t\t\t\t\t<\/div>\n\t\t\t\t<\/div>\n\t\t\t\t<\/div>\n\t\t","protected":false},"excerpt":{"rendered":"<p>Let\u00f6lt\u00e9s NFQES Desktop Toolkit TUDJON MEG T\u00d6BBET Gemalto IDPrime 940 chipk\u00e1rtya TUDJON MEG T\u00d6BBET eID \u00fcgyf\u00e9l TUDJON MEG T\u00d6BBET<\/p>\n","protected":false},"author":1,"featured_media":0,"parent":0,"menu_order":0,"comment_status":"closed","ping_status":"closed","template":"","meta":{"_acf_changed":false,"footnotes":""},"class_list":["post-24589","page","type-page","status-publish","hentry"],"acf":[],"yoast_head":"<!-- This site is optimized with the Yoast SEO plugin v27.2 - https:\/\/yoast.com\/product\/yoast-seo-wordpress\/ -->\n<title>Let\u00f6lthet\u0151 szoftverek | NFQES.com<\/title>\n<meta name=\"description\" content=\"Az NFQES megb\u00edzhat\u00f3 tan\u00fas\u00edtv\u00e1nyok l\u00e9trehoz\u00e1s\u00e1ra \u00e9s ellen\u0151rz\u00e9s\u00e9re vonatkoz\u00f3 szolg\u00e1ltat\u00e1s ny\u00fajt\u00e1s\u00e1nak \u00e9s haszn\u00e1lat\u00e1nak \u00e1ltal\u00e1nos felt\u00e9telei.\" \/>\n<meta name=\"robots\" content=\"index, follow, max-snippet:-1, max-image-preview:large, max-video-preview:-1\" \/>\n<link rel=\"canonical\" href=\"https:\/\/nfqes.com\/hu\/letoltesek\" \/>\n<meta property=\"og:locale\" content=\"hu_HU\" \/>\n<meta property=\"og:type\" content=\"article\" \/>\n<meta property=\"og:title\" content=\"Let\u00f6lthet\u0151 szoftverek | NFQES.com\" \/>\n<meta property=\"og:description\" content=\"Az NFQES megb\u00edzhat\u00f3 tan\u00fas\u00edtv\u00e1nyok l\u00e9trehoz\u00e1s\u00e1ra \u00e9s ellen\u0151rz\u00e9s\u00e9re vonatkoz\u00f3 szolg\u00e1ltat\u00e1s ny\u00fajt\u00e1s\u00e1nak \u00e9s haszn\u00e1lat\u00e1nak \u00e1ltal\u00e1nos felt\u00e9telei.\" \/>\n<meta property=\"og:url\" content=\"https:\/\/nfqes.com\/hu\/letoltesek\" \/>\n<meta property=\"og:site_name\" content=\"NFQES.com\" \/>\n<meta property=\"article:modified_time\" content=\"2024-09-26T06:53:21+00:00\" \/>\n<meta name=\"twitter:card\" content=\"summary_large_image\" \/>\n<script type=\"application\/ld+json\" class=\"yoast-schema-graph\">{\"@context\":\"https:\/\/schema.org\",\"@graph\":[{\"@type\":\"WebPage\",\"@id\":\"https:\/\/nfqes.com\/hu\/letoltesek\",\"url\":\"https:\/\/nfqes.com\/hu\/letoltesek\",\"name\":\"Let\u00f6lthet\u0151 szoftverek | NFQES.com\",\"isPartOf\":{\"@id\":\"https:\/\/nfqes.com\/hu\/#website\"},\"datePublished\":\"2023-09-28T12:37:25+00:00\",\"dateModified\":\"2024-09-26T06:53:21+00:00\",\"description\":\"Az NFQES megb\u00edzhat\u00f3 tan\u00fas\u00edtv\u00e1nyok l\u00e9trehoz\u00e1s\u00e1ra \u00e9s ellen\u0151rz\u00e9s\u00e9re vonatkoz\u00f3 szolg\u00e1ltat\u00e1s ny\u00fajt\u00e1s\u00e1nak \u00e9s haszn\u00e1lat\u00e1nak \u00e1ltal\u00e1nos felt\u00e9telei.\",\"breadcrumb\":{\"@id\":\"https:\/\/nfqes.com\/hu\/letoltesek#breadcrumb\"},\"inLanguage\":\"hu\",\"potentialAction\":[{\"@type\":\"ReadAction\",\"target\":[\"https:\/\/nfqes.com\/hu\/letoltesek\"]}]},{\"@type\":\"BreadcrumbList\",\"@id\":\"https:\/\/nfqes.com\/hu\/letoltesek#breadcrumb\",\"itemListElement\":[{\"@type\":\"ListItem\",\"position\":1,\"name\":\"NFQES\",\"item\":\"https:\/\/nfqes.com\/hu\"},{\"@type\":\"ListItem\",\"position\":2,\"name\":\"Let\u00f6lt\u00e9sek\"}]},{\"@type\":\"WebSite\",\"@id\":\"https:\/\/nfqes.com\/hu\/#website\",\"url\":\"https:\/\/nfqes.com\/hu\/\",\"name\":\"NFQES.com\",\"description\":\"Modern\u00e9 slu\u017eby v oblasti informa\u010dnej bezpe\u010dnosti.\",\"publisher\":{\"@id\":\"https:\/\/nfqes.com\/hu\/#organization\"},\"potentialAction\":[{\"@type\":\"SearchAction\",\"target\":{\"@type\":\"EntryPoint\",\"urlTemplate\":\"https:\/\/nfqes.com\/hu\/?s={search_term_string}\"},\"query-input\":{\"@type\":\"PropertyValueSpecification\",\"valueRequired\":true,\"valueName\":\"search_term_string\"}}],\"inLanguage\":\"hu\"},{\"@type\":\"Organization\",\"@id\":\"https:\/\/nfqes.com\/hu\/#organization\",\"name\":\"NFQES\",\"url\":\"https:\/\/nfqes.com\/hu\/\",\"logo\":{\"@type\":\"ImageObject\",\"inLanguage\":\"hu\",\"@id\":\"https:\/\/nfqes.com\/hu\/#\/schema\/logo\/image\/\",\"url\":\"https:\/\/nfqes.com\/wp-content\/uploads\/2022\/07\/logo-cierne.webp\",\"contentUrl\":\"https:\/\/nfqes.com\/wp-content\/uploads\/2022\/07\/logo-cierne.webp\",\"width\":1169,\"height\":434,\"caption\":\"NFQES\"},\"image\":{\"@id\":\"https:\/\/nfqes.com\/hu\/#\/schema\/logo\/image\/\"}}]}<\/script>\n<!-- \/ Yoast SEO plugin. -->","yoast_head_json":{"title":"Let\u00f6lthet\u0151 szoftverek | NFQES.com","description":"Az NFQES megb\u00edzhat\u00f3 tan\u00fas\u00edtv\u00e1nyok l\u00e9trehoz\u00e1s\u00e1ra \u00e9s ellen\u0151rz\u00e9s\u00e9re vonatkoz\u00f3 szolg\u00e1ltat\u00e1s ny\u00fajt\u00e1s\u00e1nak \u00e9s haszn\u00e1lat\u00e1nak \u00e1ltal\u00e1nos felt\u00e9telei.","robots":{"index":"index","follow":"follow","max-snippet":"max-snippet:-1","max-image-preview":"max-image-preview:large","max-video-preview":"max-video-preview:-1"},"canonical":"https:\/\/nfqes.com\/hu\/letoltesek","og_locale":"hu_HU","og_type":"article","og_title":"Let\u00f6lthet\u0151 szoftverek | NFQES.com","og_description":"Az NFQES megb\u00edzhat\u00f3 tan\u00fas\u00edtv\u00e1nyok l\u00e9trehoz\u00e1s\u00e1ra \u00e9s ellen\u0151rz\u00e9s\u00e9re vonatkoz\u00f3 szolg\u00e1ltat\u00e1s ny\u00fajt\u00e1s\u00e1nak \u00e9s haszn\u00e1lat\u00e1nak \u00e1ltal\u00e1nos felt\u00e9telei.","og_url":"https:\/\/nfqes.com\/hu\/letoltesek","og_site_name":"NFQES.com","article_modified_time":"2024-09-26T06:53:21+00:00","twitter_card":"summary_large_image","schema":{"@context":"https:\/\/schema.org","@graph":[{"@type":"WebPage","@id":"https:\/\/nfqes.com\/hu\/letoltesek","url":"https:\/\/nfqes.com\/hu\/letoltesek","name":"Let\u00f6lthet\u0151 szoftverek | NFQES.com","isPartOf":{"@id":"https:\/\/nfqes.com\/hu\/#website"},"datePublished":"2023-09-28T12:37:25+00:00","dateModified":"2024-09-26T06:53:21+00:00","description":"Az NFQES megb\u00edzhat\u00f3 tan\u00fas\u00edtv\u00e1nyok l\u00e9trehoz\u00e1s\u00e1ra \u00e9s ellen\u0151rz\u00e9s\u00e9re vonatkoz\u00f3 szolg\u00e1ltat\u00e1s ny\u00fajt\u00e1s\u00e1nak \u00e9s haszn\u00e1lat\u00e1nak \u00e1ltal\u00e1nos felt\u00e9telei.","breadcrumb":{"@id":"https:\/\/nfqes.com\/hu\/letoltesek#breadcrumb"},"inLanguage":"hu","potentialAction":[{"@type":"ReadAction","target":["https:\/\/nfqes.com\/hu\/letoltesek"]}]},{"@type":"BreadcrumbList","@id":"https:\/\/nfqes.com\/hu\/letoltesek#breadcrumb","itemListElement":[{"@type":"ListItem","position":1,"name":"NFQES","item":"https:\/\/nfqes.com\/hu"},{"@type":"ListItem","position":2,"name":"Let\u00f6lt\u00e9sek"}]},{"@type":"WebSite","@id":"https:\/\/nfqes.com\/hu\/#website","url":"https:\/\/nfqes.com\/hu\/","name":"NFQES.com","description":"Modern\u00e9 slu\u017eby v oblasti informa\u010dnej bezpe\u010dnosti.","publisher":{"@id":"https:\/\/nfqes.com\/hu\/#organization"},"potentialAction":[{"@type":"SearchAction","target":{"@type":"EntryPoint","urlTemplate":"https:\/\/nfqes.com\/hu\/?s={search_term_string}"},"query-input":{"@type":"PropertyValueSpecification","valueRequired":true,"valueName":"search_term_string"}}],"inLanguage":"hu"},{"@type":"Organization","@id":"https:\/\/nfqes.com\/hu\/#organization","name":"NFQES","url":"https:\/\/nfqes.com\/hu\/","logo":{"@type":"ImageObject","inLanguage":"hu","@id":"https:\/\/nfqes.com\/hu\/#\/schema\/logo\/image\/","url":"https:\/\/nfqes.com\/wp-content\/uploads\/2022\/07\/logo-cierne.webp","contentUrl":"https:\/\/nfqes.com\/wp-content\/uploads\/2022\/07\/logo-cierne.webp","width":1169,"height":434,"caption":"NFQES"},"image":{"@id":"https:\/\/nfqes.com\/hu\/#\/schema\/logo\/image\/"}}]}},"_links":{"self":[{"href":"https:\/\/nfqes.com\/hu\/wp-json\/wp\/v2\/pages\/24589","targetHints":{"allow":["GET"]}}],"collection":[{"href":"https:\/\/nfqes.com\/hu\/wp-json\/wp\/v2\/pages"}],"about":[{"href":"https:\/\/nfqes.com\/hu\/wp-json\/wp\/v2\/types\/page"}],"author":[{"embeddable":true,"href":"https:\/\/nfqes.com\/hu\/wp-json\/wp\/v2\/users\/1"}],"replies":[{"embeddable":true,"href":"https:\/\/nfqes.com\/hu\/wp-json\/wp\/v2\/comments?post=24589"}],"version-history":[{"count":0,"href":"https:\/\/nfqes.com\/hu\/wp-json\/wp\/v2\/pages\/24589\/revisions"}],"wp:attachment":[{"href":"https:\/\/nfqes.com\/hu\/wp-json\/wp\/v2\/media?parent=24589"}],"curies":[{"name":"wp","href":"https:\/\/api.w.org\/{rel}","templated":true}]}}