{"id":24253,"date":"2023-04-24T09:50:19","date_gmt":"2023-04-24T07:50:19","guid":{"rendered":"https:\/\/nfqes.com\/az-oldal-nem-talalhato"},"modified":"2024-04-29T12:35:35","modified_gmt":"2024-04-29T10:35:35","slug":"az-oldal-nem-talalhato","status":"publish","type":"page","link":"https:\/\/nfqes.com\/hu\/az-oldal-nem-talalhato","title":{"rendered":"Az oldal nem tal\u00e1lhat\u00f3"},"content":{"rendered":"\t\t<div data-elementor-type=\"wp-page\" data-elementor-id=\"24253\" class=\"elementor elementor-24253 elementor-3719\" data-elementor-post-type=\"page\">\n\t\t\t\t<div class=\"elementor-element elementor-element-8d86033 e-flex e-con-boxed e-con e-parent\" data-id=\"8d86033\" data-element_type=\"container\" data-e-type=\"container\" data-settings=\"{&quot;background_background&quot;:&quot;classic&quot;}\">\n\t\t\t\t\t<div class=\"e-con-inner\">\n\t\t\t\t<div class=\"elementor-element elementor-element-85c94ae elementor-widget elementor-widget-image\" data-id=\"85c94ae\" data-element_type=\"widget\" data-e-type=\"widget\" data-widget_type=\"image.default\">\n\t\t\t\t<div class=\"elementor-widget-container\">\n\t\t\t\t\t\t\t\t\t\t\t\t\t\t\t<img fetchpriority=\"high\" decoding=\"async\" width=\"800\" height=\"297\" src=\"https:\/\/nfqes.com\/wp-content\/uploads\/2022\/07\/logo-biele-1024x380.webp\" class=\"attachment-large size-large wp-image-9\" alt=\"logo nfqes transparentne biele\" srcset=\"https:\/\/nfqes.com\/wp-content\/uploads\/2022\/07\/logo-biele-1024x380.webp 1024w, https:\/\/nfqes.com\/wp-content\/uploads\/2022\/07\/logo-biele-300x111.webp 300w, https:\/\/nfqes.com\/wp-content\/uploads\/2022\/07\/logo-biele-768x285.webp 768w, https:\/\/nfqes.com\/wp-content\/uploads\/2022\/07\/logo-biele.webp 1169w\" sizes=\"(max-width: 800px) 100vw, 800px\" \/>\t\t\t\t\t\t\t\t\t\t\t\t\t\t\t<\/div>\n\t\t\t\t<\/div>\n\t\t\t\t<div class=\"elementor-element elementor-element-8876339 elementor-widget elementor-widget-heading\" data-id=\"8876339\" data-element_type=\"widget\" data-e-type=\"widget\" data-widget_type=\"heading.default\">\n\t\t\t\t<div class=\"elementor-widget-container\">\n\t\t\t\t\t<h1 class=\"elementor-heading-title elementor-size-default\">Sajn\u00e1ljuk, de az \u00d6n \u00e1ltal k\u00e9rt oldalt nem tal\u00e1ltuk meg. Menjen vissza a kezd\u0151lapra vagy l\u00e9pjen kapcsolatba vel\u00fcnk.<\/h1>\t\t\t\t<\/div>\n\t\t\t\t<\/div>\n\t\t<div class=\"elementor-element elementor-element-7dc672c e-con-full e-flex e-con e-child\" data-id=\"7dc672c\" data-element_type=\"container\" data-e-type=\"container\">\n\t\t\t\t<div class=\"elementor-element elementor-element-115cdcb elementor-widget__width-auto elementor-widget elementor-widget-button\" data-id=\"115cdcb\" data-element_type=\"widget\" data-e-type=\"widget\" data-settings=\"{&quot;motion_fx_motion_fx_scrolling&quot;:&quot;yes&quot;,&quot;motion_fx_devices&quot;:[&quot;desktop&quot;,&quot;laptop&quot;,&quot;tablet&quot;,&quot;mobile&quot;]}\" data-widget_type=\"button.default\">\n\t\t\t\t<div class=\"elementor-widget-container\">\n\t\t\t\t\t\t\t\t\t<div class=\"elementor-button-wrapper\">\n\t\t\t\t\t<a class=\"elementor-button elementor-button-link elementor-size-md\" href=\"\/\">\n\t\t\t\t\t\t<span class=\"elementor-button-content-wrapper\">\n\t\t\t\t\t\t<span class=\"elementor-button-icon\">\n\t\t\t\t<svg aria-hidden=\"true\" class=\"e-font-icon-svg e-fas-home\" viewBox=\"0 0 576 512\" xmlns=\"http:\/\/www.w3.org\/2000\/svg\"><path d=\"M280.37 148.26L96 300.11V464a16 16 0 0 0 16 16l112.06-.29a16 16 0 0 0 15.92-16V368a16 16 0 0 1 16-16h64a16 16 0 0 1 16 16v95.64a16 16 0 0 0 16 16.05L464 480a16 16 0 0 0 16-16V300L295.67 148.26a12.19 12.19 0 0 0-15.3 0zM571.6 251.47L488 182.56V44.05a12 12 0 0 0-12-12h-56a12 12 0 0 0-12 12v72.61L318.47 43a48 48 0 0 0-61 0L4.34 251.47a12 12 0 0 0-1.6 16.9l25.5 31A12 12 0 0 0 45.15 301l235.22-193.74a12.19 12.19 0 0 1 15.3 0L530.9 301a12 12 0 0 0 16.9-1.6l25.5-31a12 12 0 0 0-1.7-16.93z\"><\/path><\/svg>\t\t\t<\/span>\n\t\t\t\t\t\t\t\t\t<span class=\"elementor-button-text\">Kezd\u0151lap<\/span>\n\t\t\t\t\t<\/span>\n\t\t\t\t\t<\/a>\n\t\t\t\t<\/div>\n\t\t\t\t\t\t\t\t<\/div>\n\t\t\t\t<\/div>\n\t\t\t\t<div class=\"elementor-element elementor-element-c5ad67b elementor-widget__width-auto elementor-widget elementor-widget-button\" data-id=\"c5ad67b\" data-element_type=\"widget\" data-e-type=\"widget\" data-widget_type=\"button.default\">\n\t\t\t\t<div class=\"elementor-widget-container\">\n\t\t\t\t\t\t\t\t\t<div class=\"elementor-button-wrapper\">\n\t\t\t\t\t<a class=\"elementor-button elementor-button-link elementor-size-md\" href=\"https:\/\/nfqes.com\/hu\/kapcsolat\">\n\t\t\t\t\t\t<span class=\"elementor-button-content-wrapper\">\n\t\t\t\t\t\t<span class=\"elementor-button-icon\">\n\t\t\t\t<svg aria-hidden=\"true\" class=\"e-font-icon-svg e-fas-mouse-pointer\" viewBox=\"0 0 320 512\" xmlns=\"http:\/\/www.w3.org\/2000\/svg\"><path d=\"M302.189 329.126H196.105l55.831 135.993c3.889 9.428-.555 19.999-9.444 23.999l-49.165 21.427c-9.165 4-19.443-.571-23.332-9.714l-53.053-129.136-86.664 89.138C18.729 472.71 0 463.554 0 447.977V18.299C0 1.899 19.921-6.096 30.277 5.443l284.412 292.542c11.472 11.179 3.007 31.141-12.5 31.141z\"><\/path><\/svg>\t\t\t<\/span>\n\t\t\t\t\t\t\t\t\t<span class=\"elementor-button-text\">Kapcsolatfelv\u00e9tel<\/span>\n\t\t\t\t\t<\/span>\n\t\t\t\t\t<\/a>\n\t\t\t\t<\/div>\n\t\t\t\t\t\t\t\t<\/div>\n\t\t\t\t<\/div>\n\t\t\t\t<\/div>\n\t\t\t\t\t<\/div>\n\t\t\t\t<\/div>\n\t\t\t\t<\/div>\n\t\t","protected":false},"excerpt":{"rendered":"<p>Sajn\u00e1ljuk, de az \u00d6n \u00e1ltal k\u00e9rt oldalt nem tal\u00e1ltuk meg. Menjen vissza a kezd\u0151lapra vagy l\u00e9pjen kapcsolatba vel\u00fcnk. Kezd\u0151lap Kapcsolatfelv\u00e9tel<\/p>\n","protected":false},"author":1,"featured_media":0,"parent":0,"menu_order":0,"comment_status":"closed","ping_status":"closed","template":"","meta":{"_acf_changed":false,"footnotes":""},"class_list":["post-24253","page","type-page","status-publish","hentry"],"acf":[],"yoast_head":"<!-- This site is optimized with the Yoast SEO plugin v27.2 - https:\/\/yoast.com\/product\/yoast-seo-wordpress\/ -->\n<title>Az oldal nem tal\u00e1lhat\u00f3 - NFQES.com<\/title>\n<meta name=\"robots\" content=\"noindex, follow\" \/>\n<meta property=\"og:locale\" content=\"hu_HU\" \/>\n<meta property=\"og:type\" content=\"article\" \/>\n<meta property=\"og:title\" content=\"Az oldal nem tal\u00e1lhat\u00f3 - NFQES.com\" \/>\n<meta property=\"og:description\" content=\"Sajn\u00e1ljuk, de az \u00d6n \u00e1ltal k\u00e9rt oldalt nem tal\u00e1ltuk meg. Menjen vissza a kezd\u0151lapra vagy l\u00e9pjen kapcsolatba vel\u00fcnk. Kezd\u0151lap Kapcsolatfelv\u00e9tel\" \/>\n<meta property=\"og:url\" content=\"https:\/\/nfqes.com\/hu\/az-oldal-nem-talalhato\" \/>\n<meta property=\"og:site_name\" content=\"NFQES.com\" \/>\n<meta property=\"article:modified_time\" content=\"2024-04-29T10:35:35+00:00\" \/>\n<meta property=\"og:image\" content=\"https:\/\/nfqes.com\/wp-content\/uploads\/2022\/07\/logo-biele-1024x380.webp\" \/>\n<meta name=\"twitter:card\" content=\"summary_large_image\" \/>\n<script type=\"application\/ld+json\" class=\"yoast-schema-graph\">{\"@context\":\"https:\/\/schema.org\",\"@graph\":[{\"@type\":\"WebPage\",\"@id\":\"https:\/\/nfqes.com\/hu\/az-oldal-nem-talalhato\",\"url\":\"https:\/\/nfqes.com\/hu\/az-oldal-nem-talalhato\",\"name\":\"Az oldal nem tal\u00e1lhat\u00f3 - NFQES.com\",\"isPartOf\":{\"@id\":\"https:\/\/nfqes.com\/hu\/#website\"},\"primaryImageOfPage\":{\"@id\":\"https:\/\/nfqes.com\/hu\/az-oldal-nem-talalhato#primaryimage\"},\"image\":{\"@id\":\"https:\/\/nfqes.com\/hu\/az-oldal-nem-talalhato#primaryimage\"},\"thumbnailUrl\":\"https:\/\/nfqes.com\/wp-content\/uploads\/2022\/07\/logo-biele-1024x380.webp\",\"datePublished\":\"2023-04-24T07:50:19+00:00\",\"dateModified\":\"2024-04-29T10:35:35+00:00\",\"breadcrumb\":{\"@id\":\"https:\/\/nfqes.com\/hu\/az-oldal-nem-talalhato#breadcrumb\"},\"inLanguage\":\"hu\",\"potentialAction\":[{\"@type\":\"ReadAction\",\"target\":[\"https:\/\/nfqes.com\/hu\/az-oldal-nem-talalhato\"]}]},{\"@type\":\"ImageObject\",\"inLanguage\":\"hu\",\"@id\":\"https:\/\/nfqes.com\/hu\/az-oldal-nem-talalhato#primaryimage\",\"url\":\"https:\/\/nfqes.com\/wp-content\/uploads\/2022\/07\/logo-biele-1024x380.webp\",\"contentUrl\":\"https:\/\/nfqes.com\/wp-content\/uploads\/2022\/07\/logo-biele-1024x380.webp\"},{\"@type\":\"BreadcrumbList\",\"@id\":\"https:\/\/nfqes.com\/hu\/az-oldal-nem-talalhato#breadcrumb\",\"itemListElement\":[{\"@type\":\"ListItem\",\"position\":1,\"name\":\"NFQES\",\"item\":\"https:\/\/nfqes.com\/hu\"},{\"@type\":\"ListItem\",\"position\":2,\"name\":\"Az oldal nem tal\u00e1lhat\u00f3\"}]},{\"@type\":\"WebSite\",\"@id\":\"https:\/\/nfqes.com\/hu\/#website\",\"url\":\"https:\/\/nfqes.com\/hu\/\",\"name\":\"NFQES.com\",\"description\":\"Modern\u00e9 slu\u017eby v oblasti informa\u010dnej bezpe\u010dnosti.\",\"publisher\":{\"@id\":\"https:\/\/nfqes.com\/hu\/#organization\"},\"potentialAction\":[{\"@type\":\"SearchAction\",\"target\":{\"@type\":\"EntryPoint\",\"urlTemplate\":\"https:\/\/nfqes.com\/hu\/?s={search_term_string}\"},\"query-input\":{\"@type\":\"PropertyValueSpecification\",\"valueRequired\":true,\"valueName\":\"search_term_string\"}}],\"inLanguage\":\"hu\"},{\"@type\":\"Organization\",\"@id\":\"https:\/\/nfqes.com\/hu\/#organization\",\"name\":\"NFQES\",\"url\":\"https:\/\/nfqes.com\/hu\/\",\"logo\":{\"@type\":\"ImageObject\",\"inLanguage\":\"hu\",\"@id\":\"https:\/\/nfqes.com\/hu\/#\/schema\/logo\/image\/\",\"url\":\"https:\/\/nfqes.com\/wp-content\/uploads\/2022\/07\/logo-cierne.webp\",\"contentUrl\":\"https:\/\/nfqes.com\/wp-content\/uploads\/2022\/07\/logo-cierne.webp\",\"width\":1169,\"height\":434,\"caption\":\"NFQES\"},\"image\":{\"@id\":\"https:\/\/nfqes.com\/hu\/#\/schema\/logo\/image\/\"}}]}<\/script>\n<!-- \/ Yoast SEO plugin. -->","yoast_head_json":{"title":"Az oldal nem tal\u00e1lhat\u00f3 - NFQES.com","robots":{"index":"noindex","follow":"follow"},"og_locale":"hu_HU","og_type":"article","og_title":"Az oldal nem tal\u00e1lhat\u00f3 - NFQES.com","og_description":"Sajn\u00e1ljuk, de az \u00d6n \u00e1ltal k\u00e9rt oldalt nem tal\u00e1ltuk meg. Menjen vissza a kezd\u0151lapra vagy l\u00e9pjen kapcsolatba vel\u00fcnk. Kezd\u0151lap Kapcsolatfelv\u00e9tel","og_url":"https:\/\/nfqes.com\/hu\/az-oldal-nem-talalhato","og_site_name":"NFQES.com","article_modified_time":"2024-04-29T10:35:35+00:00","og_image":[{"url":"https:\/\/nfqes.com\/wp-content\/uploads\/2022\/07\/logo-biele-1024x380.webp","type":"","width":"","height":""}],"twitter_card":"summary_large_image","schema":{"@context":"https:\/\/schema.org","@graph":[{"@type":"WebPage","@id":"https:\/\/nfqes.com\/hu\/az-oldal-nem-talalhato","url":"https:\/\/nfqes.com\/hu\/az-oldal-nem-talalhato","name":"Az oldal nem tal\u00e1lhat\u00f3 - NFQES.com","isPartOf":{"@id":"https:\/\/nfqes.com\/hu\/#website"},"primaryImageOfPage":{"@id":"https:\/\/nfqes.com\/hu\/az-oldal-nem-talalhato#primaryimage"},"image":{"@id":"https:\/\/nfqes.com\/hu\/az-oldal-nem-talalhato#primaryimage"},"thumbnailUrl":"https:\/\/nfqes.com\/wp-content\/uploads\/2022\/07\/logo-biele-1024x380.webp","datePublished":"2023-04-24T07:50:19+00:00","dateModified":"2024-04-29T10:35:35+00:00","breadcrumb":{"@id":"https:\/\/nfqes.com\/hu\/az-oldal-nem-talalhato#breadcrumb"},"inLanguage":"hu","potentialAction":[{"@type":"ReadAction","target":["https:\/\/nfqes.com\/hu\/az-oldal-nem-talalhato"]}]},{"@type":"ImageObject","inLanguage":"hu","@id":"https:\/\/nfqes.com\/hu\/az-oldal-nem-talalhato#primaryimage","url":"https:\/\/nfqes.com\/wp-content\/uploads\/2022\/07\/logo-biele-1024x380.webp","contentUrl":"https:\/\/nfqes.com\/wp-content\/uploads\/2022\/07\/logo-biele-1024x380.webp"},{"@type":"BreadcrumbList","@id":"https:\/\/nfqes.com\/hu\/az-oldal-nem-talalhato#breadcrumb","itemListElement":[{"@type":"ListItem","position":1,"name":"NFQES","item":"https:\/\/nfqes.com\/hu"},{"@type":"ListItem","position":2,"name":"Az oldal nem tal\u00e1lhat\u00f3"}]},{"@type":"WebSite","@id":"https:\/\/nfqes.com\/hu\/#website","url":"https:\/\/nfqes.com\/hu\/","name":"NFQES.com","description":"Modern\u00e9 slu\u017eby v oblasti informa\u010dnej bezpe\u010dnosti.","publisher":{"@id":"https:\/\/nfqes.com\/hu\/#organization"},"potentialAction":[{"@type":"SearchAction","target":{"@type":"EntryPoint","urlTemplate":"https:\/\/nfqes.com\/hu\/?s={search_term_string}"},"query-input":{"@type":"PropertyValueSpecification","valueRequired":true,"valueName":"search_term_string"}}],"inLanguage":"hu"},{"@type":"Organization","@id":"https:\/\/nfqes.com\/hu\/#organization","name":"NFQES","url":"https:\/\/nfqes.com\/hu\/","logo":{"@type":"ImageObject","inLanguage":"hu","@id":"https:\/\/nfqes.com\/hu\/#\/schema\/logo\/image\/","url":"https:\/\/nfqes.com\/wp-content\/uploads\/2022\/07\/logo-cierne.webp","contentUrl":"https:\/\/nfqes.com\/wp-content\/uploads\/2022\/07\/logo-cierne.webp","width":1169,"height":434,"caption":"NFQES"},"image":{"@id":"https:\/\/nfqes.com\/hu\/#\/schema\/logo\/image\/"}}]}},"_links":{"self":[{"href":"https:\/\/nfqes.com\/hu\/wp-json\/wp\/v2\/pages\/24253","targetHints":{"allow":["GET"]}}],"collection":[{"href":"https:\/\/nfqes.com\/hu\/wp-json\/wp\/v2\/pages"}],"about":[{"href":"https:\/\/nfqes.com\/hu\/wp-json\/wp\/v2\/types\/page"}],"author":[{"embeddable":true,"href":"https:\/\/nfqes.com\/hu\/wp-json\/wp\/v2\/users\/1"}],"replies":[{"embeddable":true,"href":"https:\/\/nfqes.com\/hu\/wp-json\/wp\/v2\/comments?post=24253"}],"version-history":[{"count":0,"href":"https:\/\/nfqes.com\/hu\/wp-json\/wp\/v2\/pages\/24253\/revisions"}],"wp:attachment":[{"href":"https:\/\/nfqes.com\/hu\/wp-json\/wp\/v2\/media?parent=24253"}],"curies":[{"name":"wp","href":"https:\/\/api.w.org\/{rel}","templated":true}]}}