{"id":26436,"date":"2022-07-22T11:15:37","date_gmt":"2022-07-22T09:15:37","guid":{"rendered":"https:\/\/nfqes.com\/blog"},"modified":"2024-07-10T07:50:48","modified_gmt":"2024-07-10T05:50:48","slug":"blog","status":"publish","type":"page","link":"https:\/\/nfqes.com\/de\/blog","title":{"rendered":"Blog"},"content":{"rendered":"\t\t<div data-elementor-type=\"wp-page\" data-elementor-id=\"26436\" class=\"elementor elementor-26436 elementor-1100\" data-elementor-post-type=\"page\">\n\t\t\t\t<div class=\"elementor-element elementor-element-b0b3086 e-flex e-con-boxed e-con e-parent\" data-id=\"b0b3086\" data-element_type=\"container\" data-e-type=\"container\" data-settings=\"{&quot;background_background&quot;:&quot;classic&quot;}\">\n\t\t\t\t\t<div class=\"e-con-inner\">\n\t\t\t\t<div class=\"elementor-element elementor-element-f88d7e7 elementor-widget__width-inherit elementor-widget elementor-widget-heading\" data-id=\"f88d7e7\" data-element_type=\"widget\" data-e-type=\"widget\" data-widget_type=\"heading.default\">\n\t\t\t\t<div class=\"elementor-widget-container\">\n\t\t\t\t\t<h1 class=\"elementor-heading-title elementor-size-default\">Blog<\/h1>\t\t\t\t<\/div>\n\t\t\t\t<\/div>\n\t\t\t\t<div class=\"elementor-element elementor-element-5a0905a elementor-widget__width-inherit elementor-widget elementor-widget-text-editor\" data-id=\"5a0905a\" data-element_type=\"widget\" data-e-type=\"widget\" data-widget_type=\"text-editor.default\">\n\t\t\t\t<div class=\"elementor-widget-container\">\n\t\t\t\t\t\t\t\t\tWir bringen Fachtexte, die sich mit dem Thema elektronisches Signieren und allem, was damit zusammenh\u00e4ngt, besch\u00e4ftigen.\t\t\t\t\t\t\t\t<\/div>\n\t\t\t\t<\/div>\n\t\t\t\t\t<\/div>\n\t\t\t\t<\/div>\n\t\t<div class=\"elementor-element elementor-element-af97da8 e-flex e-con-boxed e-con e-parent\" data-id=\"af97da8\" data-element_type=\"container\" data-e-type=\"container\">\n\t\t\t\t\t<div class=\"e-con-inner\">\n\t\t\t\t<div class=\"elementor-element elementor-element-a7df75d elementor-grid-3 elementor-grid-tablet-2 elementor-grid-mobile-1 elementor-widget elementor-widget-loop-grid\" data-id=\"a7df75d\" data-element_type=\"widget\" data-e-type=\"widget\" data-settings=\"{&quot;template_id&quot;:10241,&quot;columns&quot;:3,&quot;pagination_type&quot;:&quot;numbers_and_prev_next&quot;,&quot;row_gap&quot;:{&quot;unit&quot;:&quot;px&quot;,&quot;size&quot;:20,&quot;sizes&quot;:[]},&quot;_skin&quot;:&quot;post&quot;,&quot;columns_tablet&quot;:&quot;2&quot;,&quot;columns_mobile&quot;:&quot;1&quot;,&quot;edit_handle_selector&quot;:&quot;[data-elementor-type=\\&quot;loop-item\\&quot;]&quot;,&quot;pagination_load_type&quot;:&quot;page_reload&quot;,&quot;row_gap_laptop&quot;:{&quot;unit&quot;:&quot;px&quot;,&quot;size&quot;:&quot;&quot;,&quot;sizes&quot;:[]},&quot;row_gap_tablet&quot;:{&quot;unit&quot;:&quot;px&quot;,&quot;size&quot;:&quot;&quot;,&quot;sizes&quot;:[]},&quot;row_gap_mobile&quot;:{&quot;unit&quot;:&quot;px&quot;,&quot;size&quot;:&quot;&quot;,&quot;sizes&quot;:[]}}\" data-widget_type=\"loop-grid.post\">\n\t\t\t\t<div class=\"elementor-widget-container\">\n\t\t\t\t\t\t\t<div class=\"e-loop-nothing-found-message\">\n\t\t<\/div>\n\t\t\t\t\t\t<\/div>\n\t\t\t\t<\/div>\n\t\t\t\t\t<\/div>\n\t\t\t\t<\/div>\n\t\t\t\t<\/div>\n\t\t","protected":false},"excerpt":{"rendered":"","protected":false},"author":1,"featured_media":0,"parent":0,"menu_order":0,"comment_status":"closed","ping_status":"closed","template":"","meta":{"_acf_changed":false,"footnotes":""},"class_list":["post-26436","page","type-page","status-publish","hentry"],"acf":[],"yoast_head":"<!-- This site is optimized with the Yoast SEO plugin v27.2 - https:\/\/yoast.com\/product\/yoast-seo-wordpress\/ -->\n<title>Interessante Fakten aus der Welt der Online-Sicherheit | NFQES<\/title>\n<meta name=\"description\" content=\"Lesen Sie Interessantes aus der Welt der Online-Sicherheit - Cybersicherheit, Wissen Sie, ob die Informationen Ihres Unternehmens sicher sind?\" \/>\n<meta name=\"robots\" content=\"index, follow, max-snippet:-1, max-image-preview:large, max-video-preview:-1\" \/>\n<link rel=\"canonical\" href=\"https:\/\/nfqes.com\/de\/blog\" \/>\n<meta property=\"og:locale\" content=\"de_DE\" \/>\n<meta property=\"og:type\" content=\"article\" \/>\n<meta property=\"og:title\" content=\"Interessante Fakten aus der Welt der Online-Sicherheit | NFQES\" \/>\n<meta property=\"og:description\" content=\"Lesen Sie Interessantes aus der Welt der Online-Sicherheit - Cybersicherheit, Wissen Sie, ob die Informationen Ihres Unternehmens sicher sind?\" \/>\n<meta property=\"og:url\" content=\"https:\/\/nfqes.com\/de\/blog\" \/>\n<meta property=\"og:site_name\" content=\"NFQES.com\" \/>\n<meta property=\"article:modified_time\" content=\"2024-07-10T05:50:48+00:00\" \/>\n<meta name=\"twitter:card\" content=\"summary_large_image\" \/>\n<script type=\"application\/ld+json\" class=\"yoast-schema-graph\">{\"@context\":\"https:\/\/schema.org\",\"@graph\":[{\"@type\":\"WebPage\",\"@id\":\"https:\/\/nfqes.com\/de\/blog\",\"url\":\"https:\/\/nfqes.com\/de\/blog\",\"name\":\"Interessante Fakten aus der Welt der Online-Sicherheit | NFQES\",\"isPartOf\":{\"@id\":\"https:\/\/nfqes.com\/de\/#website\"},\"datePublished\":\"2022-07-22T09:15:37+00:00\",\"dateModified\":\"2024-07-10T05:50:48+00:00\",\"description\":\"Lesen Sie Interessantes aus der Welt der Online-Sicherheit - Cybersicherheit, Wissen Sie, ob die Informationen Ihres Unternehmens sicher sind?\",\"breadcrumb\":{\"@id\":\"https:\/\/nfqes.com\/de\/blog#breadcrumb\"},\"inLanguage\":\"de\",\"potentialAction\":[{\"@type\":\"ReadAction\",\"target\":[\"https:\/\/nfqes.com\/de\/blog\"]}]},{\"@type\":\"BreadcrumbList\",\"@id\":\"https:\/\/nfqes.com\/de\/blog#breadcrumb\",\"itemListElement\":[{\"@type\":\"ListItem\",\"position\":1,\"name\":\"NFQES\",\"item\":\"https:\/\/nfqes.com\/de\"},{\"@type\":\"ListItem\",\"position\":2,\"name\":\"Blog\"}]},{\"@type\":\"WebSite\",\"@id\":\"https:\/\/nfqes.com\/de\/#website\",\"url\":\"https:\/\/nfqes.com\/de\/\",\"name\":\"NFQES.com\",\"description\":\"Modern\u00e9 slu\u017eby v oblasti informa\u010dnej bezpe\u010dnosti.\",\"publisher\":{\"@id\":\"https:\/\/nfqes.com\/de\/#organization\"},\"potentialAction\":[{\"@type\":\"SearchAction\",\"target\":{\"@type\":\"EntryPoint\",\"urlTemplate\":\"https:\/\/nfqes.com\/de\/?s={search_term_string}\"},\"query-input\":{\"@type\":\"PropertyValueSpecification\",\"valueRequired\":true,\"valueName\":\"search_term_string\"}}],\"inLanguage\":\"de\"},{\"@type\":\"Organization\",\"@id\":\"https:\/\/nfqes.com\/de\/#organization\",\"name\":\"NFQES\",\"url\":\"https:\/\/nfqes.com\/de\/\",\"logo\":{\"@type\":\"ImageObject\",\"inLanguage\":\"de\",\"@id\":\"https:\/\/nfqes.com\/de\/#\/schema\/logo\/image\/\",\"url\":\"https:\/\/nfqes.com\/wp-content\/uploads\/2022\/07\/logo-cierne.webp\",\"contentUrl\":\"https:\/\/nfqes.com\/wp-content\/uploads\/2022\/07\/logo-cierne.webp\",\"width\":1169,\"height\":434,\"caption\":\"NFQES\"},\"image\":{\"@id\":\"https:\/\/nfqes.com\/de\/#\/schema\/logo\/image\/\"}}]}<\/script>\n<!-- \/ Yoast SEO plugin. -->","yoast_head_json":{"title":"Interessante Fakten aus der Welt der Online-Sicherheit | NFQES","description":"Lesen Sie Interessantes aus der Welt der Online-Sicherheit - Cybersicherheit, Wissen Sie, ob die Informationen Ihres Unternehmens sicher sind?","robots":{"index":"index","follow":"follow","max-snippet":"max-snippet:-1","max-image-preview":"max-image-preview:large","max-video-preview":"max-video-preview:-1"},"canonical":"https:\/\/nfqes.com\/de\/blog","og_locale":"de_DE","og_type":"article","og_title":"Interessante Fakten aus der Welt der Online-Sicherheit | NFQES","og_description":"Lesen Sie Interessantes aus der Welt der Online-Sicherheit - Cybersicherheit, Wissen Sie, ob die Informationen Ihres Unternehmens sicher sind?","og_url":"https:\/\/nfqes.com\/de\/blog","og_site_name":"NFQES.com","article_modified_time":"2024-07-10T05:50:48+00:00","twitter_card":"summary_large_image","schema":{"@context":"https:\/\/schema.org","@graph":[{"@type":"WebPage","@id":"https:\/\/nfqes.com\/de\/blog","url":"https:\/\/nfqes.com\/de\/blog","name":"Interessante Fakten aus der Welt der Online-Sicherheit | NFQES","isPartOf":{"@id":"https:\/\/nfqes.com\/de\/#website"},"datePublished":"2022-07-22T09:15:37+00:00","dateModified":"2024-07-10T05:50:48+00:00","description":"Lesen Sie Interessantes aus der Welt der Online-Sicherheit - Cybersicherheit, Wissen Sie, ob die Informationen Ihres Unternehmens sicher sind?","breadcrumb":{"@id":"https:\/\/nfqes.com\/de\/blog#breadcrumb"},"inLanguage":"de","potentialAction":[{"@type":"ReadAction","target":["https:\/\/nfqes.com\/de\/blog"]}]},{"@type":"BreadcrumbList","@id":"https:\/\/nfqes.com\/de\/blog#breadcrumb","itemListElement":[{"@type":"ListItem","position":1,"name":"NFQES","item":"https:\/\/nfqes.com\/de"},{"@type":"ListItem","position":2,"name":"Blog"}]},{"@type":"WebSite","@id":"https:\/\/nfqes.com\/de\/#website","url":"https:\/\/nfqes.com\/de\/","name":"NFQES.com","description":"Modern\u00e9 slu\u017eby v oblasti informa\u010dnej bezpe\u010dnosti.","publisher":{"@id":"https:\/\/nfqes.com\/de\/#organization"},"potentialAction":[{"@type":"SearchAction","target":{"@type":"EntryPoint","urlTemplate":"https:\/\/nfqes.com\/de\/?s={search_term_string}"},"query-input":{"@type":"PropertyValueSpecification","valueRequired":true,"valueName":"search_term_string"}}],"inLanguage":"de"},{"@type":"Organization","@id":"https:\/\/nfqes.com\/de\/#organization","name":"NFQES","url":"https:\/\/nfqes.com\/de\/","logo":{"@type":"ImageObject","inLanguage":"de","@id":"https:\/\/nfqes.com\/de\/#\/schema\/logo\/image\/","url":"https:\/\/nfqes.com\/wp-content\/uploads\/2022\/07\/logo-cierne.webp","contentUrl":"https:\/\/nfqes.com\/wp-content\/uploads\/2022\/07\/logo-cierne.webp","width":1169,"height":434,"caption":"NFQES"},"image":{"@id":"https:\/\/nfqes.com\/de\/#\/schema\/logo\/image\/"}}]}},"_links":{"self":[{"href":"https:\/\/nfqes.com\/de\/wp-json\/wp\/v2\/pages\/26436","targetHints":{"allow":["GET"]}}],"collection":[{"href":"https:\/\/nfqes.com\/de\/wp-json\/wp\/v2\/pages"}],"about":[{"href":"https:\/\/nfqes.com\/de\/wp-json\/wp\/v2\/types\/page"}],"author":[{"embeddable":true,"href":"https:\/\/nfqes.com\/de\/wp-json\/wp\/v2\/users\/1"}],"replies":[{"embeddable":true,"href":"https:\/\/nfqes.com\/de\/wp-json\/wp\/v2\/comments?post=26436"}],"version-history":[{"count":0,"href":"https:\/\/nfqes.com\/de\/wp-json\/wp\/v2\/pages\/26436\/revisions"}],"wp:attachment":[{"href":"https:\/\/nfqes.com\/de\/wp-json\/wp\/v2\/media?parent=26436"}],"curies":[{"name":"wp","href":"https:\/\/api.w.org\/{rel}","templated":true}]}}