{"id":24810,"date":"2022-12-19T15:17:27","date_gmt":"2022-12-19T14:17:27","guid":{"rendered":"https:\/\/nfqes.com\/informationen-ueber-die-verarbeitung-von-personenbezogenen-daten"},"modified":"2026-02-09T11:09:21","modified_gmt":"2026-02-09T10:09:21","slug":"informationen-ueber-die-verarbeitung-von-personenbezogenen-daten","status":"publish","type":"page","link":"https:\/\/nfqes.com\/de\/informationen-ueber-die-verarbeitung-von-personenbezogenen-daten","title":{"rendered":"Informationen \u00fcber die Verarbeitung von personenbezogenen Daten"},"content":{"rendered":"\t\t<div data-elementor-type=\"wp-page\" data-elementor-id=\"24810\" class=\"elementor elementor-24810 elementor-2520\" data-elementor-post-type=\"page\">\n\t\t\t\t<div class=\"elementor-element elementor-element-cef8e35 e-con-full e-flex e-con e-parent\" data-id=\"cef8e35\" data-element_type=\"container\" data-e-type=\"container\">\n\t\t\t\t<div class=\"elementor-element elementor-element-6e1ba09 elementor-widget elementor-widget-template\" data-id=\"6e1ba09\" data-element_type=\"widget\" data-e-type=\"widget\" data-widget_type=\"template.default\">\n\t\t\t\t<div class=\"elementor-widget-container\">\n\t\t\t\t\t\t\t<div class=\"elementor-template\">\n\t\t\t\t\t<div data-elementor-type=\"section\" data-elementor-id=\"24237\" class=\"elementor elementor-24237 elementor-10609 elementor-10609\" data-elementor-post-type=\"elementor_library\">\n\t\t\t<div class=\"elementor-element elementor-element-1233351 e-flex e-con-boxed e-con e-parent\" data-id=\"1233351\" data-element_type=\"container\" data-e-type=\"container\" data-settings=\"{&quot;background_background&quot;:&quot;classic&quot;}\">\n\t\t\t\t\t<div class=\"e-con-inner\">\n\t\t\t\t<div class=\"elementor-element elementor-element-d9c6be3 elementor-widget__width-inherit elementor-widget elementor-widget-heading\" data-id=\"d9c6be3\" data-element_type=\"widget\" data-e-type=\"widget\" data-widget_type=\"heading.default\">\n\t\t\t\t<div class=\"elementor-widget-container\">\n\t\t\t\t\t<h1 class=\"elementor-heading-title elementor-size-default\">Informationen \u00fcber die Verarbeitung von personenbezogenen Daten<\/h1>\t\t\t\t<\/div>\n\t\t\t\t<\/div>\n\t\t<div class=\"elementor-element elementor-element-2b1bd59 e-flex e-con-boxed e-con e-child\" data-id=\"2b1bd59\" data-element_type=\"container\" data-e-type=\"container\">\n\t\t\t\t\t<div class=\"e-con-inner\">\n\t\t\t\t<div class=\"elementor-element elementor-element-5a3eb61 elementor-widget__width-auto elementor-widget elementor-widget-button\" data-id=\"5a3eb61\" data-element_type=\"widget\" data-e-type=\"widget\" data-settings=\"{&quot;motion_fx_motion_fx_scrolling&quot;:&quot;yes&quot;,&quot;motion_fx_devices&quot;:[&quot;desktop&quot;,&quot;laptop&quot;,&quot;tablet&quot;,&quot;mobile&quot;]}\" data-widget_type=\"button.default\">\n\t\t\t\t<div class=\"elementor-widget-container\">\n\t\t\t\t\t\t\t\t\t<div class=\"elementor-button-wrapper\">\n\t\t\t\t\t<a class=\"elementor-button elementor-button-link elementor-size-md\" href=\"https:\/\/zone.nfqes.com\/home\" target=\"_blank\">\n\t\t\t\t\t\t<span class=\"elementor-button-content-wrapper\">\n\t\t\t\t\t\t\t\t\t<span class=\"elementor-button-text\">Kostenlos ausprobieren<\/span>\n\t\t\t\t\t<\/span>\n\t\t\t\t\t<\/a>\n\t\t\t\t<\/div>\n\t\t\t\t\t\t\t\t<\/div>\n\t\t\t\t<\/div>\n\t\t\t\t<div class=\"elementor-element elementor-element-aecf01c elementor-widget__width-auto elementor-widget elementor-widget-button\" data-id=\"aecf01c\" data-element_type=\"widget\" data-e-type=\"widget\" data-widget_type=\"button.default\">\n\t\t\t\t<div class=\"elementor-widget-container\">\n\t\t\t\t\t\t\t\t\t<div class=\"elementor-button-wrapper\">\n\t\t\t\t\t<a class=\"elementor-button elementor-button-link elementor-size-md\" href=\"https:\/\/nfqes.com\/de\/kontakt\">\n\t\t\t\t\t\t<span class=\"elementor-button-content-wrapper\">\n\t\t\t\t\t\t\t\t\t<span class=\"elementor-button-text\">Buchen Sie eine Beratung<\/span>\n\t\t\t\t\t<\/span>\n\t\t\t\t\t<\/a>\n\t\t\t\t<\/div>\n\t\t\t\t\t\t\t\t<\/div>\n\t\t\t\t<\/div>\n\t\t\t\t\t<\/div>\n\t\t\t\t<\/div>\n\t\t\t\t\t<\/div>\n\t\t\t\t<\/div>\n\t\t\t\t<\/div>\n\t\t\t\t<\/div>\n\t\t\t\t\t\t<\/div>\n\t\t\t\t<\/div>\n\t\t\t\t<\/div>\n\t\t<div class=\"elementor-element elementor-element-f2e659a e-flex e-con-boxed e-con e-parent\" data-id=\"f2e659a\" data-element_type=\"container\" data-e-type=\"container\">\n\t\t\t\t\t<div class=\"e-con-inner\">\n\t\t\t\t<div class=\"elementor-element elementor-element-54d0554 elementor-widget elementor-widget-text-editor\" data-id=\"54d0554\" data-element_type=\"widget\" data-e-type=\"widget\" data-widget_type=\"text-editor.default\">\n\t\t\t\t<div class=\"elementor-widget-container\">\n\t\t\t\t\t\t\t\t\t<p><strong>Informationen \u00fcber die Verarbeitung von personenbezogenen Daten<\/strong><\/p><p>Gem\u00e4\u00df den Artikeln 13 und 14 der Verordnung (EU) Nr. 2016\/679 des Europ\u00e4ischen Parlaments und des Rates vom 27. April 2016 zum Schutz nat\u00fcrlicher Personen bei der Verarbeitung personenbezogener Daten, zum freien Datenverkehr und zur Aufhebung der Richtlinie 95\/46\/EG (nachstehend auch \u201eDSGVO\u201c genannt)<\/p><p><strong><em>Unternehmen:<\/em><\/strong><\/p><p>Name: brainit.sk, s.r.o.<\/p><p>Firmensitz: Ve\u013ek\u00fd diel 3323, 010 08 \u017dilina<\/p><p>I\u010cO: 52577465<\/p><p>DI\u010c: 2121068763<\/p><p>I\u010c DPH: SK 2121068763<\/p><p><em><strong>Kontaktinformationen:<\/strong><\/em><\/p><p><a href=\"mailto:support@nfqes.sk\">support@nfqes.sk<\/a><\/p><p><em><strong>Verantwortliche Kontaktperson:<\/strong><\/em><\/p><p><a href=\"mailto:gdpr@brainit.sk\">gdpr@brainit.sk<\/a><\/p><p>der Anbieter der von Ihnen angeforderten vertrauensw\u00fcrdigen Zertifikatsdienste, verarbeitet Ihre personenbezogenen Daten (nachstehend \u201ePII\u201c genannt), die Sie ihm gem\u00e4\u00df den einschl\u00e4gigen Rechtsvorschriften zur Verf\u00fcgung stellen m\u00fcssen, wie folgt<\/p><p><strong>Zweck der Verarbeitung<\/strong><\/p><p>Bereitstellung vertrauensw\u00fcrdiger Zertifikatsdienste und damit verbundener Nachweis, Aus\u00fcbung und Verteidigung von Rechtsanspr\u00fcchen.<\/p><p><strong>Rechtsgrundlage<\/strong><\/p><p>Unsere gesetzliche Verpflichtung gem\u00e4\u00df den folgenden Vorschriften und Normen<\/p><ul><li>EU-Verordnung 910\/2014 \u00fcber elektronische Identifizierung und Vertrauensdienste f\u00fcr elektronische Transaktionen im Binnenmarkt<\/li><li>Gesetz Nr. 272\/2016 Slg. \u00fcber Vertrauensdienste f\u00fcr elektronische Transaktionen im Binnenmarkt (\u201edas Gesetz\u201c)<\/li><li>die einschl\u00e4gigen ETSI-Normen f\u00fcr die Bereitstellung von Vertrauensdiensten<\/li><\/ul><p><strong>Quelle: OE<\/strong><\/p><p>Sie oder die Person, f\u00fcr die der Vertrauensdienst erbracht wird, in dessen Rahmen die Bescheinigung f\u00fcr Sie ausgestellt wird<\/p><p><strong>Empf\u00e4nger der RoO<\/strong><\/p><ul><li>Das qualifizierte Zertifikat f\u00fcr die elektronische Signatur und damit die darin enthaltenen personenbezogenen Daten werden gem\u00e4\u00df \u00a7 6 Absatz 2 des Gesetzes an die nationale Sicherheitsbeh\u00f6rde weitergeleitet<\/li><li>wenn wir die Erbringung von Treuhanddiensten durch einen anderen Anbieter von Treuhanddiensten oder die nationale Sicherheitsbeh\u00f6rde gem\u00e4\u00df Abschnitt 4(2) des Gesetzes beenden<\/li><li>Registrierungsbeh\u00f6rde<\/li><\/ul><p><strong>Dauer des Verbleibs von OA<\/strong><\/p><ul><li>Wenn ein qualifiziertes Zertifikat ausgestellt wird, 10 Jahre ab dem Datum des Widerrufs oder des Ablaufs des betreffenden Zertifikats<\/li><li>wenn ein \u201enicht qualifiziertes\u201c Zertifikat ausgestellt wird, 7 Jahre ab dem Datum des Widerrufs oder des Ablaufs des betreffenden Zertifikats<\/li><\/ul><p><strong>Ihre Rechte<\/strong><\/p><p>Gem\u00e4\u00df der Datenschutz-Grundverordnung haben Sie das Recht auf:<\/p><ul><li>Zugang zu Ihren personenbezogenen Daten, einschlie\u00dflich des Rechts, eine Best\u00e4tigung dar\u00fcber zu erhalten, ob wir personenbezogene Daten \u00fcber Sie verarbeiten, und wenn ja, das Recht, Informationen \u00fcber die Verarbeitung dieser Daten zu erhalten (Zweck der Verarbeitung, Kategorien personenbezogener Daten, Empf\u00e4nger personenbezogener Daten, Dauer der Speicherung, Quelle der personenbezogenen Daten usw.),<\/li><li>die Berichtigung Ihrer unrichtigen oder veralteten personenbezogenen Daten sowie deren Aktualisierung und Erg\u00e4nzung (je nach Art der Verarbeitung),<\/li><li>die Verarbeitung Ihrer personenbezogenen Daten einzuschr\u00e4nken, wenn:<\/li><li>Sie bestreiten die Richtigkeit Ihrer personenbezogenen Daten w\u00e4hrend der Zeit, die wir zur \u00dcberpr\u00fcfung der Richtigkeit ben\u00f6tigen,<\/li><li>die Verarbeitung unrechtm\u00e4\u00dfig ist, erheben Sie Einspruch gegen die L\u00f6schung Ihrer personenbezogenen Daten und fordern stattdessen die Einschr\u00e4nkung ihrer Verwendung,<\/li><li>wir keine Verwendung f\u00fcr Ihre Daten haben, sie aber zum Nachweis, zur Aus\u00fcbung oder zur Verteidigung von Rechtsanspr\u00fcchen ben\u00f6tigen,<\/li><li>die L\u00f6schung Ihrer personenbezogenen Daten zu verlangen (es sei denn, einer der in Artikel 17 Absatz 3 DSGVO genannten Gr\u00fcnde liegt vor), sofern diese personenbezogenen Daten:<\/li><li>f\u00fcr die Zwecke, f\u00fcr die wir sie erhalten oder verarbeitet haben, nicht erforderlich sind,<\/li><li>unrechtm\u00e4\u00dfig verarbeitet worden sind,<\/li><li>sie gel\u00f6scht werden m\u00fcssen, damit wir unserer gesetzlichen Verpflichtung nachkommen k\u00f6nnen,<\/li><li>das Recht, eine Beschwerde bei der Datenschutzbeh\u00f6rde einzureichen.<\/li><\/ul><p>Einige dieser Rechte gelten nur mit bestimmten Ausnahmen, die in der Datenschutz-Grundverordnung n\u00e4her definiert sind, und nur unter der Voraussetzung, dass ich Sie identifizieren kann &#8211; wir werden Ihre Anfragen in \u00dcbereinstimmung mit diesen rechtlichen Bedingungen akzeptieren. Sie k\u00f6nnen Ihre Rechte bei uns in Papier- oder elektronischer Form aus\u00fcben, indem Sie uns unter den am Anfang dieser Informationen aufgef\u00fchrten Kontaktdaten kontaktieren.<\/p>\t\t\t\t\t\t\t\t<\/div>\n\t\t\t\t<\/div>\n\t\t\t\t\t<\/div>\n\t\t\t\t<\/div>\n\t\t\t\t<\/div>\n\t\t","protected":false},"excerpt":{"rendered":"<p>Informationen \u00fcber die Verarbeitung von personenbezogenen Daten Gem\u00e4\u00df den Artikeln 13 und 14 der Verordnung (EU) Nr. 2016\/679 des Europ\u00e4ischen Parlaments und des Rates vom 27. April 2016 zum Schutz nat\u00fcrlicher Personen bei der Verarbeitung personenbezogener Daten, zum freien Datenverkehr und zur Aufhebung der Richtlinie 95\/46\/EG (nachstehend auch \u201eDSGVO\u201c genannt) Unternehmen: Name: brainit.sk, s.r.o. Firmensitz: [&hellip;]<\/p>\n","protected":false},"author":1,"featured_media":0,"parent":0,"menu_order":0,"comment_status":"closed","ping_status":"closed","template":"","meta":{"_acf_changed":false,"footnotes":""},"class_list":["post-24810","page","type-page","status-publish","hentry"],"acf":[],"yoast_head":"<!-- This site is optimized with the Yoast SEO plugin v27.2 - https:\/\/yoast.com\/product\/yoast-seo-wordpress\/ -->\n<title>Informationen \u00fcber die Verarbeitung von personenbezogenen Daten - NFQES.com<\/title>\n<meta name=\"description\" content=\"NFQES verarbeitet Ihre personenbezogenen Daten f\u00fcr die Erbringung von Dienstleistungen zur Ausstellung und \u00dcberpr\u00fcfung von vertrauensw\u00fcrdigen Zertifikaten.\" \/>\n<meta name=\"robots\" content=\"index, follow, max-snippet:-1, max-image-preview:large, max-video-preview:-1\" \/>\n<link rel=\"canonical\" href=\"https:\/\/nfqes.com\/de\/informationen-ueber-die-verarbeitung-von-personenbezogenen-daten\" \/>\n<meta property=\"og:locale\" content=\"de_DE\" \/>\n<meta property=\"og:type\" content=\"article\" \/>\n<meta property=\"og:title\" content=\"Informationen \u00fcber die Verarbeitung von personenbezogenen Daten - NFQES.com\" \/>\n<meta property=\"og:description\" content=\"NFQES verarbeitet Ihre personenbezogenen Daten f\u00fcr die Erbringung von Dienstleistungen zur Ausstellung und \u00dcberpr\u00fcfung von vertrauensw\u00fcrdigen Zertifikaten.\" \/>\n<meta property=\"og:url\" content=\"https:\/\/nfqes.com\/de\/informationen-ueber-die-verarbeitung-von-personenbezogenen-daten\" \/>\n<meta property=\"og:site_name\" content=\"NFQES.com\" \/>\n<meta property=\"article:modified_time\" content=\"2026-02-09T10:09:21+00:00\" \/>\n<meta name=\"twitter:card\" content=\"summary_large_image\" \/>\n<meta name=\"twitter:label1\" content=\"Gesch\u00e4tzte Lesezeit\" \/>\n\t<meta name=\"twitter:data1\" content=\"4\u00a0Minuten\" \/>\n<script type=\"application\/ld+json\" class=\"yoast-schema-graph\">{\"@context\":\"https:\/\/schema.org\",\"@graph\":[{\"@type\":\"WebPage\",\"@id\":\"https:\/\/nfqes.com\/de\/informationen-ueber-die-verarbeitung-von-personenbezogenen-daten\",\"url\":\"https:\/\/nfqes.com\/de\/informationen-ueber-die-verarbeitung-von-personenbezogenen-daten\",\"name\":\"Informationen \u00fcber die Verarbeitung von personenbezogenen Daten - NFQES.com\",\"isPartOf\":{\"@id\":\"https:\/\/nfqes.com\/de\/#website\"},\"datePublished\":\"2022-12-19T14:17:27+00:00\",\"dateModified\":\"2026-02-09T10:09:21+00:00\",\"description\":\"NFQES verarbeitet Ihre personenbezogenen Daten f\u00fcr die Erbringung von Dienstleistungen zur Ausstellung und \u00dcberpr\u00fcfung von vertrauensw\u00fcrdigen Zertifikaten.\",\"breadcrumb\":{\"@id\":\"https:\/\/nfqes.com\/de\/informationen-ueber-die-verarbeitung-von-personenbezogenen-daten#breadcrumb\"},\"inLanguage\":\"de\",\"potentialAction\":[{\"@type\":\"ReadAction\",\"target\":[\"https:\/\/nfqes.com\/de\/informationen-ueber-die-verarbeitung-von-personenbezogenen-daten\"]}]},{\"@type\":\"BreadcrumbList\",\"@id\":\"https:\/\/nfqes.com\/de\/informationen-ueber-die-verarbeitung-von-personenbezogenen-daten#breadcrumb\",\"itemListElement\":[{\"@type\":\"ListItem\",\"position\":1,\"name\":\"NFQES\",\"item\":\"https:\/\/nfqes.com\/de\"},{\"@type\":\"ListItem\",\"position\":2,\"name\":\"Informationen \u00fcber die Verarbeitung von personenbezogenen Daten\"}]},{\"@type\":\"WebSite\",\"@id\":\"https:\/\/nfqes.com\/de\/#website\",\"url\":\"https:\/\/nfqes.com\/de\/\",\"name\":\"NFQES.com\",\"description\":\"Modern\u00e9 slu\u017eby v oblasti informa\u010dnej bezpe\u010dnosti.\",\"publisher\":{\"@id\":\"https:\/\/nfqes.com\/de\/#organization\"},\"potentialAction\":[{\"@type\":\"SearchAction\",\"target\":{\"@type\":\"EntryPoint\",\"urlTemplate\":\"https:\/\/nfqes.com\/de\/?s={search_term_string}\"},\"query-input\":{\"@type\":\"PropertyValueSpecification\",\"valueRequired\":true,\"valueName\":\"search_term_string\"}}],\"inLanguage\":\"de\"},{\"@type\":\"Organization\",\"@id\":\"https:\/\/nfqes.com\/de\/#organization\",\"name\":\"NFQES\",\"url\":\"https:\/\/nfqes.com\/de\/\",\"logo\":{\"@type\":\"ImageObject\",\"inLanguage\":\"de\",\"@id\":\"https:\/\/nfqes.com\/de\/#\/schema\/logo\/image\/\",\"url\":\"https:\/\/nfqes.com\/wp-content\/uploads\/2022\/07\/logo-cierne.webp\",\"contentUrl\":\"https:\/\/nfqes.com\/wp-content\/uploads\/2022\/07\/logo-cierne.webp\",\"width\":1169,\"height\":434,\"caption\":\"NFQES\"},\"image\":{\"@id\":\"https:\/\/nfqes.com\/de\/#\/schema\/logo\/image\/\"}}]}<\/script>\n<!-- \/ Yoast SEO plugin. -->","yoast_head_json":{"title":"Informationen \u00fcber die Verarbeitung von personenbezogenen Daten - NFQES.com","description":"NFQES verarbeitet Ihre personenbezogenen Daten f\u00fcr die Erbringung von Dienstleistungen zur Ausstellung und \u00dcberpr\u00fcfung von vertrauensw\u00fcrdigen Zertifikaten.","robots":{"index":"index","follow":"follow","max-snippet":"max-snippet:-1","max-image-preview":"max-image-preview:large","max-video-preview":"max-video-preview:-1"},"canonical":"https:\/\/nfqes.com\/de\/informationen-ueber-die-verarbeitung-von-personenbezogenen-daten","og_locale":"de_DE","og_type":"article","og_title":"Informationen \u00fcber die Verarbeitung von personenbezogenen Daten - NFQES.com","og_description":"NFQES verarbeitet Ihre personenbezogenen Daten f\u00fcr die Erbringung von Dienstleistungen zur Ausstellung und \u00dcberpr\u00fcfung von vertrauensw\u00fcrdigen Zertifikaten.","og_url":"https:\/\/nfqes.com\/de\/informationen-ueber-die-verarbeitung-von-personenbezogenen-daten","og_site_name":"NFQES.com","article_modified_time":"2026-02-09T10:09:21+00:00","twitter_card":"summary_large_image","twitter_misc":{"Gesch\u00e4tzte Lesezeit":"4\u00a0Minuten"},"schema":{"@context":"https:\/\/schema.org","@graph":[{"@type":"WebPage","@id":"https:\/\/nfqes.com\/de\/informationen-ueber-die-verarbeitung-von-personenbezogenen-daten","url":"https:\/\/nfqes.com\/de\/informationen-ueber-die-verarbeitung-von-personenbezogenen-daten","name":"Informationen \u00fcber die Verarbeitung von personenbezogenen Daten - NFQES.com","isPartOf":{"@id":"https:\/\/nfqes.com\/de\/#website"},"datePublished":"2022-12-19T14:17:27+00:00","dateModified":"2026-02-09T10:09:21+00:00","description":"NFQES verarbeitet Ihre personenbezogenen Daten f\u00fcr die Erbringung von Dienstleistungen zur Ausstellung und \u00dcberpr\u00fcfung von vertrauensw\u00fcrdigen Zertifikaten.","breadcrumb":{"@id":"https:\/\/nfqes.com\/de\/informationen-ueber-die-verarbeitung-von-personenbezogenen-daten#breadcrumb"},"inLanguage":"de","potentialAction":[{"@type":"ReadAction","target":["https:\/\/nfqes.com\/de\/informationen-ueber-die-verarbeitung-von-personenbezogenen-daten"]}]},{"@type":"BreadcrumbList","@id":"https:\/\/nfqes.com\/de\/informationen-ueber-die-verarbeitung-von-personenbezogenen-daten#breadcrumb","itemListElement":[{"@type":"ListItem","position":1,"name":"NFQES","item":"https:\/\/nfqes.com\/de"},{"@type":"ListItem","position":2,"name":"Informationen \u00fcber die Verarbeitung von personenbezogenen Daten"}]},{"@type":"WebSite","@id":"https:\/\/nfqes.com\/de\/#website","url":"https:\/\/nfqes.com\/de\/","name":"NFQES.com","description":"Modern\u00e9 slu\u017eby v oblasti informa\u010dnej bezpe\u010dnosti.","publisher":{"@id":"https:\/\/nfqes.com\/de\/#organization"},"potentialAction":[{"@type":"SearchAction","target":{"@type":"EntryPoint","urlTemplate":"https:\/\/nfqes.com\/de\/?s={search_term_string}"},"query-input":{"@type":"PropertyValueSpecification","valueRequired":true,"valueName":"search_term_string"}}],"inLanguage":"de"},{"@type":"Organization","@id":"https:\/\/nfqes.com\/de\/#organization","name":"NFQES","url":"https:\/\/nfqes.com\/de\/","logo":{"@type":"ImageObject","inLanguage":"de","@id":"https:\/\/nfqes.com\/de\/#\/schema\/logo\/image\/","url":"https:\/\/nfqes.com\/wp-content\/uploads\/2022\/07\/logo-cierne.webp","contentUrl":"https:\/\/nfqes.com\/wp-content\/uploads\/2022\/07\/logo-cierne.webp","width":1169,"height":434,"caption":"NFQES"},"image":{"@id":"https:\/\/nfqes.com\/de\/#\/schema\/logo\/image\/"}}]}},"_links":{"self":[{"href":"https:\/\/nfqes.com\/de\/wp-json\/wp\/v2\/pages\/24810","targetHints":{"allow":["GET"]}}],"collection":[{"href":"https:\/\/nfqes.com\/de\/wp-json\/wp\/v2\/pages"}],"about":[{"href":"https:\/\/nfqes.com\/de\/wp-json\/wp\/v2\/types\/page"}],"author":[{"embeddable":true,"href":"https:\/\/nfqes.com\/de\/wp-json\/wp\/v2\/users\/1"}],"replies":[{"embeddable":true,"href":"https:\/\/nfqes.com\/de\/wp-json\/wp\/v2\/comments?post=24810"}],"version-history":[{"count":0,"href":"https:\/\/nfqes.com\/de\/wp-json\/wp\/v2\/pages\/24810\/revisions"}],"wp:attachment":[{"href":"https:\/\/nfqes.com\/de\/wp-json\/wp\/v2\/media?parent=24810"}],"curies":[{"name":"wp","href":"https:\/\/api.w.org\/{rel}","templated":true}]}}