{"id":24593,"date":"2023-10-27T09:42:21","date_gmt":"2023-10-27T07:42:21","guid":{"rendered":"https:\/\/nfqes.com\/eid-kunde"},"modified":"2024-04-29T12:21:52","modified_gmt":"2024-04-29T10:21:52","slug":"eid-kunde","status":"publish","type":"page","link":"https:\/\/nfqes.com\/de\/eid-kunde","title":{"rendered":"eID-Kunde"},"content":{"rendered":"\t\t<div data-elementor-type=\"wp-page\" data-elementor-id=\"24593\" class=\"elementor elementor-24593 elementor-15484\" data-elementor-post-type=\"page\">\n\t\t\t\t<div class=\"elementor-element elementor-element-b6423d6 e-con-full e-flex e-con e-parent\" data-id=\"b6423d6\" data-element_type=\"container\" data-e-type=\"container\">\n\t\t\t\t<div class=\"elementor-element elementor-element-4b7d4e2 elementor-widget elementor-widget-template\" data-id=\"4b7d4e2\" data-element_type=\"widget\" data-e-type=\"widget\" data-widget_type=\"template.default\">\n\t\t\t\t<div class=\"elementor-widget-container\">\n\t\t\t\t\t\t\t<div class=\"elementor-template\">\n\t\t\t\t\t<div data-elementor-type=\"section\" data-elementor-id=\"24237\" class=\"elementor elementor-24237 elementor-10609 elementor-10609\" data-elementor-post-type=\"elementor_library\">\n\t\t\t<div class=\"elementor-element elementor-element-1233351 e-flex e-con-boxed e-con e-parent\" data-id=\"1233351\" data-element_type=\"container\" data-e-type=\"container\" data-settings=\"{&quot;background_background&quot;:&quot;classic&quot;}\">\n\t\t\t\t\t<div class=\"e-con-inner\">\n\t\t\t\t<div class=\"elementor-element elementor-element-d9c6be3 elementor-widget__width-inherit elementor-widget elementor-widget-heading\" data-id=\"d9c6be3\" data-element_type=\"widget\" data-e-type=\"widget\" data-widget_type=\"heading.default\">\n\t\t\t\t<div class=\"elementor-widget-container\">\n\t\t\t\t\t<h1 class=\"elementor-heading-title elementor-size-default\">eID-Kunde<\/h1>\t\t\t\t<\/div>\n\t\t\t\t<\/div>\n\t\t<div class=\"elementor-element elementor-element-2b1bd59 e-flex e-con-boxed e-con e-child\" data-id=\"2b1bd59\" data-element_type=\"container\" data-e-type=\"container\">\n\t\t\t\t\t<div class=\"e-con-inner\">\n\t\t\t\t<div class=\"elementor-element elementor-element-5a3eb61 elementor-widget__width-auto elementor-widget elementor-widget-button\" data-id=\"5a3eb61\" data-element_type=\"widget\" data-e-type=\"widget\" data-settings=\"{&quot;motion_fx_motion_fx_scrolling&quot;:&quot;yes&quot;,&quot;motion_fx_devices&quot;:[&quot;desktop&quot;,&quot;laptop&quot;,&quot;tablet&quot;,&quot;mobile&quot;]}\" data-widget_type=\"button.default\">\n\t\t\t\t<div class=\"elementor-widget-container\">\n\t\t\t\t\t\t\t\t\t<div class=\"elementor-button-wrapper\">\n\t\t\t\t\t<a class=\"elementor-button elementor-button-link elementor-size-md\" href=\"https:\/\/zone.nfqes.com\/home\" target=\"_blank\">\n\t\t\t\t\t\t<span class=\"elementor-button-content-wrapper\">\n\t\t\t\t\t\t\t\t\t<span class=\"elementor-button-text\">Kostenlos ausprobieren<\/span>\n\t\t\t\t\t<\/span>\n\t\t\t\t\t<\/a>\n\t\t\t\t<\/div>\n\t\t\t\t\t\t\t\t<\/div>\n\t\t\t\t<\/div>\n\t\t\t\t<div class=\"elementor-element elementor-element-aecf01c elementor-widget__width-auto elementor-widget elementor-widget-button\" data-id=\"aecf01c\" data-element_type=\"widget\" data-e-type=\"widget\" data-widget_type=\"button.default\">\n\t\t\t\t<div class=\"elementor-widget-container\">\n\t\t\t\t\t\t\t\t\t<div class=\"elementor-button-wrapper\">\n\t\t\t\t\t<a class=\"elementor-button elementor-button-link elementor-size-md\" href=\"https:\/\/nfqes.com\/de\/kontakt\">\n\t\t\t\t\t\t<span class=\"elementor-button-content-wrapper\">\n\t\t\t\t\t\t\t\t\t<span class=\"elementor-button-text\">Buchen Sie eine Beratung<\/span>\n\t\t\t\t\t<\/span>\n\t\t\t\t\t<\/a>\n\t\t\t\t<\/div>\n\t\t\t\t\t\t\t\t<\/div>\n\t\t\t\t<\/div>\n\t\t\t\t\t<\/div>\n\t\t\t\t<\/div>\n\t\t\t\t\t<\/div>\n\t\t\t\t<\/div>\n\t\t\t\t<\/div>\n\t\t\t\t<\/div>\n\t\t\t\t\t\t<\/div>\n\t\t\t\t<\/div>\n\t\t\t\t<\/div>\n\t\t<div class=\"elementor-element elementor-element-8a53f07 e-flex e-con-boxed e-con e-parent\" data-id=\"8a53f07\" data-element_type=\"container\" data-e-type=\"container\">\n\t\t\t\t\t<div class=\"e-con-inner\">\n\t\t\t\t<div class=\"elementor-element elementor-element-120c8e0 elementor-widget__width-inherit elementor-widget elementor-widget-heading\" data-id=\"120c8e0\" data-element_type=\"widget\" data-e-type=\"widget\" data-widget_type=\"heading.default\">\n\t\t\t\t<div class=\"elementor-widget-container\">\n\t\t\t\t\t<h2 class=\"elementor-heading-title elementor-size-default\">Downloads:<\/h2>\t\t\t\t<\/div>\n\t\t\t\t<\/div>\n\t\t\t\t<div class=\"elementor-element elementor-element-96f8ad2 elementor-widget__width-inherit elementor-widget-divider--view-line elementor-invisible elementor-widget elementor-widget-divider\" data-id=\"96f8ad2\" data-element_type=\"widget\" data-e-type=\"widget\" data-settings=\"{&quot;_animation&quot;:&quot;fadeIn&quot;}\" data-widget_type=\"divider.default\">\n\t\t\t\t<div class=\"elementor-widget-container\">\n\t\t\t\t\t\t\t<div class=\"elementor-divider\">\n\t\t\t<span class=\"elementor-divider-separator\">\n\t\t\t\t\t\t<\/span>\n\t\t<\/div>\n\t\t\t\t\t\t<\/div>\n\t\t\t\t<\/div>\n\t\t\t\t<div class=\"elementor-element elementor-element-722a2c2 elementor-widget elementor-widget-text-editor\" data-id=\"722a2c2\" data-element_type=\"widget\" data-e-type=\"widget\" data-widget_type=\"text-editor.default\">\n\t\t\t\t<div class=\"elementor-widget-container\">\n\t\t\t\t\t\t\t\t\t<p>Sie k\u00f6nnen die Treiber von der Website <a style=\"color: #2977c9;\" href=\"https:\/\/slovensko.sk\/sk\/na-stiahnutie\" target=\"_blank\" rel=\"noopener\"><strong>https:\/\/slovensko.sk\/sk\/na-stiahnutie<\/strong><\/a> herunterladen <a style=\"color: #2977c9;\" href=\"https:\/\/slovensko.sk\/sk\/na-stiahnutie\" target=\"_blank\" rel=\"noopener\"><strong>.<\/strong><\/a><\/p>\n\t\t\t\t\t\t\t\t<\/div>\n\t\t\t\t<\/div>\n\t\t\t\t<div class=\"elementor-element elementor-element-e1b39e6 elementor-widget__width-inherit elementor-widget elementor-widget-heading\" data-id=\"e1b39e6\" data-element_type=\"widget\" data-e-type=\"widget\" data-widget_type=\"heading.default\">\n\t\t\t\t<div class=\"elementor-widget-container\">\n\t\t\t\t\t<h2 class=\"elementor-heading-title elementor-size-default\">Abschiedsklient<\/h2>\t\t\t\t<\/div>\n\t\t\t\t<\/div>\n\t\t\t\t<div class=\"elementor-element elementor-element-e541878 elementor-widget__width-inherit elementor-widget-divider--view-line elementor-invisible elementor-widget elementor-widget-divider\" data-id=\"e541878\" data-element_type=\"widget\" data-e-type=\"widget\" data-settings=\"{&quot;_animation&quot;:&quot;fadeIn&quot;}\" data-widget_type=\"divider.default\">\n\t\t\t\t<div class=\"elementor-widget-container\">\n\t\t\t\t\t\t\t<div class=\"elementor-divider\">\n\t\t\t<span class=\"elementor-divider-separator\">\n\t\t\t\t\t\t<\/span>\n\t\t<\/div>\n\t\t\t\t\t\t<\/div>\n\t\t\t\t<\/div>\n\t\t\t\t<div class=\"elementor-element elementor-element-87f9d17 elementor-widget__width-initial elementor-widget-mobile__width-inherit elementor-widget elementor-widget-text-editor\" data-id=\"87f9d17\" data-element_type=\"widget\" data-e-type=\"widget\" data-widget_type=\"text-editor.default\">\n\t\t\t\t<div class=\"elementor-widget-container\">\n\t\t\t\t\t\t\t\t\t<p><strong>Beschreibung<\/strong><\/p>\n<p>Kundenantrag f\u00fcr die korrekte Verwendung einer Unterschrift auf einem Personalausweis unter Verwendung einer qualifizierten elektronischen Signatur.<\/p>\n<p><strong>Unterst\u00fctzte Betriebssysteme:<\/strong><\/p>\n<ul>\n<li>Windows 8.1 (32-Bit, 64-Bit)<\/li>\n<li>Windows 10 (32-bit, 64-bit) a\u017e do 21H1<\/li>\n<li>Fenster 11 (21H2)<\/li>\n<li>Windows Server 2012 und 2012 R2 (64-Bit)<\/li>\n<li>Windows Server 2016 (64-Bit)<\/li>\n<li>Windows Server 2019 (64-Bit)<\/li>\n<li>macOS Intel<\/li>\n<li>macOS M1\/M2<\/li>\n<\/ul>\n\t\t\t\t\t\t\t\t<\/div>\n\t\t\t\t<\/div>\n\t\t\t\t<div class=\"elementor-element elementor-element-6b146fe elementor-widget__width-initial elementor-widget-mobile__width-inherit elementor-widget elementor-widget-text-editor\" data-id=\"6b146fe\" data-element_type=\"widget\" data-e-type=\"widget\" data-widget_type=\"text-editor.default\">\n\t\t\t\t<div class=\"elementor-widget-container\">\n\t\t\t\t\t\t\t\t\t<p><b>Anweisungen zur Installation von Treibern f\u00fcr Windows:<\/b><\/p>\n<ol>\n<li>Auf der Website<span style=\"color: #333333;\"><br \/>\n  <a style=\"color: #333333;\" href=\"https:\/\/www.slovensko.sk\/sk\/titulna-stranka\" target=\"_blank\" rel=\"noopener\"><br \/>\n    <strong> slovensko.sk<\/strong><br \/>\n  <\/a><br \/>\n<\/span> w\u00e4hlen Sie das Betriebssystem MS <strong>Windows<\/strong> aus und laden Sie die <strong>eID-Client-Anwendung<\/strong> herunter.<\/li>\n<li>Laden Sie die angegebene Datei auf das von Ihnen gew\u00e4hlte Laufwerk herunter und installieren Sie sie auf Ihrem Ger\u00e4t.<\/li>\n<li>Nach der Installation kann die Anwendung direkt \u00fcber das Windows-Startmen\u00fc gestartet werden, indem Sie auf die Option <strong>eID-Client<\/strong> klicken. Die Anwendung wird auch automatisch beim Starten des Computers gestartet. In diesem Fall k\u00f6nnen Sie die Anwendung auch \u00fcber die Taskleiste starten.<\/li>\n<\/ol>\n<p><b>Anweisungen zur Installation von Treibern f\u00fcr macOS:<\/b><\/p>\n<ol>\n<li>Auf der Website <span style=\"color: #333333;\"><br \/>\n  <a style=\"color: #333333;\" href=\"https:\/\/www.slovensko.sk\/sk\/titulna-stranka\" target=\"_blank\" rel=\"noopener\"><br \/>\n    <strong>slovensko.sk<\/strong><br \/>\n  <\/a><br \/>\n<\/span> Website w\u00e4hlen Sie das Betriebssystem <strong>Mac OS<\/strong> aus und laden die <strong>eID-Client-Anwendung<\/strong> herunter.<\/li>\n<li>Laden Sie die angegebene Datei auf das von Ihnen gew\u00e4hlte Laufwerk herunter und installieren Sie sie auf Ihrem Ger\u00e4t.<\/li>\n<li>Nach der Installation kann die Anwendung direkt \u00fcber das Men\u00fc <strong>Finder &#8211; Anwendungen<\/strong> gestartet werden, indem Sie auf die Option <strong>eID-Client<\/strong> klicken. Die Anwendung wird auch automatisch beim Starten des Computers gestartet. In diesem Fall k\u00f6nnen Sie die Anwendung auch \u00fcber Launchpad starten.<\/li>\n<\/ol>\n\t\t\t\t\t\t\t\t<\/div>\n\t\t\t\t<\/div>\n\t\t\t\t\t<\/div>\n\t\t\t\t<\/div>\n\t\t\t\t<\/div>\n\t\t","protected":false},"excerpt":{"rendered":"<p>Downloads: Sie k\u00f6nnen die Treiber von der Website https:\/\/slovensko.sk\/sk\/na-stiahnutie herunterladen . Abschiedsklient Beschreibung Kundenantrag f\u00fcr die korrekte Verwendung einer Unterschrift auf einem Personalausweis unter Verwendung einer qualifizierten elektronischen Signatur. Unterst\u00fctzte Betriebssysteme: Windows 8.1 (32-Bit, 64-Bit) Windows 10 (32-bit, 64-bit) a\u017e do 21H1 Fenster 11 (21H2) Windows Server 2012 und 2012 R2 (64-Bit) Windows Server 2016 [&hellip;]<\/p>\n","protected":false},"author":1,"featured_media":0,"parent":0,"menu_order":0,"comment_status":"closed","ping_status":"closed","template":"","meta":{"_acf_changed":false,"footnotes":""},"class_list":["post-24593","page","type-page","status-publish","hentry"],"acf":[],"yoast_head":"<!-- This site is optimized with the Yoast SEO plugin v27.2 - https:\/\/yoast.com\/product\/yoast-seo-wordpress\/ -->\n<title>eID-Client f\u00fcr die Unterzeichnung mit einer ID-Karte | NFQES.com<\/title>\n<meta name=\"description\" content=\"Laden Sie eine Kundenanwendung f\u00fcr die korrekte Verwendung einer Unterschrift auf einer ID-Karte mit Hilfe einer qualifizierten elektronischen Signatur herunter.\" \/>\n<meta name=\"robots\" content=\"index, follow, max-snippet:-1, max-image-preview:large, max-video-preview:-1\" \/>\n<link rel=\"canonical\" href=\"https:\/\/nfqes.com\/de\/eid-kunde\" \/>\n<meta property=\"og:locale\" content=\"de_DE\" \/>\n<meta property=\"og:type\" content=\"article\" \/>\n<meta property=\"og:title\" content=\"eID-Client f\u00fcr die Unterzeichnung mit einer ID-Karte | NFQES.com\" \/>\n<meta property=\"og:description\" content=\"Laden Sie eine Kundenanwendung f\u00fcr die korrekte Verwendung einer Unterschrift auf einer ID-Karte mit Hilfe einer qualifizierten elektronischen Signatur herunter.\" \/>\n<meta property=\"og:url\" content=\"https:\/\/nfqes.com\/de\/eid-kunde\" \/>\n<meta property=\"og:site_name\" content=\"NFQES.com\" \/>\n<meta property=\"article:modified_time\" content=\"2024-04-29T10:21:52+00:00\" \/>\n<meta name=\"twitter:card\" content=\"summary_large_image\" \/>\n<meta name=\"twitter:label1\" content=\"Gesch\u00e4tzte Lesezeit\" \/>\n\t<meta name=\"twitter:data1\" content=\"1\u00a0Minute\" \/>\n<script type=\"application\/ld+json\" class=\"yoast-schema-graph\">{\"@context\":\"https:\/\/schema.org\",\"@graph\":[{\"@type\":\"WebPage\",\"@id\":\"https:\/\/nfqes.com\/de\/eid-kunde\",\"url\":\"https:\/\/nfqes.com\/de\/eid-kunde\",\"name\":\"eID-Client f\u00fcr die Unterzeichnung mit einer ID-Karte | NFQES.com\",\"isPartOf\":{\"@id\":\"https:\/\/nfqes.com\/de\/#website\"},\"datePublished\":\"2023-10-27T07:42:21+00:00\",\"dateModified\":\"2024-04-29T10:21:52+00:00\",\"description\":\"Laden Sie eine Kundenanwendung f\u00fcr die korrekte Verwendung einer Unterschrift auf einer ID-Karte mit Hilfe einer qualifizierten elektronischen Signatur herunter.\",\"breadcrumb\":{\"@id\":\"https:\/\/nfqes.com\/de\/eid-kunde#breadcrumb\"},\"inLanguage\":\"de\",\"potentialAction\":[{\"@type\":\"ReadAction\",\"target\":[\"https:\/\/nfqes.com\/de\/eid-kunde\"]}]},{\"@type\":\"BreadcrumbList\",\"@id\":\"https:\/\/nfqes.com\/de\/eid-kunde#breadcrumb\",\"itemListElement\":[{\"@type\":\"ListItem\",\"position\":1,\"name\":\"NFQES\",\"item\":\"https:\/\/nfqes.com\/de\"},{\"@type\":\"ListItem\",\"position\":2,\"name\":\"eID-Kunde\"}]},{\"@type\":\"WebSite\",\"@id\":\"https:\/\/nfqes.com\/de\/#website\",\"url\":\"https:\/\/nfqes.com\/de\/\",\"name\":\"NFQES.com\",\"description\":\"Modern\u00e9 slu\u017eby v oblasti informa\u010dnej bezpe\u010dnosti.\",\"publisher\":{\"@id\":\"https:\/\/nfqes.com\/de\/#organization\"},\"potentialAction\":[{\"@type\":\"SearchAction\",\"target\":{\"@type\":\"EntryPoint\",\"urlTemplate\":\"https:\/\/nfqes.com\/de\/?s={search_term_string}\"},\"query-input\":{\"@type\":\"PropertyValueSpecification\",\"valueRequired\":true,\"valueName\":\"search_term_string\"}}],\"inLanguage\":\"de\"},{\"@type\":\"Organization\",\"@id\":\"https:\/\/nfqes.com\/de\/#organization\",\"name\":\"NFQES\",\"url\":\"https:\/\/nfqes.com\/de\/\",\"logo\":{\"@type\":\"ImageObject\",\"inLanguage\":\"de\",\"@id\":\"https:\/\/nfqes.com\/de\/#\/schema\/logo\/image\/\",\"url\":\"https:\/\/nfqes.com\/wp-content\/uploads\/2022\/07\/logo-cierne.webp\",\"contentUrl\":\"https:\/\/nfqes.com\/wp-content\/uploads\/2022\/07\/logo-cierne.webp\",\"width\":1169,\"height\":434,\"caption\":\"NFQES\"},\"image\":{\"@id\":\"https:\/\/nfqes.com\/de\/#\/schema\/logo\/image\/\"}}]}<\/script>\n<!-- \/ Yoast SEO plugin. -->","yoast_head_json":{"title":"eID-Client f\u00fcr die Unterzeichnung mit einer ID-Karte | NFQES.com","description":"Laden Sie eine Kundenanwendung f\u00fcr die korrekte Verwendung einer Unterschrift auf einer ID-Karte mit Hilfe einer qualifizierten elektronischen Signatur herunter.","robots":{"index":"index","follow":"follow","max-snippet":"max-snippet:-1","max-image-preview":"max-image-preview:large","max-video-preview":"max-video-preview:-1"},"canonical":"https:\/\/nfqes.com\/de\/eid-kunde","og_locale":"de_DE","og_type":"article","og_title":"eID-Client f\u00fcr die Unterzeichnung mit einer ID-Karte | NFQES.com","og_description":"Laden Sie eine Kundenanwendung f\u00fcr die korrekte Verwendung einer Unterschrift auf einer ID-Karte mit Hilfe einer qualifizierten elektronischen Signatur herunter.","og_url":"https:\/\/nfqes.com\/de\/eid-kunde","og_site_name":"NFQES.com","article_modified_time":"2024-04-29T10:21:52+00:00","twitter_card":"summary_large_image","twitter_misc":{"Gesch\u00e4tzte Lesezeit":"1\u00a0Minute"},"schema":{"@context":"https:\/\/schema.org","@graph":[{"@type":"WebPage","@id":"https:\/\/nfqes.com\/de\/eid-kunde","url":"https:\/\/nfqes.com\/de\/eid-kunde","name":"eID-Client f\u00fcr die Unterzeichnung mit einer ID-Karte | NFQES.com","isPartOf":{"@id":"https:\/\/nfqes.com\/de\/#website"},"datePublished":"2023-10-27T07:42:21+00:00","dateModified":"2024-04-29T10:21:52+00:00","description":"Laden Sie eine Kundenanwendung f\u00fcr die korrekte Verwendung einer Unterschrift auf einer ID-Karte mit Hilfe einer qualifizierten elektronischen Signatur herunter.","breadcrumb":{"@id":"https:\/\/nfqes.com\/de\/eid-kunde#breadcrumb"},"inLanguage":"de","potentialAction":[{"@type":"ReadAction","target":["https:\/\/nfqes.com\/de\/eid-kunde"]}]},{"@type":"BreadcrumbList","@id":"https:\/\/nfqes.com\/de\/eid-kunde#breadcrumb","itemListElement":[{"@type":"ListItem","position":1,"name":"NFQES","item":"https:\/\/nfqes.com\/de"},{"@type":"ListItem","position":2,"name":"eID-Kunde"}]},{"@type":"WebSite","@id":"https:\/\/nfqes.com\/de\/#website","url":"https:\/\/nfqes.com\/de\/","name":"NFQES.com","description":"Modern\u00e9 slu\u017eby v oblasti informa\u010dnej bezpe\u010dnosti.","publisher":{"@id":"https:\/\/nfqes.com\/de\/#organization"},"potentialAction":[{"@type":"SearchAction","target":{"@type":"EntryPoint","urlTemplate":"https:\/\/nfqes.com\/de\/?s={search_term_string}"},"query-input":{"@type":"PropertyValueSpecification","valueRequired":true,"valueName":"search_term_string"}}],"inLanguage":"de"},{"@type":"Organization","@id":"https:\/\/nfqes.com\/de\/#organization","name":"NFQES","url":"https:\/\/nfqes.com\/de\/","logo":{"@type":"ImageObject","inLanguage":"de","@id":"https:\/\/nfqes.com\/de\/#\/schema\/logo\/image\/","url":"https:\/\/nfqes.com\/wp-content\/uploads\/2022\/07\/logo-cierne.webp","contentUrl":"https:\/\/nfqes.com\/wp-content\/uploads\/2022\/07\/logo-cierne.webp","width":1169,"height":434,"caption":"NFQES"},"image":{"@id":"https:\/\/nfqes.com\/de\/#\/schema\/logo\/image\/"}}]}},"_links":{"self":[{"href":"https:\/\/nfqes.com\/de\/wp-json\/wp\/v2\/pages\/24593","targetHints":{"allow":["GET"]}}],"collection":[{"href":"https:\/\/nfqes.com\/de\/wp-json\/wp\/v2\/pages"}],"about":[{"href":"https:\/\/nfqes.com\/de\/wp-json\/wp\/v2\/types\/page"}],"author":[{"embeddable":true,"href":"https:\/\/nfqes.com\/de\/wp-json\/wp\/v2\/users\/1"}],"replies":[{"embeddable":true,"href":"https:\/\/nfqes.com\/de\/wp-json\/wp\/v2\/comments?post=24593"}],"version-history":[{"count":0,"href":"https:\/\/nfqes.com\/de\/wp-json\/wp\/v2\/pages\/24593\/revisions"}],"wp:attachment":[{"href":"https:\/\/nfqes.com\/de\/wp-json\/wp\/v2\/media?parent=24593"}],"curies":[{"name":"wp","href":"https:\/\/api.w.org\/{rel}","templated":true}]}}