{"id":24551,"date":"2022-07-22T11:14:33","date_gmt":"2022-07-22T09:14:33","guid":{"rendered":"https:\/\/nfqes.com\/vertrauensliste"},"modified":"2024-04-29T12:20:16","modified_gmt":"2024-04-29T10:20:16","slug":"vertrauensliste","status":"publish","type":"page","link":"https:\/\/nfqes.com\/de\/vertrauensliste","title":{"rendered":"Vertrauensliste"},"content":{"rendered":"\t\t<div data-elementor-type=\"wp-page\" data-elementor-id=\"24551\" class=\"elementor elementor-24551 elementor-1095\" data-elementor-post-type=\"page\">\n\t\t\t\t<div class=\"elementor-element elementor-element-37c34d0 e-con-full e-flex e-con e-parent\" data-id=\"37c34d0\" data-element_type=\"container\" data-e-type=\"container\">\n\t\t\t\t<div class=\"elementor-element elementor-element-656b05a elementor-widget elementor-widget-template\" data-id=\"656b05a\" data-element_type=\"widget\" data-e-type=\"widget\" data-widget_type=\"template.default\">\n\t\t\t\t<div class=\"elementor-widget-container\">\n\t\t\t\t\t\t\t<div class=\"elementor-template\">\n\t\t\t\t\t<div data-elementor-type=\"section\" data-elementor-id=\"24237\" class=\"elementor elementor-24237 elementor-10609 elementor-10609\" data-elementor-post-type=\"elementor_library\">\n\t\t\t<div class=\"elementor-element elementor-element-1233351 e-flex e-con-boxed e-con e-parent\" data-id=\"1233351\" data-element_type=\"container\" data-e-type=\"container\" data-settings=\"{&quot;background_background&quot;:&quot;classic&quot;}\">\n\t\t\t\t\t<div class=\"e-con-inner\">\n\t\t\t\t<div class=\"elementor-element elementor-element-d9c6be3 elementor-widget__width-inherit elementor-widget elementor-widget-heading\" data-id=\"d9c6be3\" data-element_type=\"widget\" data-e-type=\"widget\" data-widget_type=\"heading.default\">\n\t\t\t\t<div class=\"elementor-widget-container\">\n\t\t\t\t\t<h1 class=\"elementor-heading-title elementor-size-default\">Vertrauensliste<\/h1>\t\t\t\t<\/div>\n\t\t\t\t<\/div>\n\t\t<div class=\"elementor-element elementor-element-2b1bd59 e-flex e-con-boxed e-con e-child\" data-id=\"2b1bd59\" data-element_type=\"container\" data-e-type=\"container\">\n\t\t\t\t\t<div class=\"e-con-inner\">\n\t\t\t\t<div class=\"elementor-element elementor-element-5a3eb61 elementor-widget__width-auto elementor-widget elementor-widget-button\" data-id=\"5a3eb61\" data-element_type=\"widget\" data-e-type=\"widget\" data-settings=\"{&quot;motion_fx_motion_fx_scrolling&quot;:&quot;yes&quot;,&quot;motion_fx_devices&quot;:[&quot;desktop&quot;,&quot;laptop&quot;,&quot;tablet&quot;,&quot;mobile&quot;]}\" data-widget_type=\"button.default\">\n\t\t\t\t<div class=\"elementor-widget-container\">\n\t\t\t\t\t\t\t\t\t<div class=\"elementor-button-wrapper\">\n\t\t\t\t\t<a class=\"elementor-button elementor-button-link elementor-size-md\" href=\"https:\/\/zone.nfqes.com\/home\" target=\"_blank\">\n\t\t\t\t\t\t<span class=\"elementor-button-content-wrapper\">\n\t\t\t\t\t\t\t\t\t<span class=\"elementor-button-text\">Kostenlos ausprobieren<\/span>\n\t\t\t\t\t<\/span>\n\t\t\t\t\t<\/a>\n\t\t\t\t<\/div>\n\t\t\t\t\t\t\t\t<\/div>\n\t\t\t\t<\/div>\n\t\t\t\t<div class=\"elementor-element elementor-element-aecf01c elementor-widget__width-auto elementor-widget elementor-widget-button\" data-id=\"aecf01c\" data-element_type=\"widget\" data-e-type=\"widget\" data-widget_type=\"button.default\">\n\t\t\t\t<div class=\"elementor-widget-container\">\n\t\t\t\t\t\t\t\t\t<div class=\"elementor-button-wrapper\">\n\t\t\t\t\t<a class=\"elementor-button elementor-button-link elementor-size-md\" href=\"https:\/\/nfqes.com\/de\/kontakt\">\n\t\t\t\t\t\t<span class=\"elementor-button-content-wrapper\">\n\t\t\t\t\t\t\t\t\t<span class=\"elementor-button-text\">Buchen Sie eine Beratung<\/span>\n\t\t\t\t\t<\/span>\n\t\t\t\t\t<\/a>\n\t\t\t\t<\/div>\n\t\t\t\t\t\t\t\t<\/div>\n\t\t\t\t<\/div>\n\t\t\t\t\t<\/div>\n\t\t\t\t<\/div>\n\t\t\t\t\t<\/div>\n\t\t\t\t<\/div>\n\t\t\t\t<\/div>\n\t\t\t\t<\/div>\n\t\t\t\t\t\t<\/div>\n\t\t\t\t<\/div>\n\t\t\t\t<\/div>\n\t\t<div class=\"elementor-element elementor-element-6ed2586 e-flex e-con-boxed e-con e-parent\" data-id=\"6ed2586\" data-element_type=\"container\" data-e-type=\"container\">\n\t\t\t\t\t<div class=\"e-con-inner\">\n\t\t\t\t<div class=\"elementor-element elementor-element-37579a9 elementor-widget elementor-widget-shortcode\" data-id=\"37579a9\" data-element_type=\"widget\" data-e-type=\"widget\" data-widget_type=\"shortcode.default\">\n\t\t\t\t<div class=\"elementor-widget-container\">\n\t\t\t\t\t\t\t<div class=\"elementor-shortcode\"><style>iframe{width: 1px; min-width: 100%}<\/style><iframe id=\"myIframe\" src=\"https:\/\/zone.nfqes.com\/TrustedList\" title=\"Trusted list\"><\/iframe><script>iFrameResize({ log: false,checkOrigin: false }, '#myIframe')<\/script><\/div>\n\t\t\t\t\t\t<\/div>\n\t\t\t\t<\/div>\n\t\t\t\t\t<\/div>\n\t\t\t\t<\/div>\n\t\t\t\t<\/div>\n\t\t","protected":false},"excerpt":{"rendered":"","protected":false},"author":1,"featured_media":0,"parent":0,"menu_order":0,"comment_status":"closed","ping_status":"closed","template":"","meta":{"_acf_changed":false,"footnotes":""},"class_list":["post-24551","page","type-page","status-publish","hentry"],"acf":[],"yoast_head":"<!-- This site is optimized with the Yoast SEO plugin v27.2 - https:\/\/yoast.com\/product\/yoast-seo-wordpress\/ -->\n<title>eIDAS-Vertrauensliste | NFQES.com<\/title>\n<meta name=\"description\" content=\"NFQES - wir bieten moderne L\u00f6sungen f\u00fcr alle Arten und Gr\u00f6\u00dfen von Organisationen. Sie k\u00f6nnen die Vertrauensliste durchsuchen.\" \/>\n<meta name=\"robots\" content=\"index, follow, max-snippet:-1, max-image-preview:large, max-video-preview:-1\" \/>\n<link rel=\"canonical\" href=\"https:\/\/nfqes.com\/de\/vertrauensliste\" \/>\n<meta property=\"og:locale\" content=\"de_DE\" \/>\n<meta property=\"og:type\" content=\"article\" \/>\n<meta property=\"og:title\" content=\"eIDAS-Vertrauensliste | NFQES.com\" \/>\n<meta property=\"og:description\" content=\"NFQES - wir bieten moderne L\u00f6sungen f\u00fcr alle Arten und Gr\u00f6\u00dfen von Organisationen. Sie k\u00f6nnen die Vertrauensliste durchsuchen.\" \/>\n<meta property=\"og:url\" content=\"https:\/\/nfqes.com\/de\/vertrauensliste\" \/>\n<meta property=\"og:site_name\" content=\"NFQES.com\" \/>\n<meta property=\"article:modified_time\" content=\"2024-04-29T10:20:16+00:00\" \/>\n<meta name=\"twitter:card\" content=\"summary_large_image\" \/>\n<script type=\"application\/ld+json\" class=\"yoast-schema-graph\">{\"@context\":\"https:\/\/schema.org\",\"@graph\":[{\"@type\":\"WebPage\",\"@id\":\"https:\/\/nfqes.com\/de\/vertrauensliste\",\"url\":\"https:\/\/nfqes.com\/de\/vertrauensliste\",\"name\":\"eIDAS-Vertrauensliste | NFQES.com\",\"isPartOf\":{\"@id\":\"https:\/\/nfqes.com\/de\/#website\"},\"datePublished\":\"2022-07-22T09:14:33+00:00\",\"dateModified\":\"2024-04-29T10:20:16+00:00\",\"description\":\"NFQES - wir bieten moderne L\u00f6sungen f\u00fcr alle Arten und Gr\u00f6\u00dfen von Organisationen. Sie k\u00f6nnen die Vertrauensliste durchsuchen.\",\"breadcrumb\":{\"@id\":\"https:\/\/nfqes.com\/de\/vertrauensliste#breadcrumb\"},\"inLanguage\":\"de\",\"potentialAction\":[{\"@type\":\"ReadAction\",\"target\":[\"https:\/\/nfqes.com\/de\/vertrauensliste\"]}]},{\"@type\":\"BreadcrumbList\",\"@id\":\"https:\/\/nfqes.com\/de\/vertrauensliste#breadcrumb\",\"itemListElement\":[{\"@type\":\"ListItem\",\"position\":1,\"name\":\"NFQES\",\"item\":\"https:\/\/nfqes.com\/de\"},{\"@type\":\"ListItem\",\"position\":2,\"name\":\"Vertrauensliste\"}]},{\"@type\":\"WebSite\",\"@id\":\"https:\/\/nfqes.com\/de\/#website\",\"url\":\"https:\/\/nfqes.com\/de\/\",\"name\":\"NFQES.com\",\"description\":\"Modern\u00e9 slu\u017eby v oblasti informa\u010dnej bezpe\u010dnosti.\",\"publisher\":{\"@id\":\"https:\/\/nfqes.com\/de\/#organization\"},\"potentialAction\":[{\"@type\":\"SearchAction\",\"target\":{\"@type\":\"EntryPoint\",\"urlTemplate\":\"https:\/\/nfqes.com\/de\/?s={search_term_string}\"},\"query-input\":{\"@type\":\"PropertyValueSpecification\",\"valueRequired\":true,\"valueName\":\"search_term_string\"}}],\"inLanguage\":\"de\"},{\"@type\":\"Organization\",\"@id\":\"https:\/\/nfqes.com\/de\/#organization\",\"name\":\"NFQES\",\"url\":\"https:\/\/nfqes.com\/de\/\",\"logo\":{\"@type\":\"ImageObject\",\"inLanguage\":\"de\",\"@id\":\"https:\/\/nfqes.com\/de\/#\/schema\/logo\/image\/\",\"url\":\"https:\/\/nfqes.com\/wp-content\/uploads\/2022\/07\/logo-cierne.webp\",\"contentUrl\":\"https:\/\/nfqes.com\/wp-content\/uploads\/2022\/07\/logo-cierne.webp\",\"width\":1169,\"height\":434,\"caption\":\"NFQES\"},\"image\":{\"@id\":\"https:\/\/nfqes.com\/de\/#\/schema\/logo\/image\/\"}}]}<\/script>\n<!-- \/ Yoast SEO plugin. -->","yoast_head_json":{"title":"eIDAS-Vertrauensliste | NFQES.com","description":"NFQES - wir bieten moderne L\u00f6sungen f\u00fcr alle Arten und Gr\u00f6\u00dfen von Organisationen. Sie k\u00f6nnen die Vertrauensliste durchsuchen.","robots":{"index":"index","follow":"follow","max-snippet":"max-snippet:-1","max-image-preview":"max-image-preview:large","max-video-preview":"max-video-preview:-1"},"canonical":"https:\/\/nfqes.com\/de\/vertrauensliste","og_locale":"de_DE","og_type":"article","og_title":"eIDAS-Vertrauensliste | NFQES.com","og_description":"NFQES - wir bieten moderne L\u00f6sungen f\u00fcr alle Arten und Gr\u00f6\u00dfen von Organisationen. Sie k\u00f6nnen die Vertrauensliste durchsuchen.","og_url":"https:\/\/nfqes.com\/de\/vertrauensliste","og_site_name":"NFQES.com","article_modified_time":"2024-04-29T10:20:16+00:00","twitter_card":"summary_large_image","schema":{"@context":"https:\/\/schema.org","@graph":[{"@type":"WebPage","@id":"https:\/\/nfqes.com\/de\/vertrauensliste","url":"https:\/\/nfqes.com\/de\/vertrauensliste","name":"eIDAS-Vertrauensliste | NFQES.com","isPartOf":{"@id":"https:\/\/nfqes.com\/de\/#website"},"datePublished":"2022-07-22T09:14:33+00:00","dateModified":"2024-04-29T10:20:16+00:00","description":"NFQES - wir bieten moderne L\u00f6sungen f\u00fcr alle Arten und Gr\u00f6\u00dfen von Organisationen. Sie k\u00f6nnen die Vertrauensliste durchsuchen.","breadcrumb":{"@id":"https:\/\/nfqes.com\/de\/vertrauensliste#breadcrumb"},"inLanguage":"de","potentialAction":[{"@type":"ReadAction","target":["https:\/\/nfqes.com\/de\/vertrauensliste"]}]},{"@type":"BreadcrumbList","@id":"https:\/\/nfqes.com\/de\/vertrauensliste#breadcrumb","itemListElement":[{"@type":"ListItem","position":1,"name":"NFQES","item":"https:\/\/nfqes.com\/de"},{"@type":"ListItem","position":2,"name":"Vertrauensliste"}]},{"@type":"WebSite","@id":"https:\/\/nfqes.com\/de\/#website","url":"https:\/\/nfqes.com\/de\/","name":"NFQES.com","description":"Modern\u00e9 slu\u017eby v oblasti informa\u010dnej bezpe\u010dnosti.","publisher":{"@id":"https:\/\/nfqes.com\/de\/#organization"},"potentialAction":[{"@type":"SearchAction","target":{"@type":"EntryPoint","urlTemplate":"https:\/\/nfqes.com\/de\/?s={search_term_string}"},"query-input":{"@type":"PropertyValueSpecification","valueRequired":true,"valueName":"search_term_string"}}],"inLanguage":"de"},{"@type":"Organization","@id":"https:\/\/nfqes.com\/de\/#organization","name":"NFQES","url":"https:\/\/nfqes.com\/de\/","logo":{"@type":"ImageObject","inLanguage":"de","@id":"https:\/\/nfqes.com\/de\/#\/schema\/logo\/image\/","url":"https:\/\/nfqes.com\/wp-content\/uploads\/2022\/07\/logo-cierne.webp","contentUrl":"https:\/\/nfqes.com\/wp-content\/uploads\/2022\/07\/logo-cierne.webp","width":1169,"height":434,"caption":"NFQES"},"image":{"@id":"https:\/\/nfqes.com\/de\/#\/schema\/logo\/image\/"}}]}},"_links":{"self":[{"href":"https:\/\/nfqes.com\/de\/wp-json\/wp\/v2\/pages\/24551","targetHints":{"allow":["GET"]}}],"collection":[{"href":"https:\/\/nfqes.com\/de\/wp-json\/wp\/v2\/pages"}],"about":[{"href":"https:\/\/nfqes.com\/de\/wp-json\/wp\/v2\/types\/page"}],"author":[{"embeddable":true,"href":"https:\/\/nfqes.com\/de\/wp-json\/wp\/v2\/users\/1"}],"replies":[{"embeddable":true,"href":"https:\/\/nfqes.com\/de\/wp-json\/wp\/v2\/comments?post=24551"}],"version-history":[{"count":0,"href":"https:\/\/nfqes.com\/de\/wp-json\/wp\/v2\/pages\/24551\/revisions"}],"wp:attachment":[{"href":"https:\/\/nfqes.com\/de\/wp-json\/wp\/v2\/media?parent=24551"}],"curies":[{"name":"wp","href":"https:\/\/api.w.org\/{rel}","templated":true}]}}